{"id":1412,"date":"2019-03-26T22:03:40","date_gmt":"2019-03-26T21:03:40","guid":{"rendered":"https:\/\/chasseurs5emeleger.fr\/?page_id=1412"},"modified":"2023-10-10T14:46:38","modified_gmt":"2023-10-10T12:46:38","slug":"bergeres-sous-montmirail","status":"publish","type":"page","link":"https:\/\/chasseurs5emeleger.fr\/index.php\/photos\/bergeres-sous-montmirail\/","title":{"rendered":"Berg\u00e8res-sous-Montmirail &#8211; 2 et 3 Mars 2019"},"content":{"rendered":"\n<p class=\"has-text-align-center has-text-color has-large-font-size\" style=\"color:#000794\">Berg\u00e8res-sous-Montmirail (51) 2 et  3 Mars<\/p>\n\n\n\n<figure class=\"wp-block-gallery has-nested-images columns-2 is-cropped wp-block-gallery-1 is-layout-flex wp-block-gallery-is-layout-flex\">\n<figure class=\"wp-block-image size-large\"><img loading=\"lazy\" decoding=\"async\" width=\"768\" height=\"1024\" data-id=\"1458\" src=\"https:\/\/chasseurs5emeleger.fr\/wp-content\/uploads\/2019\/03\/IMG_20190303_122546-768x1024.jpg\" alt=\"\" class=\"wp-image-1458\" srcset=\"https:\/\/chasseurs5emeleger.fr\/wp-content\/uploads\/2019\/03\/IMG_20190303_122546.jpg 768w, https:\/\/chasseurs5emeleger.fr\/wp-content\/uploads\/2019\/03\/IMG_20190303_122546-225x300.jpg 225w\" sizes=\"auto, (max-width: 768px) 100vw, 768px\" \/><\/figure>\n\n\n\n<figure class=\"wp-block-image size-large\"><img loading=\"lazy\" decoding=\"async\" width=\"590\" height=\"1024\" data-id=\"1450\" src=\"https:\/\/chasseurs5emeleger.fr\/wp-content\/uploads\/2019\/03\/IMG_20190304_225817-590x1024.jpg\" alt=\"\" class=\"wp-image-1450\" srcset=\"https:\/\/chasseurs5emeleger.fr\/wp-content\/uploads\/2019\/03\/IMG_20190304_225817.jpg 590w, https:\/\/chasseurs5emeleger.fr\/wp-content\/uploads\/2019\/03\/IMG_20190304_225817-173x300.jpg 173w\" sizes=\"auto, (max-width: 590px) 100vw, 590px\" \/><\/figure>\n\n\n\n<figure class=\"wp-block-image size-large\"><img loading=\"lazy\" decoding=\"async\" width=\"1024\" height=\"768\" data-id=\"1448\" src=\"https:\/\/chasseurs5emeleger.fr\/wp-content\/uploads\/2019\/03\/FB_IMG_1551772386454-1024x768.jpg\" alt=\"\" class=\"wp-image-1448\" srcset=\"https:\/\/chasseurs5emeleger.fr\/wp-content\/uploads\/2019\/03\/FB_IMG_1551772386454.jpg 1024w, https:\/\/chasseurs5emeleger.fr\/wp-content\/uploads\/2019\/03\/FB_IMG_1551772386454-300x225.jpg 300w, https:\/\/chasseurs5emeleger.fr\/wp-content\/uploads\/2019\/03\/FB_IMG_1551772386454-768x576.jpg 768w\" sizes=\"auto, (max-width: 1024px) 100vw, 1024px\" \/><\/figure>\n\n\n\n<figure class=\"wp-block-image size-large\"><img loading=\"lazy\" decoding=\"async\" width=\"1024\" height=\"768\" data-id=\"1447\" src=\"https:\/\/chasseurs5emeleger.fr\/wp-content\/uploads\/2019\/03\/FB_IMG_1551772350964-1024x768.jpg\" alt=\"\" class=\"wp-image-1447\" srcset=\"https:\/\/chasseurs5emeleger.fr\/wp-content\/uploads\/2019\/03\/FB_IMG_1551772350964.jpg 1024w, https:\/\/chasseurs5emeleger.fr\/wp-content\/uploads\/2019\/03\/FB_IMG_1551772350964-300x225.jpg 300w, https:\/\/chasseurs5emeleger.fr\/wp-content\/uploads\/2019\/03\/FB_IMG_1551772350964-768x576.jpg 768w\" sizes=\"auto, (max-width: 1024px) 100vw, 1024px\" \/><\/figure>\n\n\n\n<figure class=\"wp-block-image size-large\"><img loading=\"lazy\" decoding=\"async\" width=\"1024\" height=\"768\" data-id=\"1446\" src=\"https:\/\/chasseurs5emeleger.fr\/wp-content\/uploads\/2019\/03\/FB_IMG_1551772343974-1024x768.jpg\" alt=\"\" class=\"wp-image-1446\" srcset=\"https:\/\/chasseurs5emeleger.fr\/wp-content\/uploads\/2019\/03\/FB_IMG_1551772343974.jpg 1024w, https:\/\/chasseurs5emeleger.fr\/wp-content\/uploads\/2019\/03\/FB_IMG_1551772343974-300x225.jpg 300w, https:\/\/chasseurs5emeleger.fr\/wp-content\/uploads\/2019\/03\/FB_IMG_1551772343974-768x576.jpg 768w\" sizes=\"auto, (max-width: 1024px) 100vw, 1024px\" \/><\/figure>\n\n\n\n<figure class=\"wp-block-image size-large\"><img loading=\"lazy\" decoding=\"async\" width=\"1024\" height=\"768\" data-id=\"1445\" src=\"https:\/\/chasseurs5emeleger.fr\/wp-content\/uploads\/2019\/03\/FB_IMG_1551772337658-1024x768.jpg\" alt=\"\" class=\"wp-image-1445\" srcset=\"https:\/\/chasseurs5emeleger.fr\/wp-content\/uploads\/2019\/03\/FB_IMG_1551772337658.jpg 1024w, https:\/\/chasseurs5emeleger.fr\/wp-content\/uploads\/2019\/03\/FB_IMG_1551772337658-300x225.jpg 300w, https:\/\/chasseurs5emeleger.fr\/wp-content\/uploads\/2019\/03\/FB_IMG_1551772337658-768x576.jpg 768w\" sizes=\"auto, (max-width: 1024px) 100vw, 1024px\" \/><\/figure>\n\n\n\n<figure class=\"wp-block-image size-large\"><img loading=\"lazy\" decoding=\"async\" width=\"1024\" height=\"768\" data-id=\"1438\" src=\"https:\/\/chasseurs5emeleger.fr\/wp-content\/uploads\/2019\/03\/FB_IMG_1551772292337-1024x768.jpg\" alt=\"\" class=\"wp-image-1438\" srcset=\"https:\/\/chasseurs5emeleger.fr\/wp-content\/uploads\/2019\/03\/FB_IMG_1551772292337.jpg 1024w, https:\/\/chasseurs5emeleger.fr\/wp-content\/uploads\/2019\/03\/FB_IMG_1551772292337-300x225.jpg 300w, https:\/\/chasseurs5emeleger.fr\/wp-content\/uploads\/2019\/03\/FB_IMG_1551772292337-768x576.jpg 768w\" sizes=\"auto, (max-width: 1024px) 100vw, 1024px\" \/><\/figure>\n\n\n\n<figure class=\"wp-block-image size-large\"><img loading=\"lazy\" decoding=\"async\" width=\"1024\" height=\"768\" data-id=\"1439\" src=\"https:\/\/chasseurs5emeleger.fr\/wp-content\/uploads\/2019\/03\/FB_IMG_1551772302491-1024x768.jpg\" alt=\"\" class=\"wp-image-1439\" srcset=\"https:\/\/chasseurs5emeleger.fr\/wp-content\/uploads\/2019\/03\/FB_IMG_1551772302491.jpg 1024w, https:\/\/chasseurs5emeleger.fr\/wp-content\/uploads\/2019\/03\/FB_IMG_1551772302491-300x225.jpg 300w, https:\/\/chasseurs5emeleger.fr\/wp-content\/uploads\/2019\/03\/FB_IMG_1551772302491-768x576.jpg 768w\" sizes=\"auto, (max-width: 1024px) 100vw, 1024px\" \/><\/figure>\n\n\n\n<figure class=\"wp-block-image size-large\"><img loading=\"lazy\" decoding=\"async\" width=\"768\" height=\"1024\" data-id=\"1440\" src=\"https:\/\/chasseurs5emeleger.fr\/wp-content\/uploads\/2019\/03\/FB_IMG_1551772305895-768x1024.jpg\" alt=\"\" class=\"wp-image-1440\" srcset=\"https:\/\/chasseurs5emeleger.fr\/wp-content\/uploads\/2019\/03\/FB_IMG_1551772305895.jpg 768w, https:\/\/chasseurs5emeleger.fr\/wp-content\/uploads\/2019\/03\/FB_IMG_1551772305895-225x300.jpg 225w\" sizes=\"auto, (max-width: 768px) 100vw, 768px\" \/><\/figure>\n\n\n\n<figure class=\"wp-block-image size-large\"><img loading=\"lazy\" decoding=\"async\" width=\"1024\" height=\"768\" data-id=\"1441\" src=\"https:\/\/chasseurs5emeleger.fr\/wp-content\/uploads\/2019\/03\/FB_IMG_1551772309503-1024x768.jpg\" alt=\"\" class=\"wp-image-1441\" srcset=\"https:\/\/chasseurs5emeleger.fr\/wp-content\/uploads\/2019\/03\/FB_IMG_1551772309503.jpg 1024w, https:\/\/chasseurs5emeleger.fr\/wp-content\/uploads\/2019\/03\/FB_IMG_1551772309503-300x225.jpg 300w, https:\/\/chasseurs5emeleger.fr\/wp-content\/uploads\/2019\/03\/FB_IMG_1551772309503-768x576.jpg 768w\" sizes=\"auto, (max-width: 1024px) 100vw, 1024px\" \/><\/figure>\n\n\n\n<figure class=\"wp-block-image size-large\"><img loading=\"lazy\" decoding=\"async\" width=\"1024\" height=\"768\" data-id=\"1442\" src=\"https:\/\/chasseurs5emeleger.fr\/wp-content\/uploads\/2019\/03\/FB_IMG_1551772312776-1024x768.jpg\" alt=\"\" class=\"wp-image-1442\" srcset=\"https:\/\/chasseurs5emeleger.fr\/wp-content\/uploads\/2019\/03\/FB_IMG_1551772312776.jpg 1024w, https:\/\/chasseurs5emeleger.fr\/wp-content\/uploads\/2019\/03\/FB_IMG_1551772312776-300x225.jpg 300w, https:\/\/chasseurs5emeleger.fr\/wp-content\/uploads\/2019\/03\/FB_IMG_1551772312776-768x576.jpg 768w\" sizes=\"auto, (max-width: 1024px) 100vw, 1024px\" \/><\/figure>\n\n\n\n<figure class=\"wp-block-image size-large\"><img loading=\"lazy\" decoding=\"async\" width=\"1024\" height=\"768\" data-id=\"1443\" src=\"https:\/\/chasseurs5emeleger.fr\/wp-content\/uploads\/2019\/03\/FB_IMG_1551772319320-1024x768.jpg\" alt=\"\" class=\"wp-image-1443\" srcset=\"https:\/\/chasseurs5emeleger.fr\/wp-content\/uploads\/2019\/03\/FB_IMG_1551772319320.jpg 1024w, https:\/\/chasseurs5emeleger.fr\/wp-content\/uploads\/2019\/03\/FB_IMG_1551772319320-300x225.jpg 300w, https:\/\/chasseurs5emeleger.fr\/wp-content\/uploads\/2019\/03\/FB_IMG_1551772319320-768x576.jpg 768w\" sizes=\"auto, (max-width: 1024px) 100vw, 1024px\" \/><\/figure>\n\n\n\n<figure class=\"wp-block-image size-large\"><img loading=\"lazy\" decoding=\"async\" width=\"1024\" height=\"768\" data-id=\"1444\" src=\"https:\/\/chasseurs5emeleger.fr\/wp-content\/uploads\/2019\/03\/FB_IMG_1551772325670-1024x768.jpg\" alt=\"\" class=\"wp-image-1444\" srcset=\"https:\/\/chasseurs5emeleger.fr\/wp-content\/uploads\/2019\/03\/FB_IMG_1551772325670.jpg 1024w, https:\/\/chasseurs5emeleger.fr\/wp-content\/uploads\/2019\/03\/FB_IMG_1551772325670-300x225.jpg 300w, https:\/\/chasseurs5emeleger.fr\/wp-content\/uploads\/2019\/03\/FB_IMG_1551772325670-768x576.jpg 768w\" sizes=\"auto, (max-width: 1024px) 100vw, 1024px\" \/><\/figure>\n\n\n\n<figure class=\"wp-block-image size-large\"><img loading=\"lazy\" decoding=\"async\" width=\"768\" height=\"1024\" data-id=\"1437\" src=\"https:\/\/chasseurs5emeleger.fr\/wp-content\/uploads\/2019\/03\/FB_IMG_1551772288398-768x1024.jpg\" alt=\"\" class=\"wp-image-1437\" srcset=\"https:\/\/chasseurs5emeleger.fr\/wp-content\/uploads\/2019\/03\/FB_IMG_1551772288398.jpg 768w, https:\/\/chasseurs5emeleger.fr\/wp-content\/uploads\/2019\/03\/FB_IMG_1551772288398-225x300.jpg 225w\" sizes=\"auto, (max-width: 768px) 100vw, 768px\" \/><\/figure>\n\n\n\n<figure class=\"wp-block-image size-large\"><img loading=\"lazy\" decoding=\"async\" width=\"1024\" height=\"768\" data-id=\"1436\" src=\"https:\/\/chasseurs5emeleger.fr\/wp-content\/uploads\/2019\/03\/FB_IMG_1551772282847-1024x768.jpg\" alt=\"\" class=\"wp-image-1436\" srcset=\"https:\/\/chasseurs5emeleger.fr\/wp-content\/uploads\/2019\/03\/FB_IMG_1551772282847.jpg 1024w, https:\/\/chasseurs5emeleger.fr\/wp-content\/uploads\/2019\/03\/FB_IMG_1551772282847-300x225.jpg 300w, https:\/\/chasseurs5emeleger.fr\/wp-content\/uploads\/2019\/03\/FB_IMG_1551772282847-768x576.jpg 768w\" sizes=\"auto, (max-width: 1024px) 100vw, 1024px\" \/><\/figure>\n\n\n\n<figure class=\"wp-block-image size-large\"><img loading=\"lazy\" decoding=\"async\" width=\"720\" height=\"960\" data-id=\"1435\" src=\"https:\/\/chasseurs5emeleger.fr\/wp-content\/uploads\/2019\/03\/FB_IMG_1551731708414.jpg\" alt=\"\" class=\"wp-image-1435\" srcset=\"https:\/\/chasseurs5emeleger.fr\/wp-content\/uploads\/2019\/03\/FB_IMG_1551731708414.jpg 720w, https:\/\/chasseurs5emeleger.fr\/wp-content\/uploads\/2019\/03\/FB_IMG_1551731708414-225x300.jpg 225w\" sizes=\"auto, (max-width: 720px) 100vw, 720px\" \/><\/figure>\n\n\n\n<figure class=\"wp-block-image size-large\"><img loading=\"lazy\" decoding=\"async\" width=\"1024\" height=\"576\" data-id=\"1434\" src=\"https:\/\/chasseurs5emeleger.fr\/wp-content\/uploads\/2019\/03\/FB_IMG_1551618942821-1024x576.jpg\" alt=\"\" class=\"wp-image-1434\" srcset=\"https:\/\/chasseurs5emeleger.fr\/wp-content\/uploads\/2019\/03\/FB_IMG_1551618942821.jpg 1024w, https:\/\/chasseurs5emeleger.fr\/wp-content\/uploads\/2019\/03\/FB_IMG_1551618942821-300x169.jpg 300w, https:\/\/chasseurs5emeleger.fr\/wp-content\/uploads\/2019\/03\/FB_IMG_1551618942821-768x432.jpg 768w\" sizes=\"auto, (max-width: 1024px) 100vw, 1024px\" \/><\/figure>\n\n\n\n<figure class=\"wp-block-image size-large\"><img decoding=\"async\" src=\"https:\/\/chasseurs5emeleger.fr\/wp-content\/uploads\/2019\/03\/20190303_Ecole-Bergere-ss-Montmirail_99c-1024x576.jpg\" alt=\"\"\/><\/figure>\n\n\n\n<figure class=\"wp-block-image size-large\"><img decoding=\"async\" src=\"https:\/\/chasseurs5emeleger.fr\/wp-content\/uploads\/2019\/03\/20190302_Ecole-Bergere-ss-Montmirail_67c-1024x576.jpg\" alt=\"\"\/><\/figure>\n\n\n\n<figure class=\"wp-block-image size-large\"><img decoding=\"async\" src=\"https:\/\/chasseurs5emeleger.fr\/wp-content\/uploads\/2019\/03\/20190302_Ecole-Bergere-ss-Montmirail_64c-1024x576.jpg\" alt=\"\"\/><\/figure>\n\n\n\n<figure class=\"wp-block-image size-large\"><img decoding=\"async\" src=\"https:\/\/chasseurs5emeleger.fr\/wp-content\/uploads\/2019\/03\/20190302_Ecole-Bergere-ss-Montmirail_34-1024x576.jpg\" alt=\"\"\/><\/figure>\n\n\n\n<figure class=\"wp-block-image size-large\"><img decoding=\"async\" src=\"https:\/\/chasseurs5emeleger.fr\/wp-content\/uploads\/2019\/03\/20190302_Ecole-Bergere-ss-Montmirail_25-1024x576.jpg\" alt=\"\"\/><\/figure>\n\n\n\n<figure class=\"wp-block-image size-large\"><img decoding=\"async\" src=\"https:\/\/chasseurs5emeleger.fr\/wp-content\/uploads\/2019\/03\/20190302_Ecole-Bergere-ss-Montmirail_24c-1024x576.jpg\" alt=\"\"\/><\/figure>\n\n\n\n<figure class=\"wp-block-image size-large\"><img decoding=\"async\" src=\"https:\/\/chasseurs5emeleger.fr\/wp-content\/uploads\/2019\/03\/20190302_Ecole-Bergere-ss-Montmirail_23-1024x576.jpg\" alt=\"\"\/><\/figure>\n\n\n\n<figure class=\"wp-block-image size-large\"><img decoding=\"async\" src=\"https:\/\/chasseurs5emeleger.fr\/wp-content\/uploads\/2019\/03\/20190302_Ecole-Bergere-ss-Montmirail_16-1024x576.jpg\" alt=\"\"\/><\/figure>\n\n\n\n<figure class=\"wp-block-image size-large\"><img loading=\"lazy\" decoding=\"async\" width=\"1024\" height=\"768\" data-id=\"1460\" src=\"https:\/\/chasseurs5emeleger.fr\/wp-content\/uploads\/2019\/03\/received_299361574070541-1024x768.jpeg\" alt=\"\" class=\"wp-image-1460\" srcset=\"https:\/\/chasseurs5emeleger.fr\/wp-content\/uploads\/2019\/03\/received_299361574070541.jpeg 1024w, https:\/\/chasseurs5emeleger.fr\/wp-content\/uploads\/2019\/03\/received_299361574070541-300x225.jpeg 300w, https:\/\/chasseurs5emeleger.fr\/wp-content\/uploads\/2019\/03\/received_299361574070541-768x576.jpeg 768w\" sizes=\"auto, (max-width: 1024px) 100vw, 1024px\" \/><\/figure>\n<\/figure>\n","protected":false},"excerpt":{"rendered":"<p>Berg\u00e8res-sous-Montmirail (51) 2 et 3 Mars<\/p>\n","protected":false},"author":2,"featured_media":0,"parent":1057,"menu_order":0,"comment_status":"closed","ping_status":"closed","template":"","meta":{"footnotes":""},"class_list":["post-1412","page","type-page","status-publish","hentry"],"yoast_head":"<!-- This site is optimized with the Yoast SEO plugin v27.5 - https:\/\/yoast.com\/product\/yoast-seo-wordpress\/ -->\n<title>Berg\u00e8res-sous-Montmirail - 2 et 3 Mars 2019 &#8211; Chasseurs du 5\u00e8me R\u00e9giment d&#039;Infanterie L\u00e9g\u00e8re<\/title>\n<meta name=\"robots\" content=\"index, follow, max-snippet:-1, max-image-preview:large, max-video-preview:-1\" \/>\n<link rel=\"canonical\" href=\"https:\/\/chasseurs5emeleger.fr\/index.php\/photos\/bergeres-sous-montmirail\/\" \/>\n<meta property=\"og:locale\" content=\"fr_FR\" \/>\n<meta property=\"og:type\" content=\"article\" \/>\n<meta property=\"og:title\" content=\"Berg\u00e8res-sous-Montmirail - 2 et 3 Mars 2019 &#8211; Chasseurs du 5\u00e8me R\u00e9giment d&#039;Infanterie L\u00e9g\u00e8re\" \/>\n<meta property=\"og:description\" content=\"Berg\u00e8res-sous-Montmirail (51) 2 et 3 Mars\" \/>\n<meta property=\"og:url\" content=\"https:\/\/chasseurs5emeleger.fr\/index.php\/photos\/bergeres-sous-montmirail\/\" \/>\n<meta property=\"og:site_name\" content=\"Chasseurs du 5\u00e8me R\u00e9giment d&#039;Infanterie L\u00e9g\u00e8re\" \/>\n<meta property=\"article:publisher\" content=\"https:\/\/www.facebook.com\/chasseurs.5emeleger\/\" \/>\n<meta property=\"article:modified_time\" content=\"2023-10-10T12:46:38+00:00\" \/>\n<meta property=\"og:image\" content=\"https:\/\/chasseurs5emeleger.fr\/wp-content\/uploads\/2019\/03\/IMG_20190303_122546-768x1024.jpg\" \/>\n<script type=\"application\/ld+json\" class=\"yoast-schema-graph\">{\"@context\":\"https:\\\/\\\/schema.org\",\"@graph\":[{\"@type\":\"WebPage\",\"@id\":\"https:\\\/\\\/chasseurs5emeleger.fr\\\/index.php\\\/photos\\\/bergeres-sous-montmirail\\\/\",\"url\":\"https:\\\/\\\/chasseurs5emeleger.fr\\\/index.php\\\/photos\\\/bergeres-sous-montmirail\\\/\",\"name\":\"Berg\u00e8res-sous-Montmirail - 2 et 3 Mars 2019 &#8211; Chasseurs du 5\u00e8me R\u00e9giment d&#039;Infanterie L\u00e9g\u00e8re\",\"isPartOf\":{\"@id\":\"https:\\\/\\\/chasseurs5emeleger.fr\\\/#website\"},\"primaryImageOfPage\":{\"@id\":\"https:\\\/\\\/chasseurs5emeleger.fr\\\/index.php\\\/photos\\\/bergeres-sous-montmirail\\\/#primaryimage\"},\"image\":{\"@id\":\"https:\\\/\\\/chasseurs5emeleger.fr\\\/index.php\\\/photos\\\/bergeres-sous-montmirail\\\/#primaryimage\"},\"thumbnailUrl\":\"https:\\\/\\\/chasseurs5emeleger.fr\\\/wp-content\\\/uploads\\\/2019\\\/03\\\/IMG_20190303_122546-768x1024.jpg\",\"datePublished\":\"2019-03-26T21:03:40+00:00\",\"dateModified\":\"2023-10-10T12:46:38+00:00\",\"breadcrumb\":{\"@id\":\"https:\\\/\\\/chasseurs5emeleger.fr\\\/index.php\\\/photos\\\/bergeres-sous-montmirail\\\/#breadcrumb\"},\"inLanguage\":\"fr-FR\",\"potentialAction\":[{\"@type\":\"ReadAction\",\"target\":[\"https:\\\/\\\/chasseurs5emeleger.fr\\\/index.php\\\/photos\\\/bergeres-sous-montmirail\\\/\"]}]},{\"@type\":\"ImageObject\",\"inLanguage\":\"fr-FR\",\"@id\":\"https:\\\/\\\/chasseurs5emeleger.fr\\\/index.php\\\/photos\\\/bergeres-sous-montmirail\\\/#primaryimage\",\"url\":\"https:\\\/\\\/chasseurs5emeleger.fr\\\/wp-content\\\/uploads\\\/2019\\\/03\\\/IMG_20190303_122546.jpg\",\"contentUrl\":\"https:\\\/\\\/chasseurs5emeleger.fr\\\/wp-content\\\/uploads\\\/2019\\\/03\\\/IMG_20190303_122546.jpg\",\"width\":768,\"height\":1024},{\"@type\":\"BreadcrumbList\",\"@id\":\"https:\\\/\\\/chasseurs5emeleger.fr\\\/index.php\\\/photos\\\/bergeres-sous-montmirail\\\/#breadcrumb\",\"itemListElement\":[{\"@type\":\"ListItem\",\"position\":1,\"name\":\"Accueil\",\"item\":\"https:\\\/\\\/chasseurs5emeleger.fr\\\/\"},{\"@type\":\"ListItem\",\"position\":2,\"name\":\"Photos\",\"item\":\"https:\\\/\\\/chasseurs5emeleger.fr\\\/index.php\\\/photos\\\/\"},{\"@type\":\"ListItem\",\"position\":3,\"name\":\"Berg\u00e8res-sous-Montmirail &#8211; 2 et 3 Mars 2019\"}]},{\"@type\":\"WebSite\",\"@id\":\"https:\\\/\\\/chasseurs5emeleger.fr\\\/#website\",\"url\":\"https:\\\/\\\/chasseurs5emeleger.fr\\\/\",\"name\":\"Chasseurs du 5\u00e8me R\u00e9giment d&#039;Infanterie L\u00e9g\u00e8re\",\"description\":\"\",\"publisher\":{\"@id\":\"https:\\\/\\\/chasseurs5emeleger.fr\\\/#organization\"},\"potentialAction\":[{\"@type\":\"SearchAction\",\"target\":{\"@type\":\"EntryPoint\",\"urlTemplate\":\"https:\\\/\\\/chasseurs5emeleger.fr\\\/?s={search_term_string}\"},\"query-input\":{\"@type\":\"PropertyValueSpecification\",\"valueRequired\":true,\"valueName\":\"search_term_string\"}}],\"inLanguage\":\"fr-FR\"},{\"@type\":\"Organization\",\"@id\":\"https:\\\/\\\/chasseurs5emeleger.fr\\\/#organization\",\"name\":\"Chasseurs du 5\u00e8me R\u00e9giment d'infanterie l\u00e9g\u00e8re\",\"url\":\"https:\\\/\\\/chasseurs5emeleger.fr\\\/\",\"logo\":{\"@type\":\"ImageObject\",\"inLanguage\":\"fr-FR\",\"@id\":\"https:\\\/\\\/chasseurs5emeleger.fr\\\/#\\\/schema\\\/logo\\\/image\\\/\",\"url\":\"https:\\\/\\\/chasseurs5emeleger.fr\\\/wp-content\\\/uploads\\\/2022\\\/04\\\/Logo-detoure-scaled.jpg\",\"contentUrl\":\"https:\\\/\\\/chasseurs5emeleger.fr\\\/wp-content\\\/uploads\\\/2022\\\/04\\\/Logo-detoure-scaled.jpg\",\"width\":2438,\"height\":2560,\"caption\":\"Chasseurs du 5\u00e8me R\u00e9giment d'infanterie l\u00e9g\u00e8re\"},\"image\":{\"@id\":\"https:\\\/\\\/chasseurs5emeleger.fr\\\/#\\\/schema\\\/logo\\\/image\\\/\"},\"sameAs\":[\"https:\\\/\\\/www.facebook.com\\\/chasseurs.5emeleger\\\/\"]}]}<\/script>\n<!-- \/ Yoast SEO plugin. -->","yoast_head_json":{"title":"Berg\u00e8res-sous-Montmirail - 2 et 3 Mars 2019 &#8211; Chasseurs du 5\u00e8me R\u00e9giment d&#039;Infanterie L\u00e9g\u00e8re","robots":{"index":"index","follow":"follow","max-snippet":"max-snippet:-1","max-image-preview":"max-image-preview:large","max-video-preview":"max-video-preview:-1"},"canonical":"https:\/\/chasseurs5emeleger.fr\/index.php\/photos\/bergeres-sous-montmirail\/","og_locale":"fr_FR","og_type":"article","og_title":"Berg\u00e8res-sous-Montmirail - 2 et 3 Mars 2019 &#8211; Chasseurs du 5\u00e8me R\u00e9giment d&#039;Infanterie L\u00e9g\u00e8re","og_description":"Berg\u00e8res-sous-Montmirail (51) 2 et 3 Mars","og_url":"https:\/\/chasseurs5emeleger.fr\/index.php\/photos\/bergeres-sous-montmirail\/","og_site_name":"Chasseurs du 5\u00e8me R\u00e9giment d&#039;Infanterie L\u00e9g\u00e8re","article_publisher":"https:\/\/www.facebook.com\/chasseurs.5emeleger\/","article_modified_time":"2023-10-10T12:46:38+00:00","og_image":[{"url":"https:\/\/chasseurs5emeleger.fr\/wp-content\/uploads\/2019\/03\/IMG_20190303_122546-768x1024.jpg","type":"","width":"","height":""}],"schema":{"@context":"https:\/\/schema.org","@graph":[{"@type":"WebPage","@id":"https:\/\/chasseurs5emeleger.fr\/index.php\/photos\/bergeres-sous-montmirail\/","url":"https:\/\/chasseurs5emeleger.fr\/index.php\/photos\/bergeres-sous-montmirail\/","name":"Berg\u00e8res-sous-Montmirail - 2 et 3 Mars 2019 &#8211; Chasseurs du 5\u00e8me R\u00e9giment d&#039;Infanterie L\u00e9g\u00e8re","isPartOf":{"@id":"https:\/\/chasseurs5emeleger.fr\/#website"},"primaryImageOfPage":{"@id":"https:\/\/chasseurs5emeleger.fr\/index.php\/photos\/bergeres-sous-montmirail\/#primaryimage"},"image":{"@id":"https:\/\/chasseurs5emeleger.fr\/index.php\/photos\/bergeres-sous-montmirail\/#primaryimage"},"thumbnailUrl":"https:\/\/chasseurs5emeleger.fr\/wp-content\/uploads\/2019\/03\/IMG_20190303_122546-768x1024.jpg","datePublished":"2019-03-26T21:03:40+00:00","dateModified":"2023-10-10T12:46:38+00:00","breadcrumb":{"@id":"https:\/\/chasseurs5emeleger.fr\/index.php\/photos\/bergeres-sous-montmirail\/#breadcrumb"},"inLanguage":"fr-FR","potentialAction":[{"@type":"ReadAction","target":["https:\/\/chasseurs5emeleger.fr\/index.php\/photos\/bergeres-sous-montmirail\/"]}]},{"@type":"ImageObject","inLanguage":"fr-FR","@id":"https:\/\/chasseurs5emeleger.fr\/index.php\/photos\/bergeres-sous-montmirail\/#primaryimage","url":"https:\/\/chasseurs5emeleger.fr\/wp-content\/uploads\/2019\/03\/IMG_20190303_122546.jpg","contentUrl":"https:\/\/chasseurs5emeleger.fr\/wp-content\/uploads\/2019\/03\/IMG_20190303_122546.jpg","width":768,"height":1024},{"@type":"BreadcrumbList","@id":"https:\/\/chasseurs5emeleger.fr\/index.php\/photos\/bergeres-sous-montmirail\/#breadcrumb","itemListElement":[{"@type":"ListItem","position":1,"name":"Accueil","item":"https:\/\/chasseurs5emeleger.fr\/"},{"@type":"ListItem","position":2,"name":"Photos","item":"https:\/\/chasseurs5emeleger.fr\/index.php\/photos\/"},{"@type":"ListItem","position":3,"name":"Berg\u00e8res-sous-Montmirail &#8211; 2 et 3 Mars 2019"}]},{"@type":"WebSite","@id":"https:\/\/chasseurs5emeleger.fr\/#website","url":"https:\/\/chasseurs5emeleger.fr\/","name":"Chasseurs du 5\u00e8me R\u00e9giment d&#039;Infanterie L\u00e9g\u00e8re","description":"","publisher":{"@id":"https:\/\/chasseurs5emeleger.fr\/#organization"},"potentialAction":[{"@type":"SearchAction","target":{"@type":"EntryPoint","urlTemplate":"https:\/\/chasseurs5emeleger.fr\/?s={search_term_string}"},"query-input":{"@type":"PropertyValueSpecification","valueRequired":true,"valueName":"search_term_string"}}],"inLanguage":"fr-FR"},{"@type":"Organization","@id":"https:\/\/chasseurs5emeleger.fr\/#organization","name":"Chasseurs du 5\u00e8me R\u00e9giment d'infanterie l\u00e9g\u00e8re","url":"https:\/\/chasseurs5emeleger.fr\/","logo":{"@type":"ImageObject","inLanguage":"fr-FR","@id":"https:\/\/chasseurs5emeleger.fr\/#\/schema\/logo\/image\/","url":"https:\/\/chasseurs5emeleger.fr\/wp-content\/uploads\/2022\/04\/Logo-detoure-scaled.jpg","contentUrl":"https:\/\/chasseurs5emeleger.fr\/wp-content\/uploads\/2022\/04\/Logo-detoure-scaled.jpg","width":2438,"height":2560,"caption":"Chasseurs du 5\u00e8me R\u00e9giment d'infanterie l\u00e9g\u00e8re"},"image":{"@id":"https:\/\/chasseurs5emeleger.fr\/#\/schema\/logo\/image\/"},"sameAs":["https:\/\/www.facebook.com\/chasseurs.5emeleger\/"]}]}},"_links":{"self":[{"href":"https:\/\/chasseurs5emeleger.fr\/index.php\/wp-json\/wp\/v2\/pages\/1412","targetHints":{"allow":["GET"]}}],"collection":[{"href":"https:\/\/chasseurs5emeleger.fr\/index.php\/wp-json\/wp\/v2\/pages"}],"about":[{"href":"https:\/\/chasseurs5emeleger.fr\/index.php\/wp-json\/wp\/v2\/types\/page"}],"author":[{"embeddable":true,"href":"https:\/\/chasseurs5emeleger.fr\/index.php\/wp-json\/wp\/v2\/users\/2"}],"replies":[{"embeddable":true,"href":"https:\/\/chasseurs5emeleger.fr\/index.php\/wp-json\/wp\/v2\/comments?post=1412"}],"version-history":[{"count":12,"href":"https:\/\/chasseurs5emeleger.fr\/index.php\/wp-json\/wp\/v2\/pages\/1412\/revisions"}],"predecessor-version":[{"id":5285,"href":"https:\/\/chasseurs5emeleger.fr\/index.php\/wp-json\/wp\/v2\/pages\/1412\/revisions\/5285"}],"up":[{"embeddable":true,"href":"https:\/\/chasseurs5emeleger.fr\/index.php\/wp-json\/wp\/v2\/pages\/1057"}],"wp:attachment":[{"href":"https:\/\/chasseurs5emeleger.fr\/index.php\/wp-json\/wp\/v2\/media?parent=1412"}],"curies":[{"name":"wp","href":"https:\/\/api.w.org\/{rel}","templated":true}]}}