{"id":1794,"date":"2019-09-28T20:13:13","date_gmt":"2019-09-28T18:13:13","guid":{"rendered":"https:\/\/chasseurs5emeleger.fr\/?page_id=1794"},"modified":"2023-10-10T14:29:11","modified_gmt":"2023-10-10T12:29:11","slug":"le-directoire-frejus-15-aout","status":"publish","type":"page","link":"https:\/\/chasseurs5emeleger.fr\/index.php\/photos\/le-directoire-frejus-15-aout\/","title":{"rendered":"Le Directoire &#8211; 15 Ao\u00fbt 2019"},"content":{"rendered":"\n<p class=\"has-text-align-center has-text-color has-huge-font-size\" style=\"color:#000794\">Le Directoire, Fr\u00e9jus (83) 15 Ao\u00fbt<\/p>\n\n\n\n<p class=\"has-text-align-center has-text-color has-medium-font-size\" style=\"color:#000794\"><em>250\u00e8me anniversaire de la naissance de Napol\u00e9on Bonaparte<\/em><\/p>\n\n\n\n<figure class=\"wp-block-gallery has-nested-images columns-2 wp-block-gallery-1 is-layout-flex wp-block-gallery-is-layout-flex\">\n<figure class=\"wp-block-image size-large\"><img loading=\"lazy\" decoding=\"async\" width=\"1024\" height=\"768\" data-id=\"1795\" src=\"https:\/\/chasseurs5emeleger.fr\/wp-content\/uploads\/2019\/09\/20190815_201317-1024x768.jpg\" alt=\"\" class=\"wp-image-1795\" srcset=\"https:\/\/chasseurs5emeleger.fr\/wp-content\/uploads\/2019\/09\/20190815_201317.jpg 1024w, https:\/\/chasseurs5emeleger.fr\/wp-content\/uploads\/2019\/09\/20190815_201317-300x225.jpg 300w, https:\/\/chasseurs5emeleger.fr\/wp-content\/uploads\/2019\/09\/20190815_201317-768x576.jpg 768w\" sizes=\"auto, (max-width: 1024px) 100vw, 1024px\" \/><\/figure>\n\n\n\n<figure class=\"wp-block-image size-large\"><img loading=\"lazy\" decoding=\"async\" width=\"1024\" height=\"768\" data-id=\"1796\" src=\"https:\/\/chasseurs5emeleger.fr\/wp-content\/uploads\/2019\/09\/20190815_201321-1024x768.jpg\" alt=\"\" class=\"wp-image-1796\" srcset=\"https:\/\/chasseurs5emeleger.fr\/wp-content\/uploads\/2019\/09\/20190815_201321.jpg 1024w, https:\/\/chasseurs5emeleger.fr\/wp-content\/uploads\/2019\/09\/20190815_201321-300x225.jpg 300w, https:\/\/chasseurs5emeleger.fr\/wp-content\/uploads\/2019\/09\/20190815_201321-768x576.jpg 768w\" sizes=\"auto, (max-width: 1024px) 100vw, 1024px\" \/><\/figure>\n\n\n\n<figure class=\"wp-block-image size-large\"><img loading=\"lazy\" decoding=\"async\" width=\"768\" height=\"1024\" data-id=\"1797\" src=\"https:\/\/chasseurs5emeleger.fr\/wp-content\/uploads\/2019\/09\/20190815_201337-e1569693987811-768x1024.jpg\" alt=\"\" class=\"wp-image-1797\" srcset=\"https:\/\/chasseurs5emeleger.fr\/wp-content\/uploads\/2019\/09\/20190815_201337-e1569693987811.jpg 768w, https:\/\/chasseurs5emeleger.fr\/wp-content\/uploads\/2019\/09\/20190815_201337-e1569693987811-225x300.jpg 225w\" sizes=\"auto, (max-width: 768px) 100vw, 768px\" \/><\/figure>\n\n\n\n<figure class=\"wp-block-image size-large\"><img loading=\"lazy\" decoding=\"async\" width=\"768\" height=\"1024\" data-id=\"1798\" src=\"https:\/\/chasseurs5emeleger.fr\/wp-content\/uploads\/2019\/09\/20190815_201356-e1569694189242-768x1024.jpg\" alt=\"\" class=\"wp-image-1798\" srcset=\"https:\/\/chasseurs5emeleger.fr\/wp-content\/uploads\/2019\/09\/20190815_201356-e1569694189242.jpg 768w, https:\/\/chasseurs5emeleger.fr\/wp-content\/uploads\/2019\/09\/20190815_201356-e1569694189242-225x300.jpg 225w\" sizes=\"auto, (max-width: 768px) 100vw, 768px\" \/><\/figure>\n\n\n\n<figure class=\"wp-block-image size-large\"><img loading=\"lazy\" decoding=\"async\" width=\"768\" height=\"1024\" data-id=\"1799\" src=\"https:\/\/chasseurs5emeleger.fr\/wp-content\/uploads\/2019\/09\/20190815_201449-e1569694173605-768x1024.jpg\" alt=\"\" class=\"wp-image-1799\" srcset=\"https:\/\/chasseurs5emeleger.fr\/wp-content\/uploads\/2019\/09\/20190815_201449-e1569694173605.jpg 768w, https:\/\/chasseurs5emeleger.fr\/wp-content\/uploads\/2019\/09\/20190815_201449-e1569694173605-225x300.jpg 225w\" sizes=\"auto, (max-width: 768px) 100vw, 768px\" \/><\/figure>\n\n\n\n<figure class=\"wp-block-image size-large\"><img loading=\"lazy\" decoding=\"async\" width=\"768\" height=\"1024\" data-id=\"1800\" src=\"https:\/\/chasseurs5emeleger.fr\/wp-content\/uploads\/2019\/09\/20190815_201643-e1569694160417-768x1024.jpg\" alt=\"\" class=\"wp-image-1800\" srcset=\"https:\/\/chasseurs5emeleger.fr\/wp-content\/uploads\/2019\/09\/20190815_201643-e1569694160417.jpg 768w, https:\/\/chasseurs5emeleger.fr\/wp-content\/uploads\/2019\/09\/20190815_201643-e1569694160417-225x300.jpg 225w\" sizes=\"auto, (max-width: 768px) 100vw, 768px\" \/><\/figure>\n\n\n\n<figure class=\"wp-block-image size-large\"><img loading=\"lazy\" decoding=\"async\" width=\"1024\" height=\"768\" data-id=\"1811\" src=\"https:\/\/chasseurs5emeleger.fr\/wp-content\/uploads\/2019\/09\/20190815_203854-1024x768.jpg\" alt=\"\" class=\"wp-image-1811\" srcset=\"https:\/\/chasseurs5emeleger.fr\/wp-content\/uploads\/2019\/09\/20190815_203854.jpg 1024w, https:\/\/chasseurs5emeleger.fr\/wp-content\/uploads\/2019\/09\/20190815_203854-300x225.jpg 300w, https:\/\/chasseurs5emeleger.fr\/wp-content\/uploads\/2019\/09\/20190815_203854-768x576.jpg 768w\" sizes=\"auto, (max-width: 1024px) 100vw, 1024px\" \/><\/figure>\n\n\n\n<figure class=\"wp-block-image size-large\"><img loading=\"lazy\" decoding=\"async\" width=\"1024\" height=\"768\" data-id=\"1801\" src=\"https:\/\/chasseurs5emeleger.fr\/wp-content\/uploads\/2019\/09\/20190815_202057-1024x768.jpg\" alt=\"\" class=\"wp-image-1801\" srcset=\"https:\/\/chasseurs5emeleger.fr\/wp-content\/uploads\/2019\/09\/20190815_202057.jpg 1024w, https:\/\/chasseurs5emeleger.fr\/wp-content\/uploads\/2019\/09\/20190815_202057-300x225.jpg 300w, https:\/\/chasseurs5emeleger.fr\/wp-content\/uploads\/2019\/09\/20190815_202057-768x576.jpg 768w\" sizes=\"auto, (max-width: 1024px) 100vw, 1024px\" \/><\/figure>\n\n\n\n<figure class=\"wp-block-image size-large\"><img loading=\"lazy\" decoding=\"async\" width=\"768\" height=\"1024\" data-id=\"1802\" src=\"https:\/\/chasseurs5emeleger.fr\/wp-content\/uploads\/2019\/09\/20190815_202509-e1569694129338-768x1024.jpg\" alt=\"\" class=\"wp-image-1802\" srcset=\"https:\/\/chasseurs5emeleger.fr\/wp-content\/uploads\/2019\/09\/20190815_202509-e1569694129338.jpg 768w, https:\/\/chasseurs5emeleger.fr\/wp-content\/uploads\/2019\/09\/20190815_202509-e1569694129338-225x300.jpg 225w\" sizes=\"auto, (max-width: 768px) 100vw, 768px\" \/><\/figure>\n\n\n\n<figure class=\"wp-block-image size-large\"><img loading=\"lazy\" decoding=\"async\" width=\"768\" height=\"1024\" data-id=\"1803\" src=\"https:\/\/chasseurs5emeleger.fr\/wp-content\/uploads\/2019\/09\/20190815_202520-e1569694120290-768x1024.jpg\" alt=\"\" class=\"wp-image-1803\" srcset=\"https:\/\/chasseurs5emeleger.fr\/wp-content\/uploads\/2019\/09\/20190815_202520-e1569694120290.jpg 768w, https:\/\/chasseurs5emeleger.fr\/wp-content\/uploads\/2019\/09\/20190815_202520-e1569694120290-225x300.jpg 225w\" sizes=\"auto, (max-width: 768px) 100vw, 768px\" \/><\/figure>\n\n\n\n<figure class=\"wp-block-image size-large\"><img loading=\"lazy\" decoding=\"async\" width=\"768\" height=\"1024\" data-id=\"1804\" src=\"https:\/\/chasseurs5emeleger.fr\/wp-content\/uploads\/2019\/09\/20190815_202523-e1569694112620-768x1024.jpg\" alt=\"\" class=\"wp-image-1804\" srcset=\"https:\/\/chasseurs5emeleger.fr\/wp-content\/uploads\/2019\/09\/20190815_202523-e1569694112620.jpg 768w, https:\/\/chasseurs5emeleger.fr\/wp-content\/uploads\/2019\/09\/20190815_202523-e1569694112620-225x300.jpg 225w\" sizes=\"auto, (max-width: 768px) 100vw, 768px\" \/><\/figure>\n\n\n\n<figure class=\"wp-block-image size-large\"><img loading=\"lazy\" decoding=\"async\" width=\"768\" height=\"1024\" data-id=\"1805\" src=\"https:\/\/chasseurs5emeleger.fr\/wp-content\/uploads\/2019\/09\/20190815_202537-e1569694103400-768x1024.jpg\" alt=\"\" class=\"wp-image-1805\" srcset=\"https:\/\/chasseurs5emeleger.fr\/wp-content\/uploads\/2019\/09\/20190815_202537-e1569694103400.jpg 768w, https:\/\/chasseurs5emeleger.fr\/wp-content\/uploads\/2019\/09\/20190815_202537-e1569694103400-225x300.jpg 225w\" sizes=\"auto, (max-width: 768px) 100vw, 768px\" \/><\/figure>\n\n\n\n<figure class=\"wp-block-image size-large\"><img loading=\"lazy\" decoding=\"async\" width=\"768\" height=\"1024\" data-id=\"1806\" src=\"https:\/\/chasseurs5emeleger.fr\/wp-content\/uploads\/2019\/09\/20190815_202546-e1569694094510-768x1024.jpg\" alt=\"\" class=\"wp-image-1806\" srcset=\"https:\/\/chasseurs5emeleger.fr\/wp-content\/uploads\/2019\/09\/20190815_202546-e1569694094510.jpg 768w, https:\/\/chasseurs5emeleger.fr\/wp-content\/uploads\/2019\/09\/20190815_202546-e1569694094510-225x300.jpg 225w\" sizes=\"auto, (max-width: 768px) 100vw, 768px\" \/><\/figure>\n\n\n\n<figure class=\"wp-block-image size-large\"><img loading=\"lazy\" decoding=\"async\" width=\"768\" height=\"1024\" data-id=\"1807\" src=\"https:\/\/chasseurs5emeleger.fr\/wp-content\/uploads\/2019\/09\/20190815_202551-e1569694084735-768x1024.jpg\" alt=\"\" class=\"wp-image-1807\" srcset=\"https:\/\/chasseurs5emeleger.fr\/wp-content\/uploads\/2019\/09\/20190815_202551-e1569694084735.jpg 768w, https:\/\/chasseurs5emeleger.fr\/wp-content\/uploads\/2019\/09\/20190815_202551-e1569694084735-225x300.jpg 225w\" sizes=\"auto, (max-width: 768px) 100vw, 768px\" \/><\/figure>\n\n\n\n<figure class=\"wp-block-image size-large\"><img loading=\"lazy\" decoding=\"async\" width=\"768\" height=\"1024\" data-id=\"1808\" src=\"https:\/\/chasseurs5emeleger.fr\/wp-content\/uploads\/2019\/09\/20190815_202555-e1569694075625-768x1024.jpg\" alt=\"\" class=\"wp-image-1808\" srcset=\"https:\/\/chasseurs5emeleger.fr\/wp-content\/uploads\/2019\/09\/20190815_202555-e1569694075625.jpg 768w, https:\/\/chasseurs5emeleger.fr\/wp-content\/uploads\/2019\/09\/20190815_202555-e1569694075625-225x300.jpg 225w\" sizes=\"auto, (max-width: 768px) 100vw, 768px\" \/><\/figure>\n\n\n\n<figure class=\"wp-block-image size-large\"><img loading=\"lazy\" decoding=\"async\" width=\"768\" height=\"1024\" data-id=\"1809\" src=\"https:\/\/chasseurs5emeleger.fr\/wp-content\/uploads\/2019\/09\/20190815_202600-e1569694066788-768x1024.jpg\" alt=\"\" class=\"wp-image-1809\" srcset=\"https:\/\/chasseurs5emeleger.fr\/wp-content\/uploads\/2019\/09\/20190815_202600-e1569694066788.jpg 768w, https:\/\/chasseurs5emeleger.fr\/wp-content\/uploads\/2019\/09\/20190815_202600-e1569694066788-225x300.jpg 225w\" sizes=\"auto, (max-width: 768px) 100vw, 768px\" \/><\/figure>\n\n\n\n<figure class=\"wp-block-image size-large\"><img loading=\"lazy\" decoding=\"async\" width=\"768\" height=\"1024\" data-id=\"1810\" src=\"https:\/\/chasseurs5emeleger.fr\/wp-content\/uploads\/2019\/09\/20190815_202607-e1569694057839-768x1024.jpg\" alt=\"\" class=\"wp-image-1810\" srcset=\"https:\/\/chasseurs5emeleger.fr\/wp-content\/uploads\/2019\/09\/20190815_202607-e1569694057839.jpg 768w, https:\/\/chasseurs5emeleger.fr\/wp-content\/uploads\/2019\/09\/20190815_202607-e1569694057839-225x300.jpg 225w\" sizes=\"auto, (max-width: 768px) 100vw, 768px\" \/><\/figure>\n\n\n\n<figure class=\"wp-block-image size-large\"><img loading=\"lazy\" decoding=\"async\" width=\"768\" height=\"1024\" data-id=\"1812\" src=\"https:\/\/chasseurs5emeleger.fr\/wp-content\/uploads\/2019\/09\/20190815_215908-e1569694045698-768x1024.jpg\" alt=\"\" class=\"wp-image-1812\" srcset=\"https:\/\/chasseurs5emeleger.fr\/wp-content\/uploads\/2019\/09\/20190815_215908-e1569694045698.jpg 768w, https:\/\/chasseurs5emeleger.fr\/wp-content\/uploads\/2019\/09\/20190815_215908-e1569694045698-225x300.jpg 225w\" sizes=\"auto, (max-width: 768px) 100vw, 768px\" \/><\/figure>\n\n\n\n<figure class=\"wp-block-image size-large\"><img loading=\"lazy\" decoding=\"async\" width=\"768\" height=\"1024\" data-id=\"1813\" src=\"https:\/\/chasseurs5emeleger.fr\/wp-content\/uploads\/2019\/09\/20190815_222454-e1569694237354-768x1024.jpg\" alt=\"\" class=\"wp-image-1813\" srcset=\"https:\/\/chasseurs5emeleger.fr\/wp-content\/uploads\/2019\/09\/20190815_222454-e1569694237354.jpg 768w, https:\/\/chasseurs5emeleger.fr\/wp-content\/uploads\/2019\/09\/20190815_222454-e1569694237354-225x300.jpg 225w\" sizes=\"auto, (max-width: 768px) 100vw, 768px\" \/><\/figure>\n\n\n\n<figure class=\"wp-block-image size-large\"><img loading=\"lazy\" decoding=\"async\" width=\"768\" height=\"1024\" data-id=\"1814\" src=\"https:\/\/chasseurs5emeleger.fr\/wp-content\/uploads\/2019\/09\/20190815_222535-e1569694225738-768x1024.jpg\" alt=\"\" class=\"wp-image-1814\" srcset=\"https:\/\/chasseurs5emeleger.fr\/wp-content\/uploads\/2019\/09\/20190815_222535-e1569694225738.jpg 768w, https:\/\/chasseurs5emeleger.fr\/wp-content\/uploads\/2019\/09\/20190815_222535-e1569694225738-225x300.jpg 225w\" sizes=\"auto, (max-width: 768px) 100vw, 768px\" \/><\/figure>\n\n\n\n<figure class=\"wp-block-image size-large\"><img loading=\"lazy\" decoding=\"async\" width=\"768\" height=\"1024\" data-id=\"1815\" src=\"https:\/\/chasseurs5emeleger.fr\/wp-content\/uploads\/2019\/09\/20190815_222601-e1569694025263-768x1024.jpg\" alt=\"\" class=\"wp-image-1815\" srcset=\"https:\/\/chasseurs5emeleger.fr\/wp-content\/uploads\/2019\/09\/20190815_222601-e1569694025263.jpg 768w, https:\/\/chasseurs5emeleger.fr\/wp-content\/uploads\/2019\/09\/20190815_222601-e1569694025263-225x300.jpg 225w\" sizes=\"auto, (max-width: 768px) 100vw, 768px\" \/><\/figure>\n\n\n\n<figure class=\"wp-block-image size-large\"><img loading=\"lazy\" decoding=\"async\" width=\"1024\" height=\"768\" data-id=\"1816\" src=\"https:\/\/chasseurs5emeleger.fr\/wp-content\/uploads\/2019\/09\/20190815_222721-1024x768.jpg\" alt=\"\" class=\"wp-image-1816\" srcset=\"https:\/\/chasseurs5emeleger.fr\/wp-content\/uploads\/2019\/09\/20190815_222721.jpg 1024w, https:\/\/chasseurs5emeleger.fr\/wp-content\/uploads\/2019\/09\/20190815_222721-300x225.jpg 300w, https:\/\/chasseurs5emeleger.fr\/wp-content\/uploads\/2019\/09\/20190815_222721-768x576.jpg 768w\" sizes=\"auto, (max-width: 1024px) 100vw, 1024px\" \/><\/figure>\n\n\n\n<figure class=\"wp-block-image size-large\"><img loading=\"lazy\" decoding=\"async\" width=\"1024\" height=\"768\" data-id=\"1817\" src=\"https:\/\/chasseurs5emeleger.fr\/wp-content\/uploads\/2019\/09\/20190815_222812-1024x768.jpg\" alt=\"\" class=\"wp-image-1817\" srcset=\"https:\/\/chasseurs5emeleger.fr\/wp-content\/uploads\/2019\/09\/20190815_222812.jpg 1024w, https:\/\/chasseurs5emeleger.fr\/wp-content\/uploads\/2019\/09\/20190815_222812-300x225.jpg 300w, https:\/\/chasseurs5emeleger.fr\/wp-content\/uploads\/2019\/09\/20190815_222812-768x576.jpg 768w\" sizes=\"auto, (max-width: 1024px) 100vw, 1024px\" \/><\/figure>\n\n\n\n<figure class=\"wp-block-image size-large\"><img loading=\"lazy\" decoding=\"async\" width=\"1024\" height=\"768\" data-id=\"1818\" src=\"https:\/\/chasseurs5emeleger.fr\/wp-content\/uploads\/2019\/09\/20190815_222850-1024x768.jpg\" alt=\"\" class=\"wp-image-1818\" srcset=\"https:\/\/chasseurs5emeleger.fr\/wp-content\/uploads\/2019\/09\/20190815_222850.jpg 1024w, https:\/\/chasseurs5emeleger.fr\/wp-content\/uploads\/2019\/09\/20190815_222850-300x225.jpg 300w, https:\/\/chasseurs5emeleger.fr\/wp-content\/uploads\/2019\/09\/20190815_222850-768x576.jpg 768w\" sizes=\"auto, (max-width: 1024px) 100vw, 1024px\" \/><\/figure>\n\n\n\n<figure class=\"wp-block-image size-large\"><img loading=\"lazy\" decoding=\"async\" width=\"1024\" height=\"768\" data-id=\"1819\" src=\"https:\/\/chasseurs5emeleger.fr\/wp-content\/uploads\/2019\/09\/20190815_223520-1024x768.jpg\" alt=\"\" class=\"wp-image-1819\" srcset=\"https:\/\/chasseurs5emeleger.fr\/wp-content\/uploads\/2019\/09\/20190815_223520.jpg 1024w, https:\/\/chasseurs5emeleger.fr\/wp-content\/uploads\/2019\/09\/20190815_223520-300x225.jpg 300w, https:\/\/chasseurs5emeleger.fr\/wp-content\/uploads\/2019\/09\/20190815_223520-768x576.jpg 768w\" sizes=\"auto, (max-width: 1024px) 100vw, 1024px\" \/><\/figure>\n<\/figure>\n","protected":false},"excerpt":{"rendered":"<p>Le Directoire, Fr\u00e9jus (83) 15 Ao\u00fbt 250\u00e8me anniversaire de la naissance de Napol\u00e9on Bonaparte<\/p>\n","protected":false},"author":2,"featured_media":0,"parent":1057,"menu_order":0,"comment_status":"closed","ping_status":"closed","template":"","meta":{"footnotes":""},"class_list":["post-1794","page","type-page","status-publish","hentry"],"yoast_head":"<!-- This site is optimized with the Yoast SEO plugin v27.5 - https:\/\/yoast.com\/product\/yoast-seo-wordpress\/ -->\n<title>Le Directoire - 15 Ao\u00fbt 2019 &#8211; Chasseurs du 5\u00e8me R\u00e9giment d&#039;Infanterie L\u00e9g\u00e8re<\/title>\n<meta name=\"robots\" content=\"index, follow, max-snippet:-1, max-image-preview:large, max-video-preview:-1\" \/>\n<link rel=\"canonical\" href=\"https:\/\/chasseurs5emeleger.fr\/index.php\/photos\/le-directoire-frejus-15-aout\/\" \/>\n<meta property=\"og:locale\" content=\"fr_FR\" \/>\n<meta property=\"og:type\" content=\"article\" \/>\n<meta property=\"og:title\" content=\"Le Directoire - 15 Ao\u00fbt 2019 &#8211; Chasseurs du 5\u00e8me R\u00e9giment d&#039;Infanterie L\u00e9g\u00e8re\" \/>\n<meta property=\"og:description\" content=\"Le Directoire, Fr\u00e9jus (83) 15 Ao\u00fbt 250\u00e8me anniversaire de la naissance de Napol\u00e9on Bonaparte\" \/>\n<meta property=\"og:url\" content=\"https:\/\/chasseurs5emeleger.fr\/index.php\/photos\/le-directoire-frejus-15-aout\/\" \/>\n<meta property=\"og:site_name\" content=\"Chasseurs du 5\u00e8me R\u00e9giment d&#039;Infanterie L\u00e9g\u00e8re\" \/>\n<meta property=\"article:publisher\" content=\"https:\/\/www.facebook.com\/chasseurs.5emeleger\/\" \/>\n<meta property=\"article:modified_time\" content=\"2023-10-10T12:29:11+00:00\" \/>\n<meta property=\"og:image\" content=\"https:\/\/chasseurs5emeleger.fr\/wp-content\/uploads\/2019\/09\/20190815_201317-1024x768.jpg\" \/>\n<script type=\"application\/ld+json\" class=\"yoast-schema-graph\">{\"@context\":\"https:\\\/\\\/schema.org\",\"@graph\":[{\"@type\":\"WebPage\",\"@id\":\"https:\\\/\\\/chasseurs5emeleger.fr\\\/index.php\\\/photos\\\/le-directoire-frejus-15-aout\\\/\",\"url\":\"https:\\\/\\\/chasseurs5emeleger.fr\\\/index.php\\\/photos\\\/le-directoire-frejus-15-aout\\\/\",\"name\":\"Le Directoire - 15 Ao\u00fbt 2019 &#8211; Chasseurs du 5\u00e8me R\u00e9giment d&#039;Infanterie L\u00e9g\u00e8re\",\"isPartOf\":{\"@id\":\"https:\\\/\\\/chasseurs5emeleger.fr\\\/#website\"},\"primaryImageOfPage\":{\"@id\":\"https:\\\/\\\/chasseurs5emeleger.fr\\\/index.php\\\/photos\\\/le-directoire-frejus-15-aout\\\/#primaryimage\"},\"image\":{\"@id\":\"https:\\\/\\\/chasseurs5emeleger.fr\\\/index.php\\\/photos\\\/le-directoire-frejus-15-aout\\\/#primaryimage\"},\"thumbnailUrl\":\"https:\\\/\\\/chasseurs5emeleger.fr\\\/wp-content\\\/uploads\\\/2019\\\/09\\\/20190815_201317-1024x768.jpg\",\"datePublished\":\"2019-09-28T18:13:13+00:00\",\"dateModified\":\"2023-10-10T12:29:11+00:00\",\"breadcrumb\":{\"@id\":\"https:\\\/\\\/chasseurs5emeleger.fr\\\/index.php\\\/photos\\\/le-directoire-frejus-15-aout\\\/#breadcrumb\"},\"inLanguage\":\"fr-FR\",\"potentialAction\":[{\"@type\":\"ReadAction\",\"target\":[\"https:\\\/\\\/chasseurs5emeleger.fr\\\/index.php\\\/photos\\\/le-directoire-frejus-15-aout\\\/\"]}]},{\"@type\":\"ImageObject\",\"inLanguage\":\"fr-FR\",\"@id\":\"https:\\\/\\\/chasseurs5emeleger.fr\\\/index.php\\\/photos\\\/le-directoire-frejus-15-aout\\\/#primaryimage\",\"url\":\"https:\\\/\\\/chasseurs5emeleger.fr\\\/wp-content\\\/uploads\\\/2019\\\/09\\\/20190815_201317.jpg\",\"contentUrl\":\"https:\\\/\\\/chasseurs5emeleger.fr\\\/wp-content\\\/uploads\\\/2019\\\/09\\\/20190815_201317.jpg\",\"width\":1024,\"height\":768},{\"@type\":\"BreadcrumbList\",\"@id\":\"https:\\\/\\\/chasseurs5emeleger.fr\\\/index.php\\\/photos\\\/le-directoire-frejus-15-aout\\\/#breadcrumb\",\"itemListElement\":[{\"@type\":\"ListItem\",\"position\":1,\"name\":\"Accueil\",\"item\":\"https:\\\/\\\/chasseurs5emeleger.fr\\\/\"},{\"@type\":\"ListItem\",\"position\":2,\"name\":\"Photos\",\"item\":\"https:\\\/\\\/chasseurs5emeleger.fr\\\/index.php\\\/photos\\\/\"},{\"@type\":\"ListItem\",\"position\":3,\"name\":\"Le Directoire &#8211; 15 Ao\u00fbt 2019\"}]},{\"@type\":\"WebSite\",\"@id\":\"https:\\\/\\\/chasseurs5emeleger.fr\\\/#website\",\"url\":\"https:\\\/\\\/chasseurs5emeleger.fr\\\/\",\"name\":\"Chasseurs du 5\u00e8me R\u00e9giment d&#039;Infanterie L\u00e9g\u00e8re\",\"description\":\"\",\"publisher\":{\"@id\":\"https:\\\/\\\/chasseurs5emeleger.fr\\\/#organization\"},\"potentialAction\":[{\"@type\":\"SearchAction\",\"target\":{\"@type\":\"EntryPoint\",\"urlTemplate\":\"https:\\\/\\\/chasseurs5emeleger.fr\\\/?s={search_term_string}\"},\"query-input\":{\"@type\":\"PropertyValueSpecification\",\"valueRequired\":true,\"valueName\":\"search_term_string\"}}],\"inLanguage\":\"fr-FR\"},{\"@type\":\"Organization\",\"@id\":\"https:\\\/\\\/chasseurs5emeleger.fr\\\/#organization\",\"name\":\"Chasseurs du 5\u00e8me R\u00e9giment d'infanterie l\u00e9g\u00e8re\",\"url\":\"https:\\\/\\\/chasseurs5emeleger.fr\\\/\",\"logo\":{\"@type\":\"ImageObject\",\"inLanguage\":\"fr-FR\",\"@id\":\"https:\\\/\\\/chasseurs5emeleger.fr\\\/#\\\/schema\\\/logo\\\/image\\\/\",\"url\":\"https:\\\/\\\/chasseurs5emeleger.fr\\\/wp-content\\\/uploads\\\/2022\\\/04\\\/Logo-detoure-scaled.jpg\",\"contentUrl\":\"https:\\\/\\\/chasseurs5emeleger.fr\\\/wp-content\\\/uploads\\\/2022\\\/04\\\/Logo-detoure-scaled.jpg\",\"width\":2438,\"height\":2560,\"caption\":\"Chasseurs du 5\u00e8me R\u00e9giment d'infanterie l\u00e9g\u00e8re\"},\"image\":{\"@id\":\"https:\\\/\\\/chasseurs5emeleger.fr\\\/#\\\/schema\\\/logo\\\/image\\\/\"},\"sameAs\":[\"https:\\\/\\\/www.facebook.com\\\/chasseurs.5emeleger\\\/\"]}]}<\/script>\n<!-- \/ Yoast SEO plugin. -->","yoast_head_json":{"title":"Le Directoire - 15 Ao\u00fbt 2019 &#8211; Chasseurs du 5\u00e8me R\u00e9giment d&#039;Infanterie L\u00e9g\u00e8re","robots":{"index":"index","follow":"follow","max-snippet":"max-snippet:-1","max-image-preview":"max-image-preview:large","max-video-preview":"max-video-preview:-1"},"canonical":"https:\/\/chasseurs5emeleger.fr\/index.php\/photos\/le-directoire-frejus-15-aout\/","og_locale":"fr_FR","og_type":"article","og_title":"Le Directoire - 15 Ao\u00fbt 2019 &#8211; Chasseurs du 5\u00e8me R\u00e9giment d&#039;Infanterie L\u00e9g\u00e8re","og_description":"Le Directoire, Fr\u00e9jus (83) 15 Ao\u00fbt 250\u00e8me anniversaire de la naissance de Napol\u00e9on Bonaparte","og_url":"https:\/\/chasseurs5emeleger.fr\/index.php\/photos\/le-directoire-frejus-15-aout\/","og_site_name":"Chasseurs du 5\u00e8me R\u00e9giment d&#039;Infanterie L\u00e9g\u00e8re","article_publisher":"https:\/\/www.facebook.com\/chasseurs.5emeleger\/","article_modified_time":"2023-10-10T12:29:11+00:00","og_image":[{"url":"https:\/\/chasseurs5emeleger.fr\/wp-content\/uploads\/2019\/09\/20190815_201317-1024x768.jpg","type":"","width":"","height":""}],"schema":{"@context":"https:\/\/schema.org","@graph":[{"@type":"WebPage","@id":"https:\/\/chasseurs5emeleger.fr\/index.php\/photos\/le-directoire-frejus-15-aout\/","url":"https:\/\/chasseurs5emeleger.fr\/index.php\/photos\/le-directoire-frejus-15-aout\/","name":"Le Directoire - 15 Ao\u00fbt 2019 &#8211; Chasseurs du 5\u00e8me R\u00e9giment d&#039;Infanterie L\u00e9g\u00e8re","isPartOf":{"@id":"https:\/\/chasseurs5emeleger.fr\/#website"},"primaryImageOfPage":{"@id":"https:\/\/chasseurs5emeleger.fr\/index.php\/photos\/le-directoire-frejus-15-aout\/#primaryimage"},"image":{"@id":"https:\/\/chasseurs5emeleger.fr\/index.php\/photos\/le-directoire-frejus-15-aout\/#primaryimage"},"thumbnailUrl":"https:\/\/chasseurs5emeleger.fr\/wp-content\/uploads\/2019\/09\/20190815_201317-1024x768.jpg","datePublished":"2019-09-28T18:13:13+00:00","dateModified":"2023-10-10T12:29:11+00:00","breadcrumb":{"@id":"https:\/\/chasseurs5emeleger.fr\/index.php\/photos\/le-directoire-frejus-15-aout\/#breadcrumb"},"inLanguage":"fr-FR","potentialAction":[{"@type":"ReadAction","target":["https:\/\/chasseurs5emeleger.fr\/index.php\/photos\/le-directoire-frejus-15-aout\/"]}]},{"@type":"ImageObject","inLanguage":"fr-FR","@id":"https:\/\/chasseurs5emeleger.fr\/index.php\/photos\/le-directoire-frejus-15-aout\/#primaryimage","url":"https:\/\/chasseurs5emeleger.fr\/wp-content\/uploads\/2019\/09\/20190815_201317.jpg","contentUrl":"https:\/\/chasseurs5emeleger.fr\/wp-content\/uploads\/2019\/09\/20190815_201317.jpg","width":1024,"height":768},{"@type":"BreadcrumbList","@id":"https:\/\/chasseurs5emeleger.fr\/index.php\/photos\/le-directoire-frejus-15-aout\/#breadcrumb","itemListElement":[{"@type":"ListItem","position":1,"name":"Accueil","item":"https:\/\/chasseurs5emeleger.fr\/"},{"@type":"ListItem","position":2,"name":"Photos","item":"https:\/\/chasseurs5emeleger.fr\/index.php\/photos\/"},{"@type":"ListItem","position":3,"name":"Le Directoire &#8211; 15 Ao\u00fbt 2019"}]},{"@type":"WebSite","@id":"https:\/\/chasseurs5emeleger.fr\/#website","url":"https:\/\/chasseurs5emeleger.fr\/","name":"Chasseurs du 5\u00e8me R\u00e9giment d&#039;Infanterie L\u00e9g\u00e8re","description":"","publisher":{"@id":"https:\/\/chasseurs5emeleger.fr\/#organization"},"potentialAction":[{"@type":"SearchAction","target":{"@type":"EntryPoint","urlTemplate":"https:\/\/chasseurs5emeleger.fr\/?s={search_term_string}"},"query-input":{"@type":"PropertyValueSpecification","valueRequired":true,"valueName":"search_term_string"}}],"inLanguage":"fr-FR"},{"@type":"Organization","@id":"https:\/\/chasseurs5emeleger.fr\/#organization","name":"Chasseurs du 5\u00e8me R\u00e9giment d'infanterie l\u00e9g\u00e8re","url":"https:\/\/chasseurs5emeleger.fr\/","logo":{"@type":"ImageObject","inLanguage":"fr-FR","@id":"https:\/\/chasseurs5emeleger.fr\/#\/schema\/logo\/image\/","url":"https:\/\/chasseurs5emeleger.fr\/wp-content\/uploads\/2022\/04\/Logo-detoure-scaled.jpg","contentUrl":"https:\/\/chasseurs5emeleger.fr\/wp-content\/uploads\/2022\/04\/Logo-detoure-scaled.jpg","width":2438,"height":2560,"caption":"Chasseurs du 5\u00e8me R\u00e9giment d'infanterie l\u00e9g\u00e8re"},"image":{"@id":"https:\/\/chasseurs5emeleger.fr\/#\/schema\/logo\/image\/"},"sameAs":["https:\/\/www.facebook.com\/chasseurs.5emeleger\/"]}]}},"_links":{"self":[{"href":"https:\/\/chasseurs5emeleger.fr\/index.php\/wp-json\/wp\/v2\/pages\/1794","targetHints":{"allow":["GET"]}}],"collection":[{"href":"https:\/\/chasseurs5emeleger.fr\/index.php\/wp-json\/wp\/v2\/pages"}],"about":[{"href":"https:\/\/chasseurs5emeleger.fr\/index.php\/wp-json\/wp\/v2\/types\/page"}],"author":[{"embeddable":true,"href":"https:\/\/chasseurs5emeleger.fr\/index.php\/wp-json\/wp\/v2\/users\/2"}],"replies":[{"embeddable":true,"href":"https:\/\/chasseurs5emeleger.fr\/index.php\/wp-json\/wp\/v2\/comments?post=1794"}],"version-history":[{"count":10,"href":"https:\/\/chasseurs5emeleger.fr\/index.php\/wp-json\/wp\/v2\/pages\/1794\/revisions"}],"predecessor-version":[{"id":5265,"href":"https:\/\/chasseurs5emeleger.fr\/index.php\/wp-json\/wp\/v2\/pages\/1794\/revisions\/5265"}],"up":[{"embeddable":true,"href":"https:\/\/chasseurs5emeleger.fr\/index.php\/wp-json\/wp\/v2\/pages\/1057"}],"wp:attachment":[{"href":"https:\/\/chasseurs5emeleger.fr\/index.php\/wp-json\/wp\/v2\/media?parent=1794"}],"curies":[{"name":"wp","href":"https:\/\/api.w.org\/{rel}","templated":true}]}}