{"id":1985,"date":"2019-10-22T23:07:45","date_gmt":"2019-10-22T21:07:45","guid":{"rendered":"https:\/\/chasseurs5emeleger.fr\/?page_id=1985"},"modified":"2025-09-06T12:16:03","modified_gmt":"2025-09-06T10:16:03","slug":"membres","status":"publish","type":"page","link":"https:\/\/chasseurs5emeleger.fr\/index.php\/membres\/","title":{"rendered":"Membres"},"content":{"rendered":"\n<p class=\"has-text-align-center has-text-color has-huge-font-size\" style=\"color:#000794\">Membres<\/p>\n\n\n\n<div class=\"wp-block-media-text has-media-on-the-right\"><div class=\"wp-block-media-text__content\">\n<p class=\"has-text-color has-link-color has-medium-font-size wp-elements-7d61ef2e81c7980ac5d25ff1cf7717db\" style=\"color:#000794\">Sapeur &#8220;La Fontaine&#8221; <\/p>\n<\/div><figure class=\"wp-block-media-text__media\"><img loading=\"lazy\" decoding=\"async\" width=\"768\" height=\"1024\" src=\"https:\/\/chasseurs5emeleger.fr\/wp-content\/uploads\/2025\/02\/IMG-20241027-WA0012-768x1024.jpg\" alt=\"\" class=\"wp-image-5709 size-full\" srcset=\"https:\/\/chasseurs5emeleger.fr\/wp-content\/uploads\/2025\/02\/IMG-20241027-WA0012-768x1024.jpg 768w, https:\/\/chasseurs5emeleger.fr\/wp-content\/uploads\/2025\/02\/IMG-20241027-WA0012-225x300.jpg 225w, https:\/\/chasseurs5emeleger.fr\/wp-content\/uploads\/2025\/02\/IMG-20241027-WA0012-1152x1536.jpg 1152w, https:\/\/chasseurs5emeleger.fr\/wp-content\/uploads\/2025\/02\/IMG-20241027-WA0012.jpg 1200w\" sizes=\"auto, (max-width: 768px) 100vw, 768px\" \/><\/figure><\/div>\n\n\n\n<div class=\"wp-block-media-text alignwide has-media-on-the-right\"><div class=\"wp-block-media-text__content\">\n<p class=\"has-text-align-center has-text-color has-medium-font-size\" style=\"color:#000794\">Tambour &#8220;La Rel\u00e8ve&#8221;<\/p>\n<\/div><figure class=\"wp-block-media-text__media\"><img loading=\"lazy\" decoding=\"async\" width=\"595\" height=\"930\" src=\"https:\/\/chasseurs5emeleger.fr\/wp-content\/uploads\/2025\/02\/FB_IMG_1720184810563.jpg\" alt=\"\" class=\"wp-image-5712 size-full\" srcset=\"https:\/\/chasseurs5emeleger.fr\/wp-content\/uploads\/2025\/02\/FB_IMG_1720184810563.jpg 595w, https:\/\/chasseurs5emeleger.fr\/wp-content\/uploads\/2025\/02\/FB_IMG_1720184810563-192x300.jpg 192w\" sizes=\"auto, (max-width: 595px) 100vw, 595px\" \/><\/figure><\/div>\n\n\n\n<div class=\"wp-block-media-text alignwide has-media-on-the-right\"><div class=\"wp-block-media-text__content\">\n<p class=\"has-text-align-center has-text-color has-medium-font-size\" style=\"color:#000794\">Capitaine &#8220;La Parole&#8221;<\/p>\n<\/div><figure class=\"wp-block-media-text__media\"><img loading=\"lazy\" decoding=\"async\" width=\"715\" height=\"1024\" src=\"https:\/\/chasseurs5emeleger.fr\/wp-content\/uploads\/2022\/08\/9-3-715x1024.jpg\" alt=\"\" class=\"wp-image-3522 size-full\" srcset=\"https:\/\/chasseurs5emeleger.fr\/wp-content\/uploads\/2022\/08\/9-3-715x1024.jpg 715w, https:\/\/chasseurs5emeleger.fr\/wp-content\/uploads\/2022\/08\/9-3-209x300.jpg 209w, https:\/\/chasseurs5emeleger.fr\/wp-content\/uploads\/2022\/08\/9-3-768x1100.jpg 768w, https:\/\/chasseurs5emeleger.fr\/wp-content\/uploads\/2022\/08\/9-3-1072x1536.jpg 1072w, https:\/\/chasseurs5emeleger.fr\/wp-content\/uploads\/2022\/08\/9-3-1430x2048.jpg 1430w, https:\/\/chasseurs5emeleger.fr\/wp-content\/uploads\/2022\/08\/9-3-scaled.jpg 1787w\" sizes=\"auto, (max-width: 715px) 100vw, 715px\" \/><\/figure><\/div>\n\n\n\n<div class=\"wp-block-media-text alignwide has-media-on-the-right\"><div class=\"wp-block-media-text__content\">\n<p class=\"has-text-align-center has-text-color has-medium-font-size\" style=\"color:#000794\">Adjudant Sous-Officier &#8220;La Blonde&#8221;<\/p>\n<\/div><figure class=\"wp-block-media-text__media\"><img loading=\"lazy\" decoding=\"async\" width=\"470\" height=\"751\" src=\"https:\/\/chasseurs5emeleger.fr\/wp-content\/uploads\/2022\/08\/3-3.jpg\" alt=\"\" class=\"wp-image-3512 size-full\" srcset=\"https:\/\/chasseurs5emeleger.fr\/wp-content\/uploads\/2022\/08\/3-3.jpg 470w, https:\/\/chasseurs5emeleger.fr\/wp-content\/uploads\/2022\/08\/3-3-188x300.jpg 188w\" sizes=\"auto, (max-width: 470px) 100vw, 470px\" \/><\/figure><\/div>\n\n\n\n<div class=\"wp-block-media-text alignwide has-media-on-the-right\"><div class=\"wp-block-media-text__content\">\n<p class=\"has-text-align-center has-text-color has-medium-font-size\" style=\"color:#000794\">Chasseur &#8220;La Poisse&#8221;<\/p>\n<\/div><figure class=\"wp-block-media-text__media\"><img loading=\"lazy\" decoding=\"async\" width=\"680\" height=\"1024\" src=\"https:\/\/chasseurs5emeleger.fr\/wp-content\/uploads\/2019\/10\/CSC_0577-680x1024.jpg\" alt=\"\" class=\"wp-image-2078 size-full\" srcset=\"https:\/\/chasseurs5emeleger.fr\/wp-content\/uploads\/2019\/10\/CSC_0577.jpg 680w, https:\/\/chasseurs5emeleger.fr\/wp-content\/uploads\/2019\/10\/CSC_0577-199x300.jpg 199w\" sizes=\"auto, (max-width: 680px) 100vw, 680px\" \/><\/figure><\/div>\n\n\n\n<div class=\"wp-block-media-text alignwide has-media-on-the-right\"><div class=\"wp-block-media-text__content\">\n<p class=\"has-text-align-center has-text-color has-medium-font-size\" style=\"color:#000794\">Chasseur &#8220;La Gamelle&#8221;<\/p>\n<\/div><figure class=\"wp-block-media-text__media\"><img loading=\"lazy\" decoding=\"async\" width=\"700\" height=\"1024\" src=\"https:\/\/chasseurs5emeleger.fr\/wp-content\/uploads\/2022\/08\/7-1-700x1024.jpg\" alt=\"\" class=\"wp-image-3518 size-full\" srcset=\"https:\/\/chasseurs5emeleger.fr\/wp-content\/uploads\/2022\/08\/7-1-700x1024.jpg 700w, https:\/\/chasseurs5emeleger.fr\/wp-content\/uploads\/2022\/08\/7-1-205x300.jpg 205w, https:\/\/chasseurs5emeleger.fr\/wp-content\/uploads\/2022\/08\/7-1-768x1124.jpg 768w, https:\/\/chasseurs5emeleger.fr\/wp-content\/uploads\/2022\/08\/7-1-1050x1536.jpg 1050w, https:\/\/chasseurs5emeleger.fr\/wp-content\/uploads\/2022\/08\/7-1-1400x2048.jpg 1400w, https:\/\/chasseurs5emeleger.fr\/wp-content\/uploads\/2022\/08\/7-1-scaled.jpg 1750w\" sizes=\"auto, (max-width: 700px) 100vw, 700px\" \/><\/figure><\/div>\n\n\n\n<div class=\"wp-block-media-text alignwide has-media-on-the-right\"><div class=\"wp-block-media-text__content\">\n<p class=\"has-text-align-center has-text-color has-medium-font-size\" style=\"color:#000794\">Chasseur &#8220;L&#8217;Hippocampe&#8221;<\/p>\n<\/div><figure class=\"wp-block-media-text__media\"><img loading=\"lazy\" decoding=\"async\" width=\"694\" height=\"1024\" src=\"https:\/\/chasseurs5emeleger.fr\/wp-content\/uploads\/2022\/10\/received_1129889014288292-694x1024.jpeg\" alt=\"\" class=\"wp-image-3760 size-full\" srcset=\"https:\/\/chasseurs5emeleger.fr\/wp-content\/uploads\/2022\/10\/received_1129889014288292-694x1024.jpeg 694w, https:\/\/chasseurs5emeleger.fr\/wp-content\/uploads\/2022\/10\/received_1129889014288292-203x300.jpeg 203w, https:\/\/chasseurs5emeleger.fr\/wp-content\/uploads\/2022\/10\/received_1129889014288292-768x1133.jpeg 768w, https:\/\/chasseurs5emeleger.fr\/wp-content\/uploads\/2022\/10\/received_1129889014288292.jpeg 873w\" sizes=\"auto, (max-width: 694px) 100vw, 694px\" \/><\/figure><\/div>\n\n\n\n<div class=\"wp-block-media-text alignwide has-media-on-the-right\"><div class=\"wp-block-media-text__content\">\n<p class=\"has-text-align-center has-text-color has-medium-font-size\" style=\"color:#000794\">Officier \u00e0 la retraite<\/p>\n\n\n\n<p class=\"has-text-align-center has-text-color has-medium-font-size\" style=\"color:#000794\">&#8220;La Respelido&#8221;<\/p>\n<\/div><figure class=\"wp-block-media-text__media\"><img loading=\"lazy\" decoding=\"async\" width=\"697\" height=\"1024\" src=\"https:\/\/chasseurs5emeleger.fr\/wp-content\/uploads\/2022\/08\/4-3-697x1024.jpg\" alt=\"\" class=\"wp-image-3513 size-full\" srcset=\"https:\/\/chasseurs5emeleger.fr\/wp-content\/uploads\/2022\/08\/4-3-697x1024.jpg 697w, https:\/\/chasseurs5emeleger.fr\/wp-content\/uploads\/2022\/08\/4-3-204x300.jpg 204w, https:\/\/chasseurs5emeleger.fr\/wp-content\/uploads\/2022\/08\/4-3-768x1129.jpg 768w, https:\/\/chasseurs5emeleger.fr\/wp-content\/uploads\/2022\/08\/4-3.jpg 813w\" sizes=\"auto, (max-width: 697px) 100vw, 697px\" \/><\/figure><\/div>\n\n\n\n<div class=\"wp-block-media-text alignwide has-media-on-the-right\"><div class=\"wp-block-media-text__content\">\n<p class=\"has-text-align-center has-text-color has-medium-font-size\" style=\"color:#000794\">Vivandi\u00e8re &#8220;L&#8217;Aiguille&#8221;<\/p>\n<\/div><figure class=\"wp-block-media-text__media\"><img loading=\"lazy\" decoding=\"async\" width=\"768\" height=\"768\" src=\"https:\/\/chasseurs5emeleger.fr\/wp-content\/uploads\/2021\/12\/IMG_20210925_090757_745.jpg\" alt=\"\" class=\"wp-image-3016 size-full\" srcset=\"https:\/\/chasseurs5emeleger.fr\/wp-content\/uploads\/2021\/12\/IMG_20210925_090757_745.jpg 768w, https:\/\/chasseurs5emeleger.fr\/wp-content\/uploads\/2021\/12\/IMG_20210925_090757_745-300x300.jpg 300w, https:\/\/chasseurs5emeleger.fr\/wp-content\/uploads\/2021\/12\/IMG_20210925_090757_745-150x150.jpg 150w\" sizes=\"auto, (max-width: 768px) 100vw, 768px\" \/><\/figure><\/div>\n\n\n\n<div class=\"wp-block-media-text alignwide has-media-on-the-right\"><div class=\"wp-block-media-text__content\">\n<p class=\"has-text-align-center has-text-color has-medium-font-size\" style=\"color:#000794\">Civil &#8220;Le Pap\u00e9&#8221; <\/p>\n\n\n\n<p class=\"has-text-align-center has-text-color has-medium-font-size\" style=\"color:#000794\">repr\u00e9sentant Marc-Antoine D\u00e9saugiers, chansonnier Fr\u00e9jusien<\/p>\n<\/div><figure class=\"wp-block-media-text__media\"><img loading=\"lazy\" decoding=\"async\" width=\"594\" height=\"1024\" src=\"https:\/\/chasseurs5emeleger.fr\/wp-content\/uploads\/2022\/08\/20220824_184032-594x1024.jpg\" alt=\"\" class=\"wp-image-3526 size-full\" srcset=\"https:\/\/chasseurs5emeleger.fr\/wp-content\/uploads\/2022\/08\/20220824_184032-594x1024.jpg 594w, https:\/\/chasseurs5emeleger.fr\/wp-content\/uploads\/2022\/08\/20220824_184032-174x300.jpg 174w, https:\/\/chasseurs5emeleger.fr\/wp-content\/uploads\/2022\/08\/20220824_184032-768x1325.jpg 768w, https:\/\/chasseurs5emeleger.fr\/wp-content\/uploads\/2022\/08\/20220824_184032-890x1536.jpg 890w, https:\/\/chasseurs5emeleger.fr\/wp-content\/uploads\/2022\/08\/20220824_184032-1187x2048.jpg 1187w, https:\/\/chasseurs5emeleger.fr\/wp-content\/uploads\/2022\/08\/20220824_184032-scaled.jpg 1484w\" sizes=\"auto, (max-width: 594px) 100vw, 594px\" \/><\/figure><\/div>\n","protected":false},"excerpt":{"rendered":"<p>Membres Sapeur &#8220;La Fontaine&#8221; Tambour &#8220;La Rel\u00e8ve&#8221; Capitaine &#8220;La Parole&#8221; Adjudant Sous-Officier &#8220;La Blonde&#8221; Chasseur &#8220;La Poisse&#8221; Chasseur &#8220;La Gamelle&#8221; Chasseur &#8220;L&#8217;Hippocampe&#8221; Officier \u00e0 la retraite &#8220;La Respelido&#8221; Vivandi\u00e8re &#8220;L&#8217;Aiguille&#8221; Civil &#8220;Le Pap\u00e9&#8221; repr\u00e9sentant Marc-Antoine D\u00e9saugiers, chansonnier Fr\u00e9jusien<\/p>\n","protected":false},"author":2,"featured_media":0,"parent":0,"menu_order":0,"comment_status":"closed","ping_status":"closed","template":"","meta":{"footnotes":""},"class_list":["post-1985","page","type-page","status-publish","hentry"],"yoast_head":"<!-- This site is optimized with the Yoast SEO plugin v27.5 - https:\/\/yoast.com\/product\/yoast-seo-wordpress\/ -->\n<title>Membres &#8211; Chasseurs du 5\u00e8me R\u00e9giment d&#039;Infanterie L\u00e9g\u00e8re<\/title>\n<meta name=\"robots\" content=\"index, follow, max-snippet:-1, max-image-preview:large, max-video-preview:-1\" \/>\n<link rel=\"canonical\" href=\"https:\/\/chasseurs5emeleger.fr\/index.php\/membres\/\" \/>\n<meta property=\"og:locale\" content=\"fr_FR\" \/>\n<meta property=\"og:type\" content=\"article\" \/>\n<meta property=\"og:title\" content=\"Membres &#8211; Chasseurs du 5\u00e8me R\u00e9giment d&#039;Infanterie L\u00e9g\u00e8re\" \/>\n<meta property=\"og:description\" content=\"Membres Sapeur &#8220;La Fontaine&#8221; Tambour &#8220;La Rel\u00e8ve&#8221; Capitaine &#8220;La Parole&#8221; Adjudant Sous-Officier &#8220;La Blonde&#8221; Chasseur &#8220;La Poisse&#8221; Chasseur &#8220;La Gamelle&#8221; Chasseur &#8220;L&#8217;Hippocampe&#8221; Officier \u00e0 la retraite &#8220;La Respelido&#8221; Vivandi\u00e8re &#8220;L&#8217;Aiguille&#8221; Civil &#8220;Le Pap\u00e9&#8221; repr\u00e9sentant Marc-Antoine D\u00e9saugiers, chansonnier Fr\u00e9jusien\" \/>\n<meta property=\"og:url\" content=\"https:\/\/chasseurs5emeleger.fr\/index.php\/membres\/\" \/>\n<meta property=\"og:site_name\" content=\"Chasseurs du 5\u00e8me R\u00e9giment d&#039;Infanterie L\u00e9g\u00e8re\" \/>\n<meta property=\"article:publisher\" content=\"https:\/\/www.facebook.com\/chasseurs.5emeleger\/\" \/>\n<meta property=\"article:modified_time\" content=\"2025-09-06T10:16:03+00:00\" \/>\n<meta property=\"og:image\" content=\"https:\/\/chasseurs5emeleger.fr\/wp-content\/uploads\/2025\/02\/IMG-20241027-WA0012.jpg\" \/>\n\t<meta property=\"og:image:width\" content=\"1200\" \/>\n\t<meta property=\"og:image:height\" content=\"1600\" \/>\n\t<meta property=\"og:image:type\" content=\"image\/jpeg\" \/>\n<script type=\"application\/ld+json\" class=\"yoast-schema-graph\">{\"@context\":\"https:\\\/\\\/schema.org\",\"@graph\":[{\"@type\":\"WebPage\",\"@id\":\"https:\\\/\\\/chasseurs5emeleger.fr\\\/index.php\\\/membres\\\/\",\"url\":\"https:\\\/\\\/chasseurs5emeleger.fr\\\/index.php\\\/membres\\\/\",\"name\":\"Membres &#8211; Chasseurs du 5\u00e8me R\u00e9giment d&#039;Infanterie L\u00e9g\u00e8re\",\"isPartOf\":{\"@id\":\"https:\\\/\\\/chasseurs5emeleger.fr\\\/#website\"},\"primaryImageOfPage\":{\"@id\":\"https:\\\/\\\/chasseurs5emeleger.fr\\\/index.php\\\/membres\\\/#primaryimage\"},\"image\":{\"@id\":\"https:\\\/\\\/chasseurs5emeleger.fr\\\/index.php\\\/membres\\\/#primaryimage\"},\"thumbnailUrl\":\"https:\\\/\\\/chasseurs5emeleger.fr\\\/wp-content\\\/uploads\\\/2025\\\/02\\\/IMG-20241027-WA0012-768x1024.jpg\",\"datePublished\":\"2019-10-22T21:07:45+00:00\",\"dateModified\":\"2025-09-06T10:16:03+00:00\",\"breadcrumb\":{\"@id\":\"https:\\\/\\\/chasseurs5emeleger.fr\\\/index.php\\\/membres\\\/#breadcrumb\"},\"inLanguage\":\"fr-FR\",\"potentialAction\":[{\"@type\":\"ReadAction\",\"target\":[\"https:\\\/\\\/chasseurs5emeleger.fr\\\/index.php\\\/membres\\\/\"]}]},{\"@type\":\"ImageObject\",\"inLanguage\":\"fr-FR\",\"@id\":\"https:\\\/\\\/chasseurs5emeleger.fr\\\/index.php\\\/membres\\\/#primaryimage\",\"url\":\"https:\\\/\\\/chasseurs5emeleger.fr\\\/wp-content\\\/uploads\\\/2025\\\/02\\\/IMG-20241027-WA0012.jpg\",\"contentUrl\":\"https:\\\/\\\/chasseurs5emeleger.fr\\\/wp-content\\\/uploads\\\/2025\\\/02\\\/IMG-20241027-WA0012.jpg\",\"width\":1200,\"height\":1600},{\"@type\":\"BreadcrumbList\",\"@id\":\"https:\\\/\\\/chasseurs5emeleger.fr\\\/index.php\\\/membres\\\/#breadcrumb\",\"itemListElement\":[{\"@type\":\"ListItem\",\"position\":1,\"name\":\"Accueil\",\"item\":\"https:\\\/\\\/chasseurs5emeleger.fr\\\/\"},{\"@type\":\"ListItem\",\"position\":2,\"name\":\"Membres\"}]},{\"@type\":\"WebSite\",\"@id\":\"https:\\\/\\\/chasseurs5emeleger.fr\\\/#website\",\"url\":\"https:\\\/\\\/chasseurs5emeleger.fr\\\/\",\"name\":\"Chasseurs du 5\u00e8me R\u00e9giment d&#039;Infanterie L\u00e9g\u00e8re\",\"description\":\"\",\"publisher\":{\"@id\":\"https:\\\/\\\/chasseurs5emeleger.fr\\\/#organization\"},\"potentialAction\":[{\"@type\":\"SearchAction\",\"target\":{\"@type\":\"EntryPoint\",\"urlTemplate\":\"https:\\\/\\\/chasseurs5emeleger.fr\\\/?s={search_term_string}\"},\"query-input\":{\"@type\":\"PropertyValueSpecification\",\"valueRequired\":true,\"valueName\":\"search_term_string\"}}],\"inLanguage\":\"fr-FR\"},{\"@type\":\"Organization\",\"@id\":\"https:\\\/\\\/chasseurs5emeleger.fr\\\/#organization\",\"name\":\"Chasseurs du 5\u00e8me R\u00e9giment d'infanterie l\u00e9g\u00e8re\",\"url\":\"https:\\\/\\\/chasseurs5emeleger.fr\\\/\",\"logo\":{\"@type\":\"ImageObject\",\"inLanguage\":\"fr-FR\",\"@id\":\"https:\\\/\\\/chasseurs5emeleger.fr\\\/#\\\/schema\\\/logo\\\/image\\\/\",\"url\":\"https:\\\/\\\/chasseurs5emeleger.fr\\\/wp-content\\\/uploads\\\/2022\\\/04\\\/Logo-detoure-scaled.jpg\",\"contentUrl\":\"https:\\\/\\\/chasseurs5emeleger.fr\\\/wp-content\\\/uploads\\\/2022\\\/04\\\/Logo-detoure-scaled.jpg\",\"width\":2438,\"height\":2560,\"caption\":\"Chasseurs du 5\u00e8me R\u00e9giment d'infanterie l\u00e9g\u00e8re\"},\"image\":{\"@id\":\"https:\\\/\\\/chasseurs5emeleger.fr\\\/#\\\/schema\\\/logo\\\/image\\\/\"},\"sameAs\":[\"https:\\\/\\\/www.facebook.com\\\/chasseurs.5emeleger\\\/\"]}]}<\/script>\n<!-- \/ Yoast SEO plugin. -->","yoast_head_json":{"title":"Membres &#8211; Chasseurs du 5\u00e8me R\u00e9giment d&#039;Infanterie L\u00e9g\u00e8re","robots":{"index":"index","follow":"follow","max-snippet":"max-snippet:-1","max-image-preview":"max-image-preview:large","max-video-preview":"max-video-preview:-1"},"canonical":"https:\/\/chasseurs5emeleger.fr\/index.php\/membres\/","og_locale":"fr_FR","og_type":"article","og_title":"Membres &#8211; Chasseurs du 5\u00e8me R\u00e9giment d&#039;Infanterie L\u00e9g\u00e8re","og_description":"Membres Sapeur &#8220;La Fontaine&#8221; Tambour &#8220;La Rel\u00e8ve&#8221; Capitaine &#8220;La Parole&#8221; Adjudant Sous-Officier &#8220;La Blonde&#8221; Chasseur &#8220;La Poisse&#8221; Chasseur &#8220;La Gamelle&#8221; Chasseur &#8220;L&#8217;Hippocampe&#8221; Officier \u00e0 la retraite &#8220;La Respelido&#8221; Vivandi\u00e8re &#8220;L&#8217;Aiguille&#8221; Civil &#8220;Le Pap\u00e9&#8221; repr\u00e9sentant Marc-Antoine D\u00e9saugiers, chansonnier Fr\u00e9jusien","og_url":"https:\/\/chasseurs5emeleger.fr\/index.php\/membres\/","og_site_name":"Chasseurs du 5\u00e8me R\u00e9giment d&#039;Infanterie L\u00e9g\u00e8re","article_publisher":"https:\/\/www.facebook.com\/chasseurs.5emeleger\/","article_modified_time":"2025-09-06T10:16:03+00:00","og_image":[{"width":1200,"height":1600,"url":"https:\/\/chasseurs5emeleger.fr\/wp-content\/uploads\/2025\/02\/IMG-20241027-WA0012.jpg","type":"image\/jpeg"}],"schema":{"@context":"https:\/\/schema.org","@graph":[{"@type":"WebPage","@id":"https:\/\/chasseurs5emeleger.fr\/index.php\/membres\/","url":"https:\/\/chasseurs5emeleger.fr\/index.php\/membres\/","name":"Membres &#8211; Chasseurs du 5\u00e8me R\u00e9giment d&#039;Infanterie L\u00e9g\u00e8re","isPartOf":{"@id":"https:\/\/chasseurs5emeleger.fr\/#website"},"primaryImageOfPage":{"@id":"https:\/\/chasseurs5emeleger.fr\/index.php\/membres\/#primaryimage"},"image":{"@id":"https:\/\/chasseurs5emeleger.fr\/index.php\/membres\/#primaryimage"},"thumbnailUrl":"https:\/\/chasseurs5emeleger.fr\/wp-content\/uploads\/2025\/02\/IMG-20241027-WA0012-768x1024.jpg","datePublished":"2019-10-22T21:07:45+00:00","dateModified":"2025-09-06T10:16:03+00:00","breadcrumb":{"@id":"https:\/\/chasseurs5emeleger.fr\/index.php\/membres\/#breadcrumb"},"inLanguage":"fr-FR","potentialAction":[{"@type":"ReadAction","target":["https:\/\/chasseurs5emeleger.fr\/index.php\/membres\/"]}]},{"@type":"ImageObject","inLanguage":"fr-FR","@id":"https:\/\/chasseurs5emeleger.fr\/index.php\/membres\/#primaryimage","url":"https:\/\/chasseurs5emeleger.fr\/wp-content\/uploads\/2025\/02\/IMG-20241027-WA0012.jpg","contentUrl":"https:\/\/chasseurs5emeleger.fr\/wp-content\/uploads\/2025\/02\/IMG-20241027-WA0012.jpg","width":1200,"height":1600},{"@type":"BreadcrumbList","@id":"https:\/\/chasseurs5emeleger.fr\/index.php\/membres\/#breadcrumb","itemListElement":[{"@type":"ListItem","position":1,"name":"Accueil","item":"https:\/\/chasseurs5emeleger.fr\/"},{"@type":"ListItem","position":2,"name":"Membres"}]},{"@type":"WebSite","@id":"https:\/\/chasseurs5emeleger.fr\/#website","url":"https:\/\/chasseurs5emeleger.fr\/","name":"Chasseurs du 5\u00e8me R\u00e9giment d&#039;Infanterie L\u00e9g\u00e8re","description":"","publisher":{"@id":"https:\/\/chasseurs5emeleger.fr\/#organization"},"potentialAction":[{"@type":"SearchAction","target":{"@type":"EntryPoint","urlTemplate":"https:\/\/chasseurs5emeleger.fr\/?s={search_term_string}"},"query-input":{"@type":"PropertyValueSpecification","valueRequired":true,"valueName":"search_term_string"}}],"inLanguage":"fr-FR"},{"@type":"Organization","@id":"https:\/\/chasseurs5emeleger.fr\/#organization","name":"Chasseurs du 5\u00e8me R\u00e9giment d'infanterie l\u00e9g\u00e8re","url":"https:\/\/chasseurs5emeleger.fr\/","logo":{"@type":"ImageObject","inLanguage":"fr-FR","@id":"https:\/\/chasseurs5emeleger.fr\/#\/schema\/logo\/image\/","url":"https:\/\/chasseurs5emeleger.fr\/wp-content\/uploads\/2022\/04\/Logo-detoure-scaled.jpg","contentUrl":"https:\/\/chasseurs5emeleger.fr\/wp-content\/uploads\/2022\/04\/Logo-detoure-scaled.jpg","width":2438,"height":2560,"caption":"Chasseurs du 5\u00e8me R\u00e9giment d'infanterie l\u00e9g\u00e8re"},"image":{"@id":"https:\/\/chasseurs5emeleger.fr\/#\/schema\/logo\/image\/"},"sameAs":["https:\/\/www.facebook.com\/chasseurs.5emeleger\/"]}]}},"_links":{"self":[{"href":"https:\/\/chasseurs5emeleger.fr\/index.php\/wp-json\/wp\/v2\/pages\/1985","targetHints":{"allow":["GET"]}}],"collection":[{"href":"https:\/\/chasseurs5emeleger.fr\/index.php\/wp-json\/wp\/v2\/pages"}],"about":[{"href":"https:\/\/chasseurs5emeleger.fr\/index.php\/wp-json\/wp\/v2\/types\/page"}],"author":[{"embeddable":true,"href":"https:\/\/chasseurs5emeleger.fr\/index.php\/wp-json\/wp\/v2\/users\/2"}],"replies":[{"embeddable":true,"href":"https:\/\/chasseurs5emeleger.fr\/index.php\/wp-json\/wp\/v2\/comments?post=1985"}],"version-history":[{"count":26,"href":"https:\/\/chasseurs5emeleger.fr\/index.php\/wp-json\/wp\/v2\/pages\/1985\/revisions"}],"predecessor-version":[{"id":5847,"href":"https:\/\/chasseurs5emeleger.fr\/index.php\/wp-json\/wp\/v2\/pages\/1985\/revisions\/5847"}],"wp:attachment":[{"href":"https:\/\/chasseurs5emeleger.fr\/index.php\/wp-json\/wp\/v2\/media?parent=1985"}],"curies":[{"name":"wp","href":"https:\/\/api.w.org\/{rel}","templated":true}]}}