{"id":2454,"date":"2021-05-04T14:28:40","date_gmt":"2021-05-04T12:28:40","guid":{"rendered":"https:\/\/chasseurs5emeleger.fr\/?page_id=2454"},"modified":"2025-02-02T00:09:38","modified_gmt":"2025-02-01T23:09:38","slug":"frejus","status":"publish","type":"page","link":"https:\/\/chasseurs5emeleger.fr\/index.php\/frejus\/","title":{"rendered":"Fr\u00e9jus"},"content":{"rendered":"\n<p class=\"has-text-align-center has-text-color has-huge-font-size\" style=\"color:#000794\">Fr\u00e9jus &#8211; Sur les traces de Napol\u00e9on<\/p>\n\n\n\n<p class=\"has-text-color\" style=\"color:#000794\">          Forte de 2000 ans d&#8217;histoire, la ville de Fr\u00e9jus est porteuse de nombreuses traces du passage de Napol\u00e9on Bonaparte dans la cit\u00e9. Mais aussi de personnages c\u00e9l\u00e8bres l&#8217;ayant entour\u00e9s, tel le Pape Pie VII ou l&#8217;Abb\u00e9 Emmanuel-Joseph Si\u00e9y\u00e8s, n\u00e9 \u00e0 Fr\u00e9jus le 3 Mai 1748.<\/p>\n\n\n<div class=\"wp-block-image\">\n<figure class=\"aligncenter size-large is-resized\"><img loading=\"lazy\" decoding=\"async\" width=\"964\" height=\"1024\" src=\"https:\/\/chasseurs5emeleger.fr\/wp-content\/uploads\/2021\/05\/Logo-Frejus-964x1024.png\" alt=\"\" class=\"wp-image-2460\" style=\"width:218px;height:231px\" srcset=\"https:\/\/chasseurs5emeleger.fr\/wp-content\/uploads\/2021\/05\/Logo-Frejus-964x1024.png 964w, https:\/\/chasseurs5emeleger.fr\/wp-content\/uploads\/2021\/05\/Logo-Frejus-282x300.png 282w, https:\/\/chasseurs5emeleger.fr\/wp-content\/uploads\/2021\/05\/Logo-Frejus-768x816.png 768w, https:\/\/chasseurs5emeleger.fr\/wp-content\/uploads\/2021\/05\/Logo-Frejus.png 1058w\" sizes=\"auto, (max-width: 964px) 100vw, 964px\" \/><\/figure>\n<\/div>\n\n\n<p class=\"has-text-align-center has-text-color has-small-font-size\" style=\"color:#000794\">Blason de la ville de Fr\u00e9jus de 1809 \u00e0 1814<\/p>\n\n\n\n<p class=\"has-text-color\" style=\"color:#000794\">          La ville de Fr\u00e9jus a obtenu la marque &#8220;Ville Imp\u00e9riale&#8221; le 24 Septembre 2021.<\/p>\n\n\n<div class=\"wp-block-image\">\n<figure class=\"aligncenter size-thumbnail\"><a href=\"https:\/\/www.ville-imperiale.com\/napoleon\/frejus\/\"><img loading=\"lazy\" decoding=\"async\" width=\"150\" height=\"150\" src=\"https:\/\/chasseurs5emeleger.fr\/wp-content\/uploads\/2022\/10\/201301_21_ville_imperiale-150x150.jpg\" alt=\"\" class=\"wp-image-3780\"\/><\/a><\/figure>\n<\/div>\n\n\n<p class=\"has-text-color\" style=\"color:#000794\">          A l&#8217;occasion d&#8217;un s\u00e9jour dans notre belle ville, vous pourrez d\u00e9couvrir ce patrimoine Napol\u00e9onien, \u00e0 travers le circuit propos\u00e9 ci-dessous ou lors d&#8217;une visite guid\u00e9e.<\/p>\n\n\n\n<figure class=\"wp-block-image size-large\"><img loading=\"lazy\" decoding=\"async\" width=\"1024\" height=\"732\" src=\"https:\/\/chasseurs5emeleger.fr\/wp-content\/uploads\/2021\/05\/img7-1024x732.jpg\" alt=\"\" class=\"wp-image-2461\" srcset=\"https:\/\/chasseurs5emeleger.fr\/wp-content\/uploads\/2021\/05\/img7-1024x732.jpg 1024w, https:\/\/chasseurs5emeleger.fr\/wp-content\/uploads\/2021\/05\/img7-300x214.jpg 300w, https:\/\/chasseurs5emeleger.fr\/wp-content\/uploads\/2021\/05\/img7-768x549.jpg 768w, https:\/\/chasseurs5emeleger.fr\/wp-content\/uploads\/2021\/05\/img7.jpg 1396w\" sizes=\"auto, (max-width: 1024px) 100vw, 1024px\" \/><\/figure>\n\n\n\n<figure class=\"wp-block-image size-large\"><img loading=\"lazy\" decoding=\"async\" width=\"1024\" height=\"731\" src=\"https:\/\/chasseurs5emeleger.fr\/wp-content\/uploads\/2021\/05\/img4-1024x731.jpg\" alt=\"\" class=\"wp-image-2462\" srcset=\"https:\/\/chasseurs5emeleger.fr\/wp-content\/uploads\/2021\/05\/img4-1024x731.jpg 1024w, https:\/\/chasseurs5emeleger.fr\/wp-content\/uploads\/2021\/05\/img4-300x214.jpg 300w, https:\/\/chasseurs5emeleger.fr\/wp-content\/uploads\/2021\/05\/img4-768x548.jpg 768w, https:\/\/chasseurs5emeleger.fr\/wp-content\/uploads\/2021\/05\/img4.jpg 1398w\" sizes=\"auto, (max-width: 1024px) 100vw, 1024px\" \/><\/figure>\n\n\n\n<p><\/p>\n\n\n\n<p class=\"has-text-color\" style=\"color:#000794\"><\/p>\n\n\n\n<div class=\"wp-block-columns are-vertically-aligned-center is-layout-flex wp-container-core-columns-is-layout-9d6595d7 wp-block-columns-is-layout-flex\">\n<div class=\"wp-block-column is-layout-flow wp-block-column-is-layout-flow\"><div class=\"wp-block-image\">\n<figure class=\"aligncenter size-large is-resized\"><a href=\"https:\/\/www.ville-frejus.fr\/\" target=\"_blank\" rel=\"noopener\"><img loading=\"lazy\" decoding=\"async\" width=\"500\" height=\"281\" src=\"https:\/\/chasseurs5emeleger.fr\/wp-content\/uploads\/2021\/05\/logo-amslf-partenaires-ville-de-frejus-3.jpg\" alt=\"\" class=\"wp-image-2472\" style=\"width:125px;height:70px\" srcset=\"https:\/\/chasseurs5emeleger.fr\/wp-content\/uploads\/2021\/05\/logo-amslf-partenaires-ville-de-frejus-3.jpg 500w, https:\/\/chasseurs5emeleger.fr\/wp-content\/uploads\/2021\/05\/logo-amslf-partenaires-ville-de-frejus-3-300x169.jpg 300w\" sizes=\"auto, (max-width: 500px) 100vw, 500px\" \/><\/a><\/figure>\n<\/div><\/div>\n\n\n\n<div class=\"wp-block-column is-layout-flow wp-block-column-is-layout-flow\"><div class=\"wp-block-image\">\n<figure class=\"aligncenter size-large is-resized\"><a href=\"https:\/\/frejus-tourist-office.com\/\" target=\"_blank\" rel=\"noopener\"><img loading=\"lazy\" decoding=\"async\" width=\"225\" height=\"300\" src=\"https:\/\/chasseurs5emeleger.fr\/wp-content\/uploads\/2021\/05\/frejus_coeur_d_azur_categorie_1_cmjn-225x300-7.png\" alt=\"\" class=\"wp-image-2473\" style=\"width:113px;height:150px\"\/><\/a><\/figure>\n<\/div><\/div>\n<\/div>\n","protected":false},"excerpt":{"rendered":"<p>Fr\u00e9jus &#8211; Sur les traces de Napol\u00e9on Forte de 2000 ans d&#8217;histoire, la ville de Fr\u00e9jus est porteuse de nombreuses traces du passage de Napol\u00e9on Bonaparte dans la cit\u00e9. Mais aussi de personnages c\u00e9l\u00e8bres l&#8217;ayant entour\u00e9s, tel le Pape Pie VII ou l&#8217;Abb\u00e9 Emmanuel-Joseph Si\u00e9y\u00e8s, n\u00e9 \u00e0 Fr\u00e9jus le 3 Mai 1748. Blason de la &hellip; <a href=\"https:\/\/chasseurs5emeleger.fr\/index.php\/frejus\/\" class=\"more-link\">Continuer la lecture de <span class=\"screen-reader-text\">Fr\u00e9jus<\/span><\/a><\/p>\n","protected":false},"author":2,"featured_media":0,"parent":0,"menu_order":0,"comment_status":"closed","ping_status":"closed","template":"","meta":{"footnotes":""},"class_list":["post-2454","page","type-page","status-publish","hentry"],"yoast_head":"<!-- This site is optimized with the Yoast SEO plugin v27.5 - https:\/\/yoast.com\/product\/yoast-seo-wordpress\/ -->\n<title>Fr\u00e9jus &#8211; Chasseurs du 5\u00e8me R\u00e9giment d&#039;Infanterie L\u00e9g\u00e8re<\/title>\n<meta name=\"robots\" content=\"index, follow, max-snippet:-1, max-image-preview:large, max-video-preview:-1\" \/>\n<link rel=\"canonical\" href=\"https:\/\/chasseurs5emeleger.fr\/index.php\/frejus\/\" \/>\n<meta property=\"og:locale\" content=\"fr_FR\" \/>\n<meta property=\"og:type\" content=\"article\" \/>\n<meta property=\"og:title\" content=\"Fr\u00e9jus &#8211; Chasseurs du 5\u00e8me R\u00e9giment d&#039;Infanterie L\u00e9g\u00e8re\" \/>\n<meta property=\"og:description\" content=\"Fr\u00e9jus &#8211; Sur les traces de Napol\u00e9on Forte de 2000 ans d&#8217;histoire, la ville de Fr\u00e9jus est porteuse de nombreuses traces du passage de Napol\u00e9on Bonaparte dans la cit\u00e9. Mais aussi de personnages c\u00e9l\u00e8bres l&#8217;ayant entour\u00e9s, tel le Pape Pie VII ou l&#8217;Abb\u00e9 Emmanuel-Joseph Si\u00e9y\u00e8s, n\u00e9 \u00e0 Fr\u00e9jus le 3 Mai 1748. Blason de la &hellip; Continuer la lecture de Fr\u00e9jus\" \/>\n<meta property=\"og:url\" content=\"https:\/\/chasseurs5emeleger.fr\/index.php\/frejus\/\" \/>\n<meta property=\"og:site_name\" content=\"Chasseurs du 5\u00e8me R\u00e9giment d&#039;Infanterie L\u00e9g\u00e8re\" \/>\n<meta property=\"article:publisher\" content=\"https:\/\/www.facebook.com\/chasseurs.5emeleger\/\" \/>\n<meta property=\"article:modified_time\" content=\"2025-02-01T23:09:38+00:00\" \/>\n<meta property=\"og:image\" content=\"https:\/\/chasseurs5emeleger.fr\/wp-content\/uploads\/2021\/05\/Logo-Frejus.png\" \/>\n\t<meta property=\"og:image:width\" content=\"1058\" \/>\n\t<meta property=\"og:image:height\" content=\"1124\" \/>\n\t<meta property=\"og:image:type\" content=\"image\/png\" \/>\n<meta name=\"twitter:label1\" content=\"Dur\u00e9e de lecture estim\u00e9e\" \/>\n\t<meta name=\"twitter:data1\" content=\"1 minute\" \/>\n<script type=\"application\/ld+json\" class=\"yoast-schema-graph\">{\"@context\":\"https:\\\/\\\/schema.org\",\"@graph\":[{\"@type\":\"WebPage\",\"@id\":\"https:\\\/\\\/chasseurs5emeleger.fr\\\/index.php\\\/frejus\\\/\",\"url\":\"https:\\\/\\\/chasseurs5emeleger.fr\\\/index.php\\\/frejus\\\/\",\"name\":\"Fr\u00e9jus &#8211; Chasseurs du 5\u00e8me R\u00e9giment d&#039;Infanterie L\u00e9g\u00e8re\",\"isPartOf\":{\"@id\":\"https:\\\/\\\/chasseurs5emeleger.fr\\\/#website\"},\"primaryImageOfPage\":{\"@id\":\"https:\\\/\\\/chasseurs5emeleger.fr\\\/index.php\\\/frejus\\\/#primaryimage\"},\"image\":{\"@id\":\"https:\\\/\\\/chasseurs5emeleger.fr\\\/index.php\\\/frejus\\\/#primaryimage\"},\"thumbnailUrl\":\"https:\\\/\\\/chasseurs5emeleger.fr\\\/wp-content\\\/uploads\\\/2021\\\/05\\\/Logo-Frejus-964x1024.png\",\"datePublished\":\"2021-05-04T12:28:40+00:00\",\"dateModified\":\"2025-02-01T23:09:38+00:00\",\"breadcrumb\":{\"@id\":\"https:\\\/\\\/chasseurs5emeleger.fr\\\/index.php\\\/frejus\\\/#breadcrumb\"},\"inLanguage\":\"fr-FR\",\"potentialAction\":[{\"@type\":\"ReadAction\",\"target\":[\"https:\\\/\\\/chasseurs5emeleger.fr\\\/index.php\\\/frejus\\\/\"]}]},{\"@type\":\"ImageObject\",\"inLanguage\":\"fr-FR\",\"@id\":\"https:\\\/\\\/chasseurs5emeleger.fr\\\/index.php\\\/frejus\\\/#primaryimage\",\"url\":\"https:\\\/\\\/chasseurs5emeleger.fr\\\/wp-content\\\/uploads\\\/2021\\\/05\\\/Logo-Frejus.png\",\"contentUrl\":\"https:\\\/\\\/chasseurs5emeleger.fr\\\/wp-content\\\/uploads\\\/2021\\\/05\\\/Logo-Frejus.png\",\"width\":1058,\"height\":1124},{\"@type\":\"BreadcrumbList\",\"@id\":\"https:\\\/\\\/chasseurs5emeleger.fr\\\/index.php\\\/frejus\\\/#breadcrumb\",\"itemListElement\":[{\"@type\":\"ListItem\",\"position\":1,\"name\":\"Accueil\",\"item\":\"https:\\\/\\\/chasseurs5emeleger.fr\\\/\"},{\"@type\":\"ListItem\",\"position\":2,\"name\":\"Fr\u00e9jus\"}]},{\"@type\":\"WebSite\",\"@id\":\"https:\\\/\\\/chasseurs5emeleger.fr\\\/#website\",\"url\":\"https:\\\/\\\/chasseurs5emeleger.fr\\\/\",\"name\":\"Chasseurs du 5\u00e8me R\u00e9giment d&#039;Infanterie L\u00e9g\u00e8re\",\"description\":\"\",\"publisher\":{\"@id\":\"https:\\\/\\\/chasseurs5emeleger.fr\\\/#organization\"},\"potentialAction\":[{\"@type\":\"SearchAction\",\"target\":{\"@type\":\"EntryPoint\",\"urlTemplate\":\"https:\\\/\\\/chasseurs5emeleger.fr\\\/?s={search_term_string}\"},\"query-input\":{\"@type\":\"PropertyValueSpecification\",\"valueRequired\":true,\"valueName\":\"search_term_string\"}}],\"inLanguage\":\"fr-FR\"},{\"@type\":\"Organization\",\"@id\":\"https:\\\/\\\/chasseurs5emeleger.fr\\\/#organization\",\"name\":\"Chasseurs du 5\u00e8me R\u00e9giment d'infanterie l\u00e9g\u00e8re\",\"url\":\"https:\\\/\\\/chasseurs5emeleger.fr\\\/\",\"logo\":{\"@type\":\"ImageObject\",\"inLanguage\":\"fr-FR\",\"@id\":\"https:\\\/\\\/chasseurs5emeleger.fr\\\/#\\\/schema\\\/logo\\\/image\\\/\",\"url\":\"https:\\\/\\\/chasseurs5emeleger.fr\\\/wp-content\\\/uploads\\\/2022\\\/04\\\/Logo-detoure-scaled.jpg\",\"contentUrl\":\"https:\\\/\\\/chasseurs5emeleger.fr\\\/wp-content\\\/uploads\\\/2022\\\/04\\\/Logo-detoure-scaled.jpg\",\"width\":2438,\"height\":2560,\"caption\":\"Chasseurs du 5\u00e8me R\u00e9giment d'infanterie l\u00e9g\u00e8re\"},\"image\":{\"@id\":\"https:\\\/\\\/chasseurs5emeleger.fr\\\/#\\\/schema\\\/logo\\\/image\\\/\"},\"sameAs\":[\"https:\\\/\\\/www.facebook.com\\\/chasseurs.5emeleger\\\/\"]}]}<\/script>\n<!-- \/ Yoast SEO plugin. -->","yoast_head_json":{"title":"Fr\u00e9jus &#8211; Chasseurs du 5\u00e8me R\u00e9giment d&#039;Infanterie L\u00e9g\u00e8re","robots":{"index":"index","follow":"follow","max-snippet":"max-snippet:-1","max-image-preview":"max-image-preview:large","max-video-preview":"max-video-preview:-1"},"canonical":"https:\/\/chasseurs5emeleger.fr\/index.php\/frejus\/","og_locale":"fr_FR","og_type":"article","og_title":"Fr\u00e9jus &#8211; Chasseurs du 5\u00e8me R\u00e9giment d&#039;Infanterie L\u00e9g\u00e8re","og_description":"Fr\u00e9jus &#8211; Sur les traces de Napol\u00e9on Forte de 2000 ans d&#8217;histoire, la ville de Fr\u00e9jus est porteuse de nombreuses traces du passage de Napol\u00e9on Bonaparte dans la cit\u00e9. Mais aussi de personnages c\u00e9l\u00e8bres l&#8217;ayant entour\u00e9s, tel le Pape Pie VII ou l&#8217;Abb\u00e9 Emmanuel-Joseph Si\u00e9y\u00e8s, n\u00e9 \u00e0 Fr\u00e9jus le 3 Mai 1748. Blason de la &hellip; Continuer la lecture de Fr\u00e9jus","og_url":"https:\/\/chasseurs5emeleger.fr\/index.php\/frejus\/","og_site_name":"Chasseurs du 5\u00e8me R\u00e9giment d&#039;Infanterie L\u00e9g\u00e8re","article_publisher":"https:\/\/www.facebook.com\/chasseurs.5emeleger\/","article_modified_time":"2025-02-01T23:09:38+00:00","og_image":[{"width":1058,"height":1124,"url":"https:\/\/chasseurs5emeleger.fr\/wp-content\/uploads\/2021\/05\/Logo-Frejus.png","type":"image\/png"}],"twitter_misc":{"Dur\u00e9e de lecture estim\u00e9e":"1 minute"},"schema":{"@context":"https:\/\/schema.org","@graph":[{"@type":"WebPage","@id":"https:\/\/chasseurs5emeleger.fr\/index.php\/frejus\/","url":"https:\/\/chasseurs5emeleger.fr\/index.php\/frejus\/","name":"Fr\u00e9jus &#8211; Chasseurs du 5\u00e8me R\u00e9giment d&#039;Infanterie L\u00e9g\u00e8re","isPartOf":{"@id":"https:\/\/chasseurs5emeleger.fr\/#website"},"primaryImageOfPage":{"@id":"https:\/\/chasseurs5emeleger.fr\/index.php\/frejus\/#primaryimage"},"image":{"@id":"https:\/\/chasseurs5emeleger.fr\/index.php\/frejus\/#primaryimage"},"thumbnailUrl":"https:\/\/chasseurs5emeleger.fr\/wp-content\/uploads\/2021\/05\/Logo-Frejus-964x1024.png","datePublished":"2021-05-04T12:28:40+00:00","dateModified":"2025-02-01T23:09:38+00:00","breadcrumb":{"@id":"https:\/\/chasseurs5emeleger.fr\/index.php\/frejus\/#breadcrumb"},"inLanguage":"fr-FR","potentialAction":[{"@type":"ReadAction","target":["https:\/\/chasseurs5emeleger.fr\/index.php\/frejus\/"]}]},{"@type":"ImageObject","inLanguage":"fr-FR","@id":"https:\/\/chasseurs5emeleger.fr\/index.php\/frejus\/#primaryimage","url":"https:\/\/chasseurs5emeleger.fr\/wp-content\/uploads\/2021\/05\/Logo-Frejus.png","contentUrl":"https:\/\/chasseurs5emeleger.fr\/wp-content\/uploads\/2021\/05\/Logo-Frejus.png","width":1058,"height":1124},{"@type":"BreadcrumbList","@id":"https:\/\/chasseurs5emeleger.fr\/index.php\/frejus\/#breadcrumb","itemListElement":[{"@type":"ListItem","position":1,"name":"Accueil","item":"https:\/\/chasseurs5emeleger.fr\/"},{"@type":"ListItem","position":2,"name":"Fr\u00e9jus"}]},{"@type":"WebSite","@id":"https:\/\/chasseurs5emeleger.fr\/#website","url":"https:\/\/chasseurs5emeleger.fr\/","name":"Chasseurs du 5\u00e8me R\u00e9giment d&#039;Infanterie L\u00e9g\u00e8re","description":"","publisher":{"@id":"https:\/\/chasseurs5emeleger.fr\/#organization"},"potentialAction":[{"@type":"SearchAction","target":{"@type":"EntryPoint","urlTemplate":"https:\/\/chasseurs5emeleger.fr\/?s={search_term_string}"},"query-input":{"@type":"PropertyValueSpecification","valueRequired":true,"valueName":"search_term_string"}}],"inLanguage":"fr-FR"},{"@type":"Organization","@id":"https:\/\/chasseurs5emeleger.fr\/#organization","name":"Chasseurs du 5\u00e8me R\u00e9giment d'infanterie l\u00e9g\u00e8re","url":"https:\/\/chasseurs5emeleger.fr\/","logo":{"@type":"ImageObject","inLanguage":"fr-FR","@id":"https:\/\/chasseurs5emeleger.fr\/#\/schema\/logo\/image\/","url":"https:\/\/chasseurs5emeleger.fr\/wp-content\/uploads\/2022\/04\/Logo-detoure-scaled.jpg","contentUrl":"https:\/\/chasseurs5emeleger.fr\/wp-content\/uploads\/2022\/04\/Logo-detoure-scaled.jpg","width":2438,"height":2560,"caption":"Chasseurs du 5\u00e8me R\u00e9giment d'infanterie l\u00e9g\u00e8re"},"image":{"@id":"https:\/\/chasseurs5emeleger.fr\/#\/schema\/logo\/image\/"},"sameAs":["https:\/\/www.facebook.com\/chasseurs.5emeleger\/"]}]}},"_links":{"self":[{"href":"https:\/\/chasseurs5emeleger.fr\/index.php\/wp-json\/wp\/v2\/pages\/2454","targetHints":{"allow":["GET"]}}],"collection":[{"href":"https:\/\/chasseurs5emeleger.fr\/index.php\/wp-json\/wp\/v2\/pages"}],"about":[{"href":"https:\/\/chasseurs5emeleger.fr\/index.php\/wp-json\/wp\/v2\/types\/page"}],"author":[{"embeddable":true,"href":"https:\/\/chasseurs5emeleger.fr\/index.php\/wp-json\/wp\/v2\/users\/2"}],"replies":[{"embeddable":true,"href":"https:\/\/chasseurs5emeleger.fr\/index.php\/wp-json\/wp\/v2\/comments?post=2454"}],"version-history":[{"count":12,"href":"https:\/\/chasseurs5emeleger.fr\/index.php\/wp-json\/wp\/v2\/pages\/2454\/revisions"}],"predecessor-version":[{"id":5707,"href":"https:\/\/chasseurs5emeleger.fr\/index.php\/wp-json\/wp\/v2\/pages\/2454\/revisions\/5707"}],"wp:attachment":[{"href":"https:\/\/chasseurs5emeleger.fr\/index.php\/wp-json\/wp\/v2\/media?parent=2454"}],"curies":[{"name":"wp","href":"https:\/\/api.w.org\/{rel}","templated":true}]}}