{"id":2496,"date":"2021-08-01T14:50:58","date_gmt":"2021-08-01T12:50:58","guid":{"rendered":"https:\/\/chasseurs5emeleger.fr\/?page_id=2496"},"modified":"2025-02-01T23:58:54","modified_gmt":"2025-02-01T22:58:54","slug":"visites-guidees","status":"publish","type":"page","link":"https:\/\/chasseurs5emeleger.fr\/index.php\/photos\/visites-guidees\/","title":{"rendered":"Fr\u00e9jus &#8211; Visites guid\u00e9es 2021"},"content":{"rendered":"\n<p class=\"has-text-align-center has-text-color has-large-font-size\" style=\"color:#000794\">Fr\u00e9jus (83) &#8211; Visites Guid\u00e9es <\/p>\n\n\n\n<p class=\"has-text-align-center has-text-color has-large-font-size\" style=\"color:#000794\">&#8220;Sur les traces de Napol\u00e9on&#8221;<\/p>\n\n\n\n<p class=\"has-text-align-center has-text-color has-medium-font-size\" style=\"color:#000794\">Les 5, 12, 19, 26 Juillet et 2, 9, 16, 23, 31 Ao\u00fbt<\/p>\n\n\n\n<figure class=\"wp-block-gallery has-nested-images columns-2 wp-block-gallery-1 is-layout-flex wp-block-gallery-is-layout-flex\">\n<figure class=\"wp-block-image size-large\"><img loading=\"lazy\" decoding=\"async\" width=\"720\" height=\"960\" data-id=\"2499\" src=\"https:\/\/chasseurs5emeleger.fr\/wp-content\/uploads\/2021\/08\/received_322507569586678.jpeg\" alt=\"\" class=\"wp-image-2499\" srcset=\"https:\/\/chasseurs5emeleger.fr\/wp-content\/uploads\/2021\/08\/received_322507569586678.jpeg 720w, https:\/\/chasseurs5emeleger.fr\/wp-content\/uploads\/2021\/08\/received_322507569586678-225x300.jpeg 225w\" sizes=\"auto, (max-width: 720px) 100vw, 720px\" \/><\/figure>\n\n\n\n<figure class=\"wp-block-image size-large\"><img loading=\"lazy\" decoding=\"async\" width=\"720\" height=\"960\" data-id=\"2501\" src=\"https:\/\/chasseurs5emeleger.fr\/wp-content\/uploads\/2021\/08\/received_498827407853877.jpeg\" alt=\"\" class=\"wp-image-2501\" srcset=\"https:\/\/chasseurs5emeleger.fr\/wp-content\/uploads\/2021\/08\/received_498827407853877.jpeg 720w, https:\/\/chasseurs5emeleger.fr\/wp-content\/uploads\/2021\/08\/received_498827407853877-225x300.jpeg 225w\" sizes=\"auto, (max-width: 720px) 100vw, 720px\" \/><\/figure>\n\n\n\n<figure class=\"wp-block-image size-large\"><img loading=\"lazy\" decoding=\"async\" width=\"960\" height=\"720\" data-id=\"2502\" src=\"https:\/\/chasseurs5emeleger.fr\/wp-content\/uploads\/2021\/08\/received_515358299682445.jpeg\" alt=\"\" class=\"wp-image-2502\" srcset=\"https:\/\/chasseurs5emeleger.fr\/wp-content\/uploads\/2021\/08\/received_515358299682445.jpeg 960w, https:\/\/chasseurs5emeleger.fr\/wp-content\/uploads\/2021\/08\/received_515358299682445-300x225.jpeg 300w, https:\/\/chasseurs5emeleger.fr\/wp-content\/uploads\/2021\/08\/received_515358299682445-768x576.jpeg 768w\" sizes=\"auto, (max-width: 960px) 100vw, 960px\" \/><\/figure>\n\n\n\n<figure class=\"wp-block-image size-large\"><img loading=\"lazy\" decoding=\"async\" width=\"960\" height=\"720\" data-id=\"2503\" src=\"https:\/\/chasseurs5emeleger.fr\/wp-content\/uploads\/2021\/08\/received_579227639908714.jpeg\" alt=\"\" class=\"wp-image-2503\" srcset=\"https:\/\/chasseurs5emeleger.fr\/wp-content\/uploads\/2021\/08\/received_579227639908714.jpeg 960w, https:\/\/chasseurs5emeleger.fr\/wp-content\/uploads\/2021\/08\/received_579227639908714-300x225.jpeg 300w, https:\/\/chasseurs5emeleger.fr\/wp-content\/uploads\/2021\/08\/received_579227639908714-768x576.jpeg 768w\" sizes=\"auto, (max-width: 960px) 100vw, 960px\" \/><\/figure>\n\n\n\n<figure class=\"wp-block-image size-large\"><img loading=\"lazy\" decoding=\"async\" width=\"960\" height=\"720\" data-id=\"2504\" src=\"https:\/\/chasseurs5emeleger.fr\/wp-content\/uploads\/2021\/08\/received_981876115980070.jpeg\" alt=\"\" class=\"wp-image-2504\" srcset=\"https:\/\/chasseurs5emeleger.fr\/wp-content\/uploads\/2021\/08\/received_981876115980070.jpeg 960w, https:\/\/chasseurs5emeleger.fr\/wp-content\/uploads\/2021\/08\/received_981876115980070-300x225.jpeg 300w, https:\/\/chasseurs5emeleger.fr\/wp-content\/uploads\/2021\/08\/received_981876115980070-768x576.jpeg 768w\" sizes=\"auto, (max-width: 960px) 100vw, 960px\" \/><\/figure>\n\n\n\n<figure class=\"wp-block-image size-large\"><img loading=\"lazy\" decoding=\"async\" width=\"960\" height=\"720\" data-id=\"2506\" src=\"https:\/\/chasseurs5emeleger.fr\/wp-content\/uploads\/2021\/08\/received_2271615536306156.jpeg\" alt=\"\" class=\"wp-image-2506\" srcset=\"https:\/\/chasseurs5emeleger.fr\/wp-content\/uploads\/2021\/08\/received_2271615536306156.jpeg 960w, https:\/\/chasseurs5emeleger.fr\/wp-content\/uploads\/2021\/08\/received_2271615536306156-300x225.jpeg 300w, https:\/\/chasseurs5emeleger.fr\/wp-content\/uploads\/2021\/08\/received_2271615536306156-768x576.jpeg 768w\" sizes=\"auto, (max-width: 960px) 100vw, 960px\" \/><\/figure>\n\n\n\n<figure class=\"wp-block-image size-large\"><img loading=\"lazy\" decoding=\"async\" width=\"1024\" height=\"1024\" data-id=\"2497\" src=\"https:\/\/chasseurs5emeleger.fr\/wp-content\/uploads\/2021\/08\/FB_IMG_1626945349205-1-1024x1024.jpg\" alt=\"\" class=\"wp-image-2497\" srcset=\"https:\/\/chasseurs5emeleger.fr\/wp-content\/uploads\/2021\/08\/FB_IMG_1626945349205-1-1024x1024.jpg 1024w, https:\/\/chasseurs5emeleger.fr\/wp-content\/uploads\/2021\/08\/FB_IMG_1626945349205-1-300x300.jpg 300w, https:\/\/chasseurs5emeleger.fr\/wp-content\/uploads\/2021\/08\/FB_IMG_1626945349205-1-150x150.jpg 150w, https:\/\/chasseurs5emeleger.fr\/wp-content\/uploads\/2021\/08\/FB_IMG_1626945349205-1-768x767.jpg 768w, https:\/\/chasseurs5emeleger.fr\/wp-content\/uploads\/2021\/08\/FB_IMG_1626945349205-1.jpg 1080w\" sizes=\"auto, (max-width: 1024px) 100vw, 1024px\" \/><\/figure>\n\n\n\n<figure class=\"wp-block-image size-large\"><img loading=\"lazy\" decoding=\"async\" width=\"720\" height=\"960\" data-id=\"2500\" src=\"https:\/\/chasseurs5emeleger.fr\/wp-content\/uploads\/2021\/08\/received_490077428721445.jpeg\" alt=\"\" class=\"wp-image-2500\" srcset=\"https:\/\/chasseurs5emeleger.fr\/wp-content\/uploads\/2021\/08\/received_490077428721445.jpeg 720w, https:\/\/chasseurs5emeleger.fr\/wp-content\/uploads\/2021\/08\/received_490077428721445-225x300.jpeg 225w\" sizes=\"auto, (max-width: 720px) 100vw, 720px\" \/><\/figure>\n\n\n\n<figure class=\"wp-block-image size-large\"><img loading=\"lazy\" decoding=\"async\" width=\"1024\" height=\"768\" data-id=\"2617\" src=\"https:\/\/chasseurs5emeleger.fr\/wp-content\/uploads\/2021\/12\/FB_IMG_1636385663586-1024x768.jpg\" alt=\"\" class=\"wp-image-2617\" srcset=\"https:\/\/chasseurs5emeleger.fr\/wp-content\/uploads\/2021\/12\/FB_IMG_1636385663586-1024x768.jpg 1024w, https:\/\/chasseurs5emeleger.fr\/wp-content\/uploads\/2021\/12\/FB_IMG_1636385663586-300x225.jpg 300w, https:\/\/chasseurs5emeleger.fr\/wp-content\/uploads\/2021\/12\/FB_IMG_1636385663586-768x576.jpg 768w, https:\/\/chasseurs5emeleger.fr\/wp-content\/uploads\/2021\/12\/FB_IMG_1636385663586.jpg 1080w\" sizes=\"auto, (max-width: 1024px) 100vw, 1024px\" \/><\/figure>\n\n\n\n<figure class=\"wp-block-image size-large\"><img loading=\"lazy\" decoding=\"async\" width=\"1024\" height=\"768\" data-id=\"2621\" src=\"https:\/\/chasseurs5emeleger.fr\/wp-content\/uploads\/2021\/12\/FB_IMG_1636532170535_remastered-2.jpg\" alt=\"\" class=\"wp-image-2621\" srcset=\"https:\/\/chasseurs5emeleger.fr\/wp-content\/uploads\/2021\/12\/FB_IMG_1636532170535_remastered-2.jpg 1024w, https:\/\/chasseurs5emeleger.fr\/wp-content\/uploads\/2021\/12\/FB_IMG_1636532170535_remastered-2-300x225.jpg 300w, https:\/\/chasseurs5emeleger.fr\/wp-content\/uploads\/2021\/12\/FB_IMG_1636532170535_remastered-2-768x576.jpg 768w\" sizes=\"auto, (max-width: 1024px) 100vw, 1024px\" \/><figcaption class=\"wp-element-caption\">AIREVITAL_V1<\/figcaption><\/figure>\n\n\n\n<figure class=\"wp-block-image size-large\"><img loading=\"lazy\" decoding=\"async\" width=\"718\" height=\"960\" data-id=\"2498\" src=\"https:\/\/chasseurs5emeleger.fr\/wp-content\/uploads\/2021\/08\/received_176787131095037.jpeg\" alt=\"\" class=\"wp-image-2498\" srcset=\"https:\/\/chasseurs5emeleger.fr\/wp-content\/uploads\/2021\/08\/received_176787131095037.jpeg 718w, https:\/\/chasseurs5emeleger.fr\/wp-content\/uploads\/2021\/08\/received_176787131095037-224x300.jpeg 224w\" sizes=\"auto, (max-width: 718px) 100vw, 718px\" \/><\/figure>\n\n\n\n<figure class=\"wp-block-image size-large\"><img loading=\"lazy\" decoding=\"async\" width=\"718\" height=\"960\" data-id=\"2505\" src=\"https:\/\/chasseurs5emeleger.fr\/wp-content\/uploads\/2021\/08\/received_1654559701414874.jpeg\" alt=\"\" class=\"wp-image-2505\" srcset=\"https:\/\/chasseurs5emeleger.fr\/wp-content\/uploads\/2021\/08\/received_1654559701414874.jpeg 718w, https:\/\/chasseurs5emeleger.fr\/wp-content\/uploads\/2021\/08\/received_1654559701414874-224x300.jpeg 224w\" sizes=\"auto, (max-width: 718px) 100vw, 718px\" \/><\/figure>\n<\/figure>\n","protected":false},"excerpt":{"rendered":"<p>Fr\u00e9jus (83) &#8211; Visites Guid\u00e9es &#8220;Sur les traces de Napol\u00e9on&#8221; Les 5, 12, 19, 26 Juillet et 2, 9, 16, 23, 31 Ao\u00fbt<\/p>\n","protected":false},"author":2,"featured_media":0,"parent":1057,"menu_order":0,"comment_status":"closed","ping_status":"closed","template":"","meta":{"footnotes":""},"class_list":["post-2496","page","type-page","status-publish","hentry"],"yoast_head":"<!-- This site is optimized with the Yoast SEO plugin v27.5 - https:\/\/yoast.com\/product\/yoast-seo-wordpress\/ -->\n<title>Fr\u00e9jus - Visites guid\u00e9es 2021 &#8211; Chasseurs du 5\u00e8me R\u00e9giment d&#039;Infanterie L\u00e9g\u00e8re<\/title>\n<meta name=\"robots\" content=\"index, follow, max-snippet:-1, max-image-preview:large, max-video-preview:-1\" \/>\n<link rel=\"canonical\" href=\"https:\/\/chasseurs5emeleger.fr\/index.php\/photos\/visites-guidees\/\" \/>\n<meta property=\"og:locale\" content=\"fr_FR\" \/>\n<meta property=\"og:type\" content=\"article\" \/>\n<meta property=\"og:title\" content=\"Fr\u00e9jus - Visites guid\u00e9es 2021 &#8211; Chasseurs du 5\u00e8me R\u00e9giment d&#039;Infanterie L\u00e9g\u00e8re\" \/>\n<meta property=\"og:description\" content=\"Fr\u00e9jus (83) &#8211; Visites Guid\u00e9es &#8220;Sur les traces de Napol\u00e9on&#8221; Les 5, 12, 19, 26 Juillet et 2, 9, 16, 23, 31 Ao\u00fbt\" \/>\n<meta property=\"og:url\" content=\"https:\/\/chasseurs5emeleger.fr\/index.php\/photos\/visites-guidees\/\" \/>\n<meta property=\"og:site_name\" content=\"Chasseurs du 5\u00e8me R\u00e9giment d&#039;Infanterie L\u00e9g\u00e8re\" \/>\n<meta property=\"article:publisher\" content=\"https:\/\/www.facebook.com\/chasseurs.5emeleger\/\" \/>\n<meta property=\"article:modified_time\" content=\"2025-02-01T22:58:54+00:00\" \/>\n<meta property=\"og:image\" content=\"https:\/\/chasseurs5emeleger.fr\/wp-content\/uploads\/2021\/08\/received_322507569586678.jpeg\" \/>\n\t<meta property=\"og:image:width\" content=\"720\" \/>\n\t<meta property=\"og:image:height\" content=\"960\" \/>\n\t<meta property=\"og:image:type\" content=\"image\/jpeg\" \/>\n<script type=\"application\/ld+json\" class=\"yoast-schema-graph\">{\"@context\":\"https:\\\/\\\/schema.org\",\"@graph\":[{\"@type\":\"WebPage\",\"@id\":\"https:\\\/\\\/chasseurs5emeleger.fr\\\/index.php\\\/photos\\\/visites-guidees\\\/\",\"url\":\"https:\\\/\\\/chasseurs5emeleger.fr\\\/index.php\\\/photos\\\/visites-guidees\\\/\",\"name\":\"Fr\u00e9jus - Visites guid\u00e9es 2021 &#8211; Chasseurs du 5\u00e8me R\u00e9giment d&#039;Infanterie L\u00e9g\u00e8re\",\"isPartOf\":{\"@id\":\"https:\\\/\\\/chasseurs5emeleger.fr\\\/#website\"},\"primaryImageOfPage\":{\"@id\":\"https:\\\/\\\/chasseurs5emeleger.fr\\\/index.php\\\/photos\\\/visites-guidees\\\/#primaryimage\"},\"image\":{\"@id\":\"https:\\\/\\\/chasseurs5emeleger.fr\\\/index.php\\\/photos\\\/visites-guidees\\\/#primaryimage\"},\"thumbnailUrl\":\"https:\\\/\\\/chasseurs5emeleger.fr\\\/wp-content\\\/uploads\\\/2021\\\/08\\\/received_322507569586678.jpeg\",\"datePublished\":\"2021-08-01T12:50:58+00:00\",\"dateModified\":\"2025-02-01T22:58:54+00:00\",\"breadcrumb\":{\"@id\":\"https:\\\/\\\/chasseurs5emeleger.fr\\\/index.php\\\/photos\\\/visites-guidees\\\/#breadcrumb\"},\"inLanguage\":\"fr-FR\",\"potentialAction\":[{\"@type\":\"ReadAction\",\"target\":[\"https:\\\/\\\/chasseurs5emeleger.fr\\\/index.php\\\/photos\\\/visites-guidees\\\/\"]}]},{\"@type\":\"ImageObject\",\"inLanguage\":\"fr-FR\",\"@id\":\"https:\\\/\\\/chasseurs5emeleger.fr\\\/index.php\\\/photos\\\/visites-guidees\\\/#primaryimage\",\"url\":\"https:\\\/\\\/chasseurs5emeleger.fr\\\/wp-content\\\/uploads\\\/2021\\\/08\\\/received_322507569586678.jpeg\",\"contentUrl\":\"https:\\\/\\\/chasseurs5emeleger.fr\\\/wp-content\\\/uploads\\\/2021\\\/08\\\/received_322507569586678.jpeg\",\"width\":720,\"height\":960},{\"@type\":\"BreadcrumbList\",\"@id\":\"https:\\\/\\\/chasseurs5emeleger.fr\\\/index.php\\\/photos\\\/visites-guidees\\\/#breadcrumb\",\"itemListElement\":[{\"@type\":\"ListItem\",\"position\":1,\"name\":\"Accueil\",\"item\":\"https:\\\/\\\/chasseurs5emeleger.fr\\\/\"},{\"@type\":\"ListItem\",\"position\":2,\"name\":\"Photos\",\"item\":\"https:\\\/\\\/chasseurs5emeleger.fr\\\/index.php\\\/photos\\\/\"},{\"@type\":\"ListItem\",\"position\":3,\"name\":\"Fr\u00e9jus &#8211; Visites guid\u00e9es 2021\"}]},{\"@type\":\"WebSite\",\"@id\":\"https:\\\/\\\/chasseurs5emeleger.fr\\\/#website\",\"url\":\"https:\\\/\\\/chasseurs5emeleger.fr\\\/\",\"name\":\"Chasseurs du 5\u00e8me R\u00e9giment d&#039;Infanterie L\u00e9g\u00e8re\",\"description\":\"\",\"publisher\":{\"@id\":\"https:\\\/\\\/chasseurs5emeleger.fr\\\/#organization\"},\"potentialAction\":[{\"@type\":\"SearchAction\",\"target\":{\"@type\":\"EntryPoint\",\"urlTemplate\":\"https:\\\/\\\/chasseurs5emeleger.fr\\\/?s={search_term_string}\"},\"query-input\":{\"@type\":\"PropertyValueSpecification\",\"valueRequired\":true,\"valueName\":\"search_term_string\"}}],\"inLanguage\":\"fr-FR\"},{\"@type\":\"Organization\",\"@id\":\"https:\\\/\\\/chasseurs5emeleger.fr\\\/#organization\",\"name\":\"Chasseurs du 5\u00e8me R\u00e9giment d'infanterie l\u00e9g\u00e8re\",\"url\":\"https:\\\/\\\/chasseurs5emeleger.fr\\\/\",\"logo\":{\"@type\":\"ImageObject\",\"inLanguage\":\"fr-FR\",\"@id\":\"https:\\\/\\\/chasseurs5emeleger.fr\\\/#\\\/schema\\\/logo\\\/image\\\/\",\"url\":\"https:\\\/\\\/chasseurs5emeleger.fr\\\/wp-content\\\/uploads\\\/2022\\\/04\\\/Logo-detoure-scaled.jpg\",\"contentUrl\":\"https:\\\/\\\/chasseurs5emeleger.fr\\\/wp-content\\\/uploads\\\/2022\\\/04\\\/Logo-detoure-scaled.jpg\",\"width\":2438,\"height\":2560,\"caption\":\"Chasseurs du 5\u00e8me R\u00e9giment d'infanterie l\u00e9g\u00e8re\"},\"image\":{\"@id\":\"https:\\\/\\\/chasseurs5emeleger.fr\\\/#\\\/schema\\\/logo\\\/image\\\/\"},\"sameAs\":[\"https:\\\/\\\/www.facebook.com\\\/chasseurs.5emeleger\\\/\"]}]}<\/script>\n<!-- \/ Yoast SEO plugin. -->","yoast_head_json":{"title":"Fr\u00e9jus - Visites guid\u00e9es 2021 &#8211; Chasseurs du 5\u00e8me R\u00e9giment d&#039;Infanterie L\u00e9g\u00e8re","robots":{"index":"index","follow":"follow","max-snippet":"max-snippet:-1","max-image-preview":"max-image-preview:large","max-video-preview":"max-video-preview:-1"},"canonical":"https:\/\/chasseurs5emeleger.fr\/index.php\/photos\/visites-guidees\/","og_locale":"fr_FR","og_type":"article","og_title":"Fr\u00e9jus - Visites guid\u00e9es 2021 &#8211; Chasseurs du 5\u00e8me R\u00e9giment d&#039;Infanterie L\u00e9g\u00e8re","og_description":"Fr\u00e9jus (83) &#8211; Visites Guid\u00e9es &#8220;Sur les traces de Napol\u00e9on&#8221; Les 5, 12, 19, 26 Juillet et 2, 9, 16, 23, 31 Ao\u00fbt","og_url":"https:\/\/chasseurs5emeleger.fr\/index.php\/photos\/visites-guidees\/","og_site_name":"Chasseurs du 5\u00e8me R\u00e9giment d&#039;Infanterie L\u00e9g\u00e8re","article_publisher":"https:\/\/www.facebook.com\/chasseurs.5emeleger\/","article_modified_time":"2025-02-01T22:58:54+00:00","og_image":[{"width":720,"height":960,"url":"https:\/\/chasseurs5emeleger.fr\/wp-content\/uploads\/2021\/08\/received_322507569586678.jpeg","type":"image\/jpeg"}],"schema":{"@context":"https:\/\/schema.org","@graph":[{"@type":"WebPage","@id":"https:\/\/chasseurs5emeleger.fr\/index.php\/photos\/visites-guidees\/","url":"https:\/\/chasseurs5emeleger.fr\/index.php\/photos\/visites-guidees\/","name":"Fr\u00e9jus - Visites guid\u00e9es 2021 &#8211; Chasseurs du 5\u00e8me R\u00e9giment d&#039;Infanterie L\u00e9g\u00e8re","isPartOf":{"@id":"https:\/\/chasseurs5emeleger.fr\/#website"},"primaryImageOfPage":{"@id":"https:\/\/chasseurs5emeleger.fr\/index.php\/photos\/visites-guidees\/#primaryimage"},"image":{"@id":"https:\/\/chasseurs5emeleger.fr\/index.php\/photos\/visites-guidees\/#primaryimage"},"thumbnailUrl":"https:\/\/chasseurs5emeleger.fr\/wp-content\/uploads\/2021\/08\/received_322507569586678.jpeg","datePublished":"2021-08-01T12:50:58+00:00","dateModified":"2025-02-01T22:58:54+00:00","breadcrumb":{"@id":"https:\/\/chasseurs5emeleger.fr\/index.php\/photos\/visites-guidees\/#breadcrumb"},"inLanguage":"fr-FR","potentialAction":[{"@type":"ReadAction","target":["https:\/\/chasseurs5emeleger.fr\/index.php\/photos\/visites-guidees\/"]}]},{"@type":"ImageObject","inLanguage":"fr-FR","@id":"https:\/\/chasseurs5emeleger.fr\/index.php\/photos\/visites-guidees\/#primaryimage","url":"https:\/\/chasseurs5emeleger.fr\/wp-content\/uploads\/2021\/08\/received_322507569586678.jpeg","contentUrl":"https:\/\/chasseurs5emeleger.fr\/wp-content\/uploads\/2021\/08\/received_322507569586678.jpeg","width":720,"height":960},{"@type":"BreadcrumbList","@id":"https:\/\/chasseurs5emeleger.fr\/index.php\/photos\/visites-guidees\/#breadcrumb","itemListElement":[{"@type":"ListItem","position":1,"name":"Accueil","item":"https:\/\/chasseurs5emeleger.fr\/"},{"@type":"ListItem","position":2,"name":"Photos","item":"https:\/\/chasseurs5emeleger.fr\/index.php\/photos\/"},{"@type":"ListItem","position":3,"name":"Fr\u00e9jus &#8211; Visites guid\u00e9es 2021"}]},{"@type":"WebSite","@id":"https:\/\/chasseurs5emeleger.fr\/#website","url":"https:\/\/chasseurs5emeleger.fr\/","name":"Chasseurs du 5\u00e8me R\u00e9giment d&#039;Infanterie L\u00e9g\u00e8re","description":"","publisher":{"@id":"https:\/\/chasseurs5emeleger.fr\/#organization"},"potentialAction":[{"@type":"SearchAction","target":{"@type":"EntryPoint","urlTemplate":"https:\/\/chasseurs5emeleger.fr\/?s={search_term_string}"},"query-input":{"@type":"PropertyValueSpecification","valueRequired":true,"valueName":"search_term_string"}}],"inLanguage":"fr-FR"},{"@type":"Organization","@id":"https:\/\/chasseurs5emeleger.fr\/#organization","name":"Chasseurs du 5\u00e8me R\u00e9giment d'infanterie l\u00e9g\u00e8re","url":"https:\/\/chasseurs5emeleger.fr\/","logo":{"@type":"ImageObject","inLanguage":"fr-FR","@id":"https:\/\/chasseurs5emeleger.fr\/#\/schema\/logo\/image\/","url":"https:\/\/chasseurs5emeleger.fr\/wp-content\/uploads\/2022\/04\/Logo-detoure-scaled.jpg","contentUrl":"https:\/\/chasseurs5emeleger.fr\/wp-content\/uploads\/2022\/04\/Logo-detoure-scaled.jpg","width":2438,"height":2560,"caption":"Chasseurs du 5\u00e8me R\u00e9giment d'infanterie l\u00e9g\u00e8re"},"image":{"@id":"https:\/\/chasseurs5emeleger.fr\/#\/schema\/logo\/image\/"},"sameAs":["https:\/\/www.facebook.com\/chasseurs.5emeleger\/"]}]}},"_links":{"self":[{"href":"https:\/\/chasseurs5emeleger.fr\/index.php\/wp-json\/wp\/v2\/pages\/2496","targetHints":{"allow":["GET"]}}],"collection":[{"href":"https:\/\/chasseurs5emeleger.fr\/index.php\/wp-json\/wp\/v2\/pages"}],"about":[{"href":"https:\/\/chasseurs5emeleger.fr\/index.php\/wp-json\/wp\/v2\/types\/page"}],"author":[{"embeddable":true,"href":"https:\/\/chasseurs5emeleger.fr\/index.php\/wp-json\/wp\/v2\/users\/2"}],"replies":[{"embeddable":true,"href":"https:\/\/chasseurs5emeleger.fr\/index.php\/wp-json\/wp\/v2\/comments?post=2496"}],"version-history":[{"count":6,"href":"https:\/\/chasseurs5emeleger.fr\/index.php\/wp-json\/wp\/v2\/pages\/2496\/revisions"}],"predecessor-version":[{"id":5701,"href":"https:\/\/chasseurs5emeleger.fr\/index.php\/wp-json\/wp\/v2\/pages\/2496\/revisions\/5701"}],"up":[{"embeddable":true,"href":"https:\/\/chasseurs5emeleger.fr\/index.php\/wp-json\/wp\/v2\/pages\/1057"}],"wp:attachment":[{"href":"https:\/\/chasseurs5emeleger.fr\/index.php\/wp-json\/wp\/v2\/media?parent=2496"}],"curies":[{"name":"wp","href":"https:\/\/api.w.org\/{rel}","templated":true}]}}