{"id":295,"date":"2019-01-13T17:51:43","date_gmt":"2019-01-13T16:51:43","guid":{"rendered":"https:\/\/chasseurs5emeleger.fr\/?page_id=295"},"modified":"2023-10-10T14:40:10","modified_gmt":"2023-10-10T12:40:10","slug":"vabres-25-et-26-juin","status":"publish","type":"page","link":"https:\/\/chasseurs5emeleger.fr\/index.php\/photos\/vabres-25-et-26-juin\/","title":{"rendered":"Vabres &#8211; 25 et 26 Juin 2016"},"content":{"rendered":"\n<p class=\"has-text-align-center has-text-color has-large-font-size\" style=\"color:#000794\">Vabres (30) 25 et 26 Juin<\/p>\n\n\n\n<figure class=\"wp-block-gallery has-nested-images columns-2 wp-block-gallery-1 is-layout-flex wp-block-gallery-is-layout-flex\">\n<figure class=\"wp-block-image size-large\"><img loading=\"lazy\" decoding=\"async\" width=\"1024\" height=\"768\" data-id=\"296\" src=\"https:\/\/chasseurs5emeleger.fr\/wp-content\/uploads\/2019\/01\/13483118_512932928902801_931277199531318037_o-1024x768.jpg\" alt=\"\" class=\"wp-image-296\" srcset=\"https:\/\/chasseurs5emeleger.fr\/wp-content\/uploads\/2019\/01\/13483118_512932928902801_931277199531318037_o-1024x768.jpg 1024w, https:\/\/chasseurs5emeleger.fr\/wp-content\/uploads\/2019\/01\/13483118_512932928902801_931277199531318037_o-300x225.jpg 300w, https:\/\/chasseurs5emeleger.fr\/wp-content\/uploads\/2019\/01\/13483118_512932928902801_931277199531318037_o-768x576.jpg 768w, https:\/\/chasseurs5emeleger.fr\/wp-content\/uploads\/2019\/01\/13483118_512932928902801_931277199531318037_o.jpg 2048w\" sizes=\"auto, (max-width: 1024px) 100vw, 1024px\" \/><\/figure>\n\n\n\n<figure class=\"wp-block-image size-large\"><img loading=\"lazy\" decoding=\"async\" width=\"1024\" height=\"768\" data-id=\"297\" src=\"https:\/\/chasseurs5emeleger.fr\/wp-content\/uploads\/2019\/01\/13497545_512932922236135_1103387321232817831_o-1024x768.jpg\" alt=\"\" class=\"wp-image-297\" srcset=\"https:\/\/chasseurs5emeleger.fr\/wp-content\/uploads\/2019\/01\/13497545_512932922236135_1103387321232817831_o-1024x768.jpg 1024w, https:\/\/chasseurs5emeleger.fr\/wp-content\/uploads\/2019\/01\/13497545_512932922236135_1103387321232817831_o-300x225.jpg 300w, https:\/\/chasseurs5emeleger.fr\/wp-content\/uploads\/2019\/01\/13497545_512932922236135_1103387321232817831_o-768x576.jpg 768w, https:\/\/chasseurs5emeleger.fr\/wp-content\/uploads\/2019\/01\/13497545_512932922236135_1103387321232817831_o.jpg 2048w\" sizes=\"auto, (max-width: 1024px) 100vw, 1024px\" \/><\/figure>\n\n\n\n<figure class=\"wp-block-image size-large\"><img loading=\"lazy\" decoding=\"async\" width=\"1024\" height=\"768\" data-id=\"298\" src=\"https:\/\/chasseurs5emeleger.fr\/wp-content\/uploads\/2019\/01\/13497630_513084525554308_2265265605729938377_o-1024x768.jpg\" alt=\"\" class=\"wp-image-298\" srcset=\"https:\/\/chasseurs5emeleger.fr\/wp-content\/uploads\/2019\/01\/13497630_513084525554308_2265265605729938377_o-1024x768.jpg 1024w, https:\/\/chasseurs5emeleger.fr\/wp-content\/uploads\/2019\/01\/13497630_513084525554308_2265265605729938377_o-300x225.jpg 300w, https:\/\/chasseurs5emeleger.fr\/wp-content\/uploads\/2019\/01\/13497630_513084525554308_2265265605729938377_o-768x576.jpg 768w, https:\/\/chasseurs5emeleger.fr\/wp-content\/uploads\/2019\/01\/13497630_513084525554308_2265265605729938377_o.jpg 2048w\" sizes=\"auto, (max-width: 1024px) 100vw, 1024px\" \/><\/figure>\n\n\n\n<figure class=\"wp-block-image size-large\"><img loading=\"lazy\" decoding=\"async\" width=\"1024\" height=\"768\" data-id=\"299\" src=\"https:\/\/chasseurs5emeleger.fr\/wp-content\/uploads\/2019\/01\/13497783_512931788902915_3549392011857178938_o-1024x768.jpg\" alt=\"\" class=\"wp-image-299\" srcset=\"https:\/\/chasseurs5emeleger.fr\/wp-content\/uploads\/2019\/01\/13497783_512931788902915_3549392011857178938_o-1024x768.jpg 1024w, https:\/\/chasseurs5emeleger.fr\/wp-content\/uploads\/2019\/01\/13497783_512931788902915_3549392011857178938_o-300x225.jpg 300w, https:\/\/chasseurs5emeleger.fr\/wp-content\/uploads\/2019\/01\/13497783_512931788902915_3549392011857178938_o-768x576.jpg 768w, https:\/\/chasseurs5emeleger.fr\/wp-content\/uploads\/2019\/01\/13497783_512931788902915_3549392011857178938_o.jpg 2048w\" sizes=\"auto, (max-width: 1024px) 100vw, 1024px\" \/><\/figure>\n\n\n\n<figure class=\"wp-block-image size-large\"><img loading=\"lazy\" decoding=\"async\" width=\"1024\" height=\"768\" data-id=\"300\" src=\"https:\/\/chasseurs5emeleger.fr\/wp-content\/uploads\/2019\/01\/13498031_512932062236221_1045682665968226048_o-1024x768.jpg\" alt=\"\" class=\"wp-image-300\" srcset=\"https:\/\/chasseurs5emeleger.fr\/wp-content\/uploads\/2019\/01\/13498031_512932062236221_1045682665968226048_o-1024x768.jpg 1024w, https:\/\/chasseurs5emeleger.fr\/wp-content\/uploads\/2019\/01\/13498031_512932062236221_1045682665968226048_o-300x225.jpg 300w, https:\/\/chasseurs5emeleger.fr\/wp-content\/uploads\/2019\/01\/13498031_512932062236221_1045682665968226048_o-768x576.jpg 768w, https:\/\/chasseurs5emeleger.fr\/wp-content\/uploads\/2019\/01\/13498031_512932062236221_1045682665968226048_o.jpg 2048w\" sizes=\"auto, (max-width: 1024px) 100vw, 1024px\" \/><\/figure>\n\n\n\n<figure class=\"wp-block-image size-large\"><img loading=\"lazy\" decoding=\"async\" width=\"1024\" height=\"768\" data-id=\"301\" src=\"https:\/\/chasseurs5emeleger.fr\/wp-content\/uploads\/2019\/01\/13502670_512932085569552_1710692701495718341_o-1024x768.jpg\" alt=\"\" class=\"wp-image-301\" srcset=\"https:\/\/chasseurs5emeleger.fr\/wp-content\/uploads\/2019\/01\/13502670_512932085569552_1710692701495718341_o-1024x768.jpg 1024w, https:\/\/chasseurs5emeleger.fr\/wp-content\/uploads\/2019\/01\/13502670_512932085569552_1710692701495718341_o-300x225.jpg 300w, https:\/\/chasseurs5emeleger.fr\/wp-content\/uploads\/2019\/01\/13502670_512932085569552_1710692701495718341_o-768x576.jpg 768w, https:\/\/chasseurs5emeleger.fr\/wp-content\/uploads\/2019\/01\/13502670_512932085569552_1710692701495718341_o.jpg 2048w\" sizes=\"auto, (max-width: 1024px) 100vw, 1024px\" \/><\/figure>\n\n\n\n<figure class=\"wp-block-image size-large\"><img loading=\"lazy\" decoding=\"async\" width=\"1024\" height=\"768\" data-id=\"302\" src=\"https:\/\/chasseurs5emeleger.fr\/wp-content\/uploads\/2019\/01\/13503092_512932348902859_3992830648507239392_o-1024x768.jpg\" alt=\"\" class=\"wp-image-302\" srcset=\"https:\/\/chasseurs5emeleger.fr\/wp-content\/uploads\/2019\/01\/13503092_512932348902859_3992830648507239392_o-1024x768.jpg 1024w, https:\/\/chasseurs5emeleger.fr\/wp-content\/uploads\/2019\/01\/13503092_512932348902859_3992830648507239392_o-300x225.jpg 300w, https:\/\/chasseurs5emeleger.fr\/wp-content\/uploads\/2019\/01\/13503092_512932348902859_3992830648507239392_o-768x576.jpg 768w, https:\/\/chasseurs5emeleger.fr\/wp-content\/uploads\/2019\/01\/13503092_512932348902859_3992830648507239392_o.jpg 2048w\" sizes=\"auto, (max-width: 1024px) 100vw, 1024px\" \/><\/figure>\n\n\n\n<figure class=\"wp-block-image size-large\"><img loading=\"lazy\" decoding=\"async\" width=\"1024\" height=\"768\" data-id=\"303\" src=\"https:\/\/chasseurs5emeleger.fr\/wp-content\/uploads\/2019\/01\/13517483_512932852236142_4362121524153284250_o-1024x768.jpg\" alt=\"\" class=\"wp-image-303\" srcset=\"https:\/\/chasseurs5emeleger.fr\/wp-content\/uploads\/2019\/01\/13517483_512932852236142_4362121524153284250_o-1024x768.jpg 1024w, https:\/\/chasseurs5emeleger.fr\/wp-content\/uploads\/2019\/01\/13517483_512932852236142_4362121524153284250_o-300x225.jpg 300w, https:\/\/chasseurs5emeleger.fr\/wp-content\/uploads\/2019\/01\/13517483_512932852236142_4362121524153284250_o-768x576.jpg 768w, https:\/\/chasseurs5emeleger.fr\/wp-content\/uploads\/2019\/01\/13517483_512932852236142_4362121524153284250_o.jpg 2048w\" sizes=\"auto, (max-width: 1024px) 100vw, 1024px\" \/><\/figure>\n\n\n\n<figure class=\"wp-block-image size-large\"><img loading=\"lazy\" decoding=\"async\" width=\"1024\" height=\"768\" data-id=\"304\" src=\"https:\/\/chasseurs5emeleger.fr\/wp-content\/uploads\/2019\/01\/13522705_512932865569474_1349346118984255503_o-1024x768.jpg\" alt=\"\" class=\"wp-image-304\" srcset=\"https:\/\/chasseurs5emeleger.fr\/wp-content\/uploads\/2019\/01\/13522705_512932865569474_1349346118984255503_o-1024x768.jpg 1024w, https:\/\/chasseurs5emeleger.fr\/wp-content\/uploads\/2019\/01\/13522705_512932865569474_1349346118984255503_o-300x225.jpg 300w, https:\/\/chasseurs5emeleger.fr\/wp-content\/uploads\/2019\/01\/13522705_512932865569474_1349346118984255503_o-768x576.jpg 768w, https:\/\/chasseurs5emeleger.fr\/wp-content\/uploads\/2019\/01\/13522705_512932865569474_1349346118984255503_o.jpg 2048w\" sizes=\"auto, (max-width: 1024px) 100vw, 1024px\" \/><\/figure>\n\n\n\n<figure class=\"wp-block-image size-large\"><img loading=\"lazy\" decoding=\"async\" width=\"1024\" height=\"749\" data-id=\"305\" src=\"https:\/\/chasseurs5emeleger.fr\/wp-content\/uploads\/2019\/01\/13522902_513024315560329_1369932733516984970_o-1024x749.jpg\" alt=\"\" class=\"wp-image-305\" srcset=\"https:\/\/chasseurs5emeleger.fr\/wp-content\/uploads\/2019\/01\/13522902_513024315560329_1369932733516984970_o-1024x749.jpg 1024w, https:\/\/chasseurs5emeleger.fr\/wp-content\/uploads\/2019\/01\/13522902_513024315560329_1369932733516984970_o-300x219.jpg 300w, https:\/\/chasseurs5emeleger.fr\/wp-content\/uploads\/2019\/01\/13522902_513024315560329_1369932733516984970_o-768x562.jpg 768w, https:\/\/chasseurs5emeleger.fr\/wp-content\/uploads\/2019\/01\/13522902_513024315560329_1369932733516984970_o.jpg 1211w\" sizes=\"auto, (max-width: 1024px) 100vw, 1024px\" \/><\/figure>\n\n\n\n<figure class=\"wp-block-image size-large\"><img loading=\"lazy\" decoding=\"async\" width=\"1024\" height=\"768\" data-id=\"306\" src=\"https:\/\/chasseurs5emeleger.fr\/wp-content\/uploads\/2019\/01\/13522915_512932205569540_4821132765793291659_o-1024x768.jpg\" alt=\"\" class=\"wp-image-306\" srcset=\"https:\/\/chasseurs5emeleger.fr\/wp-content\/uploads\/2019\/01\/13522915_512932205569540_4821132765793291659_o-1024x768.jpg 1024w, https:\/\/chasseurs5emeleger.fr\/wp-content\/uploads\/2019\/01\/13522915_512932205569540_4821132765793291659_o-300x225.jpg 300w, https:\/\/chasseurs5emeleger.fr\/wp-content\/uploads\/2019\/01\/13522915_512932205569540_4821132765793291659_o-768x576.jpg 768w, https:\/\/chasseurs5emeleger.fr\/wp-content\/uploads\/2019\/01\/13522915_512932205569540_4821132765793291659_o.jpg 2048w\" sizes=\"auto, (max-width: 1024px) 100vw, 1024px\" \/><\/figure>\n\n\n\n<figure class=\"wp-block-image size-large\"><img loading=\"lazy\" decoding=\"async\" width=\"1024\" height=\"768\" data-id=\"307\" src=\"https:\/\/chasseurs5emeleger.fr\/wp-content\/uploads\/2019\/01\/13528120_512932152236212_3649480442055267628_o-1024x768.jpg\" alt=\"\" class=\"wp-image-307\" srcset=\"https:\/\/chasseurs5emeleger.fr\/wp-content\/uploads\/2019\/01\/13528120_512932152236212_3649480442055267628_o-1024x768.jpg 1024w, https:\/\/chasseurs5emeleger.fr\/wp-content\/uploads\/2019\/01\/13528120_512932152236212_3649480442055267628_o-300x225.jpg 300w, https:\/\/chasseurs5emeleger.fr\/wp-content\/uploads\/2019\/01\/13528120_512932152236212_3649480442055267628_o-768x576.jpg 768w, https:\/\/chasseurs5emeleger.fr\/wp-content\/uploads\/2019\/01\/13528120_512932152236212_3649480442055267628_o.jpg 2048w\" sizes=\"auto, (max-width: 1024px) 100vw, 1024px\" \/><\/figure>\n\n\n\n<figure class=\"wp-block-image size-large\"><img loading=\"lazy\" decoding=\"async\" width=\"1024\" height=\"768\" data-id=\"308\" src=\"https:\/\/chasseurs5emeleger.fr\/wp-content\/uploads\/2019\/01\/13528175_512932055569555_3409496696850097178_o-1024x768.jpg\" alt=\"\" class=\"wp-image-308\" srcset=\"https:\/\/chasseurs5emeleger.fr\/wp-content\/uploads\/2019\/01\/13528175_512932055569555_3409496696850097178_o-1024x768.jpg 1024w, https:\/\/chasseurs5emeleger.fr\/wp-content\/uploads\/2019\/01\/13528175_512932055569555_3409496696850097178_o-300x225.jpg 300w, https:\/\/chasseurs5emeleger.fr\/wp-content\/uploads\/2019\/01\/13528175_512932055569555_3409496696850097178_o-768x576.jpg 768w, https:\/\/chasseurs5emeleger.fr\/wp-content\/uploads\/2019\/01\/13528175_512932055569555_3409496696850097178_o.jpg 2048w\" sizes=\"auto, (max-width: 1024px) 100vw, 1024px\" \/><\/figure>\n\n\n\n<figure class=\"wp-block-image size-large\"><img loading=\"lazy\" decoding=\"async\" width=\"1024\" height=\"768\" data-id=\"309\" src=\"https:\/\/chasseurs5emeleger.fr\/wp-content\/uploads\/2019\/01\/13528619_512932618902832_4082989482655325800_o-1024x768.jpg\" alt=\"\" class=\"wp-image-309\" srcset=\"https:\/\/chasseurs5emeleger.fr\/wp-content\/uploads\/2019\/01\/13528619_512932618902832_4082989482655325800_o-1024x768.jpg 1024w, https:\/\/chasseurs5emeleger.fr\/wp-content\/uploads\/2019\/01\/13528619_512932618902832_4082989482655325800_o-300x225.jpg 300w, https:\/\/chasseurs5emeleger.fr\/wp-content\/uploads\/2019\/01\/13528619_512932618902832_4082989482655325800_o-768x576.jpg 768w, https:\/\/chasseurs5emeleger.fr\/wp-content\/uploads\/2019\/01\/13528619_512932618902832_4082989482655325800_o.jpg 2048w\" sizes=\"auto, (max-width: 1024px) 100vw, 1024px\" \/><\/figure>\n\n\n\n<figure class=\"wp-block-image size-large\"><img loading=\"lazy\" decoding=\"async\" width=\"1024\" height=\"768\" data-id=\"311\" src=\"https:\/\/chasseurs5emeleger.fr\/wp-content\/uploads\/2019\/01\/13558787_513023415560419_7063618230935011789_o-1024x768.jpg\" alt=\"\" class=\"wp-image-311\" srcset=\"https:\/\/chasseurs5emeleger.fr\/wp-content\/uploads\/2019\/01\/13558787_513023415560419_7063618230935011789_o-1024x768.jpg 1024w, https:\/\/chasseurs5emeleger.fr\/wp-content\/uploads\/2019\/01\/13558787_513023415560419_7063618230935011789_o-300x225.jpg 300w, https:\/\/chasseurs5emeleger.fr\/wp-content\/uploads\/2019\/01\/13558787_513023415560419_7063618230935011789_o-768x576.jpg 768w, https:\/\/chasseurs5emeleger.fr\/wp-content\/uploads\/2019\/01\/13558787_513023415560419_7063618230935011789_o.jpg 2048w\" sizes=\"auto, (max-width: 1024px) 100vw, 1024px\" \/><\/figure>\n\n\n\n<figure class=\"wp-block-image size-large\"><img loading=\"lazy\" decoding=\"async\" width=\"1024\" height=\"778\" data-id=\"312\" src=\"https:\/\/chasseurs5emeleger.fr\/wp-content\/uploads\/2019\/01\/13559158_513023405560420_5126376157854615368_o-1024x778.jpg\" alt=\"\" class=\"wp-image-312\" srcset=\"https:\/\/chasseurs5emeleger.fr\/wp-content\/uploads\/2019\/01\/13559158_513023405560420_5126376157854615368_o-1024x778.jpg 1024w, https:\/\/chasseurs5emeleger.fr\/wp-content\/uploads\/2019\/01\/13559158_513023405560420_5126376157854615368_o-300x228.jpg 300w, https:\/\/chasseurs5emeleger.fr\/wp-content\/uploads\/2019\/01\/13559158_513023405560420_5126376157854615368_o-768x583.jpg 768w, https:\/\/chasseurs5emeleger.fr\/wp-content\/uploads\/2019\/01\/13559158_513023405560420_5126376157854615368_o.jpg 1917w\" sizes=\"auto, (max-width: 1024px) 100vw, 1024px\" \/><\/figure>\n\n\n\n<figure class=\"wp-block-image size-large\"><img loading=\"lazy\" decoding=\"async\" width=\"960\" height=\"540\" data-id=\"313\" src=\"https:\/\/chasseurs5emeleger.fr\/wp-content\/uploads\/2019\/01\/FB_IMG_1471591918619.jpg\" alt=\"\" class=\"wp-image-313\" srcset=\"https:\/\/chasseurs5emeleger.fr\/wp-content\/uploads\/2019\/01\/FB_IMG_1471591918619.jpg 960w, https:\/\/chasseurs5emeleger.fr\/wp-content\/uploads\/2019\/01\/FB_IMG_1471591918619-300x169.jpg 300w, https:\/\/chasseurs5emeleger.fr\/wp-content\/uploads\/2019\/01\/FB_IMG_1471591918619-768x432.jpg 768w\" sizes=\"auto, (max-width: 960px) 100vw, 960px\" \/><\/figure>\n\n\n\n<figure class=\"wp-block-image size-large\"><img loading=\"lazy\" decoding=\"async\" width=\"960\" height=\"540\" data-id=\"314\" src=\"https:\/\/chasseurs5emeleger.fr\/wp-content\/uploads\/2019\/01\/FB_IMG_1471598646920.jpg\" alt=\"\" class=\"wp-image-314\" srcset=\"https:\/\/chasseurs5emeleger.fr\/wp-content\/uploads\/2019\/01\/FB_IMG_1471598646920.jpg 960w, https:\/\/chasseurs5emeleger.fr\/wp-content\/uploads\/2019\/01\/FB_IMG_1471598646920-300x169.jpg 300w, https:\/\/chasseurs5emeleger.fr\/wp-content\/uploads\/2019\/01\/FB_IMG_1471598646920-768x432.jpg 768w\" sizes=\"auto, (max-width: 960px) 100vw, 960px\" \/><\/figure>\n\n\n\n<figure class=\"wp-block-image size-large\"><img loading=\"lazy\" decoding=\"async\" width=\"960\" height=\"540\" data-id=\"315\" src=\"https:\/\/chasseurs5emeleger.fr\/wp-content\/uploads\/2019\/01\/FB_IMG_1471598652139.jpg\" alt=\"\" class=\"wp-image-315\" srcset=\"https:\/\/chasseurs5emeleger.fr\/wp-content\/uploads\/2019\/01\/FB_IMG_1471598652139.jpg 960w, https:\/\/chasseurs5emeleger.fr\/wp-content\/uploads\/2019\/01\/FB_IMG_1471598652139-300x169.jpg 300w, https:\/\/chasseurs5emeleger.fr\/wp-content\/uploads\/2019\/01\/FB_IMG_1471598652139-768x432.jpg 768w\" sizes=\"auto, (max-width: 960px) 100vw, 960px\" \/><\/figure>\n<\/figure>\n","protected":false},"excerpt":{"rendered":"<p>Vabres (30) 25 et 26 Juin<\/p>\n","protected":false},"author":2,"featured_media":0,"parent":1057,"menu_order":0,"comment_status":"closed","ping_status":"closed","template":"","meta":{"footnotes":""},"class_list":["post-295","page","type-page","status-publish","hentry"],"yoast_head":"<!-- This site is optimized with the Yoast SEO plugin v27.5 - https:\/\/yoast.com\/product\/yoast-seo-wordpress\/ -->\n<title>Vabres - 25 et 26 Juin 2016 &#8211; Chasseurs du 5\u00e8me R\u00e9giment d&#039;Infanterie L\u00e9g\u00e8re<\/title>\n<meta name=\"robots\" content=\"index, follow, max-snippet:-1, max-image-preview:large, max-video-preview:-1\" \/>\n<link rel=\"canonical\" href=\"https:\/\/chasseurs5emeleger.fr\/index.php\/photos\/vabres-25-et-26-juin\/\" \/>\n<meta property=\"og:locale\" content=\"fr_FR\" \/>\n<meta property=\"og:type\" content=\"article\" \/>\n<meta property=\"og:title\" content=\"Vabres - 25 et 26 Juin 2016 &#8211; Chasseurs du 5\u00e8me R\u00e9giment d&#039;Infanterie L\u00e9g\u00e8re\" \/>\n<meta property=\"og:description\" content=\"Vabres (30) 25 et 26 Juin\" \/>\n<meta property=\"og:url\" content=\"https:\/\/chasseurs5emeleger.fr\/index.php\/photos\/vabres-25-et-26-juin\/\" \/>\n<meta property=\"og:site_name\" content=\"Chasseurs du 5\u00e8me R\u00e9giment d&#039;Infanterie L\u00e9g\u00e8re\" \/>\n<meta property=\"article:publisher\" content=\"https:\/\/www.facebook.com\/chasseurs.5emeleger\/\" \/>\n<meta property=\"article:modified_time\" content=\"2023-10-10T12:40:10+00:00\" \/>\n<meta property=\"og:image\" content=\"https:\/\/chasseurs5emeleger.fr\/wp-content\/uploads\/2019\/01\/13483118_512932928902801_931277199531318037_o-1024x768.jpg\" \/>\n<script type=\"application\/ld+json\" class=\"yoast-schema-graph\">{\"@context\":\"https:\\\/\\\/schema.org\",\"@graph\":[{\"@type\":\"WebPage\",\"@id\":\"https:\\\/\\\/chasseurs5emeleger.fr\\\/index.php\\\/photos\\\/vabres-25-et-26-juin\\\/\",\"url\":\"https:\\\/\\\/chasseurs5emeleger.fr\\\/index.php\\\/photos\\\/vabres-25-et-26-juin\\\/\",\"name\":\"Vabres - 25 et 26 Juin 2016 &#8211; Chasseurs du 5\u00e8me R\u00e9giment d&#039;Infanterie L\u00e9g\u00e8re\",\"isPartOf\":{\"@id\":\"https:\\\/\\\/chasseurs5emeleger.fr\\\/#website\"},\"primaryImageOfPage\":{\"@id\":\"https:\\\/\\\/chasseurs5emeleger.fr\\\/index.php\\\/photos\\\/vabres-25-et-26-juin\\\/#primaryimage\"},\"image\":{\"@id\":\"https:\\\/\\\/chasseurs5emeleger.fr\\\/index.php\\\/photos\\\/vabres-25-et-26-juin\\\/#primaryimage\"},\"thumbnailUrl\":\"https:\\\/\\\/chasseurs5emeleger.fr\\\/wp-content\\\/uploads\\\/2019\\\/01\\\/13483118_512932928902801_931277199531318037_o-1024x768.jpg\",\"datePublished\":\"2019-01-13T16:51:43+00:00\",\"dateModified\":\"2023-10-10T12:40:10+00:00\",\"breadcrumb\":{\"@id\":\"https:\\\/\\\/chasseurs5emeleger.fr\\\/index.php\\\/photos\\\/vabres-25-et-26-juin\\\/#breadcrumb\"},\"inLanguage\":\"fr-FR\",\"potentialAction\":[{\"@type\":\"ReadAction\",\"target\":[\"https:\\\/\\\/chasseurs5emeleger.fr\\\/index.php\\\/photos\\\/vabres-25-et-26-juin\\\/\"]}]},{\"@type\":\"ImageObject\",\"inLanguage\":\"fr-FR\",\"@id\":\"https:\\\/\\\/chasseurs5emeleger.fr\\\/index.php\\\/photos\\\/vabres-25-et-26-juin\\\/#primaryimage\",\"url\":\"https:\\\/\\\/chasseurs5emeleger.fr\\\/wp-content\\\/uploads\\\/2019\\\/01\\\/13483118_512932928902801_931277199531318037_o.jpg\",\"contentUrl\":\"https:\\\/\\\/chasseurs5emeleger.fr\\\/wp-content\\\/uploads\\\/2019\\\/01\\\/13483118_512932928902801_931277199531318037_o.jpg\",\"width\":2048,\"height\":1536},{\"@type\":\"BreadcrumbList\",\"@id\":\"https:\\\/\\\/chasseurs5emeleger.fr\\\/index.php\\\/photos\\\/vabres-25-et-26-juin\\\/#breadcrumb\",\"itemListElement\":[{\"@type\":\"ListItem\",\"position\":1,\"name\":\"Accueil\",\"item\":\"https:\\\/\\\/chasseurs5emeleger.fr\\\/\"},{\"@type\":\"ListItem\",\"position\":2,\"name\":\"Photos\",\"item\":\"https:\\\/\\\/chasseurs5emeleger.fr\\\/index.php\\\/photos\\\/\"},{\"@type\":\"ListItem\",\"position\":3,\"name\":\"Vabres &#8211; 25 et 26 Juin 2016\"}]},{\"@type\":\"WebSite\",\"@id\":\"https:\\\/\\\/chasseurs5emeleger.fr\\\/#website\",\"url\":\"https:\\\/\\\/chasseurs5emeleger.fr\\\/\",\"name\":\"Chasseurs du 5\u00e8me R\u00e9giment d&#039;Infanterie L\u00e9g\u00e8re\",\"description\":\"\",\"publisher\":{\"@id\":\"https:\\\/\\\/chasseurs5emeleger.fr\\\/#organization\"},\"potentialAction\":[{\"@type\":\"SearchAction\",\"target\":{\"@type\":\"EntryPoint\",\"urlTemplate\":\"https:\\\/\\\/chasseurs5emeleger.fr\\\/?s={search_term_string}\"},\"query-input\":{\"@type\":\"PropertyValueSpecification\",\"valueRequired\":true,\"valueName\":\"search_term_string\"}}],\"inLanguage\":\"fr-FR\"},{\"@type\":\"Organization\",\"@id\":\"https:\\\/\\\/chasseurs5emeleger.fr\\\/#organization\",\"name\":\"Chasseurs du 5\u00e8me R\u00e9giment d'infanterie l\u00e9g\u00e8re\",\"url\":\"https:\\\/\\\/chasseurs5emeleger.fr\\\/\",\"logo\":{\"@type\":\"ImageObject\",\"inLanguage\":\"fr-FR\",\"@id\":\"https:\\\/\\\/chasseurs5emeleger.fr\\\/#\\\/schema\\\/logo\\\/image\\\/\",\"url\":\"https:\\\/\\\/chasseurs5emeleger.fr\\\/wp-content\\\/uploads\\\/2022\\\/04\\\/Logo-detoure-scaled.jpg\",\"contentUrl\":\"https:\\\/\\\/chasseurs5emeleger.fr\\\/wp-content\\\/uploads\\\/2022\\\/04\\\/Logo-detoure-scaled.jpg\",\"width\":2438,\"height\":2560,\"caption\":\"Chasseurs du 5\u00e8me R\u00e9giment d'infanterie l\u00e9g\u00e8re\"},\"image\":{\"@id\":\"https:\\\/\\\/chasseurs5emeleger.fr\\\/#\\\/schema\\\/logo\\\/image\\\/\"},\"sameAs\":[\"https:\\\/\\\/www.facebook.com\\\/chasseurs.5emeleger\\\/\"]}]}<\/script>\n<!-- \/ Yoast SEO plugin. -->","yoast_head_json":{"title":"Vabres - 25 et 26 Juin 2016 &#8211; Chasseurs du 5\u00e8me R\u00e9giment d&#039;Infanterie L\u00e9g\u00e8re","robots":{"index":"index","follow":"follow","max-snippet":"max-snippet:-1","max-image-preview":"max-image-preview:large","max-video-preview":"max-video-preview:-1"},"canonical":"https:\/\/chasseurs5emeleger.fr\/index.php\/photos\/vabres-25-et-26-juin\/","og_locale":"fr_FR","og_type":"article","og_title":"Vabres - 25 et 26 Juin 2016 &#8211; Chasseurs du 5\u00e8me R\u00e9giment d&#039;Infanterie L\u00e9g\u00e8re","og_description":"Vabres (30) 25 et 26 Juin","og_url":"https:\/\/chasseurs5emeleger.fr\/index.php\/photos\/vabres-25-et-26-juin\/","og_site_name":"Chasseurs du 5\u00e8me R\u00e9giment d&#039;Infanterie L\u00e9g\u00e8re","article_publisher":"https:\/\/www.facebook.com\/chasseurs.5emeleger\/","article_modified_time":"2023-10-10T12:40:10+00:00","og_image":[{"url":"https:\/\/chasseurs5emeleger.fr\/wp-content\/uploads\/2019\/01\/13483118_512932928902801_931277199531318037_o-1024x768.jpg","type":"","width":"","height":""}],"schema":{"@context":"https:\/\/schema.org","@graph":[{"@type":"WebPage","@id":"https:\/\/chasseurs5emeleger.fr\/index.php\/photos\/vabres-25-et-26-juin\/","url":"https:\/\/chasseurs5emeleger.fr\/index.php\/photos\/vabres-25-et-26-juin\/","name":"Vabres - 25 et 26 Juin 2016 &#8211; Chasseurs du 5\u00e8me R\u00e9giment d&#039;Infanterie L\u00e9g\u00e8re","isPartOf":{"@id":"https:\/\/chasseurs5emeleger.fr\/#website"},"primaryImageOfPage":{"@id":"https:\/\/chasseurs5emeleger.fr\/index.php\/photos\/vabres-25-et-26-juin\/#primaryimage"},"image":{"@id":"https:\/\/chasseurs5emeleger.fr\/index.php\/photos\/vabres-25-et-26-juin\/#primaryimage"},"thumbnailUrl":"https:\/\/chasseurs5emeleger.fr\/wp-content\/uploads\/2019\/01\/13483118_512932928902801_931277199531318037_o-1024x768.jpg","datePublished":"2019-01-13T16:51:43+00:00","dateModified":"2023-10-10T12:40:10+00:00","breadcrumb":{"@id":"https:\/\/chasseurs5emeleger.fr\/index.php\/photos\/vabres-25-et-26-juin\/#breadcrumb"},"inLanguage":"fr-FR","potentialAction":[{"@type":"ReadAction","target":["https:\/\/chasseurs5emeleger.fr\/index.php\/photos\/vabres-25-et-26-juin\/"]}]},{"@type":"ImageObject","inLanguage":"fr-FR","@id":"https:\/\/chasseurs5emeleger.fr\/index.php\/photos\/vabres-25-et-26-juin\/#primaryimage","url":"https:\/\/chasseurs5emeleger.fr\/wp-content\/uploads\/2019\/01\/13483118_512932928902801_931277199531318037_o.jpg","contentUrl":"https:\/\/chasseurs5emeleger.fr\/wp-content\/uploads\/2019\/01\/13483118_512932928902801_931277199531318037_o.jpg","width":2048,"height":1536},{"@type":"BreadcrumbList","@id":"https:\/\/chasseurs5emeleger.fr\/index.php\/photos\/vabres-25-et-26-juin\/#breadcrumb","itemListElement":[{"@type":"ListItem","position":1,"name":"Accueil","item":"https:\/\/chasseurs5emeleger.fr\/"},{"@type":"ListItem","position":2,"name":"Photos","item":"https:\/\/chasseurs5emeleger.fr\/index.php\/photos\/"},{"@type":"ListItem","position":3,"name":"Vabres &#8211; 25 et 26 Juin 2016"}]},{"@type":"WebSite","@id":"https:\/\/chasseurs5emeleger.fr\/#website","url":"https:\/\/chasseurs5emeleger.fr\/","name":"Chasseurs du 5\u00e8me R\u00e9giment d&#039;Infanterie L\u00e9g\u00e8re","description":"","publisher":{"@id":"https:\/\/chasseurs5emeleger.fr\/#organization"},"potentialAction":[{"@type":"SearchAction","target":{"@type":"EntryPoint","urlTemplate":"https:\/\/chasseurs5emeleger.fr\/?s={search_term_string}"},"query-input":{"@type":"PropertyValueSpecification","valueRequired":true,"valueName":"search_term_string"}}],"inLanguage":"fr-FR"},{"@type":"Organization","@id":"https:\/\/chasseurs5emeleger.fr\/#organization","name":"Chasseurs du 5\u00e8me R\u00e9giment d'infanterie l\u00e9g\u00e8re","url":"https:\/\/chasseurs5emeleger.fr\/","logo":{"@type":"ImageObject","inLanguage":"fr-FR","@id":"https:\/\/chasseurs5emeleger.fr\/#\/schema\/logo\/image\/","url":"https:\/\/chasseurs5emeleger.fr\/wp-content\/uploads\/2022\/04\/Logo-detoure-scaled.jpg","contentUrl":"https:\/\/chasseurs5emeleger.fr\/wp-content\/uploads\/2022\/04\/Logo-detoure-scaled.jpg","width":2438,"height":2560,"caption":"Chasseurs du 5\u00e8me R\u00e9giment d'infanterie l\u00e9g\u00e8re"},"image":{"@id":"https:\/\/chasseurs5emeleger.fr\/#\/schema\/logo\/image\/"},"sameAs":["https:\/\/www.facebook.com\/chasseurs.5emeleger\/"]}]}},"_links":{"self":[{"href":"https:\/\/chasseurs5emeleger.fr\/index.php\/wp-json\/wp\/v2\/pages\/295","targetHints":{"allow":["GET"]}}],"collection":[{"href":"https:\/\/chasseurs5emeleger.fr\/index.php\/wp-json\/wp\/v2\/pages"}],"about":[{"href":"https:\/\/chasseurs5emeleger.fr\/index.php\/wp-json\/wp\/v2\/types\/page"}],"author":[{"embeddable":true,"href":"https:\/\/chasseurs5emeleger.fr\/index.php\/wp-json\/wp\/v2\/users\/2"}],"replies":[{"embeddable":true,"href":"https:\/\/chasseurs5emeleger.fr\/index.php\/wp-json\/wp\/v2\/comments?post=295"}],"version-history":[{"count":5,"href":"https:\/\/chasseurs5emeleger.fr\/index.php\/wp-json\/wp\/v2\/pages\/295\/revisions"}],"predecessor-version":[{"id":5280,"href":"https:\/\/chasseurs5emeleger.fr\/index.php\/wp-json\/wp\/v2\/pages\/295\/revisions\/5280"}],"up":[{"embeddable":true,"href":"https:\/\/chasseurs5emeleger.fr\/index.php\/wp-json\/wp\/v2\/pages\/1057"}],"wp:attachment":[{"href":"https:\/\/chasseurs5emeleger.fr\/index.php\/wp-json\/wp\/v2\/media?parent=295"}],"curies":[{"name":"wp","href":"https:\/\/api.w.org\/{rel}","templated":true}]}}