{"id":3222,"date":"2022-08-17T11:23:52","date_gmt":"2022-08-17T09:23:52","guid":{"rendered":"https:\/\/chasseurs5emeleger.fr\/?page_id=3222"},"modified":"2022-08-17T11:23:52","modified_gmt":"2022-08-17T09:23:52","slug":"saint-raphael-18-et-19-septembre-2021","status":"publish","type":"page","link":"https:\/\/chasseurs5emeleger.fr\/index.php\/photos\/saint-raphael-18-et-19-septembre-2021\/","title":{"rendered":"Saint-Rapha\u00ebl &#8211; 18 et 19 Septembre 2021"},"content":{"rendered":"\n<p class=\"has-text-align-center has-text-color has-large-font-size\" style=\"color:#000794\">Saint-Rapha\u00ebl (83) &#8211; 18 et 19 Septembre <\/p>\n\n\n\n<figure class=\"wp-block-gallery has-nested-images columns-2 wp-block-gallery-1 is-layout-flex wp-block-gallery-is-layout-flex\">\n<figure class=\"wp-block-image size-large\"><img loading=\"lazy\" decoding=\"async\" width=\"960\" height=\"781\" data-id=\"3223\" src=\"https:\/\/chasseurs5emeleger.fr\/wp-content\/uploads\/2022\/08\/1-1.jpeg\" alt=\"\" class=\"wp-image-3223\" srcset=\"https:\/\/chasseurs5emeleger.fr\/wp-content\/uploads\/2022\/08\/1-1.jpeg 960w, https:\/\/chasseurs5emeleger.fr\/wp-content\/uploads\/2022\/08\/1-1-300x244.jpeg 300w, https:\/\/chasseurs5emeleger.fr\/wp-content\/uploads\/2022\/08\/1-1-768x625.jpeg 768w\" sizes=\"auto, (max-width: 960px) 100vw, 960px\" \/><\/figure>\n\n\n\n<figure class=\"wp-block-image size-large\"><img loading=\"lazy\" decoding=\"async\" width=\"960\" height=\"640\" data-id=\"3224\" src=\"https:\/\/chasseurs5emeleger.fr\/wp-content\/uploads\/2022\/08\/2-4.jpeg\" alt=\"\" class=\"wp-image-3224\" srcset=\"https:\/\/chasseurs5emeleger.fr\/wp-content\/uploads\/2022\/08\/2-4.jpeg 960w, https:\/\/chasseurs5emeleger.fr\/wp-content\/uploads\/2022\/08\/2-4-300x200.jpeg 300w, https:\/\/chasseurs5emeleger.fr\/wp-content\/uploads\/2022\/08\/2-4-768x512.jpeg 768w\" sizes=\"auto, (max-width: 960px) 100vw, 960px\" \/><\/figure>\n\n\n\n<figure class=\"wp-block-image size-large\"><img loading=\"lazy\" decoding=\"async\" width=\"960\" height=\"640\" data-id=\"3230\" src=\"https:\/\/chasseurs5emeleger.fr\/wp-content\/uploads\/2022\/08\/3-2.jpeg\" alt=\"\" class=\"wp-image-3230\" srcset=\"https:\/\/chasseurs5emeleger.fr\/wp-content\/uploads\/2022\/08\/3-2.jpeg 960w, https:\/\/chasseurs5emeleger.fr\/wp-content\/uploads\/2022\/08\/3-2-300x200.jpeg 300w, https:\/\/chasseurs5emeleger.fr\/wp-content\/uploads\/2022\/08\/3-2-768x512.jpeg 768w\" sizes=\"auto, (max-width: 960px) 100vw, 960px\" \/><\/figure>\n\n\n\n<figure class=\"wp-block-image size-large\"><img loading=\"lazy\" decoding=\"async\" width=\"960\" height=\"626\" data-id=\"3226\" src=\"https:\/\/chasseurs5emeleger.fr\/wp-content\/uploads\/2022\/08\/4-2.jpeg\" alt=\"\" class=\"wp-image-3226\" srcset=\"https:\/\/chasseurs5emeleger.fr\/wp-content\/uploads\/2022\/08\/4-2.jpeg 960w, https:\/\/chasseurs5emeleger.fr\/wp-content\/uploads\/2022\/08\/4-2-300x196.jpeg 300w, https:\/\/chasseurs5emeleger.fr\/wp-content\/uploads\/2022\/08\/4-2-768x501.jpeg 768w\" sizes=\"auto, (max-width: 960px) 100vw, 960px\" \/><\/figure>\n\n\n\n<figure class=\"wp-block-image size-large\"><img loading=\"lazy\" decoding=\"async\" width=\"646\" height=\"1024\" data-id=\"3233\" src=\"https:\/\/chasseurs5emeleger.fr\/wp-content\/uploads\/2022\/08\/6-646x1024.jpg\" alt=\"\" class=\"wp-image-3233\" srcset=\"https:\/\/chasseurs5emeleger.fr\/wp-content\/uploads\/2022\/08\/6-646x1024.jpg 646w, https:\/\/chasseurs5emeleger.fr\/wp-content\/uploads\/2022\/08\/6-189x300.jpg 189w, https:\/\/chasseurs5emeleger.fr\/wp-content\/uploads\/2022\/08\/6-768x1218.jpg 768w, https:\/\/chasseurs5emeleger.fr\/wp-content\/uploads\/2022\/08\/6-969x1536.jpg 969w, https:\/\/chasseurs5emeleger.fr\/wp-content\/uploads\/2022\/08\/6-1292x2048.jpg 1292w, https:\/\/chasseurs5emeleger.fr\/wp-content\/uploads\/2022\/08\/6-scaled.jpg 1615w\" sizes=\"auto, (max-width: 646px) 100vw, 646px\" \/><\/figure>\n\n\n\n<figure class=\"wp-block-image size-large\"><img loading=\"lazy\" decoding=\"async\" width=\"640\" height=\"960\" data-id=\"3231\" src=\"https:\/\/chasseurs5emeleger.fr\/wp-content\/uploads\/2022\/08\/11-1.jpeg\" alt=\"\" class=\"wp-image-3231\" srcset=\"https:\/\/chasseurs5emeleger.fr\/wp-content\/uploads\/2022\/08\/11-1.jpeg 640w, https:\/\/chasseurs5emeleger.fr\/wp-content\/uploads\/2022\/08\/11-1-200x300.jpeg 200w\" sizes=\"auto, (max-width: 640px) 100vw, 640px\" \/><\/figure>\n\n\n\n<figure class=\"wp-block-image size-large\"><img loading=\"lazy\" decoding=\"async\" width=\"960\" height=\"702\" data-id=\"3225\" src=\"https:\/\/chasseurs5emeleger.fr\/wp-content\/uploads\/2022\/08\/5-2.jpeg\" alt=\"\" class=\"wp-image-3225\" srcset=\"https:\/\/chasseurs5emeleger.fr\/wp-content\/uploads\/2022\/08\/5-2.jpeg 960w, https:\/\/chasseurs5emeleger.fr\/wp-content\/uploads\/2022\/08\/5-2-300x219.jpeg 300w, https:\/\/chasseurs5emeleger.fr\/wp-content\/uploads\/2022\/08\/5-2-768x562.jpeg 768w\" sizes=\"auto, (max-width: 960px) 100vw, 960px\" \/><\/figure>\n\n\n\n<figure class=\"wp-block-image size-large\"><img loading=\"lazy\" decoding=\"async\" width=\"960\" height=\"682\" data-id=\"3229\" src=\"https:\/\/chasseurs5emeleger.fr\/wp-content\/uploads\/2022\/08\/7-2.jpeg\" alt=\"\" class=\"wp-image-3229\" srcset=\"https:\/\/chasseurs5emeleger.fr\/wp-content\/uploads\/2022\/08\/7-2.jpeg 960w, https:\/\/chasseurs5emeleger.fr\/wp-content\/uploads\/2022\/08\/7-2-300x213.jpeg 300w, https:\/\/chasseurs5emeleger.fr\/wp-content\/uploads\/2022\/08\/7-2-768x546.jpeg 768w\" sizes=\"auto, (max-width: 960px) 100vw, 960px\" \/><\/figure>\n\n\n\n<figure class=\"wp-block-image size-large\"><img loading=\"lazy\" decoding=\"async\" width=\"960\" height=\"683\" data-id=\"3228\" src=\"https:\/\/chasseurs5emeleger.fr\/wp-content\/uploads\/2022\/08\/8-1.jpeg\" alt=\"\" class=\"wp-image-3228\" srcset=\"https:\/\/chasseurs5emeleger.fr\/wp-content\/uploads\/2022\/08\/8-1.jpeg 960w, https:\/\/chasseurs5emeleger.fr\/wp-content\/uploads\/2022\/08\/8-1-300x213.jpeg 300w, https:\/\/chasseurs5emeleger.fr\/wp-content\/uploads\/2022\/08\/8-1-768x546.jpeg 768w\" sizes=\"auto, (max-width: 960px) 100vw, 960px\" \/><\/figure>\n\n\n\n<figure class=\"wp-block-image size-large\"><img loading=\"lazy\" decoding=\"async\" width=\"960\" height=\"640\" data-id=\"3227\" src=\"https:\/\/chasseurs5emeleger.fr\/wp-content\/uploads\/2022\/08\/9-1.jpeg\" alt=\"\" class=\"wp-image-3227\" srcset=\"https:\/\/chasseurs5emeleger.fr\/wp-content\/uploads\/2022\/08\/9-1.jpeg 960w, https:\/\/chasseurs5emeleger.fr\/wp-content\/uploads\/2022\/08\/9-1-300x200.jpeg 300w, https:\/\/chasseurs5emeleger.fr\/wp-content\/uploads\/2022\/08\/9-1-768x512.jpeg 768w\" sizes=\"auto, (max-width: 960px) 100vw, 960px\" \/><\/figure>\n\n\n\n<figure class=\"wp-block-image size-large\"><img loading=\"lazy\" decoding=\"async\" width=\"1024\" height=\"497\" data-id=\"3232\" src=\"https:\/\/chasseurs5emeleger.fr\/wp-content\/uploads\/2022\/08\/10-1-1024x497.jpg\" alt=\"\" class=\"wp-image-3232\" srcset=\"https:\/\/chasseurs5emeleger.fr\/wp-content\/uploads\/2022\/08\/10-1-1024x497.jpg 1024w, https:\/\/chasseurs5emeleger.fr\/wp-content\/uploads\/2022\/08\/10-1-300x146.jpg 300w, https:\/\/chasseurs5emeleger.fr\/wp-content\/uploads\/2022\/08\/10-1-768x373.jpg 768w, https:\/\/chasseurs5emeleger.fr\/wp-content\/uploads\/2022\/08\/10-1.jpg 1080w\" sizes=\"auto, (max-width: 1024px) 100vw, 1024px\" \/><\/figure>\n<\/figure>\n","protected":false},"excerpt":{"rendered":"<p>Saint-Rapha\u00ebl (83) &#8211; 18 et 19 Septembre<\/p>\n","protected":false},"author":2,"featured_media":0,"parent":1057,"menu_order":0,"comment_status":"closed","ping_status":"closed","template":"","meta":{"footnotes":""},"class_list":["post-3222","page","type-page","status-publish","hentry"],"yoast_head":"<!-- This site is optimized with the Yoast SEO plugin v27.5 - https:\/\/yoast.com\/product\/yoast-seo-wordpress\/ -->\n<title>Saint-Rapha\u00ebl - 18 et 19 Septembre 2021 &#8211; Chasseurs du 5\u00e8me R\u00e9giment d&#039;Infanterie L\u00e9g\u00e8re<\/title>\n<meta name=\"robots\" content=\"index, follow, max-snippet:-1, max-image-preview:large, max-video-preview:-1\" \/>\n<link rel=\"canonical\" href=\"https:\/\/chasseurs5emeleger.fr\/index.php\/photos\/saint-raphael-18-et-19-septembre-2021\/\" \/>\n<meta property=\"og:locale\" content=\"fr_FR\" \/>\n<meta property=\"og:type\" content=\"article\" \/>\n<meta property=\"og:title\" content=\"Saint-Rapha\u00ebl - 18 et 19 Septembre 2021 &#8211; Chasseurs du 5\u00e8me R\u00e9giment d&#039;Infanterie L\u00e9g\u00e8re\" \/>\n<meta property=\"og:description\" content=\"Saint-Rapha\u00ebl (83) &#8211; 18 et 19 Septembre\" \/>\n<meta property=\"og:url\" content=\"https:\/\/chasseurs5emeleger.fr\/index.php\/photos\/saint-raphael-18-et-19-septembre-2021\/\" \/>\n<meta property=\"og:site_name\" content=\"Chasseurs du 5\u00e8me R\u00e9giment d&#039;Infanterie L\u00e9g\u00e8re\" \/>\n<meta property=\"article:publisher\" content=\"https:\/\/www.facebook.com\/chasseurs.5emeleger\/\" \/>\n<meta property=\"og:image\" content=\"https:\/\/chasseurs5emeleger.fr\/wp-content\/uploads\/2022\/08\/1-1.jpeg\" \/>\n<script type=\"application\/ld+json\" class=\"yoast-schema-graph\">{\"@context\":\"https:\\\/\\\/schema.org\",\"@graph\":[{\"@type\":\"WebPage\",\"@id\":\"https:\\\/\\\/chasseurs5emeleger.fr\\\/index.php\\\/photos\\\/saint-raphael-18-et-19-septembre-2021\\\/\",\"url\":\"https:\\\/\\\/chasseurs5emeleger.fr\\\/index.php\\\/photos\\\/saint-raphael-18-et-19-septembre-2021\\\/\",\"name\":\"Saint-Rapha\u00ebl - 18 et 19 Septembre 2021 &#8211; Chasseurs du 5\u00e8me R\u00e9giment d&#039;Infanterie L\u00e9g\u00e8re\",\"isPartOf\":{\"@id\":\"https:\\\/\\\/chasseurs5emeleger.fr\\\/#website\"},\"primaryImageOfPage\":{\"@id\":\"https:\\\/\\\/chasseurs5emeleger.fr\\\/index.php\\\/photos\\\/saint-raphael-18-et-19-septembre-2021\\\/#primaryimage\"},\"image\":{\"@id\":\"https:\\\/\\\/chasseurs5emeleger.fr\\\/index.php\\\/photos\\\/saint-raphael-18-et-19-septembre-2021\\\/#primaryimage\"},\"thumbnailUrl\":\"https:\\\/\\\/chasseurs5emeleger.fr\\\/wp-content\\\/uploads\\\/2022\\\/08\\\/1-1.jpeg\",\"datePublished\":\"2022-08-17T09:23:52+00:00\",\"breadcrumb\":{\"@id\":\"https:\\\/\\\/chasseurs5emeleger.fr\\\/index.php\\\/photos\\\/saint-raphael-18-et-19-septembre-2021\\\/#breadcrumb\"},\"inLanguage\":\"fr-FR\",\"potentialAction\":[{\"@type\":\"ReadAction\",\"target\":[\"https:\\\/\\\/chasseurs5emeleger.fr\\\/index.php\\\/photos\\\/saint-raphael-18-et-19-septembre-2021\\\/\"]}]},{\"@type\":\"ImageObject\",\"inLanguage\":\"fr-FR\",\"@id\":\"https:\\\/\\\/chasseurs5emeleger.fr\\\/index.php\\\/photos\\\/saint-raphael-18-et-19-septembre-2021\\\/#primaryimage\",\"url\":\"https:\\\/\\\/chasseurs5emeleger.fr\\\/wp-content\\\/uploads\\\/2022\\\/08\\\/1-1.jpeg\",\"contentUrl\":\"https:\\\/\\\/chasseurs5emeleger.fr\\\/wp-content\\\/uploads\\\/2022\\\/08\\\/1-1.jpeg\",\"width\":960,\"height\":781},{\"@type\":\"BreadcrumbList\",\"@id\":\"https:\\\/\\\/chasseurs5emeleger.fr\\\/index.php\\\/photos\\\/saint-raphael-18-et-19-septembre-2021\\\/#breadcrumb\",\"itemListElement\":[{\"@type\":\"ListItem\",\"position\":1,\"name\":\"Accueil\",\"item\":\"https:\\\/\\\/chasseurs5emeleger.fr\\\/\"},{\"@type\":\"ListItem\",\"position\":2,\"name\":\"Photos\",\"item\":\"https:\\\/\\\/chasseurs5emeleger.fr\\\/index.php\\\/photos\\\/\"},{\"@type\":\"ListItem\",\"position\":3,\"name\":\"Saint-Rapha\u00ebl &#8211; 18 et 19 Septembre 2021\"}]},{\"@type\":\"WebSite\",\"@id\":\"https:\\\/\\\/chasseurs5emeleger.fr\\\/#website\",\"url\":\"https:\\\/\\\/chasseurs5emeleger.fr\\\/\",\"name\":\"Chasseurs du 5\u00e8me R\u00e9giment d&#039;Infanterie L\u00e9g\u00e8re\",\"description\":\"\",\"publisher\":{\"@id\":\"https:\\\/\\\/chasseurs5emeleger.fr\\\/#organization\"},\"potentialAction\":[{\"@type\":\"SearchAction\",\"target\":{\"@type\":\"EntryPoint\",\"urlTemplate\":\"https:\\\/\\\/chasseurs5emeleger.fr\\\/?s={search_term_string}\"},\"query-input\":{\"@type\":\"PropertyValueSpecification\",\"valueRequired\":true,\"valueName\":\"search_term_string\"}}],\"inLanguage\":\"fr-FR\"},{\"@type\":\"Organization\",\"@id\":\"https:\\\/\\\/chasseurs5emeleger.fr\\\/#organization\",\"name\":\"Chasseurs du 5\u00e8me R\u00e9giment d'infanterie l\u00e9g\u00e8re\",\"url\":\"https:\\\/\\\/chasseurs5emeleger.fr\\\/\",\"logo\":{\"@type\":\"ImageObject\",\"inLanguage\":\"fr-FR\",\"@id\":\"https:\\\/\\\/chasseurs5emeleger.fr\\\/#\\\/schema\\\/logo\\\/image\\\/\",\"url\":\"https:\\\/\\\/chasseurs5emeleger.fr\\\/wp-content\\\/uploads\\\/2022\\\/04\\\/Logo-detoure-scaled.jpg\",\"contentUrl\":\"https:\\\/\\\/chasseurs5emeleger.fr\\\/wp-content\\\/uploads\\\/2022\\\/04\\\/Logo-detoure-scaled.jpg\",\"width\":2438,\"height\":2560,\"caption\":\"Chasseurs du 5\u00e8me R\u00e9giment d'infanterie l\u00e9g\u00e8re\"},\"image\":{\"@id\":\"https:\\\/\\\/chasseurs5emeleger.fr\\\/#\\\/schema\\\/logo\\\/image\\\/\"},\"sameAs\":[\"https:\\\/\\\/www.facebook.com\\\/chasseurs.5emeleger\\\/\"]}]}<\/script>\n<!-- \/ Yoast SEO plugin. -->","yoast_head_json":{"title":"Saint-Rapha\u00ebl - 18 et 19 Septembre 2021 &#8211; Chasseurs du 5\u00e8me R\u00e9giment d&#039;Infanterie L\u00e9g\u00e8re","robots":{"index":"index","follow":"follow","max-snippet":"max-snippet:-1","max-image-preview":"max-image-preview:large","max-video-preview":"max-video-preview:-1"},"canonical":"https:\/\/chasseurs5emeleger.fr\/index.php\/photos\/saint-raphael-18-et-19-septembre-2021\/","og_locale":"fr_FR","og_type":"article","og_title":"Saint-Rapha\u00ebl - 18 et 19 Septembre 2021 &#8211; Chasseurs du 5\u00e8me R\u00e9giment d&#039;Infanterie L\u00e9g\u00e8re","og_description":"Saint-Rapha\u00ebl (83) &#8211; 18 et 19 Septembre","og_url":"https:\/\/chasseurs5emeleger.fr\/index.php\/photos\/saint-raphael-18-et-19-septembre-2021\/","og_site_name":"Chasseurs du 5\u00e8me R\u00e9giment d&#039;Infanterie L\u00e9g\u00e8re","article_publisher":"https:\/\/www.facebook.com\/chasseurs.5emeleger\/","og_image":[{"url":"https:\/\/chasseurs5emeleger.fr\/wp-content\/uploads\/2022\/08\/1-1.jpeg","type":"","width":"","height":""}],"schema":{"@context":"https:\/\/schema.org","@graph":[{"@type":"WebPage","@id":"https:\/\/chasseurs5emeleger.fr\/index.php\/photos\/saint-raphael-18-et-19-septembre-2021\/","url":"https:\/\/chasseurs5emeleger.fr\/index.php\/photos\/saint-raphael-18-et-19-septembre-2021\/","name":"Saint-Rapha\u00ebl - 18 et 19 Septembre 2021 &#8211; Chasseurs du 5\u00e8me R\u00e9giment d&#039;Infanterie L\u00e9g\u00e8re","isPartOf":{"@id":"https:\/\/chasseurs5emeleger.fr\/#website"},"primaryImageOfPage":{"@id":"https:\/\/chasseurs5emeleger.fr\/index.php\/photos\/saint-raphael-18-et-19-septembre-2021\/#primaryimage"},"image":{"@id":"https:\/\/chasseurs5emeleger.fr\/index.php\/photos\/saint-raphael-18-et-19-septembre-2021\/#primaryimage"},"thumbnailUrl":"https:\/\/chasseurs5emeleger.fr\/wp-content\/uploads\/2022\/08\/1-1.jpeg","datePublished":"2022-08-17T09:23:52+00:00","breadcrumb":{"@id":"https:\/\/chasseurs5emeleger.fr\/index.php\/photos\/saint-raphael-18-et-19-septembre-2021\/#breadcrumb"},"inLanguage":"fr-FR","potentialAction":[{"@type":"ReadAction","target":["https:\/\/chasseurs5emeleger.fr\/index.php\/photos\/saint-raphael-18-et-19-septembre-2021\/"]}]},{"@type":"ImageObject","inLanguage":"fr-FR","@id":"https:\/\/chasseurs5emeleger.fr\/index.php\/photos\/saint-raphael-18-et-19-septembre-2021\/#primaryimage","url":"https:\/\/chasseurs5emeleger.fr\/wp-content\/uploads\/2022\/08\/1-1.jpeg","contentUrl":"https:\/\/chasseurs5emeleger.fr\/wp-content\/uploads\/2022\/08\/1-1.jpeg","width":960,"height":781},{"@type":"BreadcrumbList","@id":"https:\/\/chasseurs5emeleger.fr\/index.php\/photos\/saint-raphael-18-et-19-septembre-2021\/#breadcrumb","itemListElement":[{"@type":"ListItem","position":1,"name":"Accueil","item":"https:\/\/chasseurs5emeleger.fr\/"},{"@type":"ListItem","position":2,"name":"Photos","item":"https:\/\/chasseurs5emeleger.fr\/index.php\/photos\/"},{"@type":"ListItem","position":3,"name":"Saint-Rapha\u00ebl &#8211; 18 et 19 Septembre 2021"}]},{"@type":"WebSite","@id":"https:\/\/chasseurs5emeleger.fr\/#website","url":"https:\/\/chasseurs5emeleger.fr\/","name":"Chasseurs du 5\u00e8me R\u00e9giment d&#039;Infanterie L\u00e9g\u00e8re","description":"","publisher":{"@id":"https:\/\/chasseurs5emeleger.fr\/#organization"},"potentialAction":[{"@type":"SearchAction","target":{"@type":"EntryPoint","urlTemplate":"https:\/\/chasseurs5emeleger.fr\/?s={search_term_string}"},"query-input":{"@type":"PropertyValueSpecification","valueRequired":true,"valueName":"search_term_string"}}],"inLanguage":"fr-FR"},{"@type":"Organization","@id":"https:\/\/chasseurs5emeleger.fr\/#organization","name":"Chasseurs du 5\u00e8me R\u00e9giment d'infanterie l\u00e9g\u00e8re","url":"https:\/\/chasseurs5emeleger.fr\/","logo":{"@type":"ImageObject","inLanguage":"fr-FR","@id":"https:\/\/chasseurs5emeleger.fr\/#\/schema\/logo\/image\/","url":"https:\/\/chasseurs5emeleger.fr\/wp-content\/uploads\/2022\/04\/Logo-detoure-scaled.jpg","contentUrl":"https:\/\/chasseurs5emeleger.fr\/wp-content\/uploads\/2022\/04\/Logo-detoure-scaled.jpg","width":2438,"height":2560,"caption":"Chasseurs du 5\u00e8me R\u00e9giment d'infanterie l\u00e9g\u00e8re"},"image":{"@id":"https:\/\/chasseurs5emeleger.fr\/#\/schema\/logo\/image\/"},"sameAs":["https:\/\/www.facebook.com\/chasseurs.5emeleger\/"]}]}},"_links":{"self":[{"href":"https:\/\/chasseurs5emeleger.fr\/index.php\/wp-json\/wp\/v2\/pages\/3222","targetHints":{"allow":["GET"]}}],"collection":[{"href":"https:\/\/chasseurs5emeleger.fr\/index.php\/wp-json\/wp\/v2\/pages"}],"about":[{"href":"https:\/\/chasseurs5emeleger.fr\/index.php\/wp-json\/wp\/v2\/types\/page"}],"author":[{"embeddable":true,"href":"https:\/\/chasseurs5emeleger.fr\/index.php\/wp-json\/wp\/v2\/users\/2"}],"replies":[{"embeddable":true,"href":"https:\/\/chasseurs5emeleger.fr\/index.php\/wp-json\/wp\/v2\/comments?post=3222"}],"version-history":[{"count":1,"href":"https:\/\/chasseurs5emeleger.fr\/index.php\/wp-json\/wp\/v2\/pages\/3222\/revisions"}],"predecessor-version":[{"id":3234,"href":"https:\/\/chasseurs5emeleger.fr\/index.php\/wp-json\/wp\/v2\/pages\/3222\/revisions\/3234"}],"up":[{"embeddable":true,"href":"https:\/\/chasseurs5emeleger.fr\/index.php\/wp-json\/wp\/v2\/pages\/1057"}],"wp:attachment":[{"href":"https:\/\/chasseurs5emeleger.fr\/index.php\/wp-json\/wp\/v2\/media?parent=3222"}],"curies":[{"name":"wp","href":"https:\/\/api.w.org\/{rel}","templated":true}]}}