{"id":3237,"date":"2022-08-17T11:39:01","date_gmt":"2022-08-17T09:39:01","guid":{"rendered":"https:\/\/chasseurs5emeleger.fr\/?page_id=3237"},"modified":"2022-08-17T11:39:01","modified_gmt":"2022-08-17T09:39:01","slug":"marseille-5-decembre-2021","status":"publish","type":"page","link":"https:\/\/chasseurs5emeleger.fr\/index.php\/photos\/marseille-5-decembre-2021\/","title":{"rendered":"Marseille &#8211; 5 D\u00e9cembre 2021"},"content":{"rendered":"\n<p class=\"has-text-align-center has-text-color has-large-font-size\" style=\"color:#000794\">Marseille (13) &#8211; 5 D\u00e9cembre 2021<\/p>\n\n\n\n<p class=\"has-text-align-center has-text-color has-medium-font-size\" style=\"color:#000794\">C\u00e9r\u00e9monie pour le bicentenaire de la mort de l&#8217;Empereur<\/p>\n\n\n\n<figure class=\"wp-block-gallery has-nested-images columns-2 wp-block-gallery-1 is-layout-flex wp-block-gallery-is-layout-flex\">\n<figure class=\"wp-block-image size-large\"><img loading=\"lazy\" decoding=\"async\" width=\"1024\" height=\"771\" data-id=\"3248\" src=\"https:\/\/chasseurs5emeleger.fr\/wp-content\/uploads\/2022\/08\/1-2-1024x771.jpeg\" alt=\"\" class=\"wp-image-3248\" srcset=\"https:\/\/chasseurs5emeleger.fr\/wp-content\/uploads\/2022\/08\/1-2-1024x771.jpeg 1024w, https:\/\/chasseurs5emeleger.fr\/wp-content\/uploads\/2022\/08\/1-2-300x226.jpeg 300w, https:\/\/chasseurs5emeleger.fr\/wp-content\/uploads\/2022\/08\/1-2-768x578.jpeg 768w, https:\/\/chasseurs5emeleger.fr\/wp-content\/uploads\/2022\/08\/1-2-1536x1157.jpeg 1536w, https:\/\/chasseurs5emeleger.fr\/wp-content\/uploads\/2022\/08\/1-2-2048x1542.jpeg 2048w\" sizes=\"auto, (max-width: 1024px) 100vw, 1024px\" \/><\/figure>\n\n\n\n<figure class=\"wp-block-image size-large\"><img loading=\"lazy\" decoding=\"async\" width=\"1024\" height=\"771\" data-id=\"3249\" src=\"https:\/\/chasseurs5emeleger.fr\/wp-content\/uploads\/2022\/08\/2-5-1024x771.jpeg\" alt=\"\" class=\"wp-image-3249\" srcset=\"https:\/\/chasseurs5emeleger.fr\/wp-content\/uploads\/2022\/08\/2-5-1024x771.jpeg 1024w, https:\/\/chasseurs5emeleger.fr\/wp-content\/uploads\/2022\/08\/2-5-300x226.jpeg 300w, https:\/\/chasseurs5emeleger.fr\/wp-content\/uploads\/2022\/08\/2-5-768x578.jpeg 768w, https:\/\/chasseurs5emeleger.fr\/wp-content\/uploads\/2022\/08\/2-5-1536x1157.jpeg 1536w, https:\/\/chasseurs5emeleger.fr\/wp-content\/uploads\/2022\/08\/2-5-2048x1542.jpeg 2048w\" sizes=\"auto, (max-width: 1024px) 100vw, 1024px\" \/><\/figure>\n\n\n\n<figure class=\"wp-block-image size-large\"><img loading=\"lazy\" decoding=\"async\" width=\"916\" height=\"687\" data-id=\"3238\" src=\"https:\/\/chasseurs5emeleger.fr\/wp-content\/uploads\/2022\/08\/3-3.jpeg\" alt=\"\" class=\"wp-image-3238\" srcset=\"https:\/\/chasseurs5emeleger.fr\/wp-content\/uploads\/2022\/08\/3-3.jpeg 916w, https:\/\/chasseurs5emeleger.fr\/wp-content\/uploads\/2022\/08\/3-3-300x225.jpeg 300w, https:\/\/chasseurs5emeleger.fr\/wp-content\/uploads\/2022\/08\/3-3-768x576.jpeg 768w\" sizes=\"auto, (max-width: 916px) 100vw, 916px\" \/><\/figure>\n\n\n\n<figure class=\"wp-block-image size-large\"><img loading=\"lazy\" decoding=\"async\" width=\"768\" height=\"1024\" data-id=\"3255\" src=\"https:\/\/chasseurs5emeleger.fr\/wp-content\/uploads\/2022\/08\/4-3-768x1024.jpeg\" alt=\"\" class=\"wp-image-3255\" srcset=\"https:\/\/chasseurs5emeleger.fr\/wp-content\/uploads\/2022\/08\/4-3-768x1024.jpeg 768w, https:\/\/chasseurs5emeleger.fr\/wp-content\/uploads\/2022\/08\/4-3-225x300.jpeg 225w, https:\/\/chasseurs5emeleger.fr\/wp-content\/uploads\/2022\/08\/4-3-1152x1536.jpeg 1152w, https:\/\/chasseurs5emeleger.fr\/wp-content\/uploads\/2022\/08\/4-3-1536x2048.jpeg 1536w, https:\/\/chasseurs5emeleger.fr\/wp-content\/uploads\/2022\/08\/4-3-scaled.jpeg 1920w\" sizes=\"auto, (max-width: 768px) 100vw, 768px\" \/><\/figure>\n\n\n\n<figure class=\"wp-block-image size-large\"><img loading=\"lazy\" decoding=\"async\" width=\"720\" height=\"960\" data-id=\"3242\" src=\"https:\/\/chasseurs5emeleger.fr\/wp-content\/uploads\/2022\/08\/5-3.jpeg\" alt=\"\" class=\"wp-image-3242\" srcset=\"https:\/\/chasseurs5emeleger.fr\/wp-content\/uploads\/2022\/08\/5-3.jpeg 720w, https:\/\/chasseurs5emeleger.fr\/wp-content\/uploads\/2022\/08\/5-3-225x300.jpeg 225w\" sizes=\"auto, (max-width: 720px) 100vw, 720px\" \/><\/figure>\n\n\n\n<figure class=\"wp-block-image size-large\"><img loading=\"lazy\" decoding=\"async\" width=\"771\" height=\"1024\" data-id=\"3254\" src=\"https:\/\/chasseurs5emeleger.fr\/wp-content\/uploads\/2022\/08\/6-2-771x1024.jpeg\" alt=\"\" class=\"wp-image-3254\" srcset=\"https:\/\/chasseurs5emeleger.fr\/wp-content\/uploads\/2022\/08\/6-2-771x1024.jpeg 771w, https:\/\/chasseurs5emeleger.fr\/wp-content\/uploads\/2022\/08\/6-2-226x300.jpeg 226w, https:\/\/chasseurs5emeleger.fr\/wp-content\/uploads\/2022\/08\/6-2-768x1020.jpeg 768w, https:\/\/chasseurs5emeleger.fr\/wp-content\/uploads\/2022\/08\/6-2-1157x1536.jpeg 1157w, https:\/\/chasseurs5emeleger.fr\/wp-content\/uploads\/2022\/08\/6-2-1542x2048.jpeg 1542w, https:\/\/chasseurs5emeleger.fr\/wp-content\/uploads\/2022\/08\/6-2-scaled.jpeg 1928w\" sizes=\"auto, (max-width: 771px) 100vw, 771px\" \/><\/figure>\n\n\n\n<figure class=\"wp-block-image size-large\"><img loading=\"lazy\" decoding=\"async\" width=\"615\" height=\"1024\" data-id=\"3245\" src=\"https:\/\/chasseurs5emeleger.fr\/wp-content\/uploads\/2022\/08\/8-2-615x1024.jpeg\" alt=\"\" class=\"wp-image-3245\" srcset=\"https:\/\/chasseurs5emeleger.fr\/wp-content\/uploads\/2022\/08\/8-2-615x1024.jpeg 615w, https:\/\/chasseurs5emeleger.fr\/wp-content\/uploads\/2022\/08\/8-2-180x300.jpeg 180w, https:\/\/chasseurs5emeleger.fr\/wp-content\/uploads\/2022\/08\/8-2-768x1279.jpeg 768w, https:\/\/chasseurs5emeleger.fr\/wp-content\/uploads\/2022\/08\/8-2-923x1536.jpeg 923w, https:\/\/chasseurs5emeleger.fr\/wp-content\/uploads\/2022\/08\/8-2-1230x2048.jpeg 1230w, https:\/\/chasseurs5emeleger.fr\/wp-content\/uploads\/2022\/08\/8-2.jpeg 1384w\" sizes=\"auto, (max-width: 615px) 100vw, 615px\" \/><\/figure>\n\n\n\n<figure class=\"wp-block-image size-large\"><img loading=\"lazy\" decoding=\"async\" width=\"720\" height=\"960\" data-id=\"3243\" src=\"https:\/\/chasseurs5emeleger.fr\/wp-content\/uploads\/2022\/08\/9-2.jpeg\" alt=\"\" class=\"wp-image-3243\" srcset=\"https:\/\/chasseurs5emeleger.fr\/wp-content\/uploads\/2022\/08\/9-2.jpeg 720w, https:\/\/chasseurs5emeleger.fr\/wp-content\/uploads\/2022\/08\/9-2-225x300.jpeg 225w\" sizes=\"auto, (max-width: 720px) 100vw, 720px\" \/><\/figure>\n\n\n\n<figure class=\"wp-block-image size-large\"><img loading=\"lazy\" decoding=\"async\" width=\"1024\" height=\"771\" data-id=\"3250\" src=\"https:\/\/chasseurs5emeleger.fr\/wp-content\/uploads\/2022\/08\/7-3-1024x771.jpeg\" alt=\"\" class=\"wp-image-3250\" srcset=\"https:\/\/chasseurs5emeleger.fr\/wp-content\/uploads\/2022\/08\/7-3-1024x771.jpeg 1024w, https:\/\/chasseurs5emeleger.fr\/wp-content\/uploads\/2022\/08\/7-3-300x226.jpeg 300w, https:\/\/chasseurs5emeleger.fr\/wp-content\/uploads\/2022\/08\/7-3-768x578.jpeg 768w, https:\/\/chasseurs5emeleger.fr\/wp-content\/uploads\/2022\/08\/7-3-1536x1157.jpeg 1536w, https:\/\/chasseurs5emeleger.fr\/wp-content\/uploads\/2022\/08\/7-3-2048x1542.jpeg 2048w\" sizes=\"auto, (max-width: 1024px) 100vw, 1024px\" \/><\/figure>\n\n\n\n<figure class=\"wp-block-image size-large\"><img loading=\"lazy\" decoding=\"async\" width=\"1024\" height=\"771\" data-id=\"3246\" src=\"https:\/\/chasseurs5emeleger.fr\/wp-content\/uploads\/2022\/08\/10-1-1024x771.jpeg\" alt=\"\" class=\"wp-image-3246\" srcset=\"https:\/\/chasseurs5emeleger.fr\/wp-content\/uploads\/2022\/08\/10-1-1024x771.jpeg 1024w, https:\/\/chasseurs5emeleger.fr\/wp-content\/uploads\/2022\/08\/10-1-300x226.jpeg 300w, https:\/\/chasseurs5emeleger.fr\/wp-content\/uploads\/2022\/08\/10-1-768x578.jpeg 768w, https:\/\/chasseurs5emeleger.fr\/wp-content\/uploads\/2022\/08\/10-1-1536x1157.jpeg 1536w, https:\/\/chasseurs5emeleger.fr\/wp-content\/uploads\/2022\/08\/10-1-2048x1542.jpeg 2048w\" sizes=\"auto, (max-width: 1024px) 100vw, 1024px\" \/><\/figure>\n\n\n\n<figure class=\"wp-block-image size-large\"><img loading=\"lazy\" decoding=\"async\" width=\"720\" height=\"960\" data-id=\"3239\" src=\"https:\/\/chasseurs5emeleger.fr\/wp-content\/uploads\/2022\/08\/11-2.jpeg\" alt=\"\" class=\"wp-image-3239\" srcset=\"https:\/\/chasseurs5emeleger.fr\/wp-content\/uploads\/2022\/08\/11-2.jpeg 720w, https:\/\/chasseurs5emeleger.fr\/wp-content\/uploads\/2022\/08\/11-2-225x300.jpeg 225w\" sizes=\"auto, (max-width: 720px) 100vw, 720px\" \/><\/figure>\n\n\n\n<figure class=\"wp-block-image size-large\"><img loading=\"lazy\" decoding=\"async\" width=\"771\" height=\"1024\" data-id=\"3251\" src=\"https:\/\/chasseurs5emeleger.fr\/wp-content\/uploads\/2022\/08\/12-1-771x1024.jpeg\" alt=\"\" class=\"wp-image-3251\" srcset=\"https:\/\/chasseurs5emeleger.fr\/wp-content\/uploads\/2022\/08\/12-1-771x1024.jpeg 771w, https:\/\/chasseurs5emeleger.fr\/wp-content\/uploads\/2022\/08\/12-1-226x300.jpeg 226w, https:\/\/chasseurs5emeleger.fr\/wp-content\/uploads\/2022\/08\/12-1-768x1020.jpeg 768w, https:\/\/chasseurs5emeleger.fr\/wp-content\/uploads\/2022\/08\/12-1-1157x1536.jpeg 1157w, https:\/\/chasseurs5emeleger.fr\/wp-content\/uploads\/2022\/08\/12-1-1542x2048.jpeg 1542w, https:\/\/chasseurs5emeleger.fr\/wp-content\/uploads\/2022\/08\/12-1-scaled.jpeg 1928w\" sizes=\"auto, (max-width: 771px) 100vw, 771px\" \/><\/figure>\n\n\n\n<figure class=\"wp-block-image size-large\"><img loading=\"lazy\" decoding=\"async\" width=\"720\" height=\"960\" data-id=\"3244\" src=\"https:\/\/chasseurs5emeleger.fr\/wp-content\/uploads\/2022\/08\/13-1.jpeg\" alt=\"\" class=\"wp-image-3244\" srcset=\"https:\/\/chasseurs5emeleger.fr\/wp-content\/uploads\/2022\/08\/13-1.jpeg 720w, https:\/\/chasseurs5emeleger.fr\/wp-content\/uploads\/2022\/08\/13-1-225x300.jpeg 225w\" sizes=\"auto, (max-width: 720px) 100vw, 720px\" \/><\/figure>\n\n\n\n<figure class=\"wp-block-image size-large\"><img loading=\"lazy\" decoding=\"async\" width=\"771\" height=\"1024\" data-id=\"3253\" src=\"https:\/\/chasseurs5emeleger.fr\/wp-content\/uploads\/2022\/08\/14-2-771x1024.jpeg\" alt=\"\" class=\"wp-image-3253\" srcset=\"https:\/\/chasseurs5emeleger.fr\/wp-content\/uploads\/2022\/08\/14-2-771x1024.jpeg 771w, https:\/\/chasseurs5emeleger.fr\/wp-content\/uploads\/2022\/08\/14-2-226x300.jpeg 226w, https:\/\/chasseurs5emeleger.fr\/wp-content\/uploads\/2022\/08\/14-2-768x1020.jpeg 768w, https:\/\/chasseurs5emeleger.fr\/wp-content\/uploads\/2022\/08\/14-2-1157x1536.jpeg 1157w, https:\/\/chasseurs5emeleger.fr\/wp-content\/uploads\/2022\/08\/14-2-1542x2048.jpeg 1542w, https:\/\/chasseurs5emeleger.fr\/wp-content\/uploads\/2022\/08\/14-2-scaled.jpeg 1928w\" sizes=\"auto, (max-width: 771px) 100vw, 771px\" \/><\/figure>\n\n\n\n<figure class=\"wp-block-image size-large\"><img loading=\"lazy\" decoding=\"async\" width=\"771\" height=\"1024\" data-id=\"3252\" src=\"https:\/\/chasseurs5emeleger.fr\/wp-content\/uploads\/2022\/08\/15-1-771x1024.jpeg\" alt=\"\" class=\"wp-image-3252\" srcset=\"https:\/\/chasseurs5emeleger.fr\/wp-content\/uploads\/2022\/08\/15-1-771x1024.jpeg 771w, https:\/\/chasseurs5emeleger.fr\/wp-content\/uploads\/2022\/08\/15-1-226x300.jpeg 226w, https:\/\/chasseurs5emeleger.fr\/wp-content\/uploads\/2022\/08\/15-1-768x1020.jpeg 768w, https:\/\/chasseurs5emeleger.fr\/wp-content\/uploads\/2022\/08\/15-1-1157x1536.jpeg 1157w, https:\/\/chasseurs5emeleger.fr\/wp-content\/uploads\/2022\/08\/15-1-1542x2048.jpeg 1542w, https:\/\/chasseurs5emeleger.fr\/wp-content\/uploads\/2022\/08\/15-1-scaled.jpeg 1928w\" sizes=\"auto, (max-width: 771px) 100vw, 771px\" \/><\/figure>\n\n\n\n<figure class=\"wp-block-image size-large\"><img loading=\"lazy\" decoding=\"async\" width=\"750\" height=\"1024\" data-id=\"3247\" src=\"https:\/\/chasseurs5emeleger.fr\/wp-content\/uploads\/2022\/08\/16-1-750x1024.jpeg\" alt=\"\" class=\"wp-image-3247\" srcset=\"https:\/\/chasseurs5emeleger.fr\/wp-content\/uploads\/2022\/08\/16-1-750x1024.jpeg 750w, https:\/\/chasseurs5emeleger.fr\/wp-content\/uploads\/2022\/08\/16-1-220x300.jpeg 220w, https:\/\/chasseurs5emeleger.fr\/wp-content\/uploads\/2022\/08\/16-1-768x1049.jpeg 768w, https:\/\/chasseurs5emeleger.fr\/wp-content\/uploads\/2022\/08\/16-1-1124x1536.jpeg 1124w, https:\/\/chasseurs5emeleger.fr\/wp-content\/uploads\/2022\/08\/16-1-1499x2048.jpeg 1499w, https:\/\/chasseurs5emeleger.fr\/wp-content\/uploads\/2022\/08\/16-1-scaled.jpeg 1874w\" sizes=\"auto, (max-width: 750px) 100vw, 750px\" \/><\/figure>\n\n\n\n<figure class=\"wp-block-image size-large\"><img loading=\"lazy\" decoding=\"async\" width=\"720\" height=\"960\" data-id=\"3240\" src=\"https:\/\/chasseurs5emeleger.fr\/wp-content\/uploads\/2022\/08\/17-1.jpeg\" alt=\"\" class=\"wp-image-3240\" srcset=\"https:\/\/chasseurs5emeleger.fr\/wp-content\/uploads\/2022\/08\/17-1.jpeg 720w, https:\/\/chasseurs5emeleger.fr\/wp-content\/uploads\/2022\/08\/17-1-225x300.jpeg 225w\" sizes=\"auto, (max-width: 720px) 100vw, 720px\" \/><\/figure>\n\n\n\n<figure class=\"wp-block-image size-large\"><img loading=\"lazy\" decoding=\"async\" width=\"720\" height=\"960\" data-id=\"3241\" src=\"https:\/\/chasseurs5emeleger.fr\/wp-content\/uploads\/2022\/08\/18-1.jpeg\" alt=\"\" class=\"wp-image-3241\" srcset=\"https:\/\/chasseurs5emeleger.fr\/wp-content\/uploads\/2022\/08\/18-1.jpeg 720w, https:\/\/chasseurs5emeleger.fr\/wp-content\/uploads\/2022\/08\/18-1-225x300.jpeg 225w\" sizes=\"auto, (max-width: 720px) 100vw, 720px\" \/><\/figure>\n<\/figure>\n","protected":false},"excerpt":{"rendered":"<p>Marseille (13) &#8211; 5 D\u00e9cembre 2021 C\u00e9r\u00e9monie pour le bicentenaire de la mort de l&#8217;Empereur<\/p>\n","protected":false},"author":2,"featured_media":0,"parent":1057,"menu_order":0,"comment_status":"closed","ping_status":"closed","template":"","meta":{"footnotes":""},"class_list":["post-3237","page","type-page","status-publish","hentry"],"yoast_head":"<!-- This site is optimized with the Yoast SEO plugin v27.5 - https:\/\/yoast.com\/product\/yoast-seo-wordpress\/ -->\n<title>Marseille - 5 D\u00e9cembre 2021 &#8211; Chasseurs du 5\u00e8me R\u00e9giment d&#039;Infanterie L\u00e9g\u00e8re<\/title>\n<meta name=\"robots\" content=\"index, follow, max-snippet:-1, max-image-preview:large, max-video-preview:-1\" \/>\n<link rel=\"canonical\" href=\"https:\/\/chasseurs5emeleger.fr\/index.php\/photos\/marseille-5-decembre-2021\/\" \/>\n<meta property=\"og:locale\" content=\"fr_FR\" \/>\n<meta property=\"og:type\" content=\"article\" \/>\n<meta property=\"og:title\" content=\"Marseille - 5 D\u00e9cembre 2021 &#8211; Chasseurs du 5\u00e8me R\u00e9giment d&#039;Infanterie L\u00e9g\u00e8re\" \/>\n<meta property=\"og:description\" content=\"Marseille (13) &#8211; 5 D\u00e9cembre 2021 C\u00e9r\u00e9monie pour le bicentenaire de la mort de l&#8217;Empereur\" \/>\n<meta property=\"og:url\" content=\"https:\/\/chasseurs5emeleger.fr\/index.php\/photos\/marseille-5-decembre-2021\/\" \/>\n<meta property=\"og:site_name\" content=\"Chasseurs du 5\u00e8me R\u00e9giment d&#039;Infanterie L\u00e9g\u00e8re\" \/>\n<meta property=\"article:publisher\" content=\"https:\/\/www.facebook.com\/chasseurs.5emeleger\/\" \/>\n<meta property=\"og:image\" content=\"https:\/\/chasseurs5emeleger.fr\/wp-content\/uploads\/2022\/08\/1-2-1024x771.jpeg\" \/>\n<script type=\"application\/ld+json\" class=\"yoast-schema-graph\">{\"@context\":\"https:\\\/\\\/schema.org\",\"@graph\":[{\"@type\":\"WebPage\",\"@id\":\"https:\\\/\\\/chasseurs5emeleger.fr\\\/index.php\\\/photos\\\/marseille-5-decembre-2021\\\/\",\"url\":\"https:\\\/\\\/chasseurs5emeleger.fr\\\/index.php\\\/photos\\\/marseille-5-decembre-2021\\\/\",\"name\":\"Marseille - 5 D\u00e9cembre 2021 &#8211; Chasseurs du 5\u00e8me R\u00e9giment d&#039;Infanterie L\u00e9g\u00e8re\",\"isPartOf\":{\"@id\":\"https:\\\/\\\/chasseurs5emeleger.fr\\\/#website\"},\"primaryImageOfPage\":{\"@id\":\"https:\\\/\\\/chasseurs5emeleger.fr\\\/index.php\\\/photos\\\/marseille-5-decembre-2021\\\/#primaryimage\"},\"image\":{\"@id\":\"https:\\\/\\\/chasseurs5emeleger.fr\\\/index.php\\\/photos\\\/marseille-5-decembre-2021\\\/#primaryimage\"},\"thumbnailUrl\":\"https:\\\/\\\/chasseurs5emeleger.fr\\\/wp-content\\\/uploads\\\/2022\\\/08\\\/1-2-1024x771.jpeg\",\"datePublished\":\"2022-08-17T09:39:01+00:00\",\"breadcrumb\":{\"@id\":\"https:\\\/\\\/chasseurs5emeleger.fr\\\/index.php\\\/photos\\\/marseille-5-decembre-2021\\\/#breadcrumb\"},\"inLanguage\":\"fr-FR\",\"potentialAction\":[{\"@type\":\"ReadAction\",\"target\":[\"https:\\\/\\\/chasseurs5emeleger.fr\\\/index.php\\\/photos\\\/marseille-5-decembre-2021\\\/\"]}]},{\"@type\":\"ImageObject\",\"inLanguage\":\"fr-FR\",\"@id\":\"https:\\\/\\\/chasseurs5emeleger.fr\\\/index.php\\\/photos\\\/marseille-5-decembre-2021\\\/#primaryimage\",\"url\":\"https:\\\/\\\/chasseurs5emeleger.fr\\\/wp-content\\\/uploads\\\/2022\\\/08\\\/1-2-1024x771.jpeg\",\"contentUrl\":\"https:\\\/\\\/chasseurs5emeleger.fr\\\/wp-content\\\/uploads\\\/2022\\\/08\\\/1-2-1024x771.jpeg\"},{\"@type\":\"BreadcrumbList\",\"@id\":\"https:\\\/\\\/chasseurs5emeleger.fr\\\/index.php\\\/photos\\\/marseille-5-decembre-2021\\\/#breadcrumb\",\"itemListElement\":[{\"@type\":\"ListItem\",\"position\":1,\"name\":\"Accueil\",\"item\":\"https:\\\/\\\/chasseurs5emeleger.fr\\\/\"},{\"@type\":\"ListItem\",\"position\":2,\"name\":\"Photos\",\"item\":\"https:\\\/\\\/chasseurs5emeleger.fr\\\/index.php\\\/photos\\\/\"},{\"@type\":\"ListItem\",\"position\":3,\"name\":\"Marseille &#8211; 5 D\u00e9cembre 2021\"}]},{\"@type\":\"WebSite\",\"@id\":\"https:\\\/\\\/chasseurs5emeleger.fr\\\/#website\",\"url\":\"https:\\\/\\\/chasseurs5emeleger.fr\\\/\",\"name\":\"Chasseurs du 5\u00e8me R\u00e9giment d&#039;Infanterie L\u00e9g\u00e8re\",\"description\":\"\",\"publisher\":{\"@id\":\"https:\\\/\\\/chasseurs5emeleger.fr\\\/#organization\"},\"potentialAction\":[{\"@type\":\"SearchAction\",\"target\":{\"@type\":\"EntryPoint\",\"urlTemplate\":\"https:\\\/\\\/chasseurs5emeleger.fr\\\/?s={search_term_string}\"},\"query-input\":{\"@type\":\"PropertyValueSpecification\",\"valueRequired\":true,\"valueName\":\"search_term_string\"}}],\"inLanguage\":\"fr-FR\"},{\"@type\":\"Organization\",\"@id\":\"https:\\\/\\\/chasseurs5emeleger.fr\\\/#organization\",\"name\":\"Chasseurs du 5\u00e8me R\u00e9giment d'infanterie l\u00e9g\u00e8re\",\"url\":\"https:\\\/\\\/chasseurs5emeleger.fr\\\/\",\"logo\":{\"@type\":\"ImageObject\",\"inLanguage\":\"fr-FR\",\"@id\":\"https:\\\/\\\/chasseurs5emeleger.fr\\\/#\\\/schema\\\/logo\\\/image\\\/\",\"url\":\"https:\\\/\\\/chasseurs5emeleger.fr\\\/wp-content\\\/uploads\\\/2022\\\/04\\\/Logo-detoure-scaled.jpg\",\"contentUrl\":\"https:\\\/\\\/chasseurs5emeleger.fr\\\/wp-content\\\/uploads\\\/2022\\\/04\\\/Logo-detoure-scaled.jpg\",\"width\":2438,\"height\":2560,\"caption\":\"Chasseurs du 5\u00e8me R\u00e9giment d'infanterie l\u00e9g\u00e8re\"},\"image\":{\"@id\":\"https:\\\/\\\/chasseurs5emeleger.fr\\\/#\\\/schema\\\/logo\\\/image\\\/\"},\"sameAs\":[\"https:\\\/\\\/www.facebook.com\\\/chasseurs.5emeleger\\\/\"]}]}<\/script>\n<!-- \/ Yoast SEO plugin. -->","yoast_head_json":{"title":"Marseille - 5 D\u00e9cembre 2021 &#8211; Chasseurs du 5\u00e8me R\u00e9giment d&#039;Infanterie L\u00e9g\u00e8re","robots":{"index":"index","follow":"follow","max-snippet":"max-snippet:-1","max-image-preview":"max-image-preview:large","max-video-preview":"max-video-preview:-1"},"canonical":"https:\/\/chasseurs5emeleger.fr\/index.php\/photos\/marseille-5-decembre-2021\/","og_locale":"fr_FR","og_type":"article","og_title":"Marseille - 5 D\u00e9cembre 2021 &#8211; Chasseurs du 5\u00e8me R\u00e9giment d&#039;Infanterie L\u00e9g\u00e8re","og_description":"Marseille (13) &#8211; 5 D\u00e9cembre 2021 C\u00e9r\u00e9monie pour le bicentenaire de la mort de l&#8217;Empereur","og_url":"https:\/\/chasseurs5emeleger.fr\/index.php\/photos\/marseille-5-decembre-2021\/","og_site_name":"Chasseurs du 5\u00e8me R\u00e9giment d&#039;Infanterie L\u00e9g\u00e8re","article_publisher":"https:\/\/www.facebook.com\/chasseurs.5emeleger\/","og_image":[{"url":"https:\/\/chasseurs5emeleger.fr\/wp-content\/uploads\/2022\/08\/1-2-1024x771.jpeg","type":"","width":"","height":""}],"schema":{"@context":"https:\/\/schema.org","@graph":[{"@type":"WebPage","@id":"https:\/\/chasseurs5emeleger.fr\/index.php\/photos\/marseille-5-decembre-2021\/","url":"https:\/\/chasseurs5emeleger.fr\/index.php\/photos\/marseille-5-decembre-2021\/","name":"Marseille - 5 D\u00e9cembre 2021 &#8211; Chasseurs du 5\u00e8me R\u00e9giment d&#039;Infanterie L\u00e9g\u00e8re","isPartOf":{"@id":"https:\/\/chasseurs5emeleger.fr\/#website"},"primaryImageOfPage":{"@id":"https:\/\/chasseurs5emeleger.fr\/index.php\/photos\/marseille-5-decembre-2021\/#primaryimage"},"image":{"@id":"https:\/\/chasseurs5emeleger.fr\/index.php\/photos\/marseille-5-decembre-2021\/#primaryimage"},"thumbnailUrl":"https:\/\/chasseurs5emeleger.fr\/wp-content\/uploads\/2022\/08\/1-2-1024x771.jpeg","datePublished":"2022-08-17T09:39:01+00:00","breadcrumb":{"@id":"https:\/\/chasseurs5emeleger.fr\/index.php\/photos\/marseille-5-decembre-2021\/#breadcrumb"},"inLanguage":"fr-FR","potentialAction":[{"@type":"ReadAction","target":["https:\/\/chasseurs5emeleger.fr\/index.php\/photos\/marseille-5-decembre-2021\/"]}]},{"@type":"ImageObject","inLanguage":"fr-FR","@id":"https:\/\/chasseurs5emeleger.fr\/index.php\/photos\/marseille-5-decembre-2021\/#primaryimage","url":"https:\/\/chasseurs5emeleger.fr\/wp-content\/uploads\/2022\/08\/1-2-1024x771.jpeg","contentUrl":"https:\/\/chasseurs5emeleger.fr\/wp-content\/uploads\/2022\/08\/1-2-1024x771.jpeg"},{"@type":"BreadcrumbList","@id":"https:\/\/chasseurs5emeleger.fr\/index.php\/photos\/marseille-5-decembre-2021\/#breadcrumb","itemListElement":[{"@type":"ListItem","position":1,"name":"Accueil","item":"https:\/\/chasseurs5emeleger.fr\/"},{"@type":"ListItem","position":2,"name":"Photos","item":"https:\/\/chasseurs5emeleger.fr\/index.php\/photos\/"},{"@type":"ListItem","position":3,"name":"Marseille &#8211; 5 D\u00e9cembre 2021"}]},{"@type":"WebSite","@id":"https:\/\/chasseurs5emeleger.fr\/#website","url":"https:\/\/chasseurs5emeleger.fr\/","name":"Chasseurs du 5\u00e8me R\u00e9giment d&#039;Infanterie L\u00e9g\u00e8re","description":"","publisher":{"@id":"https:\/\/chasseurs5emeleger.fr\/#organization"},"potentialAction":[{"@type":"SearchAction","target":{"@type":"EntryPoint","urlTemplate":"https:\/\/chasseurs5emeleger.fr\/?s={search_term_string}"},"query-input":{"@type":"PropertyValueSpecification","valueRequired":true,"valueName":"search_term_string"}}],"inLanguage":"fr-FR"},{"@type":"Organization","@id":"https:\/\/chasseurs5emeleger.fr\/#organization","name":"Chasseurs du 5\u00e8me R\u00e9giment d'infanterie l\u00e9g\u00e8re","url":"https:\/\/chasseurs5emeleger.fr\/","logo":{"@type":"ImageObject","inLanguage":"fr-FR","@id":"https:\/\/chasseurs5emeleger.fr\/#\/schema\/logo\/image\/","url":"https:\/\/chasseurs5emeleger.fr\/wp-content\/uploads\/2022\/04\/Logo-detoure-scaled.jpg","contentUrl":"https:\/\/chasseurs5emeleger.fr\/wp-content\/uploads\/2022\/04\/Logo-detoure-scaled.jpg","width":2438,"height":2560,"caption":"Chasseurs du 5\u00e8me R\u00e9giment d'infanterie l\u00e9g\u00e8re"},"image":{"@id":"https:\/\/chasseurs5emeleger.fr\/#\/schema\/logo\/image\/"},"sameAs":["https:\/\/www.facebook.com\/chasseurs.5emeleger\/"]}]}},"_links":{"self":[{"href":"https:\/\/chasseurs5emeleger.fr\/index.php\/wp-json\/wp\/v2\/pages\/3237","targetHints":{"allow":["GET"]}}],"collection":[{"href":"https:\/\/chasseurs5emeleger.fr\/index.php\/wp-json\/wp\/v2\/pages"}],"about":[{"href":"https:\/\/chasseurs5emeleger.fr\/index.php\/wp-json\/wp\/v2\/types\/page"}],"author":[{"embeddable":true,"href":"https:\/\/chasseurs5emeleger.fr\/index.php\/wp-json\/wp\/v2\/users\/2"}],"replies":[{"embeddable":true,"href":"https:\/\/chasseurs5emeleger.fr\/index.php\/wp-json\/wp\/v2\/comments?post=3237"}],"version-history":[{"count":1,"href":"https:\/\/chasseurs5emeleger.fr\/index.php\/wp-json\/wp\/v2\/pages\/3237\/revisions"}],"predecessor-version":[{"id":3256,"href":"https:\/\/chasseurs5emeleger.fr\/index.php\/wp-json\/wp\/v2\/pages\/3237\/revisions\/3256"}],"up":[{"embeddable":true,"href":"https:\/\/chasseurs5emeleger.fr\/index.php\/wp-json\/wp\/v2\/pages\/1057"}],"wp:attachment":[{"href":"https:\/\/chasseurs5emeleger.fr\/index.php\/wp-json\/wp\/v2\/media?parent=3237"}],"curies":[{"name":"wp","href":"https:\/\/api.w.org\/{rel}","templated":true}]}}