{"id":374,"date":"2019-01-13T18:22:40","date_gmt":"2019-01-13T17:22:40","guid":{"rendered":"https:\/\/chasseurs5emeleger.fr\/?page_id=374"},"modified":"2023-10-10T14:24:10","modified_gmt":"2023-10-10T12:24:10","slug":"beaulieu-sur-dordogne-27-et-28-mai","status":"publish","type":"page","link":"https:\/\/chasseurs5emeleger.fr\/index.php\/photos\/beaulieu-sur-dordogne-27-et-28-mai\/","title":{"rendered":"Beaulieu-sur-Dordogne &#8211; 27 et 28 Mai 2017"},"content":{"rendered":"\n<p class=\"has-text-align-center has-text-color has-large-font-size\" style=\"color:#000794\">Beaulieu-sur-Dordogne (19) 27 et 28 Mai<\/p>\n\n\n\n<figure class=\"wp-block-gallery has-nested-images columns-2 wp-block-gallery-1 is-layout-flex wp-block-gallery-is-layout-flex\">\n<figure class=\"wp-block-image size-large\"><img loading=\"lazy\" decoding=\"async\" width=\"1024\" height=\"768\" data-id=\"375\" src=\"https:\/\/chasseurs5emeleger.fr\/wp-content\/uploads\/2019\/01\/FB_IMG_1496125491680-1024x768.jpg\" alt=\"\" class=\"wp-image-375\" srcset=\"https:\/\/chasseurs5emeleger.fr\/wp-content\/uploads\/2019\/01\/FB_IMG_1496125491680-1024x768.jpg 1024w, https:\/\/chasseurs5emeleger.fr\/wp-content\/uploads\/2019\/01\/FB_IMG_1496125491680-300x225.jpg 300w, https:\/\/chasseurs5emeleger.fr\/wp-content\/uploads\/2019\/01\/FB_IMG_1496125491680-768x576.jpg 768w, https:\/\/chasseurs5emeleger.fr\/wp-content\/uploads\/2019\/01\/FB_IMG_1496125491680.jpg 1072w\" sizes=\"auto, (max-width: 1024px) 100vw, 1024px\" \/><\/figure>\n\n\n\n<figure class=\"wp-block-image size-large\"><img loading=\"lazy\" decoding=\"async\" width=\"1024\" height=\"768\" data-id=\"376\" src=\"https:\/\/chasseurs5emeleger.fr\/wp-content\/uploads\/2019\/01\/FB_IMG_1496150692087-1024x768.jpg\" alt=\"\" class=\"wp-image-376\" srcset=\"https:\/\/chasseurs5emeleger.fr\/wp-content\/uploads\/2019\/01\/FB_IMG_1496150692087-1024x768.jpg 1024w, https:\/\/chasseurs5emeleger.fr\/wp-content\/uploads\/2019\/01\/FB_IMG_1496150692087-300x225.jpg 300w, https:\/\/chasseurs5emeleger.fr\/wp-content\/uploads\/2019\/01\/FB_IMG_1496150692087-768x576.jpg 768w, https:\/\/chasseurs5emeleger.fr\/wp-content\/uploads\/2019\/01\/FB_IMG_1496150692087.jpg 1280w\" sizes=\"auto, (max-width: 1024px) 100vw, 1024px\" \/><\/figure>\n\n\n\n<figure class=\"wp-block-image size-large\"><img loading=\"lazy\" decoding=\"async\" width=\"768\" height=\"1024\" data-id=\"377\" src=\"https:\/\/chasseurs5emeleger.fr\/wp-content\/uploads\/2019\/01\/FB_IMG_1496150696325-768x1024.jpg\" alt=\"\" class=\"wp-image-377\" srcset=\"https:\/\/chasseurs5emeleger.fr\/wp-content\/uploads\/2019\/01\/FB_IMG_1496150696325-768x1024.jpg 768w, https:\/\/chasseurs5emeleger.fr\/wp-content\/uploads\/2019\/01\/FB_IMG_1496150696325-225x300.jpg 225w, https:\/\/chasseurs5emeleger.fr\/wp-content\/uploads\/2019\/01\/FB_IMG_1496150696325.jpg 1536w\" sizes=\"auto, (max-width: 768px) 100vw, 768px\" \/><\/figure>\n\n\n\n<figure class=\"wp-block-image size-large\"><img loading=\"lazy\" decoding=\"async\" width=\"768\" height=\"1024\" data-id=\"378\" src=\"https:\/\/chasseurs5emeleger.fr\/wp-content\/uploads\/2019\/01\/FB_IMG_1496150710166-768x1024.jpg\" alt=\"\" class=\"wp-image-378\" srcset=\"https:\/\/chasseurs5emeleger.fr\/wp-content\/uploads\/2019\/01\/FB_IMG_1496150710166-768x1024.jpg 768w, https:\/\/chasseurs5emeleger.fr\/wp-content\/uploads\/2019\/01\/FB_IMG_1496150710166-225x300.jpg 225w, https:\/\/chasseurs5emeleger.fr\/wp-content\/uploads\/2019\/01\/FB_IMG_1496150710166.jpg 1536w\" sizes=\"auto, (max-width: 768px) 100vw, 768px\" \/><\/figure>\n\n\n\n<figure class=\"wp-block-image size-large\"><img loading=\"lazy\" decoding=\"async\" width=\"1024\" height=\"768\" data-id=\"379\" src=\"https:\/\/chasseurs5emeleger.fr\/wp-content\/uploads\/2019\/01\/FB_IMG_1496150733563-1024x768.jpg\" alt=\"\" class=\"wp-image-379\" srcset=\"https:\/\/chasseurs5emeleger.fr\/wp-content\/uploads\/2019\/01\/FB_IMG_1496150733563-1024x768.jpg 1024w, https:\/\/chasseurs5emeleger.fr\/wp-content\/uploads\/2019\/01\/FB_IMG_1496150733563-300x225.jpg 300w, https:\/\/chasseurs5emeleger.fr\/wp-content\/uploads\/2019\/01\/FB_IMG_1496150733563-768x576.jpg 768w, https:\/\/chasseurs5emeleger.fr\/wp-content\/uploads\/2019\/01\/FB_IMG_1496150733563.jpg 1280w\" sizes=\"auto, (max-width: 1024px) 100vw, 1024px\" \/><\/figure>\n\n\n\n<figure class=\"wp-block-image size-large\"><img loading=\"lazy\" decoding=\"async\" width=\"960\" height=\"720\" data-id=\"380\" src=\"https:\/\/chasseurs5emeleger.fr\/wp-content\/uploads\/2019\/01\/FB_IMG_1496212119179.jpg\" alt=\"\" class=\"wp-image-380\" srcset=\"https:\/\/chasseurs5emeleger.fr\/wp-content\/uploads\/2019\/01\/FB_IMG_1496212119179.jpg 960w, https:\/\/chasseurs5emeleger.fr\/wp-content\/uploads\/2019\/01\/FB_IMG_1496212119179-300x225.jpg 300w, https:\/\/chasseurs5emeleger.fr\/wp-content\/uploads\/2019\/01\/FB_IMG_1496212119179-768x576.jpg 768w\" sizes=\"auto, (max-width: 960px) 100vw, 960px\" \/><\/figure>\n\n\n\n<figure class=\"wp-block-image size-large\"><img loading=\"lazy\" decoding=\"async\" width=\"1024\" height=\"768\" data-id=\"381\" src=\"https:\/\/chasseurs5emeleger.fr\/wp-content\/uploads\/2019\/01\/FB_IMG_1497201766144-1024x768.jpg\" alt=\"\" class=\"wp-image-381\" srcset=\"https:\/\/chasseurs5emeleger.fr\/wp-content\/uploads\/2019\/01\/FB_IMG_1497201766144-1024x768.jpg 1024w, https:\/\/chasseurs5emeleger.fr\/wp-content\/uploads\/2019\/01\/FB_IMG_1497201766144-300x225.jpg 300w, https:\/\/chasseurs5emeleger.fr\/wp-content\/uploads\/2019\/01\/FB_IMG_1497201766144-768x576.jpg 768w, https:\/\/chasseurs5emeleger.fr\/wp-content\/uploads\/2019\/01\/FB_IMG_1497201766144.jpg 1050w\" sizes=\"auto, (max-width: 1024px) 100vw, 1024px\" \/><\/figure>\n\n\n\n<figure class=\"wp-block-image size-large\"><img loading=\"lazy\" decoding=\"async\" width=\"1024\" height=\"768\" data-id=\"382\" src=\"https:\/\/chasseurs5emeleger.fr\/wp-content\/uploads\/2019\/01\/FB_IMG_1497201772802-1024x768.jpg\" alt=\"\" class=\"wp-image-382\" srcset=\"https:\/\/chasseurs5emeleger.fr\/wp-content\/uploads\/2019\/01\/FB_IMG_1497201772802-1024x768.jpg 1024w, https:\/\/chasseurs5emeleger.fr\/wp-content\/uploads\/2019\/01\/FB_IMG_1497201772802-300x225.jpg 300w, https:\/\/chasseurs5emeleger.fr\/wp-content\/uploads\/2019\/01\/FB_IMG_1497201772802-768x576.jpg 768w, https:\/\/chasseurs5emeleger.fr\/wp-content\/uploads\/2019\/01\/FB_IMG_1497201772802.jpg 1050w\" sizes=\"auto, (max-width: 1024px) 100vw, 1024px\" \/><\/figure>\n\n\n\n<figure class=\"wp-block-image size-large\"><img loading=\"lazy\" decoding=\"async\" width=\"1024\" height=\"821\" data-id=\"383\" src=\"https:\/\/chasseurs5emeleger.fr\/wp-content\/uploads\/2019\/01\/FB_IMG_1497201787262-1024x821.jpg\" alt=\"\" class=\"wp-image-383\" srcset=\"https:\/\/chasseurs5emeleger.fr\/wp-content\/uploads\/2019\/01\/FB_IMG_1497201787262-1024x821.jpg 1024w, https:\/\/chasseurs5emeleger.fr\/wp-content\/uploads\/2019\/01\/FB_IMG_1497201787262-300x241.jpg 300w, https:\/\/chasseurs5emeleger.fr\/wp-content\/uploads\/2019\/01\/FB_IMG_1497201787262-768x616.jpg 768w, https:\/\/chasseurs5emeleger.fr\/wp-content\/uploads\/2019\/01\/FB_IMG_1497201787262.jpg 1050w\" sizes=\"auto, (max-width: 1024px) 100vw, 1024px\" \/><\/figure>\n\n\n\n<figure class=\"wp-block-image size-large\"><img loading=\"lazy\" decoding=\"async\" width=\"1024\" height=\"768\" data-id=\"384\" src=\"https:\/\/chasseurs5emeleger.fr\/wp-content\/uploads\/2019\/01\/FB_IMG_1497211864795-1024x768.jpg\" alt=\"\" class=\"wp-image-384\" srcset=\"https:\/\/chasseurs5emeleger.fr\/wp-content\/uploads\/2019\/01\/FB_IMG_1497211864795-1024x768.jpg 1024w, https:\/\/chasseurs5emeleger.fr\/wp-content\/uploads\/2019\/01\/FB_IMG_1497211864795-300x225.jpg 300w, https:\/\/chasseurs5emeleger.fr\/wp-content\/uploads\/2019\/01\/FB_IMG_1497211864795-768x576.jpg 768w, https:\/\/chasseurs5emeleger.fr\/wp-content\/uploads\/2019\/01\/FB_IMG_1497211864795.jpg 1280w\" sizes=\"auto, (max-width: 1024px) 100vw, 1024px\" \/><\/figure>\n\n\n\n<figure class=\"wp-block-image size-large\"><img loading=\"lazy\" decoding=\"async\" width=\"1024\" height=\"768\" data-id=\"385\" src=\"https:\/\/chasseurs5emeleger.fr\/wp-content\/uploads\/2019\/01\/FB_IMG_1504690888403-1024x768.jpg\" alt=\"\" class=\"wp-image-385\" srcset=\"https:\/\/chasseurs5emeleger.fr\/wp-content\/uploads\/2019\/01\/FB_IMG_1504690888403-1024x768.jpg 1024w, https:\/\/chasseurs5emeleger.fr\/wp-content\/uploads\/2019\/01\/FB_IMG_1504690888403-300x225.jpg 300w, https:\/\/chasseurs5emeleger.fr\/wp-content\/uploads\/2019\/01\/FB_IMG_1504690888403-768x576.jpg 768w, https:\/\/chasseurs5emeleger.fr\/wp-content\/uploads\/2019\/01\/FB_IMG_1504690888403.jpg 1280w\" sizes=\"auto, (max-width: 1024px) 100vw, 1024px\" \/><\/figure>\n<\/figure>\n","protected":false},"excerpt":{"rendered":"<p>Beaulieu-sur-Dordogne (19) 27 et 28 Mai<\/p>\n","protected":false},"author":2,"featured_media":0,"parent":1057,"menu_order":0,"comment_status":"closed","ping_status":"closed","template":"","meta":{"footnotes":""},"class_list":["post-374","page","type-page","status-publish","hentry"],"yoast_head":"<!-- This site is optimized with the Yoast SEO plugin v27.5 - https:\/\/yoast.com\/product\/yoast-seo-wordpress\/ -->\n<title>Beaulieu-sur-Dordogne - 27 et 28 Mai 2017 &#8211; Chasseurs du 5\u00e8me R\u00e9giment d&#039;Infanterie L\u00e9g\u00e8re<\/title>\n<meta name=\"robots\" content=\"index, follow, max-snippet:-1, max-image-preview:large, max-video-preview:-1\" \/>\n<link rel=\"canonical\" href=\"https:\/\/chasseurs5emeleger.fr\/index.php\/photos\/beaulieu-sur-dordogne-27-et-28-mai\/\" \/>\n<meta property=\"og:locale\" content=\"fr_FR\" \/>\n<meta property=\"og:type\" content=\"article\" \/>\n<meta property=\"og:title\" content=\"Beaulieu-sur-Dordogne - 27 et 28 Mai 2017 &#8211; Chasseurs du 5\u00e8me R\u00e9giment d&#039;Infanterie L\u00e9g\u00e8re\" \/>\n<meta property=\"og:description\" content=\"Beaulieu-sur-Dordogne (19) 27 et 28 Mai\" \/>\n<meta property=\"og:url\" content=\"https:\/\/chasseurs5emeleger.fr\/index.php\/photos\/beaulieu-sur-dordogne-27-et-28-mai\/\" \/>\n<meta property=\"og:site_name\" content=\"Chasseurs du 5\u00e8me R\u00e9giment d&#039;Infanterie L\u00e9g\u00e8re\" \/>\n<meta property=\"article:publisher\" content=\"https:\/\/www.facebook.com\/chasseurs.5emeleger\/\" \/>\n<meta property=\"article:modified_time\" content=\"2023-10-10T12:24:10+00:00\" \/>\n<meta property=\"og:image\" content=\"https:\/\/chasseurs5emeleger.fr\/wp-content\/uploads\/2019\/01\/FB_IMG_1496125491680-1024x768.jpg\" \/>\n<script type=\"application\/ld+json\" class=\"yoast-schema-graph\">{\"@context\":\"https:\\\/\\\/schema.org\",\"@graph\":[{\"@type\":\"WebPage\",\"@id\":\"https:\\\/\\\/chasseurs5emeleger.fr\\\/index.php\\\/photos\\\/beaulieu-sur-dordogne-27-et-28-mai\\\/\",\"url\":\"https:\\\/\\\/chasseurs5emeleger.fr\\\/index.php\\\/photos\\\/beaulieu-sur-dordogne-27-et-28-mai\\\/\",\"name\":\"Beaulieu-sur-Dordogne - 27 et 28 Mai 2017 &#8211; Chasseurs du 5\u00e8me R\u00e9giment d&#039;Infanterie L\u00e9g\u00e8re\",\"isPartOf\":{\"@id\":\"https:\\\/\\\/chasseurs5emeleger.fr\\\/#website\"},\"primaryImageOfPage\":{\"@id\":\"https:\\\/\\\/chasseurs5emeleger.fr\\\/index.php\\\/photos\\\/beaulieu-sur-dordogne-27-et-28-mai\\\/#primaryimage\"},\"image\":{\"@id\":\"https:\\\/\\\/chasseurs5emeleger.fr\\\/index.php\\\/photos\\\/beaulieu-sur-dordogne-27-et-28-mai\\\/#primaryimage\"},\"thumbnailUrl\":\"https:\\\/\\\/chasseurs5emeleger.fr\\\/wp-content\\\/uploads\\\/2019\\\/01\\\/FB_IMG_1496125491680-1024x768.jpg\",\"datePublished\":\"2019-01-13T17:22:40+00:00\",\"dateModified\":\"2023-10-10T12:24:10+00:00\",\"breadcrumb\":{\"@id\":\"https:\\\/\\\/chasseurs5emeleger.fr\\\/index.php\\\/photos\\\/beaulieu-sur-dordogne-27-et-28-mai\\\/#breadcrumb\"},\"inLanguage\":\"fr-FR\",\"potentialAction\":[{\"@type\":\"ReadAction\",\"target\":[\"https:\\\/\\\/chasseurs5emeleger.fr\\\/index.php\\\/photos\\\/beaulieu-sur-dordogne-27-et-28-mai\\\/\"]}]},{\"@type\":\"ImageObject\",\"inLanguage\":\"fr-FR\",\"@id\":\"https:\\\/\\\/chasseurs5emeleger.fr\\\/index.php\\\/photos\\\/beaulieu-sur-dordogne-27-et-28-mai\\\/#primaryimage\",\"url\":\"https:\\\/\\\/chasseurs5emeleger.fr\\\/wp-content\\\/uploads\\\/2019\\\/01\\\/FB_IMG_1496125491680.jpg\",\"contentUrl\":\"https:\\\/\\\/chasseurs5emeleger.fr\\\/wp-content\\\/uploads\\\/2019\\\/01\\\/FB_IMG_1496125491680.jpg\",\"width\":1072,\"height\":804},{\"@type\":\"BreadcrumbList\",\"@id\":\"https:\\\/\\\/chasseurs5emeleger.fr\\\/index.php\\\/photos\\\/beaulieu-sur-dordogne-27-et-28-mai\\\/#breadcrumb\",\"itemListElement\":[{\"@type\":\"ListItem\",\"position\":1,\"name\":\"Accueil\",\"item\":\"https:\\\/\\\/chasseurs5emeleger.fr\\\/\"},{\"@type\":\"ListItem\",\"position\":2,\"name\":\"Photos\",\"item\":\"https:\\\/\\\/chasseurs5emeleger.fr\\\/index.php\\\/photos\\\/\"},{\"@type\":\"ListItem\",\"position\":3,\"name\":\"Beaulieu-sur-Dordogne &#8211; 27 et 28 Mai 2017\"}]},{\"@type\":\"WebSite\",\"@id\":\"https:\\\/\\\/chasseurs5emeleger.fr\\\/#website\",\"url\":\"https:\\\/\\\/chasseurs5emeleger.fr\\\/\",\"name\":\"Chasseurs du 5\u00e8me R\u00e9giment d&#039;Infanterie L\u00e9g\u00e8re\",\"description\":\"\",\"publisher\":{\"@id\":\"https:\\\/\\\/chasseurs5emeleger.fr\\\/#organization\"},\"potentialAction\":[{\"@type\":\"SearchAction\",\"target\":{\"@type\":\"EntryPoint\",\"urlTemplate\":\"https:\\\/\\\/chasseurs5emeleger.fr\\\/?s={search_term_string}\"},\"query-input\":{\"@type\":\"PropertyValueSpecification\",\"valueRequired\":true,\"valueName\":\"search_term_string\"}}],\"inLanguage\":\"fr-FR\"},{\"@type\":\"Organization\",\"@id\":\"https:\\\/\\\/chasseurs5emeleger.fr\\\/#organization\",\"name\":\"Chasseurs du 5\u00e8me R\u00e9giment d'infanterie l\u00e9g\u00e8re\",\"url\":\"https:\\\/\\\/chasseurs5emeleger.fr\\\/\",\"logo\":{\"@type\":\"ImageObject\",\"inLanguage\":\"fr-FR\",\"@id\":\"https:\\\/\\\/chasseurs5emeleger.fr\\\/#\\\/schema\\\/logo\\\/image\\\/\",\"url\":\"https:\\\/\\\/chasseurs5emeleger.fr\\\/wp-content\\\/uploads\\\/2022\\\/04\\\/Logo-detoure-scaled.jpg\",\"contentUrl\":\"https:\\\/\\\/chasseurs5emeleger.fr\\\/wp-content\\\/uploads\\\/2022\\\/04\\\/Logo-detoure-scaled.jpg\",\"width\":2438,\"height\":2560,\"caption\":\"Chasseurs du 5\u00e8me R\u00e9giment d'infanterie l\u00e9g\u00e8re\"},\"image\":{\"@id\":\"https:\\\/\\\/chasseurs5emeleger.fr\\\/#\\\/schema\\\/logo\\\/image\\\/\"},\"sameAs\":[\"https:\\\/\\\/www.facebook.com\\\/chasseurs.5emeleger\\\/\"]}]}<\/script>\n<!-- \/ Yoast SEO plugin. -->","yoast_head_json":{"title":"Beaulieu-sur-Dordogne - 27 et 28 Mai 2017 &#8211; Chasseurs du 5\u00e8me R\u00e9giment d&#039;Infanterie L\u00e9g\u00e8re","robots":{"index":"index","follow":"follow","max-snippet":"max-snippet:-1","max-image-preview":"max-image-preview:large","max-video-preview":"max-video-preview:-1"},"canonical":"https:\/\/chasseurs5emeleger.fr\/index.php\/photos\/beaulieu-sur-dordogne-27-et-28-mai\/","og_locale":"fr_FR","og_type":"article","og_title":"Beaulieu-sur-Dordogne - 27 et 28 Mai 2017 &#8211; Chasseurs du 5\u00e8me R\u00e9giment d&#039;Infanterie L\u00e9g\u00e8re","og_description":"Beaulieu-sur-Dordogne (19) 27 et 28 Mai","og_url":"https:\/\/chasseurs5emeleger.fr\/index.php\/photos\/beaulieu-sur-dordogne-27-et-28-mai\/","og_site_name":"Chasseurs du 5\u00e8me R\u00e9giment d&#039;Infanterie L\u00e9g\u00e8re","article_publisher":"https:\/\/www.facebook.com\/chasseurs.5emeleger\/","article_modified_time":"2023-10-10T12:24:10+00:00","og_image":[{"url":"https:\/\/chasseurs5emeleger.fr\/wp-content\/uploads\/2019\/01\/FB_IMG_1496125491680-1024x768.jpg","type":"","width":"","height":""}],"schema":{"@context":"https:\/\/schema.org","@graph":[{"@type":"WebPage","@id":"https:\/\/chasseurs5emeleger.fr\/index.php\/photos\/beaulieu-sur-dordogne-27-et-28-mai\/","url":"https:\/\/chasseurs5emeleger.fr\/index.php\/photos\/beaulieu-sur-dordogne-27-et-28-mai\/","name":"Beaulieu-sur-Dordogne - 27 et 28 Mai 2017 &#8211; Chasseurs du 5\u00e8me R\u00e9giment d&#039;Infanterie L\u00e9g\u00e8re","isPartOf":{"@id":"https:\/\/chasseurs5emeleger.fr\/#website"},"primaryImageOfPage":{"@id":"https:\/\/chasseurs5emeleger.fr\/index.php\/photos\/beaulieu-sur-dordogne-27-et-28-mai\/#primaryimage"},"image":{"@id":"https:\/\/chasseurs5emeleger.fr\/index.php\/photos\/beaulieu-sur-dordogne-27-et-28-mai\/#primaryimage"},"thumbnailUrl":"https:\/\/chasseurs5emeleger.fr\/wp-content\/uploads\/2019\/01\/FB_IMG_1496125491680-1024x768.jpg","datePublished":"2019-01-13T17:22:40+00:00","dateModified":"2023-10-10T12:24:10+00:00","breadcrumb":{"@id":"https:\/\/chasseurs5emeleger.fr\/index.php\/photos\/beaulieu-sur-dordogne-27-et-28-mai\/#breadcrumb"},"inLanguage":"fr-FR","potentialAction":[{"@type":"ReadAction","target":["https:\/\/chasseurs5emeleger.fr\/index.php\/photos\/beaulieu-sur-dordogne-27-et-28-mai\/"]}]},{"@type":"ImageObject","inLanguage":"fr-FR","@id":"https:\/\/chasseurs5emeleger.fr\/index.php\/photos\/beaulieu-sur-dordogne-27-et-28-mai\/#primaryimage","url":"https:\/\/chasseurs5emeleger.fr\/wp-content\/uploads\/2019\/01\/FB_IMG_1496125491680.jpg","contentUrl":"https:\/\/chasseurs5emeleger.fr\/wp-content\/uploads\/2019\/01\/FB_IMG_1496125491680.jpg","width":1072,"height":804},{"@type":"BreadcrumbList","@id":"https:\/\/chasseurs5emeleger.fr\/index.php\/photos\/beaulieu-sur-dordogne-27-et-28-mai\/#breadcrumb","itemListElement":[{"@type":"ListItem","position":1,"name":"Accueil","item":"https:\/\/chasseurs5emeleger.fr\/"},{"@type":"ListItem","position":2,"name":"Photos","item":"https:\/\/chasseurs5emeleger.fr\/index.php\/photos\/"},{"@type":"ListItem","position":3,"name":"Beaulieu-sur-Dordogne &#8211; 27 et 28 Mai 2017"}]},{"@type":"WebSite","@id":"https:\/\/chasseurs5emeleger.fr\/#website","url":"https:\/\/chasseurs5emeleger.fr\/","name":"Chasseurs du 5\u00e8me R\u00e9giment d&#039;Infanterie L\u00e9g\u00e8re","description":"","publisher":{"@id":"https:\/\/chasseurs5emeleger.fr\/#organization"},"potentialAction":[{"@type":"SearchAction","target":{"@type":"EntryPoint","urlTemplate":"https:\/\/chasseurs5emeleger.fr\/?s={search_term_string}"},"query-input":{"@type":"PropertyValueSpecification","valueRequired":true,"valueName":"search_term_string"}}],"inLanguage":"fr-FR"},{"@type":"Organization","@id":"https:\/\/chasseurs5emeleger.fr\/#organization","name":"Chasseurs du 5\u00e8me R\u00e9giment d'infanterie l\u00e9g\u00e8re","url":"https:\/\/chasseurs5emeleger.fr\/","logo":{"@type":"ImageObject","inLanguage":"fr-FR","@id":"https:\/\/chasseurs5emeleger.fr\/#\/schema\/logo\/image\/","url":"https:\/\/chasseurs5emeleger.fr\/wp-content\/uploads\/2022\/04\/Logo-detoure-scaled.jpg","contentUrl":"https:\/\/chasseurs5emeleger.fr\/wp-content\/uploads\/2022\/04\/Logo-detoure-scaled.jpg","width":2438,"height":2560,"caption":"Chasseurs du 5\u00e8me R\u00e9giment d'infanterie l\u00e9g\u00e8re"},"image":{"@id":"https:\/\/chasseurs5emeleger.fr\/#\/schema\/logo\/image\/"},"sameAs":["https:\/\/www.facebook.com\/chasseurs.5emeleger\/"]}]}},"_links":{"self":[{"href":"https:\/\/chasseurs5emeleger.fr\/index.php\/wp-json\/wp\/v2\/pages\/374","targetHints":{"allow":["GET"]}}],"collection":[{"href":"https:\/\/chasseurs5emeleger.fr\/index.php\/wp-json\/wp\/v2\/pages"}],"about":[{"href":"https:\/\/chasseurs5emeleger.fr\/index.php\/wp-json\/wp\/v2\/types\/page"}],"author":[{"embeddable":true,"href":"https:\/\/chasseurs5emeleger.fr\/index.php\/wp-json\/wp\/v2\/users\/2"}],"replies":[{"embeddable":true,"href":"https:\/\/chasseurs5emeleger.fr\/index.php\/wp-json\/wp\/v2\/comments?post=374"}],"version-history":[{"count":6,"href":"https:\/\/chasseurs5emeleger.fr\/index.php\/wp-json\/wp\/v2\/pages\/374\/revisions"}],"predecessor-version":[{"id":5258,"href":"https:\/\/chasseurs5emeleger.fr\/index.php\/wp-json\/wp\/v2\/pages\/374\/revisions\/5258"}],"up":[{"embeddable":true,"href":"https:\/\/chasseurs5emeleger.fr\/index.php\/wp-json\/wp\/v2\/pages\/1057"}],"wp:attachment":[{"href":"https:\/\/chasseurs5emeleger.fr\/index.php\/wp-json\/wp\/v2\/media?parent=374"}],"curies":[{"name":"wp","href":"https:\/\/api.w.org\/{rel}","templated":true}]}}