{"id":3786,"date":"2022-12-29T16:17:07","date_gmt":"2022-12-29T15:17:07","guid":{"rendered":"https:\/\/chasseurs5emeleger.fr\/?page_id=3786"},"modified":"2023-03-15T13:00:45","modified_gmt":"2023-03-15T12:00:45","slug":"festival-de-lair-frejus-22-et-23-octobre-2022","status":"publish","type":"page","link":"https:\/\/chasseurs5emeleger.fr\/index.php\/photos\/festival-de-lair-frejus-22-et-23-octobre-2022\/","title":{"rendered":"Festival de l&#8217;Air &#8211; Fr\u00e9jus &#8211; 22 et 23 Octobre 2022"},"content":{"rendered":"\n<p class=\"has-text-align-center has-text-color has-large-font-size\" style=\"color:#000794\">Festival de l&#8217;Air, Fr\u00e9jus (83) <\/p>\n\n\n\n<p class=\"has-text-align-center has-text-color has-large-font-size\" style=\"color:#000794\">22 et 23 Octobre<\/p>\n\n\n\n<figure class=\"wp-block-gallery has-nested-images columns-2 wp-block-gallery-1 is-layout-flex wp-block-gallery-is-layout-flex\">\n<figure class=\"wp-block-image size-large\"><img loading=\"lazy\" decoding=\"async\" width=\"583\" height=\"1024\" data-id=\"4346\" src=\"https:\/\/chasseurs5emeleger.fr\/wp-content\/uploads\/2023\/03\/FB_IMG_1666638475984-min-583x1024.jpg\" alt=\"\" class=\"wp-image-4346\" srcset=\"https:\/\/chasseurs5emeleger.fr\/wp-content\/uploads\/2023\/03\/FB_IMG_1666638475984-min-583x1024.jpg 583w, https:\/\/chasseurs5emeleger.fr\/wp-content\/uploads\/2023\/03\/FB_IMG_1666638475984-min-171x300.jpg 171w, https:\/\/chasseurs5emeleger.fr\/wp-content\/uploads\/2023\/03\/FB_IMG_1666638475984-min-768x1349.jpg 768w, https:\/\/chasseurs5emeleger.fr\/wp-content\/uploads\/2023\/03\/FB_IMG_1666638475984-min-874x1536.jpg 874w, https:\/\/chasseurs5emeleger.fr\/wp-content\/uploads\/2023\/03\/FB_IMG_1666638475984-min-1166x2048.jpg 1166w, https:\/\/chasseurs5emeleger.fr\/wp-content\/uploads\/2023\/03\/FB_IMG_1666638475984-min-scaled.jpg 1457w\" sizes=\"auto, (max-width: 583px) 100vw, 583px\" \/><\/figure>\n\n\n\n<figure class=\"wp-block-image size-large\"><img loading=\"lazy\" decoding=\"async\" width=\"459\" height=\"1024\" data-id=\"4348\" src=\"https:\/\/chasseurs5emeleger.fr\/wp-content\/uploads\/2023\/03\/20221023_142055-min-459x1024.jpg\" alt=\"\" class=\"wp-image-4348\" srcset=\"https:\/\/chasseurs5emeleger.fr\/wp-content\/uploads\/2023\/03\/20221023_142055-min-459x1024.jpg 459w, https:\/\/chasseurs5emeleger.fr\/wp-content\/uploads\/2023\/03\/20221023_142055-min-135x300.jpg 135w, https:\/\/chasseurs5emeleger.fr\/wp-content\/uploads\/2023\/03\/20221023_142055-min-768x1713.jpg 768w, https:\/\/chasseurs5emeleger.fr\/wp-content\/uploads\/2023\/03\/20221023_142055-min-689x1536.jpg 689w, https:\/\/chasseurs5emeleger.fr\/wp-content\/uploads\/2023\/03\/20221023_142055-min-918x2048.jpg 918w, https:\/\/chasseurs5emeleger.fr\/wp-content\/uploads\/2023\/03\/20221023_142055-min-scaled.jpg 1148w\" sizes=\"auto, (max-width: 459px) 100vw, 459px\" \/><\/figure>\n\n\n\n<figure class=\"wp-block-image size-large\"><img loading=\"lazy\" decoding=\"async\" width=\"819\" height=\"1024\" data-id=\"4344\" src=\"https:\/\/chasseurs5emeleger.fr\/wp-content\/uploads\/2023\/03\/FB_IMG_1666714313679-min-819x1024.jpg\" alt=\"\" class=\"wp-image-4344\" srcset=\"https:\/\/chasseurs5emeleger.fr\/wp-content\/uploads\/2023\/03\/FB_IMG_1666714313679-min-819x1024.jpg 819w, https:\/\/chasseurs5emeleger.fr\/wp-content\/uploads\/2023\/03\/FB_IMG_1666714313679-min-240x300.jpg 240w, https:\/\/chasseurs5emeleger.fr\/wp-content\/uploads\/2023\/03\/FB_IMG_1666714313679-min-768x960.jpg 768w, https:\/\/chasseurs5emeleger.fr\/wp-content\/uploads\/2023\/03\/FB_IMG_1666714313679-min.jpg 1080w\" sizes=\"auto, (max-width: 819px) 100vw, 819px\" \/><\/figure>\n\n\n\n<figure class=\"wp-block-image size-large\"><img loading=\"lazy\" decoding=\"async\" width=\"683\" height=\"1024\" data-id=\"4342\" src=\"https:\/\/chasseurs5emeleger.fr\/wp-content\/uploads\/2023\/03\/IMG_2-min-683x1024.jpg\" alt=\"\" class=\"wp-image-4342\" srcset=\"https:\/\/chasseurs5emeleger.fr\/wp-content\/uploads\/2023\/03\/IMG_2-min-683x1024.jpg 683w, https:\/\/chasseurs5emeleger.fr\/wp-content\/uploads\/2023\/03\/IMG_2-min-200x300.jpg 200w, https:\/\/chasseurs5emeleger.fr\/wp-content\/uploads\/2023\/03\/IMG_2-min-768x1152.jpg 768w, https:\/\/chasseurs5emeleger.fr\/wp-content\/uploads\/2023\/03\/IMG_2-min-1024x1536.jpg 1024w, https:\/\/chasseurs5emeleger.fr\/wp-content\/uploads\/2023\/03\/IMG_2-min.jpg 1365w\" sizes=\"auto, (max-width: 683px) 100vw, 683px\" \/><\/figure>\n\n\n\n<figure class=\"wp-block-image size-large\"><img loading=\"lazy\" decoding=\"async\" width=\"527\" height=\"1024\" data-id=\"4345\" src=\"https:\/\/chasseurs5emeleger.fr\/wp-content\/uploads\/2023\/03\/IMG_5-min-527x1024.jpg\" alt=\"\" class=\"wp-image-4345\" srcset=\"https:\/\/chasseurs5emeleger.fr\/wp-content\/uploads\/2023\/03\/IMG_5-min-527x1024.jpg 527w, https:\/\/chasseurs5emeleger.fr\/wp-content\/uploads\/2023\/03\/IMG_5-min-154x300.jpg 154w, https:\/\/chasseurs5emeleger.fr\/wp-content\/uploads\/2023\/03\/IMG_5-min-768x1494.jpg 768w, https:\/\/chasseurs5emeleger.fr\/wp-content\/uploads\/2023\/03\/IMG_5-min-790x1536.jpg 790w, https:\/\/chasseurs5emeleger.fr\/wp-content\/uploads\/2023\/03\/IMG_5-min.jpg 1053w\" sizes=\"auto, (max-width: 527px) 100vw, 527px\" \/><\/figure>\n\n\n\n<figure class=\"wp-block-image size-large\"><img loading=\"lazy\" decoding=\"async\" width=\"683\" height=\"1024\" data-id=\"4343\" src=\"https:\/\/chasseurs5emeleger.fr\/wp-content\/uploads\/2023\/03\/IMG_9-min-683x1024.jpg\" alt=\"\" class=\"wp-image-4343\" srcset=\"https:\/\/chasseurs5emeleger.fr\/wp-content\/uploads\/2023\/03\/IMG_9-min-683x1024.jpg 683w, https:\/\/chasseurs5emeleger.fr\/wp-content\/uploads\/2023\/03\/IMG_9-min-200x300.jpg 200w, https:\/\/chasseurs5emeleger.fr\/wp-content\/uploads\/2023\/03\/IMG_9-min-768x1152.jpg 768w, https:\/\/chasseurs5emeleger.fr\/wp-content\/uploads\/2023\/03\/IMG_9-min-1024x1536.jpg 1024w, https:\/\/chasseurs5emeleger.fr\/wp-content\/uploads\/2023\/03\/IMG_9-min.jpg 1365w\" sizes=\"auto, (max-width: 683px) 100vw, 683px\" \/><\/figure>\n\n\n\n<figure class=\"wp-block-image size-large\"><img loading=\"lazy\" decoding=\"async\" width=\"1024\" height=\"753\" data-id=\"4347\" src=\"https:\/\/chasseurs5emeleger.fr\/wp-content\/uploads\/2023\/03\/IMG_10-min-1024x753.jpg\" alt=\"\" class=\"wp-image-4347\" srcset=\"https:\/\/chasseurs5emeleger.fr\/wp-content\/uploads\/2023\/03\/IMG_10-min-1024x753.jpg 1024w, https:\/\/chasseurs5emeleger.fr\/wp-content\/uploads\/2023\/03\/IMG_10-min-300x221.jpg 300w, https:\/\/chasseurs5emeleger.fr\/wp-content\/uploads\/2023\/03\/IMG_10-min-768x565.jpg 768w, https:\/\/chasseurs5emeleger.fr\/wp-content\/uploads\/2023\/03\/IMG_10-min-1536x1130.jpg 1536w, https:\/\/chasseurs5emeleger.fr\/wp-content\/uploads\/2023\/03\/IMG_10-min.jpg 2048w\" sizes=\"auto, (max-width: 1024px) 100vw, 1024px\" \/><\/figure>\n\n\n\n<figure class=\"wp-block-image size-large\"><img loading=\"lazy\" decoding=\"async\" width=\"1024\" height=\"677\" data-id=\"4349\" src=\"https:\/\/chasseurs5emeleger.fr\/wp-content\/uploads\/2023\/03\/IMG_7-min-1024x677.jpg\" alt=\"\" class=\"wp-image-4349\" srcset=\"https:\/\/chasseurs5emeleger.fr\/wp-content\/uploads\/2023\/03\/IMG_7-min-1024x677.jpg 1024w, https:\/\/chasseurs5emeleger.fr\/wp-content\/uploads\/2023\/03\/IMG_7-min-300x198.jpg 300w, https:\/\/chasseurs5emeleger.fr\/wp-content\/uploads\/2023\/03\/IMG_7-min-768x508.jpg 768w, https:\/\/chasseurs5emeleger.fr\/wp-content\/uploads\/2023\/03\/IMG_7-min-1536x1016.jpg 1536w, https:\/\/chasseurs5emeleger.fr\/wp-content\/uploads\/2023\/03\/IMG_7-min-2048x1354.jpg 2048w\" sizes=\"auto, (max-width: 1024px) 100vw, 1024px\" \/><\/figure>\n<\/figure>\n","protected":false},"excerpt":{"rendered":"<p>Festival de l&#8217;Air, Fr\u00e9jus (83) 22 et 23 Octobre<\/p>\n","protected":false},"author":2,"featured_media":0,"parent":1057,"menu_order":0,"comment_status":"closed","ping_status":"closed","template":"","meta":{"footnotes":""},"class_list":["post-3786","page","type-page","status-publish","hentry"],"yoast_head":"<!-- This site is optimized with the Yoast SEO plugin v27.5 - https:\/\/yoast.com\/product\/yoast-seo-wordpress\/ -->\n<title>Festival de l&#039;Air - Fr\u00e9jus - 22 et 23 Octobre 2022 &#8211; Chasseurs du 5\u00e8me R\u00e9giment d&#039;Infanterie L\u00e9g\u00e8re<\/title>\n<meta name=\"robots\" content=\"index, follow, max-snippet:-1, max-image-preview:large, max-video-preview:-1\" \/>\n<link rel=\"canonical\" href=\"https:\/\/chasseurs5emeleger.fr\/index.php\/photos\/festival-de-lair-frejus-22-et-23-octobre-2022\/\" \/>\n<meta property=\"og:locale\" content=\"fr_FR\" \/>\n<meta property=\"og:type\" content=\"article\" \/>\n<meta property=\"og:title\" content=\"Festival de l&#039;Air - Fr\u00e9jus - 22 et 23 Octobre 2022 &#8211; Chasseurs du 5\u00e8me R\u00e9giment d&#039;Infanterie L\u00e9g\u00e8re\" \/>\n<meta property=\"og:description\" content=\"Festival de l&#8217;Air, Fr\u00e9jus (83) 22 et 23 Octobre\" \/>\n<meta property=\"og:url\" content=\"https:\/\/chasseurs5emeleger.fr\/index.php\/photos\/festival-de-lair-frejus-22-et-23-octobre-2022\/\" \/>\n<meta property=\"og:site_name\" content=\"Chasseurs du 5\u00e8me R\u00e9giment d&#039;Infanterie L\u00e9g\u00e8re\" \/>\n<meta property=\"article:publisher\" content=\"https:\/\/www.facebook.com\/chasseurs.5emeleger\/\" \/>\n<meta property=\"article:modified_time\" content=\"2023-03-15T12:00:45+00:00\" \/>\n<meta property=\"og:image\" content=\"https:\/\/chasseurs5emeleger.fr\/wp-content\/uploads\/2023\/03\/FB_IMG_1666638475984-min-583x1024.jpg\" \/>\n<script type=\"application\/ld+json\" class=\"yoast-schema-graph\">{\"@context\":\"https:\\\/\\\/schema.org\",\"@graph\":[{\"@type\":\"WebPage\",\"@id\":\"https:\\\/\\\/chasseurs5emeleger.fr\\\/index.php\\\/photos\\\/festival-de-lair-frejus-22-et-23-octobre-2022\\\/\",\"url\":\"https:\\\/\\\/chasseurs5emeleger.fr\\\/index.php\\\/photos\\\/festival-de-lair-frejus-22-et-23-octobre-2022\\\/\",\"name\":\"Festival de l'Air - Fr\u00e9jus - 22 et 23 Octobre 2022 &#8211; Chasseurs du 5\u00e8me R\u00e9giment d&#039;Infanterie L\u00e9g\u00e8re\",\"isPartOf\":{\"@id\":\"https:\\\/\\\/chasseurs5emeleger.fr\\\/#website\"},\"primaryImageOfPage\":{\"@id\":\"https:\\\/\\\/chasseurs5emeleger.fr\\\/index.php\\\/photos\\\/festival-de-lair-frejus-22-et-23-octobre-2022\\\/#primaryimage\"},\"image\":{\"@id\":\"https:\\\/\\\/chasseurs5emeleger.fr\\\/index.php\\\/photos\\\/festival-de-lair-frejus-22-et-23-octobre-2022\\\/#primaryimage\"},\"thumbnailUrl\":\"https:\\\/\\\/chasseurs5emeleger.fr\\\/wp-content\\\/uploads\\\/2023\\\/03\\\/FB_IMG_1666638475984-min-583x1024.jpg\",\"datePublished\":\"2022-12-29T15:17:07+00:00\",\"dateModified\":\"2023-03-15T12:00:45+00:00\",\"breadcrumb\":{\"@id\":\"https:\\\/\\\/chasseurs5emeleger.fr\\\/index.php\\\/photos\\\/festival-de-lair-frejus-22-et-23-octobre-2022\\\/#breadcrumb\"},\"inLanguage\":\"fr-FR\",\"potentialAction\":[{\"@type\":\"ReadAction\",\"target\":[\"https:\\\/\\\/chasseurs5emeleger.fr\\\/index.php\\\/photos\\\/festival-de-lair-frejus-22-et-23-octobre-2022\\\/\"]}]},{\"@type\":\"ImageObject\",\"inLanguage\":\"fr-FR\",\"@id\":\"https:\\\/\\\/chasseurs5emeleger.fr\\\/index.php\\\/photos\\\/festival-de-lair-frejus-22-et-23-octobre-2022\\\/#primaryimage\",\"url\":\"https:\\\/\\\/chasseurs5emeleger.fr\\\/wp-content\\\/uploads\\\/2023\\\/03\\\/FB_IMG_1666638475984-min-scaled.jpg\",\"contentUrl\":\"https:\\\/\\\/chasseurs5emeleger.fr\\\/wp-content\\\/uploads\\\/2023\\\/03\\\/FB_IMG_1666638475984-min-scaled.jpg\",\"width\":1457,\"height\":2560},{\"@type\":\"BreadcrumbList\",\"@id\":\"https:\\\/\\\/chasseurs5emeleger.fr\\\/index.php\\\/photos\\\/festival-de-lair-frejus-22-et-23-octobre-2022\\\/#breadcrumb\",\"itemListElement\":[{\"@type\":\"ListItem\",\"position\":1,\"name\":\"Accueil\",\"item\":\"https:\\\/\\\/chasseurs5emeleger.fr\\\/\"},{\"@type\":\"ListItem\",\"position\":2,\"name\":\"Photos\",\"item\":\"https:\\\/\\\/chasseurs5emeleger.fr\\\/index.php\\\/photos\\\/\"},{\"@type\":\"ListItem\",\"position\":3,\"name\":\"Festival de l&#8217;Air &#8211; Fr\u00e9jus &#8211; 22 et 23 Octobre 2022\"}]},{\"@type\":\"WebSite\",\"@id\":\"https:\\\/\\\/chasseurs5emeleger.fr\\\/#website\",\"url\":\"https:\\\/\\\/chasseurs5emeleger.fr\\\/\",\"name\":\"Chasseurs du 5\u00e8me R\u00e9giment d&#039;Infanterie L\u00e9g\u00e8re\",\"description\":\"\",\"publisher\":{\"@id\":\"https:\\\/\\\/chasseurs5emeleger.fr\\\/#organization\"},\"potentialAction\":[{\"@type\":\"SearchAction\",\"target\":{\"@type\":\"EntryPoint\",\"urlTemplate\":\"https:\\\/\\\/chasseurs5emeleger.fr\\\/?s={search_term_string}\"},\"query-input\":{\"@type\":\"PropertyValueSpecification\",\"valueRequired\":true,\"valueName\":\"search_term_string\"}}],\"inLanguage\":\"fr-FR\"},{\"@type\":\"Organization\",\"@id\":\"https:\\\/\\\/chasseurs5emeleger.fr\\\/#organization\",\"name\":\"Chasseurs du 5\u00e8me R\u00e9giment d'infanterie l\u00e9g\u00e8re\",\"url\":\"https:\\\/\\\/chasseurs5emeleger.fr\\\/\",\"logo\":{\"@type\":\"ImageObject\",\"inLanguage\":\"fr-FR\",\"@id\":\"https:\\\/\\\/chasseurs5emeleger.fr\\\/#\\\/schema\\\/logo\\\/image\\\/\",\"url\":\"https:\\\/\\\/chasseurs5emeleger.fr\\\/wp-content\\\/uploads\\\/2022\\\/04\\\/Logo-detoure-scaled.jpg\",\"contentUrl\":\"https:\\\/\\\/chasseurs5emeleger.fr\\\/wp-content\\\/uploads\\\/2022\\\/04\\\/Logo-detoure-scaled.jpg\",\"width\":2438,\"height\":2560,\"caption\":\"Chasseurs du 5\u00e8me R\u00e9giment d'infanterie l\u00e9g\u00e8re\"},\"image\":{\"@id\":\"https:\\\/\\\/chasseurs5emeleger.fr\\\/#\\\/schema\\\/logo\\\/image\\\/\"},\"sameAs\":[\"https:\\\/\\\/www.facebook.com\\\/chasseurs.5emeleger\\\/\"]}]}<\/script>\n<!-- \/ Yoast SEO plugin. -->","yoast_head_json":{"title":"Festival de l'Air - Fr\u00e9jus - 22 et 23 Octobre 2022 &#8211; Chasseurs du 5\u00e8me R\u00e9giment d&#039;Infanterie L\u00e9g\u00e8re","robots":{"index":"index","follow":"follow","max-snippet":"max-snippet:-1","max-image-preview":"max-image-preview:large","max-video-preview":"max-video-preview:-1"},"canonical":"https:\/\/chasseurs5emeleger.fr\/index.php\/photos\/festival-de-lair-frejus-22-et-23-octobre-2022\/","og_locale":"fr_FR","og_type":"article","og_title":"Festival de l'Air - Fr\u00e9jus - 22 et 23 Octobre 2022 &#8211; Chasseurs du 5\u00e8me R\u00e9giment d&#039;Infanterie L\u00e9g\u00e8re","og_description":"Festival de l&#8217;Air, Fr\u00e9jus (83) 22 et 23 Octobre","og_url":"https:\/\/chasseurs5emeleger.fr\/index.php\/photos\/festival-de-lair-frejus-22-et-23-octobre-2022\/","og_site_name":"Chasseurs du 5\u00e8me R\u00e9giment d&#039;Infanterie L\u00e9g\u00e8re","article_publisher":"https:\/\/www.facebook.com\/chasseurs.5emeleger\/","article_modified_time":"2023-03-15T12:00:45+00:00","og_image":[{"url":"https:\/\/chasseurs5emeleger.fr\/wp-content\/uploads\/2023\/03\/FB_IMG_1666638475984-min-583x1024.jpg","type":"","width":"","height":""}],"schema":{"@context":"https:\/\/schema.org","@graph":[{"@type":"WebPage","@id":"https:\/\/chasseurs5emeleger.fr\/index.php\/photos\/festival-de-lair-frejus-22-et-23-octobre-2022\/","url":"https:\/\/chasseurs5emeleger.fr\/index.php\/photos\/festival-de-lair-frejus-22-et-23-octobre-2022\/","name":"Festival de l'Air - Fr\u00e9jus - 22 et 23 Octobre 2022 &#8211; Chasseurs du 5\u00e8me R\u00e9giment d&#039;Infanterie L\u00e9g\u00e8re","isPartOf":{"@id":"https:\/\/chasseurs5emeleger.fr\/#website"},"primaryImageOfPage":{"@id":"https:\/\/chasseurs5emeleger.fr\/index.php\/photos\/festival-de-lair-frejus-22-et-23-octobre-2022\/#primaryimage"},"image":{"@id":"https:\/\/chasseurs5emeleger.fr\/index.php\/photos\/festival-de-lair-frejus-22-et-23-octobre-2022\/#primaryimage"},"thumbnailUrl":"https:\/\/chasseurs5emeleger.fr\/wp-content\/uploads\/2023\/03\/FB_IMG_1666638475984-min-583x1024.jpg","datePublished":"2022-12-29T15:17:07+00:00","dateModified":"2023-03-15T12:00:45+00:00","breadcrumb":{"@id":"https:\/\/chasseurs5emeleger.fr\/index.php\/photos\/festival-de-lair-frejus-22-et-23-octobre-2022\/#breadcrumb"},"inLanguage":"fr-FR","potentialAction":[{"@type":"ReadAction","target":["https:\/\/chasseurs5emeleger.fr\/index.php\/photos\/festival-de-lair-frejus-22-et-23-octobre-2022\/"]}]},{"@type":"ImageObject","inLanguage":"fr-FR","@id":"https:\/\/chasseurs5emeleger.fr\/index.php\/photos\/festival-de-lair-frejus-22-et-23-octobre-2022\/#primaryimage","url":"https:\/\/chasseurs5emeleger.fr\/wp-content\/uploads\/2023\/03\/FB_IMG_1666638475984-min-scaled.jpg","contentUrl":"https:\/\/chasseurs5emeleger.fr\/wp-content\/uploads\/2023\/03\/FB_IMG_1666638475984-min-scaled.jpg","width":1457,"height":2560},{"@type":"BreadcrumbList","@id":"https:\/\/chasseurs5emeleger.fr\/index.php\/photos\/festival-de-lair-frejus-22-et-23-octobre-2022\/#breadcrumb","itemListElement":[{"@type":"ListItem","position":1,"name":"Accueil","item":"https:\/\/chasseurs5emeleger.fr\/"},{"@type":"ListItem","position":2,"name":"Photos","item":"https:\/\/chasseurs5emeleger.fr\/index.php\/photos\/"},{"@type":"ListItem","position":3,"name":"Festival de l&#8217;Air &#8211; Fr\u00e9jus &#8211; 22 et 23 Octobre 2022"}]},{"@type":"WebSite","@id":"https:\/\/chasseurs5emeleger.fr\/#website","url":"https:\/\/chasseurs5emeleger.fr\/","name":"Chasseurs du 5\u00e8me R\u00e9giment d&#039;Infanterie L\u00e9g\u00e8re","description":"","publisher":{"@id":"https:\/\/chasseurs5emeleger.fr\/#organization"},"potentialAction":[{"@type":"SearchAction","target":{"@type":"EntryPoint","urlTemplate":"https:\/\/chasseurs5emeleger.fr\/?s={search_term_string}"},"query-input":{"@type":"PropertyValueSpecification","valueRequired":true,"valueName":"search_term_string"}}],"inLanguage":"fr-FR"},{"@type":"Organization","@id":"https:\/\/chasseurs5emeleger.fr\/#organization","name":"Chasseurs du 5\u00e8me R\u00e9giment d'infanterie l\u00e9g\u00e8re","url":"https:\/\/chasseurs5emeleger.fr\/","logo":{"@type":"ImageObject","inLanguage":"fr-FR","@id":"https:\/\/chasseurs5emeleger.fr\/#\/schema\/logo\/image\/","url":"https:\/\/chasseurs5emeleger.fr\/wp-content\/uploads\/2022\/04\/Logo-detoure-scaled.jpg","contentUrl":"https:\/\/chasseurs5emeleger.fr\/wp-content\/uploads\/2022\/04\/Logo-detoure-scaled.jpg","width":2438,"height":2560,"caption":"Chasseurs du 5\u00e8me R\u00e9giment d'infanterie l\u00e9g\u00e8re"},"image":{"@id":"https:\/\/chasseurs5emeleger.fr\/#\/schema\/logo\/image\/"},"sameAs":["https:\/\/www.facebook.com\/chasseurs.5emeleger\/"]}]}},"_links":{"self":[{"href":"https:\/\/chasseurs5emeleger.fr\/index.php\/wp-json\/wp\/v2\/pages\/3786","targetHints":{"allow":["GET"]}}],"collection":[{"href":"https:\/\/chasseurs5emeleger.fr\/index.php\/wp-json\/wp\/v2\/pages"}],"about":[{"href":"https:\/\/chasseurs5emeleger.fr\/index.php\/wp-json\/wp\/v2\/types\/page"}],"author":[{"embeddable":true,"href":"https:\/\/chasseurs5emeleger.fr\/index.php\/wp-json\/wp\/v2\/users\/2"}],"replies":[{"embeddable":true,"href":"https:\/\/chasseurs5emeleger.fr\/index.php\/wp-json\/wp\/v2\/comments?post=3786"}],"version-history":[{"count":10,"href":"https:\/\/chasseurs5emeleger.fr\/index.php\/wp-json\/wp\/v2\/pages\/3786\/revisions"}],"predecessor-version":[{"id":4352,"href":"https:\/\/chasseurs5emeleger.fr\/index.php\/wp-json\/wp\/v2\/pages\/3786\/revisions\/4352"}],"up":[{"embeddable":true,"href":"https:\/\/chasseurs5emeleger.fr\/index.php\/wp-json\/wp\/v2\/pages\/1057"}],"wp:attachment":[{"href":"https:\/\/chasseurs5emeleger.fr\/index.php\/wp-json\/wp\/v2\/media?parent=3786"}],"curies":[{"name":"wp","href":"https:\/\/api.w.org\/{rel}","templated":true}]}}