{"id":393,"date":"2019-01-13T18:32:46","date_gmt":"2019-01-13T17:32:46","guid":{"rendered":"https:\/\/chasseurs5emeleger.fr\/?page_id=393"},"modified":"2023-10-10T14:45:41","modified_gmt":"2023-10-10T12:45:41","slug":"bergeres-sous-montmirail-18-et-19-mars","status":"publish","type":"page","link":"https:\/\/chasseurs5emeleger.fr\/index.php\/photos\/bergeres-sous-montmirail-18-et-19-mars\/","title":{"rendered":"Berg\u00e8res-sous-Montmirail &#8211; 18 et 19 Mars 2017"},"content":{"rendered":"\n<p class=\"has-text-align-center has-text-color has-large-font-size\" style=\"color:#000794\">Berg\u00e8res-sous-Montmirail (51) 18 et 19 Mars<\/p>\n\n\n\n<figure class=\"wp-block-gallery has-nested-images columns-2 wp-block-gallery-1 is-layout-flex wp-block-gallery-is-layout-flex\">\n<figure class=\"wp-block-image size-large\"><img loading=\"lazy\" decoding=\"async\" width=\"1024\" height=\"683\" data-id=\"394\" src=\"https:\/\/chasseurs5emeleger.fr\/wp-content\/uploads\/2019\/01\/17191792_10154373651414599_6044083204678443172_o-1024x683.jpg\" alt=\"\" class=\"wp-image-394\" srcset=\"https:\/\/chasseurs5emeleger.fr\/wp-content\/uploads\/2019\/01\/17191792_10154373651414599_6044083204678443172_o-1024x683.jpg 1024w, https:\/\/chasseurs5emeleger.fr\/wp-content\/uploads\/2019\/01\/17191792_10154373651414599_6044083204678443172_o-300x200.jpg 300w, https:\/\/chasseurs5emeleger.fr\/wp-content\/uploads\/2019\/01\/17191792_10154373651414599_6044083204678443172_o-768x512.jpg 768w, https:\/\/chasseurs5emeleger.fr\/wp-content\/uploads\/2019\/01\/17191792_10154373651414599_6044083204678443172_o.jpg 1296w\" sizes=\"auto, (max-width: 1024px) 100vw, 1024px\" \/><\/figure>\n\n\n\n<figure class=\"wp-block-image size-large\"><img loading=\"lazy\" decoding=\"async\" width=\"1024\" height=\"683\" data-id=\"395\" src=\"https:\/\/chasseurs5emeleger.fr\/wp-content\/uploads\/2019\/01\/17240638_10154373652844599_5319680323623408551_o-1024x683.jpg\" alt=\"\" class=\"wp-image-395\" srcset=\"https:\/\/chasseurs5emeleger.fr\/wp-content\/uploads\/2019\/01\/17240638_10154373652844599_5319680323623408551_o-1024x683.jpg 1024w, https:\/\/chasseurs5emeleger.fr\/wp-content\/uploads\/2019\/01\/17240638_10154373652844599_5319680323623408551_o-300x200.jpg 300w, https:\/\/chasseurs5emeleger.fr\/wp-content\/uploads\/2019\/01\/17240638_10154373652844599_5319680323623408551_o-768x512.jpg 768w, https:\/\/chasseurs5emeleger.fr\/wp-content\/uploads\/2019\/01\/17240638_10154373652844599_5319680323623408551_o.jpg 1296w\" sizes=\"auto, (max-width: 1024px) 100vw, 1024px\" \/><\/figure>\n\n\n\n<figure class=\"wp-block-image size-large\"><img loading=\"lazy\" decoding=\"async\" width=\"1024\" height=\"683\" data-id=\"396\" src=\"https:\/\/chasseurs5emeleger.fr\/wp-content\/uploads\/2019\/01\/17309928_10154373624254599_2430582363306733186_o-1024x683.jpg\" alt=\"\" class=\"wp-image-396\" srcset=\"https:\/\/chasseurs5emeleger.fr\/wp-content\/uploads\/2019\/01\/17309928_10154373624254599_2430582363306733186_o-1024x683.jpg 1024w, https:\/\/chasseurs5emeleger.fr\/wp-content\/uploads\/2019\/01\/17309928_10154373624254599_2430582363306733186_o-300x200.jpg 300w, https:\/\/chasseurs5emeleger.fr\/wp-content\/uploads\/2019\/01\/17309928_10154373624254599_2430582363306733186_o-768x512.jpg 768w, https:\/\/chasseurs5emeleger.fr\/wp-content\/uploads\/2019\/01\/17309928_10154373624254599_2430582363306733186_o.jpg 1296w\" sizes=\"auto, (max-width: 1024px) 100vw, 1024px\" \/><\/figure>\n\n\n\n<figure class=\"wp-block-image size-large\"><img loading=\"lazy\" decoding=\"async\" width=\"1024\" height=\"768\" data-id=\"397\" src=\"https:\/\/chasseurs5emeleger.fr\/wp-content\/uploads\/2019\/01\/17309961_10209974827700679_4026131200999753230_o-1024x768.jpg\" alt=\"\" class=\"wp-image-397\" srcset=\"https:\/\/chasseurs5emeleger.fr\/wp-content\/uploads\/2019\/01\/17309961_10209974827700679_4026131200999753230_o-1024x768.jpg 1024w, https:\/\/chasseurs5emeleger.fr\/wp-content\/uploads\/2019\/01\/17309961_10209974827700679_4026131200999753230_o-300x225.jpg 300w, https:\/\/chasseurs5emeleger.fr\/wp-content\/uploads\/2019\/01\/17309961_10209974827700679_4026131200999753230_o-768x576.jpg 768w, https:\/\/chasseurs5emeleger.fr\/wp-content\/uploads\/2019\/01\/17309961_10209974827700679_4026131200999753230_o.jpg 2048w\" sizes=\"auto, (max-width: 1024px) 100vw, 1024px\" \/><\/figure>\n\n\n\n<figure class=\"wp-block-image size-large\"><img loading=\"lazy\" decoding=\"async\" width=\"1024\" height=\"683\" data-id=\"398\" src=\"https:\/\/chasseurs5emeleger.fr\/wp-content\/uploads\/2019\/01\/17309971_10210636402139409_7208346339405160126_o-1024x683.jpg\" alt=\"\" class=\"wp-image-398\" srcset=\"https:\/\/chasseurs5emeleger.fr\/wp-content\/uploads\/2019\/01\/17309971_10210636402139409_7208346339405160126_o-1024x683.jpg 1024w, https:\/\/chasseurs5emeleger.fr\/wp-content\/uploads\/2019\/01\/17309971_10210636402139409_7208346339405160126_o-300x200.jpg 300w, https:\/\/chasseurs5emeleger.fr\/wp-content\/uploads\/2019\/01\/17309971_10210636402139409_7208346339405160126_o-768x512.jpg 768w, https:\/\/chasseurs5emeleger.fr\/wp-content\/uploads\/2019\/01\/17309971_10210636402139409_7208346339405160126_o.jpg 1296w\" sizes=\"auto, (max-width: 1024px) 100vw, 1024px\" \/><\/figure>\n\n\n\n<figure class=\"wp-block-image size-large\"><img loading=\"lazy\" decoding=\"async\" width=\"1024\" height=\"683\" data-id=\"399\" src=\"https:\/\/chasseurs5emeleger.fr\/wp-content\/uploads\/2019\/01\/17310205_10154373651874599_1918521004927196867_o-1024x683.jpg\" alt=\"\" class=\"wp-image-399\" srcset=\"https:\/\/chasseurs5emeleger.fr\/wp-content\/uploads\/2019\/01\/17310205_10154373651874599_1918521004927196867_o-1024x683.jpg 1024w, https:\/\/chasseurs5emeleger.fr\/wp-content\/uploads\/2019\/01\/17310205_10154373651874599_1918521004927196867_o-300x200.jpg 300w, https:\/\/chasseurs5emeleger.fr\/wp-content\/uploads\/2019\/01\/17310205_10154373651874599_1918521004927196867_o-768x512.jpg 768w, https:\/\/chasseurs5emeleger.fr\/wp-content\/uploads\/2019\/01\/17310205_10154373651874599_1918521004927196867_o.jpg 1296w\" sizes=\"auto, (max-width: 1024px) 100vw, 1024px\" \/><\/figure>\n\n\n\n<figure class=\"wp-block-image size-large\"><img loading=\"lazy\" decoding=\"async\" width=\"683\" height=\"1024\" data-id=\"407\" src=\"https:\/\/chasseurs5emeleger.fr\/wp-content\/uploads\/2019\/01\/17358816_10154373670389599_2835155755273200655_o-683x1024.jpg\" alt=\"\" class=\"wp-image-407\" srcset=\"https:\/\/chasseurs5emeleger.fr\/wp-content\/uploads\/2019\/01\/17358816_10154373670389599_2835155755273200655_o-683x1024.jpg 683w, https:\/\/chasseurs5emeleger.fr\/wp-content\/uploads\/2019\/01\/17358816_10154373670389599_2835155755273200655_o-200x300.jpg 200w, https:\/\/chasseurs5emeleger.fr\/wp-content\/uploads\/2019\/01\/17358816_10154373670389599_2835155755273200655_o-768x1152.jpg 768w, https:\/\/chasseurs5emeleger.fr\/wp-content\/uploads\/2019\/01\/17358816_10154373670389599_2835155755273200655_o.jpg 864w\" sizes=\"auto, (max-width: 683px) 100vw, 683px\" \/><\/figure>\n\n\n\n<figure class=\"wp-block-image size-large\"><img loading=\"lazy\" decoding=\"async\" width=\"683\" height=\"1024\" data-id=\"401\" src=\"https:\/\/chasseurs5emeleger.fr\/wp-content\/uploads\/2019\/01\/17310959_10154373670629599_5825834090740554189_o-683x1024.jpg\" alt=\"\" class=\"wp-image-401\" srcset=\"https:\/\/chasseurs5emeleger.fr\/wp-content\/uploads\/2019\/01\/17310959_10154373670629599_5825834090740554189_o-683x1024.jpg 683w, https:\/\/chasseurs5emeleger.fr\/wp-content\/uploads\/2019\/01\/17310959_10154373670629599_5825834090740554189_o-200x300.jpg 200w, https:\/\/chasseurs5emeleger.fr\/wp-content\/uploads\/2019\/01\/17310959_10154373670629599_5825834090740554189_o-768x1152.jpg 768w, https:\/\/chasseurs5emeleger.fr\/wp-content\/uploads\/2019\/01\/17310959_10154373670629599_5825834090740554189_o.jpg 864w\" sizes=\"auto, (max-width: 683px) 100vw, 683px\" \/><\/figure>\n\n\n\n<figure class=\"wp-block-image size-large\"><img loading=\"lazy\" decoding=\"async\" width=\"683\" height=\"1024\" data-id=\"402\" src=\"https:\/\/chasseurs5emeleger.fr\/wp-content\/uploads\/2019\/01\/17350015_10154373670314599_6428670035438022887_o-683x1024.jpg\" alt=\"\" class=\"wp-image-402\" srcset=\"https:\/\/chasseurs5emeleger.fr\/wp-content\/uploads\/2019\/01\/17350015_10154373670314599_6428670035438022887_o-683x1024.jpg 683w, https:\/\/chasseurs5emeleger.fr\/wp-content\/uploads\/2019\/01\/17350015_10154373670314599_6428670035438022887_o-200x300.jpg 200w, https:\/\/chasseurs5emeleger.fr\/wp-content\/uploads\/2019\/01\/17350015_10154373670314599_6428670035438022887_o-768x1152.jpg 768w, https:\/\/chasseurs5emeleger.fr\/wp-content\/uploads\/2019\/01\/17350015_10154373670314599_6428670035438022887_o.jpg 864w\" sizes=\"auto, (max-width: 683px) 100vw, 683px\" \/><\/figure>\n\n\n\n<figure class=\"wp-block-image size-large\"><img loading=\"lazy\" decoding=\"async\" width=\"683\" height=\"1024\" data-id=\"403\" src=\"https:\/\/chasseurs5emeleger.fr\/wp-content\/uploads\/2019\/01\/17358517_10210636372058657_2868278033223717260_o-683x1024.jpg\" alt=\"\" class=\"wp-image-403\" srcset=\"https:\/\/chasseurs5emeleger.fr\/wp-content\/uploads\/2019\/01\/17358517_10210636372058657_2868278033223717260_o-683x1024.jpg 683w, https:\/\/chasseurs5emeleger.fr\/wp-content\/uploads\/2019\/01\/17358517_10210636372058657_2868278033223717260_o-200x300.jpg 200w, https:\/\/chasseurs5emeleger.fr\/wp-content\/uploads\/2019\/01\/17358517_10210636372058657_2868278033223717260_o-768x1152.jpg 768w, https:\/\/chasseurs5emeleger.fr\/wp-content\/uploads\/2019\/01\/17358517_10210636372058657_2868278033223717260_o.jpg 864w\" sizes=\"auto, (max-width: 683px) 100vw, 683px\" \/><\/figure>\n\n\n\n<figure class=\"wp-block-image size-large\"><img loading=\"lazy\" decoding=\"async\" width=\"1024\" height=\"683\" data-id=\"400\" src=\"https:\/\/chasseurs5emeleger.fr\/wp-content\/uploads\/2019\/01\/17310342_10210636376058757_1465567038433192695_o-1024x683.jpg\" alt=\"\" class=\"wp-image-400\" srcset=\"https:\/\/chasseurs5emeleger.fr\/wp-content\/uploads\/2019\/01\/17310342_10210636376058757_1465567038433192695_o-1024x683.jpg 1024w, https:\/\/chasseurs5emeleger.fr\/wp-content\/uploads\/2019\/01\/17310342_10210636376058757_1465567038433192695_o-300x200.jpg 300w, https:\/\/chasseurs5emeleger.fr\/wp-content\/uploads\/2019\/01\/17310342_10210636376058757_1465567038433192695_o-768x512.jpg 768w, https:\/\/chasseurs5emeleger.fr\/wp-content\/uploads\/2019\/01\/17310342_10210636376058757_1465567038433192695_o.jpg 1296w\" sizes=\"auto, (max-width: 1024px) 100vw, 1024px\" \/><\/figure>\n\n\n\n<figure class=\"wp-block-image size-large\"><img loading=\"lazy\" decoding=\"async\" width=\"1024\" height=\"683\" data-id=\"404\" src=\"https:\/\/chasseurs5emeleger.fr\/wp-content\/uploads\/2019\/01\/17358569_10154373621584599_8873437458824799936_o-1024x683.jpg\" alt=\"\" class=\"wp-image-404\" srcset=\"https:\/\/chasseurs5emeleger.fr\/wp-content\/uploads\/2019\/01\/17358569_10154373621584599_8873437458824799936_o-1024x683.jpg 1024w, https:\/\/chasseurs5emeleger.fr\/wp-content\/uploads\/2019\/01\/17358569_10154373621584599_8873437458824799936_o-300x200.jpg 300w, https:\/\/chasseurs5emeleger.fr\/wp-content\/uploads\/2019\/01\/17358569_10154373621584599_8873437458824799936_o-768x512.jpg 768w, https:\/\/chasseurs5emeleger.fr\/wp-content\/uploads\/2019\/01\/17358569_10154373621584599_8873437458824799936_o.jpg 1296w\" sizes=\"auto, (max-width: 1024px) 100vw, 1024px\" \/><\/figure>\n\n\n\n<figure class=\"wp-block-image size-large\"><img loading=\"lazy\" decoding=\"async\" width=\"1024\" height=\"683\" data-id=\"405\" src=\"https:\/\/chasseurs5emeleger.fr\/wp-content\/uploads\/2019\/01\/17358654_10210636365778500_6983577152711477555_o-1024x683.jpg\" alt=\"\" class=\"wp-image-405\" srcset=\"https:\/\/chasseurs5emeleger.fr\/wp-content\/uploads\/2019\/01\/17358654_10210636365778500_6983577152711477555_o-1024x683.jpg 1024w, https:\/\/chasseurs5emeleger.fr\/wp-content\/uploads\/2019\/01\/17358654_10210636365778500_6983577152711477555_o-300x200.jpg 300w, https:\/\/chasseurs5emeleger.fr\/wp-content\/uploads\/2019\/01\/17358654_10210636365778500_6983577152711477555_o-768x512.jpg 768w, https:\/\/chasseurs5emeleger.fr\/wp-content\/uploads\/2019\/01\/17358654_10210636365778500_6983577152711477555_o.jpg 1296w\" sizes=\"auto, (max-width: 1024px) 100vw, 1024px\" \/><\/figure>\n\n\n\n<figure class=\"wp-block-image size-large\"><img loading=\"lazy\" decoding=\"async\" width=\"1024\" height=\"683\" data-id=\"406\" src=\"https:\/\/chasseurs5emeleger.fr\/wp-content\/uploads\/2019\/01\/17358789_10210636413979705_8164561543788417143_o-1024x683.jpg\" alt=\"\" class=\"wp-image-406\" srcset=\"https:\/\/chasseurs5emeleger.fr\/wp-content\/uploads\/2019\/01\/17358789_10210636413979705_8164561543788417143_o-1024x683.jpg 1024w, https:\/\/chasseurs5emeleger.fr\/wp-content\/uploads\/2019\/01\/17358789_10210636413979705_8164561543788417143_o-300x200.jpg 300w, https:\/\/chasseurs5emeleger.fr\/wp-content\/uploads\/2019\/01\/17358789_10210636413979705_8164561543788417143_o-768x512.jpg 768w, https:\/\/chasseurs5emeleger.fr\/wp-content\/uploads\/2019\/01\/17358789_10210636413979705_8164561543788417143_o.jpg 1296w\" sizes=\"auto, (max-width: 1024px) 100vw, 1024px\" \/><\/figure>\n\n\n\n<figure class=\"wp-block-image size-large\"><img loading=\"lazy\" decoding=\"async\" width=\"1024\" height=\"683\" data-id=\"408\" src=\"https:\/\/chasseurs5emeleger.fr\/wp-content\/uploads\/2019\/01\/17358831_10154373670154599_7198125767338912012_o-1024x683.jpg\" alt=\"\" class=\"wp-image-408\" srcset=\"https:\/\/chasseurs5emeleger.fr\/wp-content\/uploads\/2019\/01\/17358831_10154373670154599_7198125767338912012_o-1024x683.jpg 1024w, https:\/\/chasseurs5emeleger.fr\/wp-content\/uploads\/2019\/01\/17358831_10154373670154599_7198125767338912012_o-300x200.jpg 300w, https:\/\/chasseurs5emeleger.fr\/wp-content\/uploads\/2019\/01\/17358831_10154373670154599_7198125767338912012_o-768x512.jpg 768w, https:\/\/chasseurs5emeleger.fr\/wp-content\/uploads\/2019\/01\/17358831_10154373670154599_7198125767338912012_o.jpg 1296w\" sizes=\"auto, (max-width: 1024px) 100vw, 1024px\" \/><\/figure>\n\n\n\n<figure class=\"wp-block-image size-large\"><img loading=\"lazy\" decoding=\"async\" width=\"1024\" height=\"683\" data-id=\"409\" src=\"https:\/\/chasseurs5emeleger.fr\/wp-content\/uploads\/2019\/01\/17359098_10154373655279599_5640326354891981948_o-1024x683.jpg\" alt=\"\" class=\"wp-image-409\" srcset=\"https:\/\/chasseurs5emeleger.fr\/wp-content\/uploads\/2019\/01\/17359098_10154373655279599_5640326354891981948_o-1024x683.jpg 1024w, https:\/\/chasseurs5emeleger.fr\/wp-content\/uploads\/2019\/01\/17359098_10154373655279599_5640326354891981948_o-300x200.jpg 300w, https:\/\/chasseurs5emeleger.fr\/wp-content\/uploads\/2019\/01\/17359098_10154373655279599_5640326354891981948_o-768x512.jpg 768w, https:\/\/chasseurs5emeleger.fr\/wp-content\/uploads\/2019\/01\/17359098_10154373655279599_5640326354891981948_o.jpg 1296w\" sizes=\"auto, (max-width: 1024px) 100vw, 1024px\" \/><\/figure>\n\n\n\n<figure class=\"wp-block-image size-large\"><img loading=\"lazy\" decoding=\"async\" width=\"1024\" height=\"683\" data-id=\"410\" src=\"https:\/\/chasseurs5emeleger.fr\/wp-content\/uploads\/2019\/01\/17359214_10154373650864599_802920455470870913_o-1024x683.jpg\" alt=\"\" class=\"wp-image-410\" srcset=\"https:\/\/chasseurs5emeleger.fr\/wp-content\/uploads\/2019\/01\/17359214_10154373650864599_802920455470870913_o-1024x683.jpg 1024w, https:\/\/chasseurs5emeleger.fr\/wp-content\/uploads\/2019\/01\/17359214_10154373650864599_802920455470870913_o-300x200.jpg 300w, https:\/\/chasseurs5emeleger.fr\/wp-content\/uploads\/2019\/01\/17359214_10154373650864599_802920455470870913_o-768x512.jpg 768w, https:\/\/chasseurs5emeleger.fr\/wp-content\/uploads\/2019\/01\/17359214_10154373650864599_802920455470870913_o.jpg 1296w\" sizes=\"auto, (max-width: 1024px) 100vw, 1024px\" \/><\/figure>\n<\/figure>\n","protected":false},"excerpt":{"rendered":"<p>Berg\u00e8res-sous-Montmirail (51) 18 et 19 Mars<\/p>\n","protected":false},"author":2,"featured_media":0,"parent":1057,"menu_order":0,"comment_status":"closed","ping_status":"closed","template":"","meta":{"footnotes":""},"class_list":["post-393","page","type-page","status-publish","hentry"],"yoast_head":"<!-- This site is optimized with the Yoast SEO plugin v27.5 - https:\/\/yoast.com\/product\/yoast-seo-wordpress\/ -->\n<title>Berg\u00e8res-sous-Montmirail - 18 et 19 Mars 2017 &#8211; Chasseurs du 5\u00e8me R\u00e9giment d&#039;Infanterie L\u00e9g\u00e8re<\/title>\n<meta name=\"robots\" content=\"index, follow, max-snippet:-1, max-image-preview:large, max-video-preview:-1\" \/>\n<link rel=\"canonical\" href=\"https:\/\/chasseurs5emeleger.fr\/index.php\/photos\/bergeres-sous-montmirail-18-et-19-mars\/\" \/>\n<meta property=\"og:locale\" content=\"fr_FR\" \/>\n<meta property=\"og:type\" content=\"article\" \/>\n<meta property=\"og:title\" content=\"Berg\u00e8res-sous-Montmirail - 18 et 19 Mars 2017 &#8211; Chasseurs du 5\u00e8me R\u00e9giment d&#039;Infanterie L\u00e9g\u00e8re\" \/>\n<meta property=\"og:description\" content=\"Berg\u00e8res-sous-Montmirail (51) 18 et 19 Mars\" \/>\n<meta property=\"og:url\" content=\"https:\/\/chasseurs5emeleger.fr\/index.php\/photos\/bergeres-sous-montmirail-18-et-19-mars\/\" \/>\n<meta property=\"og:site_name\" content=\"Chasseurs du 5\u00e8me R\u00e9giment d&#039;Infanterie L\u00e9g\u00e8re\" \/>\n<meta property=\"article:publisher\" content=\"https:\/\/www.facebook.com\/chasseurs.5emeleger\/\" \/>\n<meta property=\"article:modified_time\" content=\"2023-10-10T12:45:41+00:00\" \/>\n<meta property=\"og:image\" content=\"https:\/\/chasseurs5emeleger.fr\/wp-content\/uploads\/2019\/01\/17191792_10154373651414599_6044083204678443172_o-1024x683.jpg\" \/>\n<script type=\"application\/ld+json\" class=\"yoast-schema-graph\">{\"@context\":\"https:\\\/\\\/schema.org\",\"@graph\":[{\"@type\":\"WebPage\",\"@id\":\"https:\\\/\\\/chasseurs5emeleger.fr\\\/index.php\\\/photos\\\/bergeres-sous-montmirail-18-et-19-mars\\\/\",\"url\":\"https:\\\/\\\/chasseurs5emeleger.fr\\\/index.php\\\/photos\\\/bergeres-sous-montmirail-18-et-19-mars\\\/\",\"name\":\"Berg\u00e8res-sous-Montmirail - 18 et 19 Mars 2017 &#8211; Chasseurs du 5\u00e8me R\u00e9giment d&#039;Infanterie L\u00e9g\u00e8re\",\"isPartOf\":{\"@id\":\"https:\\\/\\\/chasseurs5emeleger.fr\\\/#website\"},\"primaryImageOfPage\":{\"@id\":\"https:\\\/\\\/chasseurs5emeleger.fr\\\/index.php\\\/photos\\\/bergeres-sous-montmirail-18-et-19-mars\\\/#primaryimage\"},\"image\":{\"@id\":\"https:\\\/\\\/chasseurs5emeleger.fr\\\/index.php\\\/photos\\\/bergeres-sous-montmirail-18-et-19-mars\\\/#primaryimage\"},\"thumbnailUrl\":\"https:\\\/\\\/chasseurs5emeleger.fr\\\/wp-content\\\/uploads\\\/2019\\\/01\\\/17191792_10154373651414599_6044083204678443172_o-1024x683.jpg\",\"datePublished\":\"2019-01-13T17:32:46+00:00\",\"dateModified\":\"2023-10-10T12:45:41+00:00\",\"breadcrumb\":{\"@id\":\"https:\\\/\\\/chasseurs5emeleger.fr\\\/index.php\\\/photos\\\/bergeres-sous-montmirail-18-et-19-mars\\\/#breadcrumb\"},\"inLanguage\":\"fr-FR\",\"potentialAction\":[{\"@type\":\"ReadAction\",\"target\":[\"https:\\\/\\\/chasseurs5emeleger.fr\\\/index.php\\\/photos\\\/bergeres-sous-montmirail-18-et-19-mars\\\/\"]}]},{\"@type\":\"ImageObject\",\"inLanguage\":\"fr-FR\",\"@id\":\"https:\\\/\\\/chasseurs5emeleger.fr\\\/index.php\\\/photos\\\/bergeres-sous-montmirail-18-et-19-mars\\\/#primaryimage\",\"url\":\"https:\\\/\\\/chasseurs5emeleger.fr\\\/wp-content\\\/uploads\\\/2019\\\/01\\\/17191792_10154373651414599_6044083204678443172_o.jpg\",\"contentUrl\":\"https:\\\/\\\/chasseurs5emeleger.fr\\\/wp-content\\\/uploads\\\/2019\\\/01\\\/17191792_10154373651414599_6044083204678443172_o.jpg\",\"width\":1296,\"height\":864},{\"@type\":\"BreadcrumbList\",\"@id\":\"https:\\\/\\\/chasseurs5emeleger.fr\\\/index.php\\\/photos\\\/bergeres-sous-montmirail-18-et-19-mars\\\/#breadcrumb\",\"itemListElement\":[{\"@type\":\"ListItem\",\"position\":1,\"name\":\"Accueil\",\"item\":\"https:\\\/\\\/chasseurs5emeleger.fr\\\/\"},{\"@type\":\"ListItem\",\"position\":2,\"name\":\"Photos\",\"item\":\"https:\\\/\\\/chasseurs5emeleger.fr\\\/index.php\\\/photos\\\/\"},{\"@type\":\"ListItem\",\"position\":3,\"name\":\"Berg\u00e8res-sous-Montmirail &#8211; 18 et 19 Mars 2017\"}]},{\"@type\":\"WebSite\",\"@id\":\"https:\\\/\\\/chasseurs5emeleger.fr\\\/#website\",\"url\":\"https:\\\/\\\/chasseurs5emeleger.fr\\\/\",\"name\":\"Chasseurs du 5\u00e8me R\u00e9giment d&#039;Infanterie L\u00e9g\u00e8re\",\"description\":\"\",\"publisher\":{\"@id\":\"https:\\\/\\\/chasseurs5emeleger.fr\\\/#organization\"},\"potentialAction\":[{\"@type\":\"SearchAction\",\"target\":{\"@type\":\"EntryPoint\",\"urlTemplate\":\"https:\\\/\\\/chasseurs5emeleger.fr\\\/?s={search_term_string}\"},\"query-input\":{\"@type\":\"PropertyValueSpecification\",\"valueRequired\":true,\"valueName\":\"search_term_string\"}}],\"inLanguage\":\"fr-FR\"},{\"@type\":\"Organization\",\"@id\":\"https:\\\/\\\/chasseurs5emeleger.fr\\\/#organization\",\"name\":\"Chasseurs du 5\u00e8me R\u00e9giment d'infanterie l\u00e9g\u00e8re\",\"url\":\"https:\\\/\\\/chasseurs5emeleger.fr\\\/\",\"logo\":{\"@type\":\"ImageObject\",\"inLanguage\":\"fr-FR\",\"@id\":\"https:\\\/\\\/chasseurs5emeleger.fr\\\/#\\\/schema\\\/logo\\\/image\\\/\",\"url\":\"https:\\\/\\\/chasseurs5emeleger.fr\\\/wp-content\\\/uploads\\\/2022\\\/04\\\/Logo-detoure-scaled.jpg\",\"contentUrl\":\"https:\\\/\\\/chasseurs5emeleger.fr\\\/wp-content\\\/uploads\\\/2022\\\/04\\\/Logo-detoure-scaled.jpg\",\"width\":2438,\"height\":2560,\"caption\":\"Chasseurs du 5\u00e8me R\u00e9giment d'infanterie l\u00e9g\u00e8re\"},\"image\":{\"@id\":\"https:\\\/\\\/chasseurs5emeleger.fr\\\/#\\\/schema\\\/logo\\\/image\\\/\"},\"sameAs\":[\"https:\\\/\\\/www.facebook.com\\\/chasseurs.5emeleger\\\/\"]}]}<\/script>\n<!-- \/ Yoast SEO plugin. -->","yoast_head_json":{"title":"Berg\u00e8res-sous-Montmirail - 18 et 19 Mars 2017 &#8211; Chasseurs du 5\u00e8me R\u00e9giment d&#039;Infanterie L\u00e9g\u00e8re","robots":{"index":"index","follow":"follow","max-snippet":"max-snippet:-1","max-image-preview":"max-image-preview:large","max-video-preview":"max-video-preview:-1"},"canonical":"https:\/\/chasseurs5emeleger.fr\/index.php\/photos\/bergeres-sous-montmirail-18-et-19-mars\/","og_locale":"fr_FR","og_type":"article","og_title":"Berg\u00e8res-sous-Montmirail - 18 et 19 Mars 2017 &#8211; Chasseurs du 5\u00e8me R\u00e9giment d&#039;Infanterie L\u00e9g\u00e8re","og_description":"Berg\u00e8res-sous-Montmirail (51) 18 et 19 Mars","og_url":"https:\/\/chasseurs5emeleger.fr\/index.php\/photos\/bergeres-sous-montmirail-18-et-19-mars\/","og_site_name":"Chasseurs du 5\u00e8me R\u00e9giment d&#039;Infanterie L\u00e9g\u00e8re","article_publisher":"https:\/\/www.facebook.com\/chasseurs.5emeleger\/","article_modified_time":"2023-10-10T12:45:41+00:00","og_image":[{"url":"https:\/\/chasseurs5emeleger.fr\/wp-content\/uploads\/2019\/01\/17191792_10154373651414599_6044083204678443172_o-1024x683.jpg","type":"","width":"","height":""}],"schema":{"@context":"https:\/\/schema.org","@graph":[{"@type":"WebPage","@id":"https:\/\/chasseurs5emeleger.fr\/index.php\/photos\/bergeres-sous-montmirail-18-et-19-mars\/","url":"https:\/\/chasseurs5emeleger.fr\/index.php\/photos\/bergeres-sous-montmirail-18-et-19-mars\/","name":"Berg\u00e8res-sous-Montmirail - 18 et 19 Mars 2017 &#8211; Chasseurs du 5\u00e8me R\u00e9giment d&#039;Infanterie L\u00e9g\u00e8re","isPartOf":{"@id":"https:\/\/chasseurs5emeleger.fr\/#website"},"primaryImageOfPage":{"@id":"https:\/\/chasseurs5emeleger.fr\/index.php\/photos\/bergeres-sous-montmirail-18-et-19-mars\/#primaryimage"},"image":{"@id":"https:\/\/chasseurs5emeleger.fr\/index.php\/photos\/bergeres-sous-montmirail-18-et-19-mars\/#primaryimage"},"thumbnailUrl":"https:\/\/chasseurs5emeleger.fr\/wp-content\/uploads\/2019\/01\/17191792_10154373651414599_6044083204678443172_o-1024x683.jpg","datePublished":"2019-01-13T17:32:46+00:00","dateModified":"2023-10-10T12:45:41+00:00","breadcrumb":{"@id":"https:\/\/chasseurs5emeleger.fr\/index.php\/photos\/bergeres-sous-montmirail-18-et-19-mars\/#breadcrumb"},"inLanguage":"fr-FR","potentialAction":[{"@type":"ReadAction","target":["https:\/\/chasseurs5emeleger.fr\/index.php\/photos\/bergeres-sous-montmirail-18-et-19-mars\/"]}]},{"@type":"ImageObject","inLanguage":"fr-FR","@id":"https:\/\/chasseurs5emeleger.fr\/index.php\/photos\/bergeres-sous-montmirail-18-et-19-mars\/#primaryimage","url":"https:\/\/chasseurs5emeleger.fr\/wp-content\/uploads\/2019\/01\/17191792_10154373651414599_6044083204678443172_o.jpg","contentUrl":"https:\/\/chasseurs5emeleger.fr\/wp-content\/uploads\/2019\/01\/17191792_10154373651414599_6044083204678443172_o.jpg","width":1296,"height":864},{"@type":"BreadcrumbList","@id":"https:\/\/chasseurs5emeleger.fr\/index.php\/photos\/bergeres-sous-montmirail-18-et-19-mars\/#breadcrumb","itemListElement":[{"@type":"ListItem","position":1,"name":"Accueil","item":"https:\/\/chasseurs5emeleger.fr\/"},{"@type":"ListItem","position":2,"name":"Photos","item":"https:\/\/chasseurs5emeleger.fr\/index.php\/photos\/"},{"@type":"ListItem","position":3,"name":"Berg\u00e8res-sous-Montmirail &#8211; 18 et 19 Mars 2017"}]},{"@type":"WebSite","@id":"https:\/\/chasseurs5emeleger.fr\/#website","url":"https:\/\/chasseurs5emeleger.fr\/","name":"Chasseurs du 5\u00e8me R\u00e9giment d&#039;Infanterie L\u00e9g\u00e8re","description":"","publisher":{"@id":"https:\/\/chasseurs5emeleger.fr\/#organization"},"potentialAction":[{"@type":"SearchAction","target":{"@type":"EntryPoint","urlTemplate":"https:\/\/chasseurs5emeleger.fr\/?s={search_term_string}"},"query-input":{"@type":"PropertyValueSpecification","valueRequired":true,"valueName":"search_term_string"}}],"inLanguage":"fr-FR"},{"@type":"Organization","@id":"https:\/\/chasseurs5emeleger.fr\/#organization","name":"Chasseurs du 5\u00e8me R\u00e9giment d'infanterie l\u00e9g\u00e8re","url":"https:\/\/chasseurs5emeleger.fr\/","logo":{"@type":"ImageObject","inLanguage":"fr-FR","@id":"https:\/\/chasseurs5emeleger.fr\/#\/schema\/logo\/image\/","url":"https:\/\/chasseurs5emeleger.fr\/wp-content\/uploads\/2022\/04\/Logo-detoure-scaled.jpg","contentUrl":"https:\/\/chasseurs5emeleger.fr\/wp-content\/uploads\/2022\/04\/Logo-detoure-scaled.jpg","width":2438,"height":2560,"caption":"Chasseurs du 5\u00e8me R\u00e9giment d'infanterie l\u00e9g\u00e8re"},"image":{"@id":"https:\/\/chasseurs5emeleger.fr\/#\/schema\/logo\/image\/"},"sameAs":["https:\/\/www.facebook.com\/chasseurs.5emeleger\/"]}]}},"_links":{"self":[{"href":"https:\/\/chasseurs5emeleger.fr\/index.php\/wp-json\/wp\/v2\/pages\/393","targetHints":{"allow":["GET"]}}],"collection":[{"href":"https:\/\/chasseurs5emeleger.fr\/index.php\/wp-json\/wp\/v2\/pages"}],"about":[{"href":"https:\/\/chasseurs5emeleger.fr\/index.php\/wp-json\/wp\/v2\/types\/page"}],"author":[{"embeddable":true,"href":"https:\/\/chasseurs5emeleger.fr\/index.php\/wp-json\/wp\/v2\/users\/2"}],"replies":[{"embeddable":true,"href":"https:\/\/chasseurs5emeleger.fr\/index.php\/wp-json\/wp\/v2\/comments?post=393"}],"version-history":[{"count":10,"href":"https:\/\/chasseurs5emeleger.fr\/index.php\/wp-json\/wp\/v2\/pages\/393\/revisions"}],"predecessor-version":[{"id":5283,"href":"https:\/\/chasseurs5emeleger.fr\/index.php\/wp-json\/wp\/v2\/pages\/393\/revisions\/5283"}],"up":[{"embeddable":true,"href":"https:\/\/chasseurs5emeleger.fr\/index.php\/wp-json\/wp\/v2\/pages\/1057"}],"wp:attachment":[{"href":"https:\/\/chasseurs5emeleger.fr\/index.php\/wp-json\/wp\/v2\/media?parent=393"}],"curies":[{"name":"wp","href":"https:\/\/api.w.org\/{rel}","templated":true}]}}