{"id":4167,"date":"2023-03-13T19:16:58","date_gmt":"2023-03-13T18:16:58","guid":{"rendered":"https:\/\/chasseurs5emeleger.fr\/?page_id=4167"},"modified":"2023-03-21T19:40:38","modified_gmt":"2023-03-21T18:40:38","slug":"route-napoleon-38-11-mars-2023","status":"publish","type":"page","link":"https:\/\/chasseurs5emeleger.fr\/index.php\/photos\/route-napoleon-38-11-mars-2023\/","title":{"rendered":"Route Napol\u00e9on (38) &#8211; 11 Mars 2023"},"content":{"rendered":"\n<p class=\"has-text-align-center has-text-color has-large-font-size\" style=\"color:#000794\">Route Napol\u00e9on (38) &#8211; 11 Mars<\/p>\n\n\n\n<p class=\"has-text-align-center has-text-color has-medium-font-size\" style=\"color:#000794\"><em>Corps, La Mure, Laffrey et Bri\u00e9-et-Angonnes<\/em><\/p>\n\n\n\n<figure class=\"wp-block-gallery has-nested-images columns-2 wp-block-gallery-1 is-layout-flex wp-block-gallery-is-layout-flex\">\n<figure class=\"wp-block-image size-large\"><img loading=\"lazy\" decoding=\"async\" width=\"1024\" height=\"733\" data-id=\"4848\" src=\"https:\/\/chasseurs5emeleger.fr\/wp-content\/uploads\/2023\/03\/1-3.jpg\" alt=\"\" class=\"wp-image-4848\" srcset=\"https:\/\/chasseurs5emeleger.fr\/wp-content\/uploads\/2023\/03\/1-3.jpg 1024w, https:\/\/chasseurs5emeleger.fr\/wp-content\/uploads\/2023\/03\/1-3-300x215.jpg 300w, https:\/\/chasseurs5emeleger.fr\/wp-content\/uploads\/2023\/03\/1-3-768x550.jpg 768w\" sizes=\"auto, (max-width: 1024px) 100vw, 1024px\" \/><\/figure>\n\n\n\n<figure class=\"wp-block-image size-large\"><img loading=\"lazy\" decoding=\"async\" width=\"683\" height=\"1024\" data-id=\"4845\" src=\"https:\/\/chasseurs5emeleger.fr\/wp-content\/uploads\/2023\/03\/2-3.jpg\" alt=\"\" class=\"wp-image-4845\" srcset=\"https:\/\/chasseurs5emeleger.fr\/wp-content\/uploads\/2023\/03\/2-3.jpg 683w, https:\/\/chasseurs5emeleger.fr\/wp-content\/uploads\/2023\/03\/2-3-200x300.jpg 200w\" sizes=\"auto, (max-width: 683px) 100vw, 683px\" \/><\/figure>\n\n\n\n<figure class=\"wp-block-image size-large\"><img loading=\"lazy\" decoding=\"async\" width=\"768\" height=\"960\" data-id=\"4852\" src=\"https:\/\/chasseurs5emeleger.fr\/wp-content\/uploads\/2023\/03\/4-3.jpg\" alt=\"\" class=\"wp-image-4852\" srcset=\"https:\/\/chasseurs5emeleger.fr\/wp-content\/uploads\/2023\/03\/4-3.jpg 768w, https:\/\/chasseurs5emeleger.fr\/wp-content\/uploads\/2023\/03\/4-3-240x300.jpg 240w\" sizes=\"auto, (max-width: 768px) 100vw, 768px\" \/><\/figure>\n\n\n\n<figure class=\"wp-block-image size-large\"><img loading=\"lazy\" decoding=\"async\" width=\"768\" height=\"1024\" data-id=\"4846\" src=\"https:\/\/chasseurs5emeleger.fr\/wp-content\/uploads\/2023\/03\/3-3.jpg\" alt=\"\" class=\"wp-image-4846\" srcset=\"https:\/\/chasseurs5emeleger.fr\/wp-content\/uploads\/2023\/03\/3-3.jpg 768w, https:\/\/chasseurs5emeleger.fr\/wp-content\/uploads\/2023\/03\/3-3-225x300.jpg 225w\" sizes=\"auto, (max-width: 768px) 100vw, 768px\" \/><\/figure>\n\n\n\n<figure class=\"wp-block-image size-large\"><img loading=\"lazy\" decoding=\"async\" width=\"1024\" height=\"681\" data-id=\"4850\" src=\"https:\/\/chasseurs5emeleger.fr\/wp-content\/uploads\/2023\/03\/5-3.jpg\" alt=\"\" class=\"wp-image-4850\" srcset=\"https:\/\/chasseurs5emeleger.fr\/wp-content\/uploads\/2023\/03\/5-3.jpg 1024w, https:\/\/chasseurs5emeleger.fr\/wp-content\/uploads\/2023\/03\/5-3-300x200.jpg 300w, https:\/\/chasseurs5emeleger.fr\/wp-content\/uploads\/2023\/03\/5-3-768x511.jpg 768w\" sizes=\"auto, (max-width: 1024px) 100vw, 1024px\" \/><\/figure>\n\n\n\n<figure class=\"wp-block-image size-large\"><img loading=\"lazy\" decoding=\"async\" width=\"1024\" height=\"768\" data-id=\"4849\" src=\"https:\/\/chasseurs5emeleger.fr\/wp-content\/uploads\/2023\/03\/6-3.jpg\" alt=\"\" class=\"wp-image-4849\" srcset=\"https:\/\/chasseurs5emeleger.fr\/wp-content\/uploads\/2023\/03\/6-3.jpg 1024w, https:\/\/chasseurs5emeleger.fr\/wp-content\/uploads\/2023\/03\/6-3-300x225.jpg 300w, https:\/\/chasseurs5emeleger.fr\/wp-content\/uploads\/2023\/03\/6-3-768x576.jpg 768w\" sizes=\"auto, (max-width: 1024px) 100vw, 1024px\" \/><\/figure>\n\n\n\n<figure class=\"wp-block-image size-large\"><img loading=\"lazy\" decoding=\"async\" width=\"1024\" height=\"768\" data-id=\"4851\" src=\"https:\/\/chasseurs5emeleger.fr\/wp-content\/uploads\/2023\/03\/7-3.jpg\" alt=\"\" class=\"wp-image-4851\" srcset=\"https:\/\/chasseurs5emeleger.fr\/wp-content\/uploads\/2023\/03\/7-3.jpg 1024w, https:\/\/chasseurs5emeleger.fr\/wp-content\/uploads\/2023\/03\/7-3-300x225.jpg 300w, https:\/\/chasseurs5emeleger.fr\/wp-content\/uploads\/2023\/03\/7-3-768x576.jpg 768w\" sizes=\"auto, (max-width: 1024px) 100vw, 1024px\" \/><\/figure>\n\n\n\n<figure class=\"wp-block-image size-large\"><img loading=\"lazy\" decoding=\"async\" width=\"934\" height=\"768\" data-id=\"4853\" src=\"https:\/\/chasseurs5emeleger.fr\/wp-content\/uploads\/2023\/03\/8-3.jpg\" alt=\"\" class=\"wp-image-4853\" srcset=\"https:\/\/chasseurs5emeleger.fr\/wp-content\/uploads\/2023\/03\/8-3.jpg 934w, https:\/\/chasseurs5emeleger.fr\/wp-content\/uploads\/2023\/03\/8-3-300x247.jpg 300w, https:\/\/chasseurs5emeleger.fr\/wp-content\/uploads\/2023\/03\/8-3-768x632.jpg 768w\" sizes=\"auto, (max-width: 934px) 100vw, 934px\" \/><\/figure>\n\n\n\n<figure class=\"wp-block-image size-large\"><img loading=\"lazy\" decoding=\"async\" width=\"1024\" height=\"683\" data-id=\"4847\" src=\"https:\/\/chasseurs5emeleger.fr\/wp-content\/uploads\/2023\/03\/9-3.jpg\" alt=\"\" class=\"wp-image-4847\" srcset=\"https:\/\/chasseurs5emeleger.fr\/wp-content\/uploads\/2023\/03\/9-3.jpg 1024w, https:\/\/chasseurs5emeleger.fr\/wp-content\/uploads\/2023\/03\/9-3-300x200.jpg 300w, https:\/\/chasseurs5emeleger.fr\/wp-content\/uploads\/2023\/03\/9-3-768x512.jpg 768w\" sizes=\"auto, (max-width: 1024px) 100vw, 1024px\" \/><\/figure>\n\n\n\n<figure class=\"wp-block-image size-large\"><img loading=\"lazy\" decoding=\"async\" width=\"1024\" height=\"768\" data-id=\"4860\" src=\"https:\/\/chasseurs5emeleger.fr\/wp-content\/uploads\/2023\/03\/10-3.jpg\" alt=\"\" class=\"wp-image-4860\" srcset=\"https:\/\/chasseurs5emeleger.fr\/wp-content\/uploads\/2023\/03\/10-3.jpg 1024w, https:\/\/chasseurs5emeleger.fr\/wp-content\/uploads\/2023\/03\/10-3-300x225.jpg 300w, https:\/\/chasseurs5emeleger.fr\/wp-content\/uploads\/2023\/03\/10-3-768x576.jpg 768w\" sizes=\"auto, (max-width: 1024px) 100vw, 1024px\" \/><\/figure>\n\n\n\n<figure class=\"wp-block-image size-large\"><img loading=\"lazy\" decoding=\"async\" width=\"1024\" height=\"768\" data-id=\"4862\" src=\"https:\/\/chasseurs5emeleger.fr\/wp-content\/uploads\/2023\/03\/11-3.jpg\" alt=\"\" class=\"wp-image-4862\" srcset=\"https:\/\/chasseurs5emeleger.fr\/wp-content\/uploads\/2023\/03\/11-3.jpg 1024w, https:\/\/chasseurs5emeleger.fr\/wp-content\/uploads\/2023\/03\/11-3-300x225.jpg 300w, https:\/\/chasseurs5emeleger.fr\/wp-content\/uploads\/2023\/03\/11-3-768x576.jpg 768w\" sizes=\"auto, (max-width: 1024px) 100vw, 1024px\" \/><\/figure>\n\n\n\n<figure class=\"wp-block-image size-large\"><img loading=\"lazy\" decoding=\"async\" width=\"1024\" height=\"768\" data-id=\"4856\" src=\"https:\/\/chasseurs5emeleger.fr\/wp-content\/uploads\/2023\/03\/12-3.jpg\" alt=\"\" class=\"wp-image-4856\" srcset=\"https:\/\/chasseurs5emeleger.fr\/wp-content\/uploads\/2023\/03\/12-3.jpg 1024w, https:\/\/chasseurs5emeleger.fr\/wp-content\/uploads\/2023\/03\/12-3-300x225.jpg 300w, https:\/\/chasseurs5emeleger.fr\/wp-content\/uploads\/2023\/03\/12-3-768x576.jpg 768w\" sizes=\"auto, (max-width: 1024px) 100vw, 1024px\" \/><\/figure>\n\n\n\n<figure class=\"wp-block-image size-large\"><img loading=\"lazy\" decoding=\"async\" width=\"1024\" height=\"768\" data-id=\"4863\" src=\"https:\/\/chasseurs5emeleger.fr\/wp-content\/uploads\/2023\/03\/13-3.jpg\" alt=\"\" class=\"wp-image-4863\" srcset=\"https:\/\/chasseurs5emeleger.fr\/wp-content\/uploads\/2023\/03\/13-3.jpg 1024w, https:\/\/chasseurs5emeleger.fr\/wp-content\/uploads\/2023\/03\/13-3-300x225.jpg 300w, https:\/\/chasseurs5emeleger.fr\/wp-content\/uploads\/2023\/03\/13-3-768x576.jpg 768w\" sizes=\"auto, (max-width: 1024px) 100vw, 1024px\" \/><\/figure>\n\n\n\n<figure class=\"wp-block-image size-large\"><img loading=\"lazy\" decoding=\"async\" width=\"1024\" height=\"768\" data-id=\"4859\" src=\"https:\/\/chasseurs5emeleger.fr\/wp-content\/uploads\/2023\/03\/15-3.jpg\" alt=\"\" class=\"wp-image-4859\" srcset=\"https:\/\/chasseurs5emeleger.fr\/wp-content\/uploads\/2023\/03\/15-3.jpg 1024w, https:\/\/chasseurs5emeleger.fr\/wp-content\/uploads\/2023\/03\/15-3-300x225.jpg 300w, https:\/\/chasseurs5emeleger.fr\/wp-content\/uploads\/2023\/03\/15-3-768x576.jpg 768w\" sizes=\"auto, (max-width: 1024px) 100vw, 1024px\" \/><\/figure>\n\n\n\n<figure class=\"wp-block-image size-large\"><img loading=\"lazy\" decoding=\"async\" width=\"1024\" height=\"768\" data-id=\"4857\" src=\"https:\/\/chasseurs5emeleger.fr\/wp-content\/uploads\/2023\/03\/16-3.jpg\" alt=\"\" class=\"wp-image-4857\" srcset=\"https:\/\/chasseurs5emeleger.fr\/wp-content\/uploads\/2023\/03\/16-3.jpg 1024w, https:\/\/chasseurs5emeleger.fr\/wp-content\/uploads\/2023\/03\/16-3-300x225.jpg 300w, https:\/\/chasseurs5emeleger.fr\/wp-content\/uploads\/2023\/03\/16-3-768x576.jpg 768w\" sizes=\"auto, (max-width: 1024px) 100vw, 1024px\" \/><\/figure>\n\n\n\n<figure class=\"wp-block-image size-large\"><img loading=\"lazy\" decoding=\"async\" width=\"768\" height=\"1024\" data-id=\"4865\" src=\"https:\/\/chasseurs5emeleger.fr\/wp-content\/uploads\/2023\/03\/17-3.jpg\" alt=\"\" class=\"wp-image-4865\" srcset=\"https:\/\/chasseurs5emeleger.fr\/wp-content\/uploads\/2023\/03\/17-3.jpg 768w, https:\/\/chasseurs5emeleger.fr\/wp-content\/uploads\/2023\/03\/17-3-225x300.jpg 225w\" sizes=\"auto, (max-width: 768px) 100vw, 768px\" \/><\/figure>\n\n\n\n<figure class=\"wp-block-image size-large\"><img loading=\"lazy\" decoding=\"async\" width=\"683\" height=\"1024\" data-id=\"4843\" src=\"https:\/\/chasseurs5emeleger.fr\/wp-content\/uploads\/2023\/03\/18-2.jpg\" alt=\"\" class=\"wp-image-4843\" srcset=\"https:\/\/chasseurs5emeleger.fr\/wp-content\/uploads\/2023\/03\/18-2.jpg 683w, https:\/\/chasseurs5emeleger.fr\/wp-content\/uploads\/2023\/03\/18-2-200x300.jpg 200w\" sizes=\"auto, (max-width: 683px) 100vw, 683px\" \/><\/figure>\n\n\n\n<figure class=\"wp-block-image size-large\"><img loading=\"lazy\" decoding=\"async\" width=\"1024\" height=\"683\" data-id=\"4855\" src=\"https:\/\/chasseurs5emeleger.fr\/wp-content\/uploads\/2023\/03\/19-2.jpg\" alt=\"\" class=\"wp-image-4855\" srcset=\"https:\/\/chasseurs5emeleger.fr\/wp-content\/uploads\/2023\/03\/19-2.jpg 1024w, https:\/\/chasseurs5emeleger.fr\/wp-content\/uploads\/2023\/03\/19-2-300x200.jpg 300w, https:\/\/chasseurs5emeleger.fr\/wp-content\/uploads\/2023\/03\/19-2-768x512.jpg 768w\" sizes=\"auto, (max-width: 1024px) 100vw, 1024px\" \/><\/figure>\n\n\n\n<figure class=\"wp-block-image size-large\"><img loading=\"lazy\" decoding=\"async\" width=\"768\" height=\"1024\" data-id=\"4854\" src=\"https:\/\/chasseurs5emeleger.fr\/wp-content\/uploads\/2023\/03\/21-3.jpg\" alt=\"\" class=\"wp-image-4854\" srcset=\"https:\/\/chasseurs5emeleger.fr\/wp-content\/uploads\/2023\/03\/21-3.jpg 768w, https:\/\/chasseurs5emeleger.fr\/wp-content\/uploads\/2023\/03\/21-3-225x300.jpg 225w\" sizes=\"auto, (max-width: 768px) 100vw, 768px\" \/><\/figure>\n\n\n\n<figure class=\"wp-block-image size-large\"><img loading=\"lazy\" decoding=\"async\" width=\"768\" height=\"1024\" data-id=\"4844\" src=\"https:\/\/chasseurs5emeleger.fr\/wp-content\/uploads\/2023\/03\/20-3.jpg\" alt=\"\" class=\"wp-image-4844\" srcset=\"https:\/\/chasseurs5emeleger.fr\/wp-content\/uploads\/2023\/03\/20-3.jpg 768w, https:\/\/chasseurs5emeleger.fr\/wp-content\/uploads\/2023\/03\/20-3-225x300.jpg 225w\" sizes=\"auto, (max-width: 768px) 100vw, 768px\" \/><\/figure>\n\n\n\n<figure class=\"wp-block-image size-large\"><img loading=\"lazy\" decoding=\"async\" width=\"768\" height=\"1024\" data-id=\"4866\" src=\"https:\/\/chasseurs5emeleger.fr\/wp-content\/uploads\/2023\/03\/22-3.jpg\" alt=\"\" class=\"wp-image-4866\" srcset=\"https:\/\/chasseurs5emeleger.fr\/wp-content\/uploads\/2023\/03\/22-3.jpg 768w, https:\/\/chasseurs5emeleger.fr\/wp-content\/uploads\/2023\/03\/22-3-225x300.jpg 225w\" sizes=\"auto, (max-width: 768px) 100vw, 768px\" \/><\/figure>\n\n\n\n<figure class=\"wp-block-image size-large\"><img loading=\"lazy\" decoding=\"async\" width=\"683\" height=\"1024\" data-id=\"4858\" src=\"https:\/\/chasseurs5emeleger.fr\/wp-content\/uploads\/2023\/03\/23-3.jpg\" alt=\"\" class=\"wp-image-4858\" srcset=\"https:\/\/chasseurs5emeleger.fr\/wp-content\/uploads\/2023\/03\/23-3.jpg 683w, https:\/\/chasseurs5emeleger.fr\/wp-content\/uploads\/2023\/03\/23-3-200x300.jpg 200w\" sizes=\"auto, (max-width: 683px) 100vw, 683px\" \/><\/figure>\n\n\n\n<figure class=\"wp-block-image size-large\"><img loading=\"lazy\" decoding=\"async\" width=\"1024\" height=\"768\" data-id=\"4864\" src=\"https:\/\/chasseurs5emeleger.fr\/wp-content\/uploads\/2023\/03\/24-2.jpg\" alt=\"\" class=\"wp-image-4864\" srcset=\"https:\/\/chasseurs5emeleger.fr\/wp-content\/uploads\/2023\/03\/24-2.jpg 1024w, https:\/\/chasseurs5emeleger.fr\/wp-content\/uploads\/2023\/03\/24-2-300x225.jpg 300w, https:\/\/chasseurs5emeleger.fr\/wp-content\/uploads\/2023\/03\/24-2-768x576.jpg 768w\" sizes=\"auto, (max-width: 1024px) 100vw, 1024px\" \/><\/figure>\n<\/figure>\n","protected":false},"excerpt":{"rendered":"<p>Route Napol\u00e9on (38) &#8211; 11 Mars Corps, La Mure, Laffrey et Bri\u00e9-et-Angonnes<\/p>\n","protected":false},"author":2,"featured_media":0,"parent":1057,"menu_order":0,"comment_status":"closed","ping_status":"closed","template":"","meta":{"footnotes":""},"class_list":["post-4167","page","type-page","status-publish","hentry"],"yoast_head":"<!-- This site is optimized with the Yoast SEO plugin v27.5 - https:\/\/yoast.com\/product\/yoast-seo-wordpress\/ -->\n<title>Route Napol\u00e9on (38) - 11 Mars 2023 &#8211; Chasseurs du 5\u00e8me R\u00e9giment d&#039;Infanterie L\u00e9g\u00e8re<\/title>\n<meta name=\"robots\" content=\"index, follow, max-snippet:-1, max-image-preview:large, max-video-preview:-1\" \/>\n<link rel=\"canonical\" href=\"https:\/\/chasseurs5emeleger.fr\/index.php\/photos\/route-napoleon-38-11-mars-2023\/\" \/>\n<meta property=\"og:locale\" content=\"fr_FR\" \/>\n<meta property=\"og:type\" content=\"article\" \/>\n<meta property=\"og:title\" content=\"Route Napol\u00e9on (38) - 11 Mars 2023 &#8211; Chasseurs du 5\u00e8me R\u00e9giment d&#039;Infanterie L\u00e9g\u00e8re\" \/>\n<meta property=\"og:description\" content=\"Route Napol\u00e9on (38) &#8211; 11 Mars Corps, La Mure, Laffrey et Bri\u00e9-et-Angonnes\" \/>\n<meta property=\"og:url\" content=\"https:\/\/chasseurs5emeleger.fr\/index.php\/photos\/route-napoleon-38-11-mars-2023\/\" \/>\n<meta property=\"og:site_name\" content=\"Chasseurs du 5\u00e8me R\u00e9giment d&#039;Infanterie L\u00e9g\u00e8re\" \/>\n<meta property=\"article:publisher\" content=\"https:\/\/www.facebook.com\/chasseurs.5emeleger\/\" \/>\n<meta property=\"article:modified_time\" content=\"2023-03-21T18:40:38+00:00\" \/>\n<meta property=\"og:image\" content=\"https:\/\/chasseurs5emeleger.fr\/wp-content\/uploads\/2023\/03\/1-3.jpg\" \/>\n<script type=\"application\/ld+json\" class=\"yoast-schema-graph\">{\"@context\":\"https:\\\/\\\/schema.org\",\"@graph\":[{\"@type\":\"WebPage\",\"@id\":\"https:\\\/\\\/chasseurs5emeleger.fr\\\/index.php\\\/photos\\\/route-napoleon-38-11-mars-2023\\\/\",\"url\":\"https:\\\/\\\/chasseurs5emeleger.fr\\\/index.php\\\/photos\\\/route-napoleon-38-11-mars-2023\\\/\",\"name\":\"Route Napol\u00e9on (38) - 11 Mars 2023 &#8211; Chasseurs du 5\u00e8me R\u00e9giment d&#039;Infanterie L\u00e9g\u00e8re\",\"isPartOf\":{\"@id\":\"https:\\\/\\\/chasseurs5emeleger.fr\\\/#website\"},\"primaryImageOfPage\":{\"@id\":\"https:\\\/\\\/chasseurs5emeleger.fr\\\/index.php\\\/photos\\\/route-napoleon-38-11-mars-2023\\\/#primaryimage\"},\"image\":{\"@id\":\"https:\\\/\\\/chasseurs5emeleger.fr\\\/index.php\\\/photos\\\/route-napoleon-38-11-mars-2023\\\/#primaryimage\"},\"thumbnailUrl\":\"https:\\\/\\\/chasseurs5emeleger.fr\\\/wp-content\\\/uploads\\\/2023\\\/03\\\/1-3.jpg\",\"datePublished\":\"2023-03-13T18:16:58+00:00\",\"dateModified\":\"2023-03-21T18:40:38+00:00\",\"breadcrumb\":{\"@id\":\"https:\\\/\\\/chasseurs5emeleger.fr\\\/index.php\\\/photos\\\/route-napoleon-38-11-mars-2023\\\/#breadcrumb\"},\"inLanguage\":\"fr-FR\",\"potentialAction\":[{\"@type\":\"ReadAction\",\"target\":[\"https:\\\/\\\/chasseurs5emeleger.fr\\\/index.php\\\/photos\\\/route-napoleon-38-11-mars-2023\\\/\"]}]},{\"@type\":\"ImageObject\",\"inLanguage\":\"fr-FR\",\"@id\":\"https:\\\/\\\/chasseurs5emeleger.fr\\\/index.php\\\/photos\\\/route-napoleon-38-11-mars-2023\\\/#primaryimage\",\"url\":\"https:\\\/\\\/chasseurs5emeleger.fr\\\/wp-content\\\/uploads\\\/2023\\\/03\\\/1-3.jpg\",\"contentUrl\":\"https:\\\/\\\/chasseurs5emeleger.fr\\\/wp-content\\\/uploads\\\/2023\\\/03\\\/1-3.jpg\",\"width\":1024,\"height\":733},{\"@type\":\"BreadcrumbList\",\"@id\":\"https:\\\/\\\/chasseurs5emeleger.fr\\\/index.php\\\/photos\\\/route-napoleon-38-11-mars-2023\\\/#breadcrumb\",\"itemListElement\":[{\"@type\":\"ListItem\",\"position\":1,\"name\":\"Accueil\",\"item\":\"https:\\\/\\\/chasseurs5emeleger.fr\\\/\"},{\"@type\":\"ListItem\",\"position\":2,\"name\":\"Photos\",\"item\":\"https:\\\/\\\/chasseurs5emeleger.fr\\\/index.php\\\/photos\\\/\"},{\"@type\":\"ListItem\",\"position\":3,\"name\":\"Route Napol\u00e9on (38) &#8211; 11 Mars 2023\"}]},{\"@type\":\"WebSite\",\"@id\":\"https:\\\/\\\/chasseurs5emeleger.fr\\\/#website\",\"url\":\"https:\\\/\\\/chasseurs5emeleger.fr\\\/\",\"name\":\"Chasseurs du 5\u00e8me R\u00e9giment d&#039;Infanterie L\u00e9g\u00e8re\",\"description\":\"\",\"publisher\":{\"@id\":\"https:\\\/\\\/chasseurs5emeleger.fr\\\/#organization\"},\"potentialAction\":[{\"@type\":\"SearchAction\",\"target\":{\"@type\":\"EntryPoint\",\"urlTemplate\":\"https:\\\/\\\/chasseurs5emeleger.fr\\\/?s={search_term_string}\"},\"query-input\":{\"@type\":\"PropertyValueSpecification\",\"valueRequired\":true,\"valueName\":\"search_term_string\"}}],\"inLanguage\":\"fr-FR\"},{\"@type\":\"Organization\",\"@id\":\"https:\\\/\\\/chasseurs5emeleger.fr\\\/#organization\",\"name\":\"Chasseurs du 5\u00e8me R\u00e9giment d'infanterie l\u00e9g\u00e8re\",\"url\":\"https:\\\/\\\/chasseurs5emeleger.fr\\\/\",\"logo\":{\"@type\":\"ImageObject\",\"inLanguage\":\"fr-FR\",\"@id\":\"https:\\\/\\\/chasseurs5emeleger.fr\\\/#\\\/schema\\\/logo\\\/image\\\/\",\"url\":\"https:\\\/\\\/chasseurs5emeleger.fr\\\/wp-content\\\/uploads\\\/2022\\\/04\\\/Logo-detoure-scaled.jpg\",\"contentUrl\":\"https:\\\/\\\/chasseurs5emeleger.fr\\\/wp-content\\\/uploads\\\/2022\\\/04\\\/Logo-detoure-scaled.jpg\",\"width\":2438,\"height\":2560,\"caption\":\"Chasseurs du 5\u00e8me R\u00e9giment d'infanterie l\u00e9g\u00e8re\"},\"image\":{\"@id\":\"https:\\\/\\\/chasseurs5emeleger.fr\\\/#\\\/schema\\\/logo\\\/image\\\/\"},\"sameAs\":[\"https:\\\/\\\/www.facebook.com\\\/chasseurs.5emeleger\\\/\"]}]}<\/script>\n<!-- \/ Yoast SEO plugin. -->","yoast_head_json":{"title":"Route Napol\u00e9on (38) - 11 Mars 2023 &#8211; Chasseurs du 5\u00e8me R\u00e9giment d&#039;Infanterie L\u00e9g\u00e8re","robots":{"index":"index","follow":"follow","max-snippet":"max-snippet:-1","max-image-preview":"max-image-preview:large","max-video-preview":"max-video-preview:-1"},"canonical":"https:\/\/chasseurs5emeleger.fr\/index.php\/photos\/route-napoleon-38-11-mars-2023\/","og_locale":"fr_FR","og_type":"article","og_title":"Route Napol\u00e9on (38) - 11 Mars 2023 &#8211; Chasseurs du 5\u00e8me R\u00e9giment d&#039;Infanterie L\u00e9g\u00e8re","og_description":"Route Napol\u00e9on (38) &#8211; 11 Mars Corps, La Mure, Laffrey et Bri\u00e9-et-Angonnes","og_url":"https:\/\/chasseurs5emeleger.fr\/index.php\/photos\/route-napoleon-38-11-mars-2023\/","og_site_name":"Chasseurs du 5\u00e8me R\u00e9giment d&#039;Infanterie L\u00e9g\u00e8re","article_publisher":"https:\/\/www.facebook.com\/chasseurs.5emeleger\/","article_modified_time":"2023-03-21T18:40:38+00:00","og_image":[{"url":"https:\/\/chasseurs5emeleger.fr\/wp-content\/uploads\/2023\/03\/1-3.jpg","type":"","width":"","height":""}],"schema":{"@context":"https:\/\/schema.org","@graph":[{"@type":"WebPage","@id":"https:\/\/chasseurs5emeleger.fr\/index.php\/photos\/route-napoleon-38-11-mars-2023\/","url":"https:\/\/chasseurs5emeleger.fr\/index.php\/photos\/route-napoleon-38-11-mars-2023\/","name":"Route Napol\u00e9on (38) - 11 Mars 2023 &#8211; Chasseurs du 5\u00e8me R\u00e9giment d&#039;Infanterie L\u00e9g\u00e8re","isPartOf":{"@id":"https:\/\/chasseurs5emeleger.fr\/#website"},"primaryImageOfPage":{"@id":"https:\/\/chasseurs5emeleger.fr\/index.php\/photos\/route-napoleon-38-11-mars-2023\/#primaryimage"},"image":{"@id":"https:\/\/chasseurs5emeleger.fr\/index.php\/photos\/route-napoleon-38-11-mars-2023\/#primaryimage"},"thumbnailUrl":"https:\/\/chasseurs5emeleger.fr\/wp-content\/uploads\/2023\/03\/1-3.jpg","datePublished":"2023-03-13T18:16:58+00:00","dateModified":"2023-03-21T18:40:38+00:00","breadcrumb":{"@id":"https:\/\/chasseurs5emeleger.fr\/index.php\/photos\/route-napoleon-38-11-mars-2023\/#breadcrumb"},"inLanguage":"fr-FR","potentialAction":[{"@type":"ReadAction","target":["https:\/\/chasseurs5emeleger.fr\/index.php\/photos\/route-napoleon-38-11-mars-2023\/"]}]},{"@type":"ImageObject","inLanguage":"fr-FR","@id":"https:\/\/chasseurs5emeleger.fr\/index.php\/photos\/route-napoleon-38-11-mars-2023\/#primaryimage","url":"https:\/\/chasseurs5emeleger.fr\/wp-content\/uploads\/2023\/03\/1-3.jpg","contentUrl":"https:\/\/chasseurs5emeleger.fr\/wp-content\/uploads\/2023\/03\/1-3.jpg","width":1024,"height":733},{"@type":"BreadcrumbList","@id":"https:\/\/chasseurs5emeleger.fr\/index.php\/photos\/route-napoleon-38-11-mars-2023\/#breadcrumb","itemListElement":[{"@type":"ListItem","position":1,"name":"Accueil","item":"https:\/\/chasseurs5emeleger.fr\/"},{"@type":"ListItem","position":2,"name":"Photos","item":"https:\/\/chasseurs5emeleger.fr\/index.php\/photos\/"},{"@type":"ListItem","position":3,"name":"Route Napol\u00e9on (38) &#8211; 11 Mars 2023"}]},{"@type":"WebSite","@id":"https:\/\/chasseurs5emeleger.fr\/#website","url":"https:\/\/chasseurs5emeleger.fr\/","name":"Chasseurs du 5\u00e8me R\u00e9giment d&#039;Infanterie L\u00e9g\u00e8re","description":"","publisher":{"@id":"https:\/\/chasseurs5emeleger.fr\/#organization"},"potentialAction":[{"@type":"SearchAction","target":{"@type":"EntryPoint","urlTemplate":"https:\/\/chasseurs5emeleger.fr\/?s={search_term_string}"},"query-input":{"@type":"PropertyValueSpecification","valueRequired":true,"valueName":"search_term_string"}}],"inLanguage":"fr-FR"},{"@type":"Organization","@id":"https:\/\/chasseurs5emeleger.fr\/#organization","name":"Chasseurs du 5\u00e8me R\u00e9giment d'infanterie l\u00e9g\u00e8re","url":"https:\/\/chasseurs5emeleger.fr\/","logo":{"@type":"ImageObject","inLanguage":"fr-FR","@id":"https:\/\/chasseurs5emeleger.fr\/#\/schema\/logo\/image\/","url":"https:\/\/chasseurs5emeleger.fr\/wp-content\/uploads\/2022\/04\/Logo-detoure-scaled.jpg","contentUrl":"https:\/\/chasseurs5emeleger.fr\/wp-content\/uploads\/2022\/04\/Logo-detoure-scaled.jpg","width":2438,"height":2560,"caption":"Chasseurs du 5\u00e8me R\u00e9giment d'infanterie l\u00e9g\u00e8re"},"image":{"@id":"https:\/\/chasseurs5emeleger.fr\/#\/schema\/logo\/image\/"},"sameAs":["https:\/\/www.facebook.com\/chasseurs.5emeleger\/"]}]}},"_links":{"self":[{"href":"https:\/\/chasseurs5emeleger.fr\/index.php\/wp-json\/wp\/v2\/pages\/4167","targetHints":{"allow":["GET"]}}],"collection":[{"href":"https:\/\/chasseurs5emeleger.fr\/index.php\/wp-json\/wp\/v2\/pages"}],"about":[{"href":"https:\/\/chasseurs5emeleger.fr\/index.php\/wp-json\/wp\/v2\/types\/page"}],"author":[{"embeddable":true,"href":"https:\/\/chasseurs5emeleger.fr\/index.php\/wp-json\/wp\/v2\/users\/2"}],"replies":[{"embeddable":true,"href":"https:\/\/chasseurs5emeleger.fr\/index.php\/wp-json\/wp\/v2\/comments?post=4167"}],"version-history":[{"count":7,"href":"https:\/\/chasseurs5emeleger.fr\/index.php\/wp-json\/wp\/v2\/pages\/4167\/revisions"}],"predecessor-version":[{"id":4869,"href":"https:\/\/chasseurs5emeleger.fr\/index.php\/wp-json\/wp\/v2\/pages\/4167\/revisions\/4869"}],"up":[{"embeddable":true,"href":"https:\/\/chasseurs5emeleger.fr\/index.php\/wp-json\/wp\/v2\/pages\/1057"}],"wp:attachment":[{"href":"https:\/\/chasseurs5emeleger.fr\/index.php\/wp-json\/wp\/v2\/media?parent=4167"}],"curies":[{"name":"wp","href":"https:\/\/api.w.org\/{rel}","templated":true}]}}