{"id":4986,"date":"2023-09-23T18:28:09","date_gmt":"2023-09-23T16:28:09","guid":{"rendered":"https:\/\/chasseurs5emeleger.fr\/?page_id=4986"},"modified":"2023-09-23T18:32:08","modified_gmt":"2023-09-23T16:32:08","slug":"frejus-spectacle-historique-du-11-au-13-juillet-2023","status":"publish","type":"page","link":"https:\/\/chasseurs5emeleger.fr\/index.php\/photos\/frejus-spectacle-historique-du-11-au-13-juillet-2023\/","title":{"rendered":"Fr\u00e9jus &#8211; Spectacle historique du 11 au 13 Juillet 2023"},"content":{"rendered":"\n<p><\/p>\n\n\n\n<p class=\"has-text-align-center has-text-color has-large-font-size\" style=\"color:#000794\">Fr\u00e9jus (83) &#8211; Spectacle historique 11 au 13 Juillet<\/p>\n\n\n\n<p class=\"has-text-align-center has-text-color has-medium-font-size\" style=\"color:#000794\"><em>Animations de la journ\u00e9e<\/em><\/p>\n\n\n\n<figure class=\"wp-block-gallery has-nested-images columns-2 wp-block-gallery-1 is-layout-flex wp-block-gallery-is-layout-flex\">\n<figure class=\"wp-block-image size-full\"><img loading=\"lazy\" decoding=\"async\" width=\"1024\" height=\"768\" data-id=\"4988\" src=\"https:\/\/chasseurs5emeleger.fr\/wp-content\/uploads\/2023\/09\/1.jpg\" alt=\"\" class=\"wp-image-4988\" srcset=\"https:\/\/chasseurs5emeleger.fr\/wp-content\/uploads\/2023\/09\/1.jpg 1024w, https:\/\/chasseurs5emeleger.fr\/wp-content\/uploads\/2023\/09\/1-300x225.jpg 300w, https:\/\/chasseurs5emeleger.fr\/wp-content\/uploads\/2023\/09\/1-768x576.jpg 768w\" sizes=\"auto, (max-width: 1024px) 100vw, 1024px\" \/><\/figure>\n\n\n\n<figure class=\"wp-block-image size-full\"><img loading=\"lazy\" decoding=\"async\" width=\"1024\" height=\"768\" data-id=\"4989\" src=\"https:\/\/chasseurs5emeleger.fr\/wp-content\/uploads\/2023\/09\/2.jpg\" alt=\"\" class=\"wp-image-4989\" srcset=\"https:\/\/chasseurs5emeleger.fr\/wp-content\/uploads\/2023\/09\/2.jpg 1024w, https:\/\/chasseurs5emeleger.fr\/wp-content\/uploads\/2023\/09\/2-300x225.jpg 300w, https:\/\/chasseurs5emeleger.fr\/wp-content\/uploads\/2023\/09\/2-768x576.jpg 768w\" sizes=\"auto, (max-width: 1024px) 100vw, 1024px\" \/><\/figure>\n\n\n\n<figure class=\"wp-block-image size-full\"><img loading=\"lazy\" decoding=\"async\" width=\"1024\" height=\"768\" data-id=\"4987\" src=\"https:\/\/chasseurs5emeleger.fr\/wp-content\/uploads\/2023\/09\/3.jpg\" alt=\"\" class=\"wp-image-4987\" srcset=\"https:\/\/chasseurs5emeleger.fr\/wp-content\/uploads\/2023\/09\/3.jpg 1024w, https:\/\/chasseurs5emeleger.fr\/wp-content\/uploads\/2023\/09\/3-300x225.jpg 300w, https:\/\/chasseurs5emeleger.fr\/wp-content\/uploads\/2023\/09\/3-768x576.jpg 768w\" sizes=\"auto, (max-width: 1024px) 100vw, 1024px\" \/><\/figure>\n\n\n\n<figure class=\"wp-block-image size-full\"><img loading=\"lazy\" decoding=\"async\" width=\"1024\" height=\"577\" data-id=\"4991\" src=\"https:\/\/chasseurs5emeleger.fr\/wp-content\/uploads\/2023\/09\/4.jpg\" alt=\"\" class=\"wp-image-4991\" srcset=\"https:\/\/chasseurs5emeleger.fr\/wp-content\/uploads\/2023\/09\/4.jpg 1024w, https:\/\/chasseurs5emeleger.fr\/wp-content\/uploads\/2023\/09\/4-300x169.jpg 300w, https:\/\/chasseurs5emeleger.fr\/wp-content\/uploads\/2023\/09\/4-768x433.jpg 768w\" sizes=\"auto, (max-width: 1024px) 100vw, 1024px\" \/><\/figure>\n\n\n\n<figure class=\"wp-block-image size-full\"><img loading=\"lazy\" decoding=\"async\" width=\"1024\" height=\"577\" data-id=\"4990\" src=\"https:\/\/chasseurs5emeleger.fr\/wp-content\/uploads\/2023\/09\/5.jpg\" alt=\"\" class=\"wp-image-4990\" srcset=\"https:\/\/chasseurs5emeleger.fr\/wp-content\/uploads\/2023\/09\/5.jpg 1024w, https:\/\/chasseurs5emeleger.fr\/wp-content\/uploads\/2023\/09\/5-300x169.jpg 300w, https:\/\/chasseurs5emeleger.fr\/wp-content\/uploads\/2023\/09\/5-768x433.jpg 768w\" sizes=\"auto, (max-width: 1024px) 100vw, 1024px\" \/><\/figure>\n<\/figure>\n\n\n\n<p><\/p>\n\n\n\n<p class=\"has-text-align-center has-text-color has-medium-font-size\" style=\"color:#000794\"><em>Spectacle<\/em><\/p>\n\n\n\n<figure class=\"wp-block-gallery has-nested-images columns-2 wp-block-gallery-2 is-layout-flex wp-block-gallery-is-layout-flex\">\n<figure class=\"wp-block-image size-full\"><img loading=\"lazy\" decoding=\"async\" width=\"1024\" height=\"683\" data-id=\"4997\" src=\"https:\/\/chasseurs5emeleger.fr\/wp-content\/uploads\/2023\/09\/6.jpg\" alt=\"\" class=\"wp-image-4997\" srcset=\"https:\/\/chasseurs5emeleger.fr\/wp-content\/uploads\/2023\/09\/6.jpg 1024w, https:\/\/chasseurs5emeleger.fr\/wp-content\/uploads\/2023\/09\/6-300x200.jpg 300w, https:\/\/chasseurs5emeleger.fr\/wp-content\/uploads\/2023\/09\/6-768x512.jpg 768w\" sizes=\"auto, (max-width: 1024px) 100vw, 1024px\" \/><\/figure>\n\n\n\n<figure class=\"wp-block-image size-full\"><img loading=\"lazy\" decoding=\"async\" width=\"1024\" height=\"683\" data-id=\"4996\" src=\"https:\/\/chasseurs5emeleger.fr\/wp-content\/uploads\/2023\/09\/7.jpg\" alt=\"\" class=\"wp-image-4996\" srcset=\"https:\/\/chasseurs5emeleger.fr\/wp-content\/uploads\/2023\/09\/7.jpg 1024w, https:\/\/chasseurs5emeleger.fr\/wp-content\/uploads\/2023\/09\/7-300x200.jpg 300w, https:\/\/chasseurs5emeleger.fr\/wp-content\/uploads\/2023\/09\/7-768x512.jpg 768w\" sizes=\"auto, (max-width: 1024px) 100vw, 1024px\" \/><\/figure>\n\n\n\n<figure class=\"wp-block-image size-full\"><img loading=\"lazy\" decoding=\"async\" width=\"1024\" height=\"683\" data-id=\"4998\" src=\"https:\/\/chasseurs5emeleger.fr\/wp-content\/uploads\/2023\/09\/8.jpg\" alt=\"\" class=\"wp-image-4998\" srcset=\"https:\/\/chasseurs5emeleger.fr\/wp-content\/uploads\/2023\/09\/8.jpg 1024w, https:\/\/chasseurs5emeleger.fr\/wp-content\/uploads\/2023\/09\/8-300x200.jpg 300w, https:\/\/chasseurs5emeleger.fr\/wp-content\/uploads\/2023\/09\/8-768x512.jpg 768w\" sizes=\"auto, (max-width: 1024px) 100vw, 1024px\" \/><\/figure>\n\n\n\n<figure class=\"wp-block-image size-full\"><img loading=\"lazy\" decoding=\"async\" width=\"1024\" height=\"683\" data-id=\"4999\" src=\"https:\/\/chasseurs5emeleger.fr\/wp-content\/uploads\/2023\/09\/9.jpg\" alt=\"\" class=\"wp-image-4999\" srcset=\"https:\/\/chasseurs5emeleger.fr\/wp-content\/uploads\/2023\/09\/9.jpg 1024w, https:\/\/chasseurs5emeleger.fr\/wp-content\/uploads\/2023\/09\/9-300x200.jpg 300w, https:\/\/chasseurs5emeleger.fr\/wp-content\/uploads\/2023\/09\/9-768x512.jpg 768w\" sizes=\"auto, (max-width: 1024px) 100vw, 1024px\" \/><\/figure>\n\n\n\n<figure class=\"wp-block-image size-full\"><img loading=\"lazy\" decoding=\"async\" width=\"1024\" height=\"683\" data-id=\"5000\" src=\"https:\/\/chasseurs5emeleger.fr\/wp-content\/uploads\/2023\/09\/10.jpg\" alt=\"\" class=\"wp-image-5000\" srcset=\"https:\/\/chasseurs5emeleger.fr\/wp-content\/uploads\/2023\/09\/10.jpg 1024w, https:\/\/chasseurs5emeleger.fr\/wp-content\/uploads\/2023\/09\/10-300x200.jpg 300w, https:\/\/chasseurs5emeleger.fr\/wp-content\/uploads\/2023\/09\/10-768x512.jpg 768w\" sizes=\"auto, (max-width: 1024px) 100vw, 1024px\" \/><\/figure>\n\n\n\n<figure class=\"wp-block-image size-full\"><img loading=\"lazy\" decoding=\"async\" width=\"1024\" height=\"576\" data-id=\"5001\" src=\"https:\/\/chasseurs5emeleger.fr\/wp-content\/uploads\/2023\/09\/11-1.jpg\" alt=\"\" class=\"wp-image-5001\" srcset=\"https:\/\/chasseurs5emeleger.fr\/wp-content\/uploads\/2023\/09\/11-1.jpg 1024w, https:\/\/chasseurs5emeleger.fr\/wp-content\/uploads\/2023\/09\/11-1-300x169.jpg 300w, https:\/\/chasseurs5emeleger.fr\/wp-content\/uploads\/2023\/09\/11-1-768x432.jpg 768w\" sizes=\"auto, (max-width: 1024px) 100vw, 1024px\" \/><\/figure>\n<\/figure>\n","protected":false},"excerpt":{"rendered":"<p>Fr\u00e9jus (83) &#8211; Spectacle historique 11 au 13 Juillet Animations de la journ\u00e9e Spectacle<\/p>\n","protected":false},"author":2,"featured_media":0,"parent":1057,"menu_order":0,"comment_status":"closed","ping_status":"closed","template":"","meta":{"footnotes":""},"class_list":["post-4986","page","type-page","status-publish","hentry"],"yoast_head":"<!-- This site is optimized with the Yoast SEO plugin v27.5 - https:\/\/yoast.com\/product\/yoast-seo-wordpress\/ -->\n<title>Fr\u00e9jus - Spectacle historique du 11 au 13 Juillet 2023 &#8211; Chasseurs du 5\u00e8me R\u00e9giment d&#039;Infanterie L\u00e9g\u00e8re<\/title>\n<meta name=\"robots\" content=\"index, follow, max-snippet:-1, max-image-preview:large, max-video-preview:-1\" \/>\n<link rel=\"canonical\" href=\"https:\/\/chasseurs5emeleger.fr\/index.php\/photos\/frejus-spectacle-historique-du-11-au-13-juillet-2023\/\" \/>\n<meta property=\"og:locale\" content=\"fr_FR\" \/>\n<meta property=\"og:type\" content=\"article\" \/>\n<meta property=\"og:title\" content=\"Fr\u00e9jus - Spectacle historique du 11 au 13 Juillet 2023 &#8211; Chasseurs du 5\u00e8me R\u00e9giment d&#039;Infanterie L\u00e9g\u00e8re\" \/>\n<meta property=\"og:description\" content=\"Fr\u00e9jus (83) &#8211; Spectacle historique 11 au 13 Juillet Animations de la journ\u00e9e Spectacle\" \/>\n<meta property=\"og:url\" content=\"https:\/\/chasseurs5emeleger.fr\/index.php\/photos\/frejus-spectacle-historique-du-11-au-13-juillet-2023\/\" \/>\n<meta property=\"og:site_name\" content=\"Chasseurs du 5\u00e8me R\u00e9giment d&#039;Infanterie L\u00e9g\u00e8re\" \/>\n<meta property=\"article:publisher\" content=\"https:\/\/www.facebook.com\/chasseurs.5emeleger\/\" \/>\n<meta property=\"article:modified_time\" content=\"2023-09-23T16:32:08+00:00\" \/>\n<meta property=\"og:image\" content=\"https:\/\/chasseurs5emeleger.fr\/wp-content\/uploads\/2023\/09\/1.jpg\" \/>\n<script type=\"application\/ld+json\" class=\"yoast-schema-graph\">{\"@context\":\"https:\\\/\\\/schema.org\",\"@graph\":[{\"@type\":\"WebPage\",\"@id\":\"https:\\\/\\\/chasseurs5emeleger.fr\\\/index.php\\\/photos\\\/frejus-spectacle-historique-du-11-au-13-juillet-2023\\\/\",\"url\":\"https:\\\/\\\/chasseurs5emeleger.fr\\\/index.php\\\/photos\\\/frejus-spectacle-historique-du-11-au-13-juillet-2023\\\/\",\"name\":\"Fr\u00e9jus - Spectacle historique du 11 au 13 Juillet 2023 &#8211; Chasseurs du 5\u00e8me R\u00e9giment d&#039;Infanterie L\u00e9g\u00e8re\",\"isPartOf\":{\"@id\":\"https:\\\/\\\/chasseurs5emeleger.fr\\\/#website\"},\"primaryImageOfPage\":{\"@id\":\"https:\\\/\\\/chasseurs5emeleger.fr\\\/index.php\\\/photos\\\/frejus-spectacle-historique-du-11-au-13-juillet-2023\\\/#primaryimage\"},\"image\":{\"@id\":\"https:\\\/\\\/chasseurs5emeleger.fr\\\/index.php\\\/photos\\\/frejus-spectacle-historique-du-11-au-13-juillet-2023\\\/#primaryimage\"},\"thumbnailUrl\":\"https:\\\/\\\/chasseurs5emeleger.fr\\\/wp-content\\\/uploads\\\/2023\\\/09\\\/1.jpg\",\"datePublished\":\"2023-09-23T16:28:09+00:00\",\"dateModified\":\"2023-09-23T16:32:08+00:00\",\"breadcrumb\":{\"@id\":\"https:\\\/\\\/chasseurs5emeleger.fr\\\/index.php\\\/photos\\\/frejus-spectacle-historique-du-11-au-13-juillet-2023\\\/#breadcrumb\"},\"inLanguage\":\"fr-FR\",\"potentialAction\":[{\"@type\":\"ReadAction\",\"target\":[\"https:\\\/\\\/chasseurs5emeleger.fr\\\/index.php\\\/photos\\\/frejus-spectacle-historique-du-11-au-13-juillet-2023\\\/\"]}]},{\"@type\":\"ImageObject\",\"inLanguage\":\"fr-FR\",\"@id\":\"https:\\\/\\\/chasseurs5emeleger.fr\\\/index.php\\\/photos\\\/frejus-spectacle-historique-du-11-au-13-juillet-2023\\\/#primaryimage\",\"url\":\"https:\\\/\\\/chasseurs5emeleger.fr\\\/wp-content\\\/uploads\\\/2023\\\/09\\\/1.jpg\",\"contentUrl\":\"https:\\\/\\\/chasseurs5emeleger.fr\\\/wp-content\\\/uploads\\\/2023\\\/09\\\/1.jpg\",\"width\":1024,\"height\":768},{\"@type\":\"BreadcrumbList\",\"@id\":\"https:\\\/\\\/chasseurs5emeleger.fr\\\/index.php\\\/photos\\\/frejus-spectacle-historique-du-11-au-13-juillet-2023\\\/#breadcrumb\",\"itemListElement\":[{\"@type\":\"ListItem\",\"position\":1,\"name\":\"Accueil\",\"item\":\"https:\\\/\\\/chasseurs5emeleger.fr\\\/\"},{\"@type\":\"ListItem\",\"position\":2,\"name\":\"Photos\",\"item\":\"https:\\\/\\\/chasseurs5emeleger.fr\\\/index.php\\\/photos\\\/\"},{\"@type\":\"ListItem\",\"position\":3,\"name\":\"Fr\u00e9jus &#8211; Spectacle historique du 11 au 13 Juillet 2023\"}]},{\"@type\":\"WebSite\",\"@id\":\"https:\\\/\\\/chasseurs5emeleger.fr\\\/#website\",\"url\":\"https:\\\/\\\/chasseurs5emeleger.fr\\\/\",\"name\":\"Chasseurs du 5\u00e8me R\u00e9giment d&#039;Infanterie L\u00e9g\u00e8re\",\"description\":\"\",\"publisher\":{\"@id\":\"https:\\\/\\\/chasseurs5emeleger.fr\\\/#organization\"},\"potentialAction\":[{\"@type\":\"SearchAction\",\"target\":{\"@type\":\"EntryPoint\",\"urlTemplate\":\"https:\\\/\\\/chasseurs5emeleger.fr\\\/?s={search_term_string}\"},\"query-input\":{\"@type\":\"PropertyValueSpecification\",\"valueRequired\":true,\"valueName\":\"search_term_string\"}}],\"inLanguage\":\"fr-FR\"},{\"@type\":\"Organization\",\"@id\":\"https:\\\/\\\/chasseurs5emeleger.fr\\\/#organization\",\"name\":\"Chasseurs du 5\u00e8me R\u00e9giment d'infanterie l\u00e9g\u00e8re\",\"url\":\"https:\\\/\\\/chasseurs5emeleger.fr\\\/\",\"logo\":{\"@type\":\"ImageObject\",\"inLanguage\":\"fr-FR\",\"@id\":\"https:\\\/\\\/chasseurs5emeleger.fr\\\/#\\\/schema\\\/logo\\\/image\\\/\",\"url\":\"https:\\\/\\\/chasseurs5emeleger.fr\\\/wp-content\\\/uploads\\\/2022\\\/04\\\/Logo-detoure-scaled.jpg\",\"contentUrl\":\"https:\\\/\\\/chasseurs5emeleger.fr\\\/wp-content\\\/uploads\\\/2022\\\/04\\\/Logo-detoure-scaled.jpg\",\"width\":2438,\"height\":2560,\"caption\":\"Chasseurs du 5\u00e8me R\u00e9giment d'infanterie l\u00e9g\u00e8re\"},\"image\":{\"@id\":\"https:\\\/\\\/chasseurs5emeleger.fr\\\/#\\\/schema\\\/logo\\\/image\\\/\"},\"sameAs\":[\"https:\\\/\\\/www.facebook.com\\\/chasseurs.5emeleger\\\/\"]}]}<\/script>\n<!-- \/ Yoast SEO plugin. -->","yoast_head_json":{"title":"Fr\u00e9jus - Spectacle historique du 11 au 13 Juillet 2023 &#8211; Chasseurs du 5\u00e8me R\u00e9giment d&#039;Infanterie L\u00e9g\u00e8re","robots":{"index":"index","follow":"follow","max-snippet":"max-snippet:-1","max-image-preview":"max-image-preview:large","max-video-preview":"max-video-preview:-1"},"canonical":"https:\/\/chasseurs5emeleger.fr\/index.php\/photos\/frejus-spectacle-historique-du-11-au-13-juillet-2023\/","og_locale":"fr_FR","og_type":"article","og_title":"Fr\u00e9jus - Spectacle historique du 11 au 13 Juillet 2023 &#8211; Chasseurs du 5\u00e8me R\u00e9giment d&#039;Infanterie L\u00e9g\u00e8re","og_description":"Fr\u00e9jus (83) &#8211; Spectacle historique 11 au 13 Juillet Animations de la journ\u00e9e Spectacle","og_url":"https:\/\/chasseurs5emeleger.fr\/index.php\/photos\/frejus-spectacle-historique-du-11-au-13-juillet-2023\/","og_site_name":"Chasseurs du 5\u00e8me R\u00e9giment d&#039;Infanterie L\u00e9g\u00e8re","article_publisher":"https:\/\/www.facebook.com\/chasseurs.5emeleger\/","article_modified_time":"2023-09-23T16:32:08+00:00","og_image":[{"url":"https:\/\/chasseurs5emeleger.fr\/wp-content\/uploads\/2023\/09\/1.jpg","type":"","width":"","height":""}],"schema":{"@context":"https:\/\/schema.org","@graph":[{"@type":"WebPage","@id":"https:\/\/chasseurs5emeleger.fr\/index.php\/photos\/frejus-spectacle-historique-du-11-au-13-juillet-2023\/","url":"https:\/\/chasseurs5emeleger.fr\/index.php\/photos\/frejus-spectacle-historique-du-11-au-13-juillet-2023\/","name":"Fr\u00e9jus - Spectacle historique du 11 au 13 Juillet 2023 &#8211; Chasseurs du 5\u00e8me R\u00e9giment d&#039;Infanterie L\u00e9g\u00e8re","isPartOf":{"@id":"https:\/\/chasseurs5emeleger.fr\/#website"},"primaryImageOfPage":{"@id":"https:\/\/chasseurs5emeleger.fr\/index.php\/photos\/frejus-spectacle-historique-du-11-au-13-juillet-2023\/#primaryimage"},"image":{"@id":"https:\/\/chasseurs5emeleger.fr\/index.php\/photos\/frejus-spectacle-historique-du-11-au-13-juillet-2023\/#primaryimage"},"thumbnailUrl":"https:\/\/chasseurs5emeleger.fr\/wp-content\/uploads\/2023\/09\/1.jpg","datePublished":"2023-09-23T16:28:09+00:00","dateModified":"2023-09-23T16:32:08+00:00","breadcrumb":{"@id":"https:\/\/chasseurs5emeleger.fr\/index.php\/photos\/frejus-spectacle-historique-du-11-au-13-juillet-2023\/#breadcrumb"},"inLanguage":"fr-FR","potentialAction":[{"@type":"ReadAction","target":["https:\/\/chasseurs5emeleger.fr\/index.php\/photos\/frejus-spectacle-historique-du-11-au-13-juillet-2023\/"]}]},{"@type":"ImageObject","inLanguage":"fr-FR","@id":"https:\/\/chasseurs5emeleger.fr\/index.php\/photos\/frejus-spectacle-historique-du-11-au-13-juillet-2023\/#primaryimage","url":"https:\/\/chasseurs5emeleger.fr\/wp-content\/uploads\/2023\/09\/1.jpg","contentUrl":"https:\/\/chasseurs5emeleger.fr\/wp-content\/uploads\/2023\/09\/1.jpg","width":1024,"height":768},{"@type":"BreadcrumbList","@id":"https:\/\/chasseurs5emeleger.fr\/index.php\/photos\/frejus-spectacle-historique-du-11-au-13-juillet-2023\/#breadcrumb","itemListElement":[{"@type":"ListItem","position":1,"name":"Accueil","item":"https:\/\/chasseurs5emeleger.fr\/"},{"@type":"ListItem","position":2,"name":"Photos","item":"https:\/\/chasseurs5emeleger.fr\/index.php\/photos\/"},{"@type":"ListItem","position":3,"name":"Fr\u00e9jus &#8211; Spectacle historique du 11 au 13 Juillet 2023"}]},{"@type":"WebSite","@id":"https:\/\/chasseurs5emeleger.fr\/#website","url":"https:\/\/chasseurs5emeleger.fr\/","name":"Chasseurs du 5\u00e8me R\u00e9giment d&#039;Infanterie L\u00e9g\u00e8re","description":"","publisher":{"@id":"https:\/\/chasseurs5emeleger.fr\/#organization"},"potentialAction":[{"@type":"SearchAction","target":{"@type":"EntryPoint","urlTemplate":"https:\/\/chasseurs5emeleger.fr\/?s={search_term_string}"},"query-input":{"@type":"PropertyValueSpecification","valueRequired":true,"valueName":"search_term_string"}}],"inLanguage":"fr-FR"},{"@type":"Organization","@id":"https:\/\/chasseurs5emeleger.fr\/#organization","name":"Chasseurs du 5\u00e8me R\u00e9giment d'infanterie l\u00e9g\u00e8re","url":"https:\/\/chasseurs5emeleger.fr\/","logo":{"@type":"ImageObject","inLanguage":"fr-FR","@id":"https:\/\/chasseurs5emeleger.fr\/#\/schema\/logo\/image\/","url":"https:\/\/chasseurs5emeleger.fr\/wp-content\/uploads\/2022\/04\/Logo-detoure-scaled.jpg","contentUrl":"https:\/\/chasseurs5emeleger.fr\/wp-content\/uploads\/2022\/04\/Logo-detoure-scaled.jpg","width":2438,"height":2560,"caption":"Chasseurs du 5\u00e8me R\u00e9giment d'infanterie l\u00e9g\u00e8re"},"image":{"@id":"https:\/\/chasseurs5emeleger.fr\/#\/schema\/logo\/image\/"},"sameAs":["https:\/\/www.facebook.com\/chasseurs.5emeleger\/"]}]}},"_links":{"self":[{"href":"https:\/\/chasseurs5emeleger.fr\/index.php\/wp-json\/wp\/v2\/pages\/4986","targetHints":{"allow":["GET"]}}],"collection":[{"href":"https:\/\/chasseurs5emeleger.fr\/index.php\/wp-json\/wp\/v2\/pages"}],"about":[{"href":"https:\/\/chasseurs5emeleger.fr\/index.php\/wp-json\/wp\/v2\/types\/page"}],"author":[{"embeddable":true,"href":"https:\/\/chasseurs5emeleger.fr\/index.php\/wp-json\/wp\/v2\/users\/2"}],"replies":[{"embeddable":true,"href":"https:\/\/chasseurs5emeleger.fr\/index.php\/wp-json\/wp\/v2\/comments?post=4986"}],"version-history":[{"count":3,"href":"https:\/\/chasseurs5emeleger.fr\/index.php\/wp-json\/wp\/v2\/pages\/4986\/revisions"}],"predecessor-version":[{"id":5004,"href":"https:\/\/chasseurs5emeleger.fr\/index.php\/wp-json\/wp\/v2\/pages\/4986\/revisions\/5004"}],"up":[{"embeddable":true,"href":"https:\/\/chasseurs5emeleger.fr\/index.php\/wp-json\/wp\/v2\/pages\/1057"}],"wp:attachment":[{"href":"https:\/\/chasseurs5emeleger.fr\/index.php\/wp-json\/wp\/v2\/media?parent=4986"}],"curies":[{"name":"wp","href":"https:\/\/api.w.org\/{rel}","templated":true}]}}