{"id":5345,"date":"2024-02-04T16:51:08","date_gmt":"2024-02-04T15:51:08","guid":{"rendered":"https:\/\/chasseurs5emeleger.fr\/?page_id=5345"},"modified":"2024-02-04T17:12:01","modified_gmt":"2024-02-04T16:12:01","slug":"napoleon-le-film-25-novembre","status":"publish","type":"page","link":"https:\/\/chasseurs5emeleger.fr\/index.php\/photos\/napoleon-le-film-25-novembre\/","title":{"rendered":"&#8220;Napol\u00e9on&#8221; le film &#8211; 25 Novembre 2023"},"content":{"rendered":"\n<p class=\"has-text-align-center has-text-color has-large-font-size\" style=\"color:#000794\">&#8220;Napol\u00e9on&#8221; le Film &#8211; 25 Novembre<\/p>\n\n\n\n<p class=\"has-text-align-center has-text-color has-link-color has-medium-font-size wp-elements-9ae0ab860627b24e423b87b82c8caf78\" style=\"color:#000794\"><em>Animations autour de la sortie du film<\/em><\/p>\n\n\n\n<p class=\"has-text-align-center has-text-color has-link-color has-medium-font-size wp-elements-711f6dda1e5b6643a5ea3d559fafa666\" style=\"color:#000794\"><em>Cin\u00e9ma le Lido &#8211; Saint-Rapha\u00ebl<\/em><\/p>\n\n\n\n<figure class=\"wp-block-gallery has-nested-images columns-2 wp-block-gallery-1 is-layout-flex wp-block-gallery-is-layout-flex\">\n<figure class=\"wp-block-image size-large\"><img loading=\"lazy\" decoding=\"async\" width=\"1024\" height=\"768\" data-id=\"5346\" src=\"https:\/\/chasseurs5emeleger.fr\/wp-content\/uploads\/2024\/02\/1-1.jpg\" alt=\"\" class=\"wp-image-5346\" srcset=\"https:\/\/chasseurs5emeleger.fr\/wp-content\/uploads\/2024\/02\/1-1.jpg 1024w, https:\/\/chasseurs5emeleger.fr\/wp-content\/uploads\/2024\/02\/1-1-300x225.jpg 300w, https:\/\/chasseurs5emeleger.fr\/wp-content\/uploads\/2024\/02\/1-1-768x576.jpg 768w\" sizes=\"auto, (max-width: 1024px) 100vw, 1024px\" \/><\/figure>\n\n\n\n<figure class=\"wp-block-image size-large\"><img loading=\"lazy\" decoding=\"async\" width=\"768\" height=\"1024\" data-id=\"5351\" src=\"https:\/\/chasseurs5emeleger.fr\/wp-content\/uploads\/2024\/02\/2-1.jpg\" alt=\"\" class=\"wp-image-5351\" srcset=\"https:\/\/chasseurs5emeleger.fr\/wp-content\/uploads\/2024\/02\/2-1.jpg 768w, https:\/\/chasseurs5emeleger.fr\/wp-content\/uploads\/2024\/02\/2-1-225x300.jpg 225w\" sizes=\"auto, (max-width: 768px) 100vw, 768px\" \/><\/figure>\n\n\n\n<figure class=\"wp-block-image size-large\"><img loading=\"lazy\" decoding=\"async\" width=\"1024\" height=\"768\" data-id=\"5356\" src=\"https:\/\/chasseurs5emeleger.fr\/wp-content\/uploads\/2024\/02\/6-1.jpeg\" alt=\"\" class=\"wp-image-5356\" srcset=\"https:\/\/chasseurs5emeleger.fr\/wp-content\/uploads\/2024\/02\/6-1.jpeg 1024w, https:\/\/chasseurs5emeleger.fr\/wp-content\/uploads\/2024\/02\/6-1-300x225.jpeg 300w, https:\/\/chasseurs5emeleger.fr\/wp-content\/uploads\/2024\/02\/6-1-768x576.jpeg 768w\" sizes=\"auto, (max-width: 1024px) 100vw, 1024px\" \/><\/figure>\n\n\n\n<figure class=\"wp-block-image size-large\"><img loading=\"lazy\" decoding=\"async\" width=\"1024\" height=\"768\" data-id=\"5352\" src=\"https:\/\/chasseurs5emeleger.fr\/wp-content\/uploads\/2024\/02\/7.jpeg\" alt=\"\" class=\"wp-image-5352\" srcset=\"https:\/\/chasseurs5emeleger.fr\/wp-content\/uploads\/2024\/02\/7.jpeg 1024w, https:\/\/chasseurs5emeleger.fr\/wp-content\/uploads\/2024\/02\/7-300x225.jpeg 300w, https:\/\/chasseurs5emeleger.fr\/wp-content\/uploads\/2024\/02\/7-768x576.jpeg 768w\" sizes=\"auto, (max-width: 1024px) 100vw, 1024px\" \/><\/figure>\n\n\n\n<figure class=\"wp-block-image size-large\"><img loading=\"lazy\" decoding=\"async\" width=\"1024\" height=\"768\" data-id=\"5348\" src=\"https:\/\/chasseurs5emeleger.fr\/wp-content\/uploads\/2024\/02\/8.jpeg\" alt=\"\" class=\"wp-image-5348\" srcset=\"https:\/\/chasseurs5emeleger.fr\/wp-content\/uploads\/2024\/02\/8.jpeg 1024w, https:\/\/chasseurs5emeleger.fr\/wp-content\/uploads\/2024\/02\/8-300x225.jpeg 300w, https:\/\/chasseurs5emeleger.fr\/wp-content\/uploads\/2024\/02\/8-768x576.jpeg 768w\" sizes=\"auto, (max-width: 1024px) 100vw, 1024px\" \/><\/figure>\n\n\n\n<figure class=\"wp-block-image size-large\"><img loading=\"lazy\" decoding=\"async\" width=\"1024\" height=\"768\" data-id=\"5350\" src=\"https:\/\/chasseurs5emeleger.fr\/wp-content\/uploads\/2024\/02\/9.jpeg\" alt=\"\" class=\"wp-image-5350\" srcset=\"https:\/\/chasseurs5emeleger.fr\/wp-content\/uploads\/2024\/02\/9.jpeg 1024w, https:\/\/chasseurs5emeleger.fr\/wp-content\/uploads\/2024\/02\/9-300x225.jpeg 300w, https:\/\/chasseurs5emeleger.fr\/wp-content\/uploads\/2024\/02\/9-768x576.jpeg 768w\" sizes=\"auto, (max-width: 1024px) 100vw, 1024px\" \/><\/figure>\n\n\n\n<figure class=\"wp-block-image size-large\"><img loading=\"lazy\" decoding=\"async\" width=\"1024\" height=\"768\" data-id=\"5353\" src=\"https:\/\/chasseurs5emeleger.fr\/wp-content\/uploads\/2024\/02\/10.jpeg\" alt=\"\" class=\"wp-image-5353\" srcset=\"https:\/\/chasseurs5emeleger.fr\/wp-content\/uploads\/2024\/02\/10.jpeg 1024w, https:\/\/chasseurs5emeleger.fr\/wp-content\/uploads\/2024\/02\/10-300x225.jpeg 300w, https:\/\/chasseurs5emeleger.fr\/wp-content\/uploads\/2024\/02\/10-768x576.jpeg 768w\" sizes=\"auto, (max-width: 1024px) 100vw, 1024px\" \/><\/figure>\n\n\n\n<figure class=\"wp-block-image size-large\"><img loading=\"lazy\" decoding=\"async\" width=\"1024\" height=\"768\" data-id=\"5349\" src=\"https:\/\/chasseurs5emeleger.fr\/wp-content\/uploads\/2024\/02\/11.jpeg\" alt=\"\" class=\"wp-image-5349\" srcset=\"https:\/\/chasseurs5emeleger.fr\/wp-content\/uploads\/2024\/02\/11.jpeg 1024w, https:\/\/chasseurs5emeleger.fr\/wp-content\/uploads\/2024\/02\/11-300x225.jpeg 300w, https:\/\/chasseurs5emeleger.fr\/wp-content\/uploads\/2024\/02\/11-768x576.jpeg 768w\" sizes=\"auto, (max-width: 1024px) 100vw, 1024px\" \/><\/figure>\n\n\n\n<figure class=\"wp-block-image size-large\"><img loading=\"lazy\" decoding=\"async\" width=\"1024\" height=\"678\" data-id=\"5360\" src=\"https:\/\/chasseurs5emeleger.fr\/wp-content\/uploads\/2024\/02\/5.jpg\" alt=\"\" class=\"wp-image-5360\" srcset=\"https:\/\/chasseurs5emeleger.fr\/wp-content\/uploads\/2024\/02\/5.jpg 1024w, https:\/\/chasseurs5emeleger.fr\/wp-content\/uploads\/2024\/02\/5-300x199.jpg 300w, https:\/\/chasseurs5emeleger.fr\/wp-content\/uploads\/2024\/02\/5-768x509.jpg 768w\" sizes=\"auto, (max-width: 1024px) 100vw, 1024px\" \/><\/figure>\n\n\n\n<figure class=\"wp-block-image size-large\"><img loading=\"lazy\" decoding=\"async\" width=\"1024\" height=\"720\" data-id=\"5363\" src=\"https:\/\/chasseurs5emeleger.fr\/wp-content\/uploads\/2024\/02\/4-1.jpg\" alt=\"\" class=\"wp-image-5363\" srcset=\"https:\/\/chasseurs5emeleger.fr\/wp-content\/uploads\/2024\/02\/4-1.jpg 1024w, https:\/\/chasseurs5emeleger.fr\/wp-content\/uploads\/2024\/02\/4-1-300x211.jpg 300w, https:\/\/chasseurs5emeleger.fr\/wp-content\/uploads\/2024\/02\/4-1-768x540.jpg 768w\" sizes=\"auto, (max-width: 1024px) 100vw, 1024px\" \/><\/figure>\n\n\n\n<figure class=\"wp-block-image size-large\"><img loading=\"lazy\" decoding=\"async\" width=\"768\" height=\"1024\" data-id=\"5361\" src=\"https:\/\/chasseurs5emeleger.fr\/wp-content\/uploads\/2024\/02\/3-1.jpg\" alt=\"\" class=\"wp-image-5361\" srcset=\"https:\/\/chasseurs5emeleger.fr\/wp-content\/uploads\/2024\/02\/3-1.jpg 768w, https:\/\/chasseurs5emeleger.fr\/wp-content\/uploads\/2024\/02\/3-1-225x300.jpg 225w\" sizes=\"auto, (max-width: 768px) 100vw, 768px\" \/><\/figure>\n\n\n\n<figure class=\"wp-block-image size-large\"><img loading=\"lazy\" decoding=\"async\" width=\"768\" height=\"1024\" data-id=\"5362\" src=\"https:\/\/chasseurs5emeleger.fr\/wp-content\/uploads\/2024\/02\/12-1.jpg\" alt=\"\" class=\"wp-image-5362\" srcset=\"https:\/\/chasseurs5emeleger.fr\/wp-content\/uploads\/2024\/02\/12-1.jpg 768w, https:\/\/chasseurs5emeleger.fr\/wp-content\/uploads\/2024\/02\/12-1-225x300.jpg 225w\" sizes=\"auto, (max-width: 768px) 100vw, 768px\" \/><\/figure>\n\n\n\n<figure class=\"wp-block-image size-large\"><img loading=\"lazy\" decoding=\"async\" width=\"768\" height=\"1024\" data-id=\"5347\" src=\"https:\/\/chasseurs5emeleger.fr\/wp-content\/uploads\/2024\/02\/13.jpeg\" alt=\"\" class=\"wp-image-5347\" srcset=\"https:\/\/chasseurs5emeleger.fr\/wp-content\/uploads\/2024\/02\/13.jpeg 768w, https:\/\/chasseurs5emeleger.fr\/wp-content\/uploads\/2024\/02\/13-225x300.jpeg 225w\" sizes=\"auto, (max-width: 768px) 100vw, 768px\" \/><\/figure>\n\n\n\n<figure class=\"wp-block-image size-large\"><img loading=\"lazy\" decoding=\"async\" width=\"1024\" height=\"768\" data-id=\"5355\" src=\"https:\/\/chasseurs5emeleger.fr\/wp-content\/uploads\/2024\/02\/14.jpeg\" alt=\"\" class=\"wp-image-5355\" srcset=\"https:\/\/chasseurs5emeleger.fr\/wp-content\/uploads\/2024\/02\/14.jpeg 1024w, https:\/\/chasseurs5emeleger.fr\/wp-content\/uploads\/2024\/02\/14-300x225.jpeg 300w, https:\/\/chasseurs5emeleger.fr\/wp-content\/uploads\/2024\/02\/14-768x576.jpeg 768w\" sizes=\"auto, (max-width: 1024px) 100vw, 1024px\" \/><\/figure>\n\n\n\n<figure class=\"wp-block-image size-large\"><img loading=\"lazy\" decoding=\"async\" width=\"1024\" height=\"681\" data-id=\"5354\" src=\"https:\/\/chasseurs5emeleger.fr\/wp-content\/uploads\/2024\/02\/15-1.jpg\" alt=\"\" class=\"wp-image-5354\" srcset=\"https:\/\/chasseurs5emeleger.fr\/wp-content\/uploads\/2024\/02\/15-1.jpg 1024w, https:\/\/chasseurs5emeleger.fr\/wp-content\/uploads\/2024\/02\/15-1-300x200.jpg 300w, https:\/\/chasseurs5emeleger.fr\/wp-content\/uploads\/2024\/02\/15-1-768x511.jpg 768w\" sizes=\"auto, (max-width: 1024px) 100vw, 1024px\" \/><\/figure>\n\n\n\n<figure class=\"wp-block-image size-large\"><img loading=\"lazy\" decoding=\"async\" width=\"1024\" height=\"572\" data-id=\"5357\" src=\"https:\/\/chasseurs5emeleger.fr\/wp-content\/uploads\/2024\/02\/16-1.jpg\" alt=\"\" class=\"wp-image-5357\" srcset=\"https:\/\/chasseurs5emeleger.fr\/wp-content\/uploads\/2024\/02\/16-1.jpg 1024w, https:\/\/chasseurs5emeleger.fr\/wp-content\/uploads\/2024\/02\/16-1-300x168.jpg 300w, https:\/\/chasseurs5emeleger.fr\/wp-content\/uploads\/2024\/02\/16-1-768x429.jpg 768w\" sizes=\"auto, (max-width: 1024px) 100vw, 1024px\" \/><\/figure>\n\n\n\n<figure class=\"wp-block-image size-large\"><img loading=\"lazy\" decoding=\"async\" width=\"868\" height=\"768\" data-id=\"5359\" src=\"https:\/\/chasseurs5emeleger.fr\/wp-content\/uploads\/2024\/02\/17-1.jpg\" alt=\"\" class=\"wp-image-5359\" srcset=\"https:\/\/chasseurs5emeleger.fr\/wp-content\/uploads\/2024\/02\/17-1.jpg 868w, https:\/\/chasseurs5emeleger.fr\/wp-content\/uploads\/2024\/02\/17-1-300x265.jpg 300w, https:\/\/chasseurs5emeleger.fr\/wp-content\/uploads\/2024\/02\/17-1-768x680.jpg 768w\" sizes=\"auto, (max-width: 868px) 100vw, 868px\" \/><\/figure>\n\n\n\n<figure class=\"wp-block-image size-large\"><img loading=\"lazy\" decoding=\"async\" width=\"953\" height=\"768\" data-id=\"5358\" src=\"https:\/\/chasseurs5emeleger.fr\/wp-content\/uploads\/2024\/02\/18-1.jpg\" alt=\"\" class=\"wp-image-5358\" srcset=\"https:\/\/chasseurs5emeleger.fr\/wp-content\/uploads\/2024\/02\/18-1.jpg 953w, https:\/\/chasseurs5emeleger.fr\/wp-content\/uploads\/2024\/02\/18-1-300x242.jpg 300w, https:\/\/chasseurs5emeleger.fr\/wp-content\/uploads\/2024\/02\/18-1-768x619.jpg 768w\" sizes=\"auto, (max-width: 953px) 100vw, 953px\" \/><\/figure>\n<\/figure>\n","protected":false},"excerpt":{"rendered":"<p>&#8220;Napol\u00e9on&#8221; le Film &#8211; 25 Novembre Animations autour de la sortie du film Cin\u00e9ma le Lido &#8211; Saint-Rapha\u00ebl<\/p>\n","protected":false},"author":2,"featured_media":0,"parent":1057,"menu_order":0,"comment_status":"closed","ping_status":"closed","template":"","meta":{"footnotes":""},"class_list":["post-5345","page","type-page","status-publish","hentry"],"yoast_head":"<!-- This site is optimized with the Yoast SEO plugin v27.5 - https:\/\/yoast.com\/product\/yoast-seo-wordpress\/ -->\n<title>&quot;Napol\u00e9on&quot; le film - 25 Novembre 2023 &#8211; Chasseurs du 5\u00e8me R\u00e9giment d&#039;Infanterie L\u00e9g\u00e8re<\/title>\n<meta name=\"robots\" content=\"index, follow, max-snippet:-1, max-image-preview:large, max-video-preview:-1\" \/>\n<link rel=\"canonical\" href=\"https:\/\/chasseurs5emeleger.fr\/index.php\/photos\/napoleon-le-film-25-novembre\/\" \/>\n<meta property=\"og:locale\" content=\"fr_FR\" \/>\n<meta property=\"og:type\" content=\"article\" \/>\n<meta property=\"og:title\" content=\"&quot;Napol\u00e9on&quot; le film - 25 Novembre 2023 &#8211; Chasseurs du 5\u00e8me R\u00e9giment d&#039;Infanterie L\u00e9g\u00e8re\" \/>\n<meta property=\"og:description\" content=\"&#8220;Napol\u00e9on&#8221; le Film &#8211; 25 Novembre Animations autour de la sortie du film Cin\u00e9ma le Lido &#8211; Saint-Rapha\u00ebl\" \/>\n<meta property=\"og:url\" content=\"https:\/\/chasseurs5emeleger.fr\/index.php\/photos\/napoleon-le-film-25-novembre\/\" \/>\n<meta property=\"og:site_name\" content=\"Chasseurs du 5\u00e8me R\u00e9giment d&#039;Infanterie L\u00e9g\u00e8re\" \/>\n<meta property=\"article:publisher\" content=\"https:\/\/www.facebook.com\/chasseurs.5emeleger\/\" \/>\n<meta property=\"article:modified_time\" content=\"2024-02-04T16:12:01+00:00\" \/>\n<meta property=\"og:image\" content=\"https:\/\/chasseurs5emeleger.fr\/wp-content\/uploads\/2024\/02\/1-1.jpg\" \/>\n<script type=\"application\/ld+json\" class=\"yoast-schema-graph\">{\"@context\":\"https:\\\/\\\/schema.org\",\"@graph\":[{\"@type\":\"WebPage\",\"@id\":\"https:\\\/\\\/chasseurs5emeleger.fr\\\/index.php\\\/photos\\\/napoleon-le-film-25-novembre\\\/\",\"url\":\"https:\\\/\\\/chasseurs5emeleger.fr\\\/index.php\\\/photos\\\/napoleon-le-film-25-novembre\\\/\",\"name\":\"\\\"Napol\u00e9on\\\" le film - 25 Novembre 2023 &#8211; Chasseurs du 5\u00e8me R\u00e9giment d&#039;Infanterie L\u00e9g\u00e8re\",\"isPartOf\":{\"@id\":\"https:\\\/\\\/chasseurs5emeleger.fr\\\/#website\"},\"primaryImageOfPage\":{\"@id\":\"https:\\\/\\\/chasseurs5emeleger.fr\\\/index.php\\\/photos\\\/napoleon-le-film-25-novembre\\\/#primaryimage\"},\"image\":{\"@id\":\"https:\\\/\\\/chasseurs5emeleger.fr\\\/index.php\\\/photos\\\/napoleon-le-film-25-novembre\\\/#primaryimage\"},\"thumbnailUrl\":\"https:\\\/\\\/chasseurs5emeleger.fr\\\/wp-content\\\/uploads\\\/2024\\\/02\\\/1-1.jpg\",\"datePublished\":\"2024-02-04T15:51:08+00:00\",\"dateModified\":\"2024-02-04T16:12:01+00:00\",\"breadcrumb\":{\"@id\":\"https:\\\/\\\/chasseurs5emeleger.fr\\\/index.php\\\/photos\\\/napoleon-le-film-25-novembre\\\/#breadcrumb\"},\"inLanguage\":\"fr-FR\",\"potentialAction\":[{\"@type\":\"ReadAction\",\"target\":[\"https:\\\/\\\/chasseurs5emeleger.fr\\\/index.php\\\/photos\\\/napoleon-le-film-25-novembre\\\/\"]}]},{\"@type\":\"ImageObject\",\"inLanguage\":\"fr-FR\",\"@id\":\"https:\\\/\\\/chasseurs5emeleger.fr\\\/index.php\\\/photos\\\/napoleon-le-film-25-novembre\\\/#primaryimage\",\"url\":\"https:\\\/\\\/chasseurs5emeleger.fr\\\/wp-content\\\/uploads\\\/2024\\\/02\\\/1-1.jpg\",\"contentUrl\":\"https:\\\/\\\/chasseurs5emeleger.fr\\\/wp-content\\\/uploads\\\/2024\\\/02\\\/1-1.jpg\",\"width\":1024,\"height\":768},{\"@type\":\"BreadcrumbList\",\"@id\":\"https:\\\/\\\/chasseurs5emeleger.fr\\\/index.php\\\/photos\\\/napoleon-le-film-25-novembre\\\/#breadcrumb\",\"itemListElement\":[{\"@type\":\"ListItem\",\"position\":1,\"name\":\"Accueil\",\"item\":\"https:\\\/\\\/chasseurs5emeleger.fr\\\/\"},{\"@type\":\"ListItem\",\"position\":2,\"name\":\"Photos\",\"item\":\"https:\\\/\\\/chasseurs5emeleger.fr\\\/index.php\\\/photos\\\/\"},{\"@type\":\"ListItem\",\"position\":3,\"name\":\"&#8220;Napol\u00e9on&#8221; le film &#8211; 25 Novembre 2023\"}]},{\"@type\":\"WebSite\",\"@id\":\"https:\\\/\\\/chasseurs5emeleger.fr\\\/#website\",\"url\":\"https:\\\/\\\/chasseurs5emeleger.fr\\\/\",\"name\":\"Chasseurs du 5\u00e8me R\u00e9giment d&#039;Infanterie L\u00e9g\u00e8re\",\"description\":\"\",\"publisher\":{\"@id\":\"https:\\\/\\\/chasseurs5emeleger.fr\\\/#organization\"},\"potentialAction\":[{\"@type\":\"SearchAction\",\"target\":{\"@type\":\"EntryPoint\",\"urlTemplate\":\"https:\\\/\\\/chasseurs5emeleger.fr\\\/?s={search_term_string}\"},\"query-input\":{\"@type\":\"PropertyValueSpecification\",\"valueRequired\":true,\"valueName\":\"search_term_string\"}}],\"inLanguage\":\"fr-FR\"},{\"@type\":\"Organization\",\"@id\":\"https:\\\/\\\/chasseurs5emeleger.fr\\\/#organization\",\"name\":\"Chasseurs du 5\u00e8me R\u00e9giment d'infanterie l\u00e9g\u00e8re\",\"url\":\"https:\\\/\\\/chasseurs5emeleger.fr\\\/\",\"logo\":{\"@type\":\"ImageObject\",\"inLanguage\":\"fr-FR\",\"@id\":\"https:\\\/\\\/chasseurs5emeleger.fr\\\/#\\\/schema\\\/logo\\\/image\\\/\",\"url\":\"https:\\\/\\\/chasseurs5emeleger.fr\\\/wp-content\\\/uploads\\\/2022\\\/04\\\/Logo-detoure-scaled.jpg\",\"contentUrl\":\"https:\\\/\\\/chasseurs5emeleger.fr\\\/wp-content\\\/uploads\\\/2022\\\/04\\\/Logo-detoure-scaled.jpg\",\"width\":2438,\"height\":2560,\"caption\":\"Chasseurs du 5\u00e8me R\u00e9giment d'infanterie l\u00e9g\u00e8re\"},\"image\":{\"@id\":\"https:\\\/\\\/chasseurs5emeleger.fr\\\/#\\\/schema\\\/logo\\\/image\\\/\"},\"sameAs\":[\"https:\\\/\\\/www.facebook.com\\\/chasseurs.5emeleger\\\/\"]}]}<\/script>\n<!-- \/ Yoast SEO plugin. -->","yoast_head_json":{"title":"\"Napol\u00e9on\" le film - 25 Novembre 2023 &#8211; Chasseurs du 5\u00e8me R\u00e9giment d&#039;Infanterie L\u00e9g\u00e8re","robots":{"index":"index","follow":"follow","max-snippet":"max-snippet:-1","max-image-preview":"max-image-preview:large","max-video-preview":"max-video-preview:-1"},"canonical":"https:\/\/chasseurs5emeleger.fr\/index.php\/photos\/napoleon-le-film-25-novembre\/","og_locale":"fr_FR","og_type":"article","og_title":"\"Napol\u00e9on\" le film - 25 Novembre 2023 &#8211; Chasseurs du 5\u00e8me R\u00e9giment d&#039;Infanterie L\u00e9g\u00e8re","og_description":"&#8220;Napol\u00e9on&#8221; le Film &#8211; 25 Novembre Animations autour de la sortie du film Cin\u00e9ma le Lido &#8211; Saint-Rapha\u00ebl","og_url":"https:\/\/chasseurs5emeleger.fr\/index.php\/photos\/napoleon-le-film-25-novembre\/","og_site_name":"Chasseurs du 5\u00e8me R\u00e9giment d&#039;Infanterie L\u00e9g\u00e8re","article_publisher":"https:\/\/www.facebook.com\/chasseurs.5emeleger\/","article_modified_time":"2024-02-04T16:12:01+00:00","og_image":[{"url":"https:\/\/chasseurs5emeleger.fr\/wp-content\/uploads\/2024\/02\/1-1.jpg","type":"","width":"","height":""}],"schema":{"@context":"https:\/\/schema.org","@graph":[{"@type":"WebPage","@id":"https:\/\/chasseurs5emeleger.fr\/index.php\/photos\/napoleon-le-film-25-novembre\/","url":"https:\/\/chasseurs5emeleger.fr\/index.php\/photos\/napoleon-le-film-25-novembre\/","name":"\"Napol\u00e9on\" le film - 25 Novembre 2023 &#8211; Chasseurs du 5\u00e8me R\u00e9giment d&#039;Infanterie L\u00e9g\u00e8re","isPartOf":{"@id":"https:\/\/chasseurs5emeleger.fr\/#website"},"primaryImageOfPage":{"@id":"https:\/\/chasseurs5emeleger.fr\/index.php\/photos\/napoleon-le-film-25-novembre\/#primaryimage"},"image":{"@id":"https:\/\/chasseurs5emeleger.fr\/index.php\/photos\/napoleon-le-film-25-novembre\/#primaryimage"},"thumbnailUrl":"https:\/\/chasseurs5emeleger.fr\/wp-content\/uploads\/2024\/02\/1-1.jpg","datePublished":"2024-02-04T15:51:08+00:00","dateModified":"2024-02-04T16:12:01+00:00","breadcrumb":{"@id":"https:\/\/chasseurs5emeleger.fr\/index.php\/photos\/napoleon-le-film-25-novembre\/#breadcrumb"},"inLanguage":"fr-FR","potentialAction":[{"@type":"ReadAction","target":["https:\/\/chasseurs5emeleger.fr\/index.php\/photos\/napoleon-le-film-25-novembre\/"]}]},{"@type":"ImageObject","inLanguage":"fr-FR","@id":"https:\/\/chasseurs5emeleger.fr\/index.php\/photos\/napoleon-le-film-25-novembre\/#primaryimage","url":"https:\/\/chasseurs5emeleger.fr\/wp-content\/uploads\/2024\/02\/1-1.jpg","contentUrl":"https:\/\/chasseurs5emeleger.fr\/wp-content\/uploads\/2024\/02\/1-1.jpg","width":1024,"height":768},{"@type":"BreadcrumbList","@id":"https:\/\/chasseurs5emeleger.fr\/index.php\/photos\/napoleon-le-film-25-novembre\/#breadcrumb","itemListElement":[{"@type":"ListItem","position":1,"name":"Accueil","item":"https:\/\/chasseurs5emeleger.fr\/"},{"@type":"ListItem","position":2,"name":"Photos","item":"https:\/\/chasseurs5emeleger.fr\/index.php\/photos\/"},{"@type":"ListItem","position":3,"name":"&#8220;Napol\u00e9on&#8221; le film &#8211; 25 Novembre 2023"}]},{"@type":"WebSite","@id":"https:\/\/chasseurs5emeleger.fr\/#website","url":"https:\/\/chasseurs5emeleger.fr\/","name":"Chasseurs du 5\u00e8me R\u00e9giment d&#039;Infanterie L\u00e9g\u00e8re","description":"","publisher":{"@id":"https:\/\/chasseurs5emeleger.fr\/#organization"},"potentialAction":[{"@type":"SearchAction","target":{"@type":"EntryPoint","urlTemplate":"https:\/\/chasseurs5emeleger.fr\/?s={search_term_string}"},"query-input":{"@type":"PropertyValueSpecification","valueRequired":true,"valueName":"search_term_string"}}],"inLanguage":"fr-FR"},{"@type":"Organization","@id":"https:\/\/chasseurs5emeleger.fr\/#organization","name":"Chasseurs du 5\u00e8me R\u00e9giment d'infanterie l\u00e9g\u00e8re","url":"https:\/\/chasseurs5emeleger.fr\/","logo":{"@type":"ImageObject","inLanguage":"fr-FR","@id":"https:\/\/chasseurs5emeleger.fr\/#\/schema\/logo\/image\/","url":"https:\/\/chasseurs5emeleger.fr\/wp-content\/uploads\/2022\/04\/Logo-detoure-scaled.jpg","contentUrl":"https:\/\/chasseurs5emeleger.fr\/wp-content\/uploads\/2022\/04\/Logo-detoure-scaled.jpg","width":2438,"height":2560,"caption":"Chasseurs du 5\u00e8me R\u00e9giment d'infanterie l\u00e9g\u00e8re"},"image":{"@id":"https:\/\/chasseurs5emeleger.fr\/#\/schema\/logo\/image\/"},"sameAs":["https:\/\/www.facebook.com\/chasseurs.5emeleger\/"]}]}},"_links":{"self":[{"href":"https:\/\/chasseurs5emeleger.fr\/index.php\/wp-json\/wp\/v2\/pages\/5345","targetHints":{"allow":["GET"]}}],"collection":[{"href":"https:\/\/chasseurs5emeleger.fr\/index.php\/wp-json\/wp\/v2\/pages"}],"about":[{"href":"https:\/\/chasseurs5emeleger.fr\/index.php\/wp-json\/wp\/v2\/types\/page"}],"author":[{"embeddable":true,"href":"https:\/\/chasseurs5emeleger.fr\/index.php\/wp-json\/wp\/v2\/users\/2"}],"replies":[{"embeddable":true,"href":"https:\/\/chasseurs5emeleger.fr\/index.php\/wp-json\/wp\/v2\/comments?post=5345"}],"version-history":[{"count":4,"href":"https:\/\/chasseurs5emeleger.fr\/index.php\/wp-json\/wp\/v2\/pages\/5345\/revisions"}],"predecessor-version":[{"id":5380,"href":"https:\/\/chasseurs5emeleger.fr\/index.php\/wp-json\/wp\/v2\/pages\/5345\/revisions\/5380"}],"up":[{"embeddable":true,"href":"https:\/\/chasseurs5emeleger.fr\/index.php\/wp-json\/wp\/v2\/pages\/1057"}],"wp:attachment":[{"href":"https:\/\/chasseurs5emeleger.fr\/index.php\/wp-json\/wp\/v2\/media?parent=5345"}],"curies":[{"name":"wp","href":"https:\/\/api.w.org\/{rel}","templated":true}]}}