{"id":5381,"date":"2024-07-18T15:53:39","date_gmt":"2024-07-18T13:53:39","guid":{"rendered":"https:\/\/chasseurs5emeleger.fr\/?page_id=5381"},"modified":"2024-07-18T17:05:51","modified_gmt":"2024-07-18T15:05:51","slug":"golfe-juan-2-et-3-mars-2024","status":"publish","type":"page","link":"https:\/\/chasseurs5emeleger.fr\/index.php\/photos\/golfe-juan-2-et-3-mars-2024\/","title":{"rendered":"Golfe-Juan &#8211; 2 et 3 Mars 2024"},"content":{"rendered":"\n<p class=\"has-text-align-center has-text-color has-large-font-size\" style=\"color:#000794\">Golfe-Juan (06) &#8211; 2 et 3 Mars<\/p>\n\n\n\n<figure class=\"wp-block-gallery has-nested-images columns-2 wp-block-gallery-1 is-layout-flex wp-block-gallery-is-layout-flex\">\n<figure class=\"wp-block-image size-full\"><img loading=\"lazy\" decoding=\"async\" width=\"2560\" height=\"1183\" data-id=\"5402\" src=\"https:\/\/chasseurs5emeleger.fr\/wp-content\/uploads\/2024\/07\/1-scaled.jpg\" alt=\"\" class=\"wp-image-5402\" srcset=\"https:\/\/chasseurs5emeleger.fr\/wp-content\/uploads\/2024\/07\/1-scaled.jpg 2560w, https:\/\/chasseurs5emeleger.fr\/wp-content\/uploads\/2024\/07\/1-300x139.jpg 300w, https:\/\/chasseurs5emeleger.fr\/wp-content\/uploads\/2024\/07\/1-1024x473.jpg 1024w, https:\/\/chasseurs5emeleger.fr\/wp-content\/uploads\/2024\/07\/1-768x355.jpg 768w, https:\/\/chasseurs5emeleger.fr\/wp-content\/uploads\/2024\/07\/1-1536x710.jpg 1536w, https:\/\/chasseurs5emeleger.fr\/wp-content\/uploads\/2024\/07\/1-2048x946.jpg 2048w\" sizes=\"auto, (max-width: 2560px) 100vw, 2560px\" \/><\/figure>\n\n\n\n<figure class=\"wp-block-image size-full\"><img loading=\"lazy\" decoding=\"async\" width=\"1080\" height=\"608\" data-id=\"5382\" src=\"https:\/\/chasseurs5emeleger.fr\/wp-content\/uploads\/2024\/07\/2.jpg\" alt=\"\" class=\"wp-image-5382\" srcset=\"https:\/\/chasseurs5emeleger.fr\/wp-content\/uploads\/2024\/07\/2.jpg 1080w, https:\/\/chasseurs5emeleger.fr\/wp-content\/uploads\/2024\/07\/2-300x169.jpg 300w, https:\/\/chasseurs5emeleger.fr\/wp-content\/uploads\/2024\/07\/2-1024x576.jpg 1024w, https:\/\/chasseurs5emeleger.fr\/wp-content\/uploads\/2024\/07\/2-768x432.jpg 768w\" sizes=\"auto, (max-width: 1080px) 100vw, 1080px\" \/><\/figure>\n\n\n\n<figure class=\"wp-block-image size-full\"><img loading=\"lazy\" decoding=\"async\" width=\"1080\" height=\"1620\" data-id=\"5387\" src=\"https:\/\/chasseurs5emeleger.fr\/wp-content\/uploads\/2024\/07\/3.jpg\" alt=\"\" class=\"wp-image-5387\" srcset=\"https:\/\/chasseurs5emeleger.fr\/wp-content\/uploads\/2024\/07\/3.jpg 1080w, https:\/\/chasseurs5emeleger.fr\/wp-content\/uploads\/2024\/07\/3-200x300.jpg 200w, https:\/\/chasseurs5emeleger.fr\/wp-content\/uploads\/2024\/07\/3-683x1024.jpg 683w, https:\/\/chasseurs5emeleger.fr\/wp-content\/uploads\/2024\/07\/3-768x1152.jpg 768w, https:\/\/chasseurs5emeleger.fr\/wp-content\/uploads\/2024\/07\/3-1024x1536.jpg 1024w\" sizes=\"auto, (max-width: 1080px) 100vw, 1080px\" \/><\/figure>\n\n\n\n<figure class=\"wp-block-image size-full\"><img loading=\"lazy\" decoding=\"async\" width=\"1080\" height=\"1618\" data-id=\"5396\" src=\"https:\/\/chasseurs5emeleger.fr\/wp-content\/uploads\/2024\/07\/4.jpg\" alt=\"\" class=\"wp-image-5396\" srcset=\"https:\/\/chasseurs5emeleger.fr\/wp-content\/uploads\/2024\/07\/4.jpg 1080w, https:\/\/chasseurs5emeleger.fr\/wp-content\/uploads\/2024\/07\/4-200x300.jpg 200w, https:\/\/chasseurs5emeleger.fr\/wp-content\/uploads\/2024\/07\/4-684x1024.jpg 684w, https:\/\/chasseurs5emeleger.fr\/wp-content\/uploads\/2024\/07\/4-768x1151.jpg 768w, https:\/\/chasseurs5emeleger.fr\/wp-content\/uploads\/2024\/07\/4-1025x1536.jpg 1025w\" sizes=\"auto, (max-width: 1080px) 100vw, 1080px\" \/><\/figure>\n\n\n\n<figure class=\"wp-block-image size-full\"><img loading=\"lazy\" decoding=\"async\" width=\"1080\" height=\"1618\" data-id=\"5391\" src=\"https:\/\/chasseurs5emeleger.fr\/wp-content\/uploads\/2024\/07\/5.jpg\" alt=\"\" class=\"wp-image-5391\" srcset=\"https:\/\/chasseurs5emeleger.fr\/wp-content\/uploads\/2024\/07\/5.jpg 1080w, https:\/\/chasseurs5emeleger.fr\/wp-content\/uploads\/2024\/07\/5-200x300.jpg 200w, https:\/\/chasseurs5emeleger.fr\/wp-content\/uploads\/2024\/07\/5-684x1024.jpg 684w, https:\/\/chasseurs5emeleger.fr\/wp-content\/uploads\/2024\/07\/5-768x1151.jpg 768w, https:\/\/chasseurs5emeleger.fr\/wp-content\/uploads\/2024\/07\/5-1025x1536.jpg 1025w\" sizes=\"auto, (max-width: 1080px) 100vw, 1080px\" \/><\/figure>\n\n\n\n<figure class=\"wp-block-image size-full\"><img loading=\"lazy\" decoding=\"async\" width=\"1080\" height=\"1620\" data-id=\"5394\" src=\"https:\/\/chasseurs5emeleger.fr\/wp-content\/uploads\/2024\/07\/7.jpg\" alt=\"\" class=\"wp-image-5394\" srcset=\"https:\/\/chasseurs5emeleger.fr\/wp-content\/uploads\/2024\/07\/7.jpg 1080w, https:\/\/chasseurs5emeleger.fr\/wp-content\/uploads\/2024\/07\/7-200x300.jpg 200w, https:\/\/chasseurs5emeleger.fr\/wp-content\/uploads\/2024\/07\/7-683x1024.jpg 683w, https:\/\/chasseurs5emeleger.fr\/wp-content\/uploads\/2024\/07\/7-768x1152.jpg 768w, https:\/\/chasseurs5emeleger.fr\/wp-content\/uploads\/2024\/07\/7-1024x1536.jpg 1024w\" sizes=\"auto, (max-width: 1080px) 100vw, 1080px\" \/><\/figure>\n\n\n\n<figure class=\"wp-block-image size-full\"><img loading=\"lazy\" decoding=\"async\" width=\"1080\" height=\"720\" data-id=\"5395\" src=\"https:\/\/chasseurs5emeleger.fr\/wp-content\/uploads\/2024\/07\/8.jpg\" alt=\"\" class=\"wp-image-5395\" srcset=\"https:\/\/chasseurs5emeleger.fr\/wp-content\/uploads\/2024\/07\/8.jpg 1080w, https:\/\/chasseurs5emeleger.fr\/wp-content\/uploads\/2024\/07\/8-300x200.jpg 300w, https:\/\/chasseurs5emeleger.fr\/wp-content\/uploads\/2024\/07\/8-1024x683.jpg 1024w, https:\/\/chasseurs5emeleger.fr\/wp-content\/uploads\/2024\/07\/8-768x512.jpg 768w\" sizes=\"auto, (max-width: 1080px) 100vw, 1080px\" \/><\/figure>\n\n\n\n<figure class=\"wp-block-image size-full\"><img loading=\"lazy\" decoding=\"async\" width=\"1079\" height=\"720\" data-id=\"5385\" src=\"https:\/\/chasseurs5emeleger.fr\/wp-content\/uploads\/2024\/07\/6.jpg\" alt=\"\" class=\"wp-image-5385\" srcset=\"https:\/\/chasseurs5emeleger.fr\/wp-content\/uploads\/2024\/07\/6.jpg 1079w, https:\/\/chasseurs5emeleger.fr\/wp-content\/uploads\/2024\/07\/6-300x200.jpg 300w, https:\/\/chasseurs5emeleger.fr\/wp-content\/uploads\/2024\/07\/6-1024x683.jpg 1024w, https:\/\/chasseurs5emeleger.fr\/wp-content\/uploads\/2024\/07\/6-768x512.jpg 768w\" sizes=\"auto, (max-width: 1079px) 100vw, 1079px\" \/><\/figure>\n\n\n\n<figure class=\"wp-block-image size-full\"><img loading=\"lazy\" decoding=\"async\" width=\"1080\" height=\"1619\" data-id=\"5392\" src=\"https:\/\/chasseurs5emeleger.fr\/wp-content\/uploads\/2024\/07\/10.jpg\" alt=\"\" class=\"wp-image-5392\" srcset=\"https:\/\/chasseurs5emeleger.fr\/wp-content\/uploads\/2024\/07\/10.jpg 1080w, https:\/\/chasseurs5emeleger.fr\/wp-content\/uploads\/2024\/07\/10-200x300.jpg 200w, https:\/\/chasseurs5emeleger.fr\/wp-content\/uploads\/2024\/07\/10-683x1024.jpg 683w, https:\/\/chasseurs5emeleger.fr\/wp-content\/uploads\/2024\/07\/10-768x1151.jpg 768w, https:\/\/chasseurs5emeleger.fr\/wp-content\/uploads\/2024\/07\/10-1025x1536.jpg 1025w\" sizes=\"auto, (max-width: 1080px) 100vw, 1080px\" \/><\/figure>\n\n\n\n<figure class=\"wp-block-image size-full\"><img loading=\"lazy\" decoding=\"async\" width=\"1080\" height=\"1819\" data-id=\"5393\" src=\"https:\/\/chasseurs5emeleger.fr\/wp-content\/uploads\/2024\/07\/17.jpg\" alt=\"\" class=\"wp-image-5393\" srcset=\"https:\/\/chasseurs5emeleger.fr\/wp-content\/uploads\/2024\/07\/17.jpg 1080w, https:\/\/chasseurs5emeleger.fr\/wp-content\/uploads\/2024\/07\/17-178x300.jpg 178w, https:\/\/chasseurs5emeleger.fr\/wp-content\/uploads\/2024\/07\/17-608x1024.jpg 608w, https:\/\/chasseurs5emeleger.fr\/wp-content\/uploads\/2024\/07\/17-768x1294.jpg 768w, https:\/\/chasseurs5emeleger.fr\/wp-content\/uploads\/2024\/07\/17-912x1536.jpg 912w\" sizes=\"auto, (max-width: 1080px) 100vw, 1080px\" \/><\/figure>\n\n\n\n<figure class=\"wp-block-image size-full\"><img loading=\"lazy\" decoding=\"async\" width=\"1079\" height=\"720\" data-id=\"5383\" src=\"https:\/\/chasseurs5emeleger.fr\/wp-content\/uploads\/2024\/07\/9.jpg\" alt=\"\" class=\"wp-image-5383\" srcset=\"https:\/\/chasseurs5emeleger.fr\/wp-content\/uploads\/2024\/07\/9.jpg 1079w, https:\/\/chasseurs5emeleger.fr\/wp-content\/uploads\/2024\/07\/9-300x200.jpg 300w, https:\/\/chasseurs5emeleger.fr\/wp-content\/uploads\/2024\/07\/9-1024x683.jpg 1024w, https:\/\/chasseurs5emeleger.fr\/wp-content\/uploads\/2024\/07\/9-768x512.jpg 768w\" sizes=\"auto, (max-width: 1079px) 100vw, 1079px\" \/><\/figure>\n\n\n\n<figure class=\"wp-block-image size-full\"><img loading=\"lazy\" decoding=\"async\" width=\"1080\" height=\"720\" data-id=\"5389\" src=\"https:\/\/chasseurs5emeleger.fr\/wp-content\/uploads\/2024\/07\/11.jpg\" alt=\"\" class=\"wp-image-5389\" srcset=\"https:\/\/chasseurs5emeleger.fr\/wp-content\/uploads\/2024\/07\/11.jpg 1080w, https:\/\/chasseurs5emeleger.fr\/wp-content\/uploads\/2024\/07\/11-300x200.jpg 300w, https:\/\/chasseurs5emeleger.fr\/wp-content\/uploads\/2024\/07\/11-1024x683.jpg 1024w, https:\/\/chasseurs5emeleger.fr\/wp-content\/uploads\/2024\/07\/11-768x512.jpg 768w\" sizes=\"auto, (max-width: 1080px) 100vw, 1080px\" \/><\/figure>\n\n\n\n<figure class=\"wp-block-image size-full\"><img loading=\"lazy\" decoding=\"async\" width=\"1079\" height=\"720\" data-id=\"5386\" src=\"https:\/\/chasseurs5emeleger.fr\/wp-content\/uploads\/2024\/07\/13.jpg\" alt=\"\" class=\"wp-image-5386\" srcset=\"https:\/\/chasseurs5emeleger.fr\/wp-content\/uploads\/2024\/07\/13.jpg 1079w, https:\/\/chasseurs5emeleger.fr\/wp-content\/uploads\/2024\/07\/13-300x200.jpg 300w, https:\/\/chasseurs5emeleger.fr\/wp-content\/uploads\/2024\/07\/13-1024x683.jpg 1024w, https:\/\/chasseurs5emeleger.fr\/wp-content\/uploads\/2024\/07\/13-768x512.jpg 768w\" sizes=\"auto, (max-width: 1079px) 100vw, 1079px\" \/><\/figure>\n\n\n\n<figure class=\"wp-block-image size-full\"><img loading=\"lazy\" decoding=\"async\" width=\"1080\" height=\"720\" data-id=\"5388\" src=\"https:\/\/chasseurs5emeleger.fr\/wp-content\/uploads\/2024\/07\/12.jpg\" alt=\"\" class=\"wp-image-5388\" srcset=\"https:\/\/chasseurs5emeleger.fr\/wp-content\/uploads\/2024\/07\/12.jpg 1080w, https:\/\/chasseurs5emeleger.fr\/wp-content\/uploads\/2024\/07\/12-300x200.jpg 300w, https:\/\/chasseurs5emeleger.fr\/wp-content\/uploads\/2024\/07\/12-1024x683.jpg 1024w, https:\/\/chasseurs5emeleger.fr\/wp-content\/uploads\/2024\/07\/12-768x512.jpg 768w\" sizes=\"auto, (max-width: 1080px) 100vw, 1080px\" \/><\/figure>\n\n\n\n<figure class=\"wp-block-image size-full\"><img loading=\"lazy\" decoding=\"async\" width=\"2250\" height=\"1500\" data-id=\"5399\" src=\"https:\/\/chasseurs5emeleger.fr\/wp-content\/uploads\/2024\/07\/14.jpg\" alt=\"\" class=\"wp-image-5399\" srcset=\"https:\/\/chasseurs5emeleger.fr\/wp-content\/uploads\/2024\/07\/14.jpg 2250w, https:\/\/chasseurs5emeleger.fr\/wp-content\/uploads\/2024\/07\/14-300x200.jpg 300w, https:\/\/chasseurs5emeleger.fr\/wp-content\/uploads\/2024\/07\/14-1024x683.jpg 1024w, https:\/\/chasseurs5emeleger.fr\/wp-content\/uploads\/2024\/07\/14-768x512.jpg 768w, https:\/\/chasseurs5emeleger.fr\/wp-content\/uploads\/2024\/07\/14-1536x1024.jpg 1536w, https:\/\/chasseurs5emeleger.fr\/wp-content\/uploads\/2024\/07\/14-2048x1365.jpg 2048w\" sizes=\"auto, (max-width: 2250px) 100vw, 2250px\" \/><\/figure>\n\n\n\n<figure class=\"wp-block-image size-full\"><img loading=\"lazy\" decoding=\"async\" width=\"2250\" height=\"1500\" data-id=\"5398\" src=\"https:\/\/chasseurs5emeleger.fr\/wp-content\/uploads\/2024\/07\/15.jpg\" alt=\"\" class=\"wp-image-5398\" srcset=\"https:\/\/chasseurs5emeleger.fr\/wp-content\/uploads\/2024\/07\/15.jpg 2250w, https:\/\/chasseurs5emeleger.fr\/wp-content\/uploads\/2024\/07\/15-300x200.jpg 300w, https:\/\/chasseurs5emeleger.fr\/wp-content\/uploads\/2024\/07\/15-1024x683.jpg 1024w, https:\/\/chasseurs5emeleger.fr\/wp-content\/uploads\/2024\/07\/15-768x512.jpg 768w, https:\/\/chasseurs5emeleger.fr\/wp-content\/uploads\/2024\/07\/15-1536x1024.jpg 1536w, https:\/\/chasseurs5emeleger.fr\/wp-content\/uploads\/2024\/07\/15-2048x1365.jpg 2048w\" sizes=\"auto, (max-width: 2250px) 100vw, 2250px\" \/><\/figure>\n\n\n\n<figure class=\"wp-block-image size-full\"><img loading=\"lazy\" decoding=\"async\" width=\"2250\" height=\"1500\" data-id=\"5401\" src=\"https:\/\/chasseurs5emeleger.fr\/wp-content\/uploads\/2024\/07\/16.jpg\" alt=\"\" class=\"wp-image-5401\" srcset=\"https:\/\/chasseurs5emeleger.fr\/wp-content\/uploads\/2024\/07\/16.jpg 2250w, https:\/\/chasseurs5emeleger.fr\/wp-content\/uploads\/2024\/07\/16-300x200.jpg 300w, https:\/\/chasseurs5emeleger.fr\/wp-content\/uploads\/2024\/07\/16-1024x683.jpg 1024w, https:\/\/chasseurs5emeleger.fr\/wp-content\/uploads\/2024\/07\/16-768x512.jpg 768w, https:\/\/chasseurs5emeleger.fr\/wp-content\/uploads\/2024\/07\/16-1536x1024.jpg 1536w, https:\/\/chasseurs5emeleger.fr\/wp-content\/uploads\/2024\/07\/16-2048x1365.jpg 2048w\" sizes=\"auto, (max-width: 2250px) 100vw, 2250px\" \/><\/figure>\n\n\n\n<figure class=\"wp-block-image size-full\"><img loading=\"lazy\" decoding=\"async\" width=\"2250\" height=\"1500\" data-id=\"5400\" src=\"https:\/\/chasseurs5emeleger.fr\/wp-content\/uploads\/2024\/07\/18.jpg\" alt=\"\" class=\"wp-image-5400\" srcset=\"https:\/\/chasseurs5emeleger.fr\/wp-content\/uploads\/2024\/07\/18.jpg 2250w, https:\/\/chasseurs5emeleger.fr\/wp-content\/uploads\/2024\/07\/18-300x200.jpg 300w, https:\/\/chasseurs5emeleger.fr\/wp-content\/uploads\/2024\/07\/18-1024x683.jpg 1024w, https:\/\/chasseurs5emeleger.fr\/wp-content\/uploads\/2024\/07\/18-768x512.jpg 768w, https:\/\/chasseurs5emeleger.fr\/wp-content\/uploads\/2024\/07\/18-1536x1024.jpg 1536w, https:\/\/chasseurs5emeleger.fr\/wp-content\/uploads\/2024\/07\/18-2048x1365.jpg 2048w\" sizes=\"auto, (max-width: 2250px) 100vw, 2250px\" \/><\/figure>\n\n\n\n<figure class=\"wp-block-image size-full\"><img loading=\"lazy\" decoding=\"async\" width=\"1079\" height=\"720\" data-id=\"5384\" src=\"https:\/\/chasseurs5emeleger.fr\/wp-content\/uploads\/2024\/07\/20.jpg\" alt=\"\" class=\"wp-image-5384\" srcset=\"https:\/\/chasseurs5emeleger.fr\/wp-content\/uploads\/2024\/07\/20.jpg 1079w, https:\/\/chasseurs5emeleger.fr\/wp-content\/uploads\/2024\/07\/20-300x200.jpg 300w, https:\/\/chasseurs5emeleger.fr\/wp-content\/uploads\/2024\/07\/20-1024x683.jpg 1024w, https:\/\/chasseurs5emeleger.fr\/wp-content\/uploads\/2024\/07\/20-768x512.jpg 768w\" sizes=\"auto, (max-width: 1079px) 100vw, 1079px\" \/><\/figure>\n\n\n\n<figure class=\"wp-block-image size-full\"><img loading=\"lazy\" decoding=\"async\" width=\"2560\" height=\"1920\" data-id=\"5397\" src=\"https:\/\/chasseurs5emeleger.fr\/wp-content\/uploads\/2024\/07\/21-scaled.jpg\" alt=\"\" class=\"wp-image-5397\" srcset=\"https:\/\/chasseurs5emeleger.fr\/wp-content\/uploads\/2024\/07\/21-scaled.jpg 2560w, https:\/\/chasseurs5emeleger.fr\/wp-content\/uploads\/2024\/07\/21-300x225.jpg 300w, https:\/\/chasseurs5emeleger.fr\/wp-content\/uploads\/2024\/07\/21-1024x768.jpg 1024w, https:\/\/chasseurs5emeleger.fr\/wp-content\/uploads\/2024\/07\/21-768x576.jpg 768w, https:\/\/chasseurs5emeleger.fr\/wp-content\/uploads\/2024\/07\/21-1536x1152.jpg 1536w, https:\/\/chasseurs5emeleger.fr\/wp-content\/uploads\/2024\/07\/21-2048x1536.jpg 2048w\" sizes=\"auto, (max-width: 2560px) 100vw, 2560px\" \/><\/figure>\n\n\n\n<figure class=\"wp-block-image size-full\"><img loading=\"lazy\" decoding=\"async\" width=\"1080\" height=\"1619\" data-id=\"5390\" src=\"https:\/\/chasseurs5emeleger.fr\/wp-content\/uploads\/2024\/07\/22.jpg\" alt=\"\" class=\"wp-image-5390\" srcset=\"https:\/\/chasseurs5emeleger.fr\/wp-content\/uploads\/2024\/07\/22.jpg 1080w, https:\/\/chasseurs5emeleger.fr\/wp-content\/uploads\/2024\/07\/22-200x300.jpg 200w, https:\/\/chasseurs5emeleger.fr\/wp-content\/uploads\/2024\/07\/22-683x1024.jpg 683w, https:\/\/chasseurs5emeleger.fr\/wp-content\/uploads\/2024\/07\/22-768x1151.jpg 768w, https:\/\/chasseurs5emeleger.fr\/wp-content\/uploads\/2024\/07\/22-1025x1536.jpg 1025w\" sizes=\"auto, (max-width: 1080px) 100vw, 1080px\" \/><\/figure>\n<\/figure>\n","protected":false},"excerpt":{"rendered":"<p>Golfe-Juan (06) &#8211; 2 et 3 Mars<\/p>\n","protected":false},"author":2,"featured_media":0,"parent":1057,"menu_order":0,"comment_status":"closed","ping_status":"closed","template":"","meta":{"footnotes":""},"class_list":["post-5381","page","type-page","status-publish","hentry"],"yoast_head":"<!-- This site is optimized with the Yoast SEO plugin v27.5 - https:\/\/yoast.com\/product\/yoast-seo-wordpress\/ -->\n<title>Golfe-Juan - 2 et 3 Mars 2024 &#8211; Chasseurs du 5\u00e8me R\u00e9giment d&#039;Infanterie L\u00e9g\u00e8re<\/title>\n<meta name=\"robots\" content=\"index, follow, max-snippet:-1, max-image-preview:large, max-video-preview:-1\" \/>\n<link rel=\"canonical\" href=\"https:\/\/chasseurs5emeleger.fr\/index.php\/photos\/golfe-juan-2-et-3-mars-2024\/\" \/>\n<meta property=\"og:locale\" content=\"fr_FR\" \/>\n<meta property=\"og:type\" content=\"article\" \/>\n<meta property=\"og:title\" content=\"Golfe-Juan - 2 et 3 Mars 2024 &#8211; Chasseurs du 5\u00e8me R\u00e9giment d&#039;Infanterie L\u00e9g\u00e8re\" \/>\n<meta property=\"og:description\" content=\"Golfe-Juan (06) &#8211; 2 et 3 Mars\" \/>\n<meta property=\"og:url\" content=\"https:\/\/chasseurs5emeleger.fr\/index.php\/photos\/golfe-juan-2-et-3-mars-2024\/\" \/>\n<meta property=\"og:site_name\" content=\"Chasseurs du 5\u00e8me R\u00e9giment d&#039;Infanterie L\u00e9g\u00e8re\" \/>\n<meta property=\"article:publisher\" content=\"https:\/\/www.facebook.com\/chasseurs.5emeleger\/\" \/>\n<meta property=\"article:modified_time\" content=\"2024-07-18T15:05:51+00:00\" \/>\n<meta property=\"og:image\" content=\"https:\/\/chasseurs5emeleger.fr\/wp-content\/uploads\/2024\/07\/1-scaled.jpg\" \/>\n<script type=\"application\/ld+json\" class=\"yoast-schema-graph\">{\"@context\":\"https:\\\/\\\/schema.org\",\"@graph\":[{\"@type\":\"WebPage\",\"@id\":\"https:\\\/\\\/chasseurs5emeleger.fr\\\/index.php\\\/photos\\\/golfe-juan-2-et-3-mars-2024\\\/\",\"url\":\"https:\\\/\\\/chasseurs5emeleger.fr\\\/index.php\\\/photos\\\/golfe-juan-2-et-3-mars-2024\\\/\",\"name\":\"Golfe-Juan - 2 et 3 Mars 2024 &#8211; Chasseurs du 5\u00e8me R\u00e9giment d&#039;Infanterie L\u00e9g\u00e8re\",\"isPartOf\":{\"@id\":\"https:\\\/\\\/chasseurs5emeleger.fr\\\/#website\"},\"primaryImageOfPage\":{\"@id\":\"https:\\\/\\\/chasseurs5emeleger.fr\\\/index.php\\\/photos\\\/golfe-juan-2-et-3-mars-2024\\\/#primaryimage\"},\"image\":{\"@id\":\"https:\\\/\\\/chasseurs5emeleger.fr\\\/index.php\\\/photos\\\/golfe-juan-2-et-3-mars-2024\\\/#primaryimage\"},\"thumbnailUrl\":\"https:\\\/\\\/chasseurs5emeleger.fr\\\/wp-content\\\/uploads\\\/2024\\\/07\\\/1-scaled.jpg\",\"datePublished\":\"2024-07-18T13:53:39+00:00\",\"dateModified\":\"2024-07-18T15:05:51+00:00\",\"breadcrumb\":{\"@id\":\"https:\\\/\\\/chasseurs5emeleger.fr\\\/index.php\\\/photos\\\/golfe-juan-2-et-3-mars-2024\\\/#breadcrumb\"},\"inLanguage\":\"fr-FR\",\"potentialAction\":[{\"@type\":\"ReadAction\",\"target\":[\"https:\\\/\\\/chasseurs5emeleger.fr\\\/index.php\\\/photos\\\/golfe-juan-2-et-3-mars-2024\\\/\"]}]},{\"@type\":\"ImageObject\",\"inLanguage\":\"fr-FR\",\"@id\":\"https:\\\/\\\/chasseurs5emeleger.fr\\\/index.php\\\/photos\\\/golfe-juan-2-et-3-mars-2024\\\/#primaryimage\",\"url\":\"https:\\\/\\\/chasseurs5emeleger.fr\\\/wp-content\\\/uploads\\\/2024\\\/07\\\/1-scaled.jpg\",\"contentUrl\":\"https:\\\/\\\/chasseurs5emeleger.fr\\\/wp-content\\\/uploads\\\/2024\\\/07\\\/1-scaled.jpg\",\"width\":2560,\"height\":1183},{\"@type\":\"BreadcrumbList\",\"@id\":\"https:\\\/\\\/chasseurs5emeleger.fr\\\/index.php\\\/photos\\\/golfe-juan-2-et-3-mars-2024\\\/#breadcrumb\",\"itemListElement\":[{\"@type\":\"ListItem\",\"position\":1,\"name\":\"Accueil\",\"item\":\"https:\\\/\\\/chasseurs5emeleger.fr\\\/\"},{\"@type\":\"ListItem\",\"position\":2,\"name\":\"Photos\",\"item\":\"https:\\\/\\\/chasseurs5emeleger.fr\\\/index.php\\\/photos\\\/\"},{\"@type\":\"ListItem\",\"position\":3,\"name\":\"Golfe-Juan &#8211; 2 et 3 Mars 2024\"}]},{\"@type\":\"WebSite\",\"@id\":\"https:\\\/\\\/chasseurs5emeleger.fr\\\/#website\",\"url\":\"https:\\\/\\\/chasseurs5emeleger.fr\\\/\",\"name\":\"Chasseurs du 5\u00e8me R\u00e9giment d&#039;Infanterie L\u00e9g\u00e8re\",\"description\":\"\",\"publisher\":{\"@id\":\"https:\\\/\\\/chasseurs5emeleger.fr\\\/#organization\"},\"potentialAction\":[{\"@type\":\"SearchAction\",\"target\":{\"@type\":\"EntryPoint\",\"urlTemplate\":\"https:\\\/\\\/chasseurs5emeleger.fr\\\/?s={search_term_string}\"},\"query-input\":{\"@type\":\"PropertyValueSpecification\",\"valueRequired\":true,\"valueName\":\"search_term_string\"}}],\"inLanguage\":\"fr-FR\"},{\"@type\":\"Organization\",\"@id\":\"https:\\\/\\\/chasseurs5emeleger.fr\\\/#organization\",\"name\":\"Chasseurs du 5\u00e8me R\u00e9giment d'infanterie l\u00e9g\u00e8re\",\"url\":\"https:\\\/\\\/chasseurs5emeleger.fr\\\/\",\"logo\":{\"@type\":\"ImageObject\",\"inLanguage\":\"fr-FR\",\"@id\":\"https:\\\/\\\/chasseurs5emeleger.fr\\\/#\\\/schema\\\/logo\\\/image\\\/\",\"url\":\"https:\\\/\\\/chasseurs5emeleger.fr\\\/wp-content\\\/uploads\\\/2022\\\/04\\\/Logo-detoure-scaled.jpg\",\"contentUrl\":\"https:\\\/\\\/chasseurs5emeleger.fr\\\/wp-content\\\/uploads\\\/2022\\\/04\\\/Logo-detoure-scaled.jpg\",\"width\":2438,\"height\":2560,\"caption\":\"Chasseurs du 5\u00e8me R\u00e9giment d'infanterie l\u00e9g\u00e8re\"},\"image\":{\"@id\":\"https:\\\/\\\/chasseurs5emeleger.fr\\\/#\\\/schema\\\/logo\\\/image\\\/\"},\"sameAs\":[\"https:\\\/\\\/www.facebook.com\\\/chasseurs.5emeleger\\\/\"]}]}<\/script>\n<!-- \/ Yoast SEO plugin. -->","yoast_head_json":{"title":"Golfe-Juan - 2 et 3 Mars 2024 &#8211; Chasseurs du 5\u00e8me R\u00e9giment d&#039;Infanterie L\u00e9g\u00e8re","robots":{"index":"index","follow":"follow","max-snippet":"max-snippet:-1","max-image-preview":"max-image-preview:large","max-video-preview":"max-video-preview:-1"},"canonical":"https:\/\/chasseurs5emeleger.fr\/index.php\/photos\/golfe-juan-2-et-3-mars-2024\/","og_locale":"fr_FR","og_type":"article","og_title":"Golfe-Juan - 2 et 3 Mars 2024 &#8211; Chasseurs du 5\u00e8me R\u00e9giment d&#039;Infanterie L\u00e9g\u00e8re","og_description":"Golfe-Juan (06) &#8211; 2 et 3 Mars","og_url":"https:\/\/chasseurs5emeleger.fr\/index.php\/photos\/golfe-juan-2-et-3-mars-2024\/","og_site_name":"Chasseurs du 5\u00e8me R\u00e9giment d&#039;Infanterie L\u00e9g\u00e8re","article_publisher":"https:\/\/www.facebook.com\/chasseurs.5emeleger\/","article_modified_time":"2024-07-18T15:05:51+00:00","og_image":[{"url":"https:\/\/chasseurs5emeleger.fr\/wp-content\/uploads\/2024\/07\/1-scaled.jpg","type":"","width":"","height":""}],"schema":{"@context":"https:\/\/schema.org","@graph":[{"@type":"WebPage","@id":"https:\/\/chasseurs5emeleger.fr\/index.php\/photos\/golfe-juan-2-et-3-mars-2024\/","url":"https:\/\/chasseurs5emeleger.fr\/index.php\/photos\/golfe-juan-2-et-3-mars-2024\/","name":"Golfe-Juan - 2 et 3 Mars 2024 &#8211; Chasseurs du 5\u00e8me R\u00e9giment d&#039;Infanterie L\u00e9g\u00e8re","isPartOf":{"@id":"https:\/\/chasseurs5emeleger.fr\/#website"},"primaryImageOfPage":{"@id":"https:\/\/chasseurs5emeleger.fr\/index.php\/photos\/golfe-juan-2-et-3-mars-2024\/#primaryimage"},"image":{"@id":"https:\/\/chasseurs5emeleger.fr\/index.php\/photos\/golfe-juan-2-et-3-mars-2024\/#primaryimage"},"thumbnailUrl":"https:\/\/chasseurs5emeleger.fr\/wp-content\/uploads\/2024\/07\/1-scaled.jpg","datePublished":"2024-07-18T13:53:39+00:00","dateModified":"2024-07-18T15:05:51+00:00","breadcrumb":{"@id":"https:\/\/chasseurs5emeleger.fr\/index.php\/photos\/golfe-juan-2-et-3-mars-2024\/#breadcrumb"},"inLanguage":"fr-FR","potentialAction":[{"@type":"ReadAction","target":["https:\/\/chasseurs5emeleger.fr\/index.php\/photos\/golfe-juan-2-et-3-mars-2024\/"]}]},{"@type":"ImageObject","inLanguage":"fr-FR","@id":"https:\/\/chasseurs5emeleger.fr\/index.php\/photos\/golfe-juan-2-et-3-mars-2024\/#primaryimage","url":"https:\/\/chasseurs5emeleger.fr\/wp-content\/uploads\/2024\/07\/1-scaled.jpg","contentUrl":"https:\/\/chasseurs5emeleger.fr\/wp-content\/uploads\/2024\/07\/1-scaled.jpg","width":2560,"height":1183},{"@type":"BreadcrumbList","@id":"https:\/\/chasseurs5emeleger.fr\/index.php\/photos\/golfe-juan-2-et-3-mars-2024\/#breadcrumb","itemListElement":[{"@type":"ListItem","position":1,"name":"Accueil","item":"https:\/\/chasseurs5emeleger.fr\/"},{"@type":"ListItem","position":2,"name":"Photos","item":"https:\/\/chasseurs5emeleger.fr\/index.php\/photos\/"},{"@type":"ListItem","position":3,"name":"Golfe-Juan &#8211; 2 et 3 Mars 2024"}]},{"@type":"WebSite","@id":"https:\/\/chasseurs5emeleger.fr\/#website","url":"https:\/\/chasseurs5emeleger.fr\/","name":"Chasseurs du 5\u00e8me R\u00e9giment d&#039;Infanterie L\u00e9g\u00e8re","description":"","publisher":{"@id":"https:\/\/chasseurs5emeleger.fr\/#organization"},"potentialAction":[{"@type":"SearchAction","target":{"@type":"EntryPoint","urlTemplate":"https:\/\/chasseurs5emeleger.fr\/?s={search_term_string}"},"query-input":{"@type":"PropertyValueSpecification","valueRequired":true,"valueName":"search_term_string"}}],"inLanguage":"fr-FR"},{"@type":"Organization","@id":"https:\/\/chasseurs5emeleger.fr\/#organization","name":"Chasseurs du 5\u00e8me R\u00e9giment d'infanterie l\u00e9g\u00e8re","url":"https:\/\/chasseurs5emeleger.fr\/","logo":{"@type":"ImageObject","inLanguage":"fr-FR","@id":"https:\/\/chasseurs5emeleger.fr\/#\/schema\/logo\/image\/","url":"https:\/\/chasseurs5emeleger.fr\/wp-content\/uploads\/2022\/04\/Logo-detoure-scaled.jpg","contentUrl":"https:\/\/chasseurs5emeleger.fr\/wp-content\/uploads\/2022\/04\/Logo-detoure-scaled.jpg","width":2438,"height":2560,"caption":"Chasseurs du 5\u00e8me R\u00e9giment d'infanterie l\u00e9g\u00e8re"},"image":{"@id":"https:\/\/chasseurs5emeleger.fr\/#\/schema\/logo\/image\/"},"sameAs":["https:\/\/www.facebook.com\/chasseurs.5emeleger\/"]}]}},"_links":{"self":[{"href":"https:\/\/chasseurs5emeleger.fr\/index.php\/wp-json\/wp\/v2\/pages\/5381","targetHints":{"allow":["GET"]}}],"collection":[{"href":"https:\/\/chasseurs5emeleger.fr\/index.php\/wp-json\/wp\/v2\/pages"}],"about":[{"href":"https:\/\/chasseurs5emeleger.fr\/index.php\/wp-json\/wp\/v2\/types\/page"}],"author":[{"embeddable":true,"href":"https:\/\/chasseurs5emeleger.fr\/index.php\/wp-json\/wp\/v2\/users\/2"}],"replies":[{"embeddable":true,"href":"https:\/\/chasseurs5emeleger.fr\/index.php\/wp-json\/wp\/v2\/comments?post=5381"}],"version-history":[{"count":2,"href":"https:\/\/chasseurs5emeleger.fr\/index.php\/wp-json\/wp\/v2\/pages\/5381\/revisions"}],"predecessor-version":[{"id":5476,"href":"https:\/\/chasseurs5emeleger.fr\/index.php\/wp-json\/wp\/v2\/pages\/5381\/revisions\/5476"}],"up":[{"embeddable":true,"href":"https:\/\/chasseurs5emeleger.fr\/index.php\/wp-json\/wp\/v2\/pages\/1057"}],"wp:attachment":[{"href":"https:\/\/chasseurs5emeleger.fr\/index.php\/wp-json\/wp\/v2\/media?parent=5381"}],"curies":[{"name":"wp","href":"https:\/\/api.w.org\/{rel}","templated":true}]}}