{"id":5406,"date":"2024-07-18T15:59:56","date_gmt":"2024-07-18T13:59:56","guid":{"rendered":"https:\/\/chasseurs5emeleger.fr\/?page_id=5406"},"modified":"2024-07-18T17:08:53","modified_gmt":"2024-07-18T15:08:53","slug":"saragosse-16-et-17-mars-2024","status":"publish","type":"page","link":"https:\/\/chasseurs5emeleger.fr\/index.php\/photos\/saragosse-16-et-17-mars-2024\/","title":{"rendered":"Saragosse &#8211; 16 et 17 Mars 2024"},"content":{"rendered":"\n<p class=\"has-text-align-center has-text-color has-large-font-size\" style=\"color:#000794\">Saragosse (Espagne) &#8211; 16 et 17 Mars<\/p>\n\n\n\n<figure class=\"wp-block-gallery has-nested-images columns-2 wp-block-gallery-1 is-layout-flex wp-block-gallery-is-layout-flex\">\n<figure class=\"wp-block-image size-full\"><img loading=\"lazy\" decoding=\"async\" width=\"1080\" height=\"720\" data-id=\"5407\" src=\"https:\/\/chasseurs5emeleger.fr\/wp-content\/uploads\/2024\/07\/1-1.jpg\" alt=\"\" class=\"wp-image-5407\" srcset=\"https:\/\/chasseurs5emeleger.fr\/wp-content\/uploads\/2024\/07\/1-1.jpg 1080w, https:\/\/chasseurs5emeleger.fr\/wp-content\/uploads\/2024\/07\/1-1-300x200.jpg 300w, https:\/\/chasseurs5emeleger.fr\/wp-content\/uploads\/2024\/07\/1-1-1024x683.jpg 1024w, https:\/\/chasseurs5emeleger.fr\/wp-content\/uploads\/2024\/07\/1-1-768x512.jpg 768w\" sizes=\"auto, (max-width: 1080px) 100vw, 1080px\" \/><\/figure>\n\n\n\n<figure class=\"wp-block-image size-full\"><img loading=\"lazy\" decoding=\"async\" width=\"834\" height=\"538\" data-id=\"5412\" src=\"https:\/\/chasseurs5emeleger.fr\/wp-content\/uploads\/2024\/07\/3-1.jpg\" alt=\"\" class=\"wp-image-5412\" srcset=\"https:\/\/chasseurs5emeleger.fr\/wp-content\/uploads\/2024\/07\/3-1.jpg 834w, https:\/\/chasseurs5emeleger.fr\/wp-content\/uploads\/2024\/07\/3-1-300x194.jpg 300w, https:\/\/chasseurs5emeleger.fr\/wp-content\/uploads\/2024\/07\/3-1-768x495.jpg 768w\" sizes=\"auto, (max-width: 834px) 100vw, 834px\" \/><\/figure>\n\n\n\n<figure class=\"wp-block-image size-full\"><img loading=\"lazy\" decoding=\"async\" width=\"1080\" height=\"1620\" data-id=\"5415\" src=\"https:\/\/chasseurs5emeleger.fr\/wp-content\/uploads\/2024\/07\/4-1.jpg\" alt=\"\" class=\"wp-image-5415\" srcset=\"https:\/\/chasseurs5emeleger.fr\/wp-content\/uploads\/2024\/07\/4-1.jpg 1080w, https:\/\/chasseurs5emeleger.fr\/wp-content\/uploads\/2024\/07\/4-1-200x300.jpg 200w, https:\/\/chasseurs5emeleger.fr\/wp-content\/uploads\/2024\/07\/4-1-683x1024.jpg 683w, https:\/\/chasseurs5emeleger.fr\/wp-content\/uploads\/2024\/07\/4-1-768x1152.jpg 768w, https:\/\/chasseurs5emeleger.fr\/wp-content\/uploads\/2024\/07\/4-1-1024x1536.jpg 1024w\" sizes=\"auto, (max-width: 1080px) 100vw, 1080px\" \/><\/figure>\n\n\n\n<figure class=\"wp-block-image size-full\"><img loading=\"lazy\" decoding=\"async\" width=\"1440\" height=\"1920\" data-id=\"5425\" src=\"https:\/\/chasseurs5emeleger.fr\/wp-content\/uploads\/2024\/07\/8-1.jpg\" alt=\"\" class=\"wp-image-5425\" srcset=\"https:\/\/chasseurs5emeleger.fr\/wp-content\/uploads\/2024\/07\/8-1.jpg 1440w, https:\/\/chasseurs5emeleger.fr\/wp-content\/uploads\/2024\/07\/8-1-225x300.jpg 225w, https:\/\/chasseurs5emeleger.fr\/wp-content\/uploads\/2024\/07\/8-1-768x1024.jpg 768w, https:\/\/chasseurs5emeleger.fr\/wp-content\/uploads\/2024\/07\/8-1-1152x1536.jpg 1152w\" sizes=\"auto, (max-width: 1440px) 100vw, 1440px\" \/><\/figure>\n\n\n\n<figure class=\"wp-block-image size-full\"><img loading=\"lazy\" decoding=\"async\" width=\"1080\" height=\"720\" data-id=\"5413\" src=\"https:\/\/chasseurs5emeleger.fr\/wp-content\/uploads\/2024\/07\/5-1.jpg\" alt=\"\" class=\"wp-image-5413\" srcset=\"https:\/\/chasseurs5emeleger.fr\/wp-content\/uploads\/2024\/07\/5-1.jpg 1080w, https:\/\/chasseurs5emeleger.fr\/wp-content\/uploads\/2024\/07\/5-1-300x200.jpg 300w, https:\/\/chasseurs5emeleger.fr\/wp-content\/uploads\/2024\/07\/5-1-1024x683.jpg 1024w, https:\/\/chasseurs5emeleger.fr\/wp-content\/uploads\/2024\/07\/5-1-768x512.jpg 768w\" sizes=\"auto, (max-width: 1080px) 100vw, 1080px\" \/><\/figure>\n\n\n\n<figure class=\"wp-block-image size-full\"><img loading=\"lazy\" decoding=\"async\" width=\"1080\" height=\"720\" data-id=\"5408\" src=\"https:\/\/chasseurs5emeleger.fr\/wp-content\/uploads\/2024\/07\/2-1.jpg\" alt=\"\" class=\"wp-image-5408\" srcset=\"https:\/\/chasseurs5emeleger.fr\/wp-content\/uploads\/2024\/07\/2-1.jpg 1080w, https:\/\/chasseurs5emeleger.fr\/wp-content\/uploads\/2024\/07\/2-1-300x200.jpg 300w, https:\/\/chasseurs5emeleger.fr\/wp-content\/uploads\/2024\/07\/2-1-1024x683.jpg 1024w, https:\/\/chasseurs5emeleger.fr\/wp-content\/uploads\/2024\/07\/2-1-768x512.jpg 768w\" sizes=\"auto, (max-width: 1080px) 100vw, 1080px\" \/><\/figure>\n\n\n\n<figure class=\"wp-block-image size-full\"><img loading=\"lazy\" decoding=\"async\" width=\"1080\" height=\"720\" data-id=\"5409\" src=\"https:\/\/chasseurs5emeleger.fr\/wp-content\/uploads\/2024\/07\/6-1.jpg\" alt=\"\" class=\"wp-image-5409\" srcset=\"https:\/\/chasseurs5emeleger.fr\/wp-content\/uploads\/2024\/07\/6-1.jpg 1080w, https:\/\/chasseurs5emeleger.fr\/wp-content\/uploads\/2024\/07\/6-1-300x200.jpg 300w, https:\/\/chasseurs5emeleger.fr\/wp-content\/uploads\/2024\/07\/6-1-1024x683.jpg 1024w, https:\/\/chasseurs5emeleger.fr\/wp-content\/uploads\/2024\/07\/6-1-768x512.jpg 768w\" sizes=\"auto, (max-width: 1080px) 100vw, 1080px\" \/><\/figure>\n\n\n\n<figure class=\"wp-block-image size-full\"><img loading=\"lazy\" decoding=\"async\" width=\"1079\" height=\"720\" data-id=\"5410\" src=\"https:\/\/chasseurs5emeleger.fr\/wp-content\/uploads\/2024\/07\/7-1.jpg\" alt=\"\" class=\"wp-image-5410\" srcset=\"https:\/\/chasseurs5emeleger.fr\/wp-content\/uploads\/2024\/07\/7-1.jpg 1079w, https:\/\/chasseurs5emeleger.fr\/wp-content\/uploads\/2024\/07\/7-1-300x200.jpg 300w, https:\/\/chasseurs5emeleger.fr\/wp-content\/uploads\/2024\/07\/7-1-1024x683.jpg 1024w, https:\/\/chasseurs5emeleger.fr\/wp-content\/uploads\/2024\/07\/7-1-768x512.jpg 768w\" sizes=\"auto, (max-width: 1079px) 100vw, 1079px\" \/><\/figure>\n\n\n\n<figure class=\"wp-block-image size-full\"><img loading=\"lazy\" decoding=\"async\" width=\"1440\" height=\"1920\" data-id=\"5423\" src=\"https:\/\/chasseurs5emeleger.fr\/wp-content\/uploads\/2024\/07\/9-1.jpg\" alt=\"\" class=\"wp-image-5423\" srcset=\"https:\/\/chasseurs5emeleger.fr\/wp-content\/uploads\/2024\/07\/9-1.jpg 1440w, https:\/\/chasseurs5emeleger.fr\/wp-content\/uploads\/2024\/07\/9-1-225x300.jpg 225w, https:\/\/chasseurs5emeleger.fr\/wp-content\/uploads\/2024\/07\/9-1-768x1024.jpg 768w, https:\/\/chasseurs5emeleger.fr\/wp-content\/uploads\/2024\/07\/9-1-1152x1536.jpg 1152w\" sizes=\"auto, (max-width: 1440px) 100vw, 1440px\" \/><\/figure>\n\n\n\n<figure class=\"wp-block-image size-full\"><img loading=\"lazy\" decoding=\"async\" width=\"1440\" height=\"1920\" data-id=\"5421\" src=\"https:\/\/chasseurs5emeleger.fr\/wp-content\/uploads\/2024\/07\/10-1.jpg\" alt=\"\" class=\"wp-image-5421\" srcset=\"https:\/\/chasseurs5emeleger.fr\/wp-content\/uploads\/2024\/07\/10-1.jpg 1440w, https:\/\/chasseurs5emeleger.fr\/wp-content\/uploads\/2024\/07\/10-1-225x300.jpg 225w, https:\/\/chasseurs5emeleger.fr\/wp-content\/uploads\/2024\/07\/10-1-768x1024.jpg 768w, https:\/\/chasseurs5emeleger.fr\/wp-content\/uploads\/2024\/07\/10-1-1152x1536.jpg 1152w\" sizes=\"auto, (max-width: 1440px) 100vw, 1440px\" \/><\/figure>\n\n\n\n<figure class=\"wp-block-image size-full\"><img loading=\"lazy\" decoding=\"async\" width=\"1440\" height=\"1920\" data-id=\"5420\" src=\"https:\/\/chasseurs5emeleger.fr\/wp-content\/uploads\/2024\/07\/11-1.jpg\" alt=\"\" class=\"wp-image-5420\" srcset=\"https:\/\/chasseurs5emeleger.fr\/wp-content\/uploads\/2024\/07\/11-1.jpg 1440w, https:\/\/chasseurs5emeleger.fr\/wp-content\/uploads\/2024\/07\/11-1-225x300.jpg 225w, https:\/\/chasseurs5emeleger.fr\/wp-content\/uploads\/2024\/07\/11-1-768x1024.jpg 768w, https:\/\/chasseurs5emeleger.fr\/wp-content\/uploads\/2024\/07\/11-1-1152x1536.jpg 1152w\" sizes=\"auto, (max-width: 1440px) 100vw, 1440px\" \/><\/figure>\n\n\n\n<figure class=\"wp-block-image size-full\"><img loading=\"lazy\" decoding=\"async\" width=\"1440\" height=\"1920\" data-id=\"5417\" src=\"https:\/\/chasseurs5emeleger.fr\/wp-content\/uploads\/2024\/07\/12-1.jpg\" alt=\"\" class=\"wp-image-5417\" srcset=\"https:\/\/chasseurs5emeleger.fr\/wp-content\/uploads\/2024\/07\/12-1.jpg 1440w, https:\/\/chasseurs5emeleger.fr\/wp-content\/uploads\/2024\/07\/12-1-225x300.jpg 225w, https:\/\/chasseurs5emeleger.fr\/wp-content\/uploads\/2024\/07\/12-1-768x1024.jpg 768w, https:\/\/chasseurs5emeleger.fr\/wp-content\/uploads\/2024\/07\/12-1-1152x1536.jpg 1152w\" sizes=\"auto, (max-width: 1440px) 100vw, 1440px\" \/><\/figure>\n\n\n\n<figure class=\"wp-block-image size-full\"><img loading=\"lazy\" decoding=\"async\" width=\"1440\" height=\"1920\" data-id=\"5424\" src=\"https:\/\/chasseurs5emeleger.fr\/wp-content\/uploads\/2024\/07\/13-1.jpg\" alt=\"\" class=\"wp-image-5424\" srcset=\"https:\/\/chasseurs5emeleger.fr\/wp-content\/uploads\/2024\/07\/13-1.jpg 1440w, https:\/\/chasseurs5emeleger.fr\/wp-content\/uploads\/2024\/07\/13-1-225x300.jpg 225w, https:\/\/chasseurs5emeleger.fr\/wp-content\/uploads\/2024\/07\/13-1-768x1024.jpg 768w, https:\/\/chasseurs5emeleger.fr\/wp-content\/uploads\/2024\/07\/13-1-1152x1536.jpg 1152w\" sizes=\"auto, (max-width: 1440px) 100vw, 1440px\" \/><\/figure>\n\n\n\n<figure class=\"wp-block-image size-full\"><img loading=\"lazy\" decoding=\"async\" width=\"1440\" height=\"1920\" data-id=\"5422\" src=\"https:\/\/chasseurs5emeleger.fr\/wp-content\/uploads\/2024\/07\/16-1.jpg\" alt=\"\" class=\"wp-image-5422\" srcset=\"https:\/\/chasseurs5emeleger.fr\/wp-content\/uploads\/2024\/07\/16-1.jpg 1440w, https:\/\/chasseurs5emeleger.fr\/wp-content\/uploads\/2024\/07\/16-1-225x300.jpg 225w, https:\/\/chasseurs5emeleger.fr\/wp-content\/uploads\/2024\/07\/16-1-768x1024.jpg 768w, https:\/\/chasseurs5emeleger.fr\/wp-content\/uploads\/2024\/07\/16-1-1152x1536.jpg 1152w\" sizes=\"auto, (max-width: 1440px) 100vw, 1440px\" \/><\/figure>\n\n\n\n<figure class=\"wp-block-image size-full\"><img loading=\"lazy\" decoding=\"async\" width=\"1080\" height=\"720\" data-id=\"5414\" src=\"https:\/\/chasseurs5emeleger.fr\/wp-content\/uploads\/2024\/07\/14-1.jpg\" alt=\"\" class=\"wp-image-5414\" srcset=\"https:\/\/chasseurs5emeleger.fr\/wp-content\/uploads\/2024\/07\/14-1.jpg 1080w, https:\/\/chasseurs5emeleger.fr\/wp-content\/uploads\/2024\/07\/14-1-300x200.jpg 300w, https:\/\/chasseurs5emeleger.fr\/wp-content\/uploads\/2024\/07\/14-1-1024x683.jpg 1024w, https:\/\/chasseurs5emeleger.fr\/wp-content\/uploads\/2024\/07\/14-1-768x512.jpg 768w\" sizes=\"auto, (max-width: 1080px) 100vw, 1080px\" \/><\/figure>\n\n\n\n<figure class=\"wp-block-image size-full\"><img loading=\"lazy\" decoding=\"async\" width=\"1080\" height=\"720\" data-id=\"5411\" src=\"https:\/\/chasseurs5emeleger.fr\/wp-content\/uploads\/2024\/07\/15-1.jpg\" alt=\"\" class=\"wp-image-5411\" srcset=\"https:\/\/chasseurs5emeleger.fr\/wp-content\/uploads\/2024\/07\/15-1.jpg 1080w, https:\/\/chasseurs5emeleger.fr\/wp-content\/uploads\/2024\/07\/15-1-300x200.jpg 300w, https:\/\/chasseurs5emeleger.fr\/wp-content\/uploads\/2024\/07\/15-1-1024x683.jpg 1024w, https:\/\/chasseurs5emeleger.fr\/wp-content\/uploads\/2024\/07\/15-1-768x512.jpg 768w\" sizes=\"auto, (max-width: 1080px) 100vw, 1080px\" \/><\/figure>\n\n\n\n<figure class=\"wp-block-image size-full\"><img loading=\"lazy\" decoding=\"async\" width=\"1080\" height=\"1620\" data-id=\"5419\" src=\"https:\/\/chasseurs5emeleger.fr\/wp-content\/uploads\/2024\/07\/17-1.jpg\" alt=\"\" class=\"wp-image-5419\" srcset=\"https:\/\/chasseurs5emeleger.fr\/wp-content\/uploads\/2024\/07\/17-1.jpg 1080w, https:\/\/chasseurs5emeleger.fr\/wp-content\/uploads\/2024\/07\/17-1-200x300.jpg 200w, https:\/\/chasseurs5emeleger.fr\/wp-content\/uploads\/2024\/07\/17-1-683x1024.jpg 683w, https:\/\/chasseurs5emeleger.fr\/wp-content\/uploads\/2024\/07\/17-1-768x1152.jpg 768w, https:\/\/chasseurs5emeleger.fr\/wp-content\/uploads\/2024\/07\/17-1-1024x1536.jpg 1024w\" sizes=\"auto, (max-width: 1080px) 100vw, 1080px\" \/><\/figure>\n\n\n\n<figure class=\"wp-block-image size-full\"><img loading=\"lazy\" decoding=\"async\" width=\"1080\" height=\"1620\" data-id=\"5418\" src=\"https:\/\/chasseurs5emeleger.fr\/wp-content\/uploads\/2024\/07\/18-1.jpg\" alt=\"\" class=\"wp-image-5418\" srcset=\"https:\/\/chasseurs5emeleger.fr\/wp-content\/uploads\/2024\/07\/18-1.jpg 1080w, https:\/\/chasseurs5emeleger.fr\/wp-content\/uploads\/2024\/07\/18-1-200x300.jpg 200w, https:\/\/chasseurs5emeleger.fr\/wp-content\/uploads\/2024\/07\/18-1-683x1024.jpg 683w, https:\/\/chasseurs5emeleger.fr\/wp-content\/uploads\/2024\/07\/18-1-768x1152.jpg 768w, https:\/\/chasseurs5emeleger.fr\/wp-content\/uploads\/2024\/07\/18-1-1024x1536.jpg 1024w\" sizes=\"auto, (max-width: 1080px) 100vw, 1080px\" \/><\/figure>\n\n\n\n<figure class=\"wp-block-image size-full\"><img loading=\"lazy\" decoding=\"async\" width=\"1080\" height=\"1620\" data-id=\"5416\" src=\"https:\/\/chasseurs5emeleger.fr\/wp-content\/uploads\/2024\/07\/19.jpg\" alt=\"\" class=\"wp-image-5416\" srcset=\"https:\/\/chasseurs5emeleger.fr\/wp-content\/uploads\/2024\/07\/19.jpg 1080w, https:\/\/chasseurs5emeleger.fr\/wp-content\/uploads\/2024\/07\/19-200x300.jpg 200w, https:\/\/chasseurs5emeleger.fr\/wp-content\/uploads\/2024\/07\/19-683x1024.jpg 683w, https:\/\/chasseurs5emeleger.fr\/wp-content\/uploads\/2024\/07\/19-768x1152.jpg 768w, https:\/\/chasseurs5emeleger.fr\/wp-content\/uploads\/2024\/07\/19-1024x1536.jpg 1024w\" sizes=\"auto, (max-width: 1080px) 100vw, 1080px\" \/><\/figure>\n<\/figure>\n","protected":false},"excerpt":{"rendered":"<p>Saragosse (Espagne) &#8211; 16 et 17 Mars<\/p>\n","protected":false},"author":2,"featured_media":0,"parent":1057,"menu_order":0,"comment_status":"closed","ping_status":"closed","template":"","meta":{"footnotes":""},"class_list":["post-5406","page","type-page","status-publish","hentry"],"yoast_head":"<!-- This site is optimized with the Yoast SEO plugin v27.5 - https:\/\/yoast.com\/product\/yoast-seo-wordpress\/ -->\n<title>Saragosse - 16 et 17 Mars 2024 &#8211; Chasseurs du 5\u00e8me R\u00e9giment d&#039;Infanterie L\u00e9g\u00e8re<\/title>\n<meta name=\"robots\" content=\"index, follow, max-snippet:-1, max-image-preview:large, max-video-preview:-1\" \/>\n<link rel=\"canonical\" href=\"https:\/\/chasseurs5emeleger.fr\/index.php\/photos\/saragosse-16-et-17-mars-2024\/\" \/>\n<meta property=\"og:locale\" content=\"fr_FR\" \/>\n<meta property=\"og:type\" content=\"article\" \/>\n<meta property=\"og:title\" content=\"Saragosse - 16 et 17 Mars 2024 &#8211; Chasseurs du 5\u00e8me R\u00e9giment d&#039;Infanterie L\u00e9g\u00e8re\" \/>\n<meta property=\"og:description\" content=\"Saragosse (Espagne) &#8211; 16 et 17 Mars\" \/>\n<meta property=\"og:url\" content=\"https:\/\/chasseurs5emeleger.fr\/index.php\/photos\/saragosse-16-et-17-mars-2024\/\" \/>\n<meta property=\"og:site_name\" content=\"Chasseurs du 5\u00e8me R\u00e9giment d&#039;Infanterie L\u00e9g\u00e8re\" \/>\n<meta property=\"article:publisher\" content=\"https:\/\/www.facebook.com\/chasseurs.5emeleger\/\" \/>\n<meta property=\"article:modified_time\" content=\"2024-07-18T15:08:53+00:00\" \/>\n<meta property=\"og:image\" content=\"https:\/\/chasseurs5emeleger.fr\/wp-content\/uploads\/2024\/07\/1-1.jpg\" \/>\n<script type=\"application\/ld+json\" class=\"yoast-schema-graph\">{\"@context\":\"https:\\\/\\\/schema.org\",\"@graph\":[{\"@type\":\"WebPage\",\"@id\":\"https:\\\/\\\/chasseurs5emeleger.fr\\\/index.php\\\/photos\\\/saragosse-16-et-17-mars-2024\\\/\",\"url\":\"https:\\\/\\\/chasseurs5emeleger.fr\\\/index.php\\\/photos\\\/saragosse-16-et-17-mars-2024\\\/\",\"name\":\"Saragosse - 16 et 17 Mars 2024 &#8211; Chasseurs du 5\u00e8me R\u00e9giment d&#039;Infanterie L\u00e9g\u00e8re\",\"isPartOf\":{\"@id\":\"https:\\\/\\\/chasseurs5emeleger.fr\\\/#website\"},\"primaryImageOfPage\":{\"@id\":\"https:\\\/\\\/chasseurs5emeleger.fr\\\/index.php\\\/photos\\\/saragosse-16-et-17-mars-2024\\\/#primaryimage\"},\"image\":{\"@id\":\"https:\\\/\\\/chasseurs5emeleger.fr\\\/index.php\\\/photos\\\/saragosse-16-et-17-mars-2024\\\/#primaryimage\"},\"thumbnailUrl\":\"https:\\\/\\\/chasseurs5emeleger.fr\\\/wp-content\\\/uploads\\\/2024\\\/07\\\/1-1.jpg\",\"datePublished\":\"2024-07-18T13:59:56+00:00\",\"dateModified\":\"2024-07-18T15:08:53+00:00\",\"breadcrumb\":{\"@id\":\"https:\\\/\\\/chasseurs5emeleger.fr\\\/index.php\\\/photos\\\/saragosse-16-et-17-mars-2024\\\/#breadcrumb\"},\"inLanguage\":\"fr-FR\",\"potentialAction\":[{\"@type\":\"ReadAction\",\"target\":[\"https:\\\/\\\/chasseurs5emeleger.fr\\\/index.php\\\/photos\\\/saragosse-16-et-17-mars-2024\\\/\"]}]},{\"@type\":\"ImageObject\",\"inLanguage\":\"fr-FR\",\"@id\":\"https:\\\/\\\/chasseurs5emeleger.fr\\\/index.php\\\/photos\\\/saragosse-16-et-17-mars-2024\\\/#primaryimage\",\"url\":\"https:\\\/\\\/chasseurs5emeleger.fr\\\/wp-content\\\/uploads\\\/2024\\\/07\\\/1-1.jpg\",\"contentUrl\":\"https:\\\/\\\/chasseurs5emeleger.fr\\\/wp-content\\\/uploads\\\/2024\\\/07\\\/1-1.jpg\",\"width\":1080,\"height\":720},{\"@type\":\"BreadcrumbList\",\"@id\":\"https:\\\/\\\/chasseurs5emeleger.fr\\\/index.php\\\/photos\\\/saragosse-16-et-17-mars-2024\\\/#breadcrumb\",\"itemListElement\":[{\"@type\":\"ListItem\",\"position\":1,\"name\":\"Accueil\",\"item\":\"https:\\\/\\\/chasseurs5emeleger.fr\\\/\"},{\"@type\":\"ListItem\",\"position\":2,\"name\":\"Photos\",\"item\":\"https:\\\/\\\/chasseurs5emeleger.fr\\\/index.php\\\/photos\\\/\"},{\"@type\":\"ListItem\",\"position\":3,\"name\":\"Saragosse &#8211; 16 et 17 Mars 2024\"}]},{\"@type\":\"WebSite\",\"@id\":\"https:\\\/\\\/chasseurs5emeleger.fr\\\/#website\",\"url\":\"https:\\\/\\\/chasseurs5emeleger.fr\\\/\",\"name\":\"Chasseurs du 5\u00e8me R\u00e9giment d&#039;Infanterie L\u00e9g\u00e8re\",\"description\":\"\",\"publisher\":{\"@id\":\"https:\\\/\\\/chasseurs5emeleger.fr\\\/#organization\"},\"potentialAction\":[{\"@type\":\"SearchAction\",\"target\":{\"@type\":\"EntryPoint\",\"urlTemplate\":\"https:\\\/\\\/chasseurs5emeleger.fr\\\/?s={search_term_string}\"},\"query-input\":{\"@type\":\"PropertyValueSpecification\",\"valueRequired\":true,\"valueName\":\"search_term_string\"}}],\"inLanguage\":\"fr-FR\"},{\"@type\":\"Organization\",\"@id\":\"https:\\\/\\\/chasseurs5emeleger.fr\\\/#organization\",\"name\":\"Chasseurs du 5\u00e8me R\u00e9giment d'infanterie l\u00e9g\u00e8re\",\"url\":\"https:\\\/\\\/chasseurs5emeleger.fr\\\/\",\"logo\":{\"@type\":\"ImageObject\",\"inLanguage\":\"fr-FR\",\"@id\":\"https:\\\/\\\/chasseurs5emeleger.fr\\\/#\\\/schema\\\/logo\\\/image\\\/\",\"url\":\"https:\\\/\\\/chasseurs5emeleger.fr\\\/wp-content\\\/uploads\\\/2022\\\/04\\\/Logo-detoure-scaled.jpg\",\"contentUrl\":\"https:\\\/\\\/chasseurs5emeleger.fr\\\/wp-content\\\/uploads\\\/2022\\\/04\\\/Logo-detoure-scaled.jpg\",\"width\":2438,\"height\":2560,\"caption\":\"Chasseurs du 5\u00e8me R\u00e9giment d'infanterie l\u00e9g\u00e8re\"},\"image\":{\"@id\":\"https:\\\/\\\/chasseurs5emeleger.fr\\\/#\\\/schema\\\/logo\\\/image\\\/\"},\"sameAs\":[\"https:\\\/\\\/www.facebook.com\\\/chasseurs.5emeleger\\\/\"]}]}<\/script>\n<!-- \/ Yoast SEO plugin. -->","yoast_head_json":{"title":"Saragosse - 16 et 17 Mars 2024 &#8211; Chasseurs du 5\u00e8me R\u00e9giment d&#039;Infanterie L\u00e9g\u00e8re","robots":{"index":"index","follow":"follow","max-snippet":"max-snippet:-1","max-image-preview":"max-image-preview:large","max-video-preview":"max-video-preview:-1"},"canonical":"https:\/\/chasseurs5emeleger.fr\/index.php\/photos\/saragosse-16-et-17-mars-2024\/","og_locale":"fr_FR","og_type":"article","og_title":"Saragosse - 16 et 17 Mars 2024 &#8211; Chasseurs du 5\u00e8me R\u00e9giment d&#039;Infanterie L\u00e9g\u00e8re","og_description":"Saragosse (Espagne) &#8211; 16 et 17 Mars","og_url":"https:\/\/chasseurs5emeleger.fr\/index.php\/photos\/saragosse-16-et-17-mars-2024\/","og_site_name":"Chasseurs du 5\u00e8me R\u00e9giment d&#039;Infanterie L\u00e9g\u00e8re","article_publisher":"https:\/\/www.facebook.com\/chasseurs.5emeleger\/","article_modified_time":"2024-07-18T15:08:53+00:00","og_image":[{"url":"https:\/\/chasseurs5emeleger.fr\/wp-content\/uploads\/2024\/07\/1-1.jpg","type":"","width":"","height":""}],"schema":{"@context":"https:\/\/schema.org","@graph":[{"@type":"WebPage","@id":"https:\/\/chasseurs5emeleger.fr\/index.php\/photos\/saragosse-16-et-17-mars-2024\/","url":"https:\/\/chasseurs5emeleger.fr\/index.php\/photos\/saragosse-16-et-17-mars-2024\/","name":"Saragosse - 16 et 17 Mars 2024 &#8211; Chasseurs du 5\u00e8me R\u00e9giment d&#039;Infanterie L\u00e9g\u00e8re","isPartOf":{"@id":"https:\/\/chasseurs5emeleger.fr\/#website"},"primaryImageOfPage":{"@id":"https:\/\/chasseurs5emeleger.fr\/index.php\/photos\/saragosse-16-et-17-mars-2024\/#primaryimage"},"image":{"@id":"https:\/\/chasseurs5emeleger.fr\/index.php\/photos\/saragosse-16-et-17-mars-2024\/#primaryimage"},"thumbnailUrl":"https:\/\/chasseurs5emeleger.fr\/wp-content\/uploads\/2024\/07\/1-1.jpg","datePublished":"2024-07-18T13:59:56+00:00","dateModified":"2024-07-18T15:08:53+00:00","breadcrumb":{"@id":"https:\/\/chasseurs5emeleger.fr\/index.php\/photos\/saragosse-16-et-17-mars-2024\/#breadcrumb"},"inLanguage":"fr-FR","potentialAction":[{"@type":"ReadAction","target":["https:\/\/chasseurs5emeleger.fr\/index.php\/photos\/saragosse-16-et-17-mars-2024\/"]}]},{"@type":"ImageObject","inLanguage":"fr-FR","@id":"https:\/\/chasseurs5emeleger.fr\/index.php\/photos\/saragosse-16-et-17-mars-2024\/#primaryimage","url":"https:\/\/chasseurs5emeleger.fr\/wp-content\/uploads\/2024\/07\/1-1.jpg","contentUrl":"https:\/\/chasseurs5emeleger.fr\/wp-content\/uploads\/2024\/07\/1-1.jpg","width":1080,"height":720},{"@type":"BreadcrumbList","@id":"https:\/\/chasseurs5emeleger.fr\/index.php\/photos\/saragosse-16-et-17-mars-2024\/#breadcrumb","itemListElement":[{"@type":"ListItem","position":1,"name":"Accueil","item":"https:\/\/chasseurs5emeleger.fr\/"},{"@type":"ListItem","position":2,"name":"Photos","item":"https:\/\/chasseurs5emeleger.fr\/index.php\/photos\/"},{"@type":"ListItem","position":3,"name":"Saragosse &#8211; 16 et 17 Mars 2024"}]},{"@type":"WebSite","@id":"https:\/\/chasseurs5emeleger.fr\/#website","url":"https:\/\/chasseurs5emeleger.fr\/","name":"Chasseurs du 5\u00e8me R\u00e9giment d&#039;Infanterie L\u00e9g\u00e8re","description":"","publisher":{"@id":"https:\/\/chasseurs5emeleger.fr\/#organization"},"potentialAction":[{"@type":"SearchAction","target":{"@type":"EntryPoint","urlTemplate":"https:\/\/chasseurs5emeleger.fr\/?s={search_term_string}"},"query-input":{"@type":"PropertyValueSpecification","valueRequired":true,"valueName":"search_term_string"}}],"inLanguage":"fr-FR"},{"@type":"Organization","@id":"https:\/\/chasseurs5emeleger.fr\/#organization","name":"Chasseurs du 5\u00e8me R\u00e9giment d'infanterie l\u00e9g\u00e8re","url":"https:\/\/chasseurs5emeleger.fr\/","logo":{"@type":"ImageObject","inLanguage":"fr-FR","@id":"https:\/\/chasseurs5emeleger.fr\/#\/schema\/logo\/image\/","url":"https:\/\/chasseurs5emeleger.fr\/wp-content\/uploads\/2022\/04\/Logo-detoure-scaled.jpg","contentUrl":"https:\/\/chasseurs5emeleger.fr\/wp-content\/uploads\/2022\/04\/Logo-detoure-scaled.jpg","width":2438,"height":2560,"caption":"Chasseurs du 5\u00e8me R\u00e9giment d'infanterie l\u00e9g\u00e8re"},"image":{"@id":"https:\/\/chasseurs5emeleger.fr\/#\/schema\/logo\/image\/"},"sameAs":["https:\/\/www.facebook.com\/chasseurs.5emeleger\/"]}]}},"_links":{"self":[{"href":"https:\/\/chasseurs5emeleger.fr\/index.php\/wp-json\/wp\/v2\/pages\/5406","targetHints":{"allow":["GET"]}}],"collection":[{"href":"https:\/\/chasseurs5emeleger.fr\/index.php\/wp-json\/wp\/v2\/pages"}],"about":[{"href":"https:\/\/chasseurs5emeleger.fr\/index.php\/wp-json\/wp\/v2\/types\/page"}],"author":[{"embeddable":true,"href":"https:\/\/chasseurs5emeleger.fr\/index.php\/wp-json\/wp\/v2\/users\/2"}],"replies":[{"embeddable":true,"href":"https:\/\/chasseurs5emeleger.fr\/index.php\/wp-json\/wp\/v2\/comments?post=5406"}],"version-history":[{"count":2,"href":"https:\/\/chasseurs5emeleger.fr\/index.php\/wp-json\/wp\/v2\/pages\/5406\/revisions"}],"predecessor-version":[{"id":5479,"href":"https:\/\/chasseurs5emeleger.fr\/index.php\/wp-json\/wp\/v2\/pages\/5406\/revisions\/5479"}],"up":[{"embeddable":true,"href":"https:\/\/chasseurs5emeleger.fr\/index.php\/wp-json\/wp\/v2\/pages\/1057"}],"wp:attachment":[{"href":"https:\/\/chasseurs5emeleger.fr\/index.php\/wp-json\/wp\/v2\/media?parent=5406"}],"curies":[{"name":"wp","href":"https:\/\/api.w.org\/{rel}","templated":true}]}}