{"id":5611,"date":"2025-02-01T22:42:04","date_gmt":"2025-02-01T21:42:04","guid":{"rendered":"https:\/\/chasseurs5emeleger.fr\/?page_id=5611"},"modified":"2025-10-12T23:17:13","modified_gmt":"2025-10-12T21:17:13","slug":"frejus-visites-guidees-2024","status":"publish","type":"page","link":"https:\/\/chasseurs5emeleger.fr\/index.php\/photos\/frejus-visites-guidees-2024\/","title":{"rendered":"Fr\u00e9jus &#8211; Visites guid\u00e9es 2024"},"content":{"rendered":"\n<p><\/p>\n\n\n\n<p class=\"has-text-align-center has-text-color has-large-font-size\" style=\"color:#000794\">Fr\u00e9jus (83) &#8211; Visites Guid\u00e9es aux lanternes <\/p>\n\n\n\n<p class=\"has-text-align-center has-text-color has-large-font-size\" style=\"color:#000794\">&#8220;Sur les traces de Napol\u00e9on&#8221;<\/p>\n\n\n\n<p class=\"has-text-align-center has-text-color has-medium-font-size\" style=\"color:#000794\">Le 12 Juillet, 16 Ao\u00fbt et 21 Septembre (Journ\u00e9es Europ\u00e9ennes du patrimoine)<\/p>\n\n\n\n<figure class=\"wp-block-gallery has-nested-images columns-2 wp-block-gallery-1 is-layout-flex wp-block-gallery-is-layout-flex\">\n<figure class=\"wp-block-image size-full\"><img loading=\"lazy\" decoding=\"async\" width=\"768\" height=\"922\" data-id=\"5612\" src=\"https:\/\/chasseurs5emeleger.fr\/wp-content\/uploads\/2025\/02\/1-3.jpg\" alt=\"\" class=\"wp-image-5612\" srcset=\"https:\/\/chasseurs5emeleger.fr\/wp-content\/uploads\/2025\/02\/1-3.jpg 768w, https:\/\/chasseurs5emeleger.fr\/wp-content\/uploads\/2025\/02\/1-3-250x300.jpg 250w\" sizes=\"auto, (max-width: 768px) 100vw, 768px\" \/><\/figure>\n\n\n\n<figure class=\"wp-block-image size-full\"><img loading=\"lazy\" decoding=\"async\" width=\"768\" height=\"922\" data-id=\"5613\" src=\"https:\/\/chasseurs5emeleger.fr\/wp-content\/uploads\/2025\/02\/2-3.jpg\" alt=\"\" class=\"wp-image-5613\" srcset=\"https:\/\/chasseurs5emeleger.fr\/wp-content\/uploads\/2025\/02\/2-3.jpg 768w, https:\/\/chasseurs5emeleger.fr\/wp-content\/uploads\/2025\/02\/2-3-250x300.jpg 250w\" sizes=\"auto, (max-width: 768px) 100vw, 768px\" \/><\/figure>\n\n\n\n<figure class=\"wp-block-image size-full\"><img loading=\"lazy\" decoding=\"async\" width=\"1024\" height=\"768\" data-id=\"5614\" src=\"https:\/\/chasseurs5emeleger.fr\/wp-content\/uploads\/2025\/02\/3.jpeg\" alt=\"\" class=\"wp-image-5614\" srcset=\"https:\/\/chasseurs5emeleger.fr\/wp-content\/uploads\/2025\/02\/3.jpeg 1024w, https:\/\/chasseurs5emeleger.fr\/wp-content\/uploads\/2025\/02\/3-300x225.jpeg 300w, https:\/\/chasseurs5emeleger.fr\/wp-content\/uploads\/2025\/02\/3-768x576.jpeg 768w\" sizes=\"auto, (max-width: 1024px) 100vw, 1024px\" \/><\/figure>\n\n\n\n<figure class=\"wp-block-image size-full\"><img loading=\"lazy\" decoding=\"async\" width=\"768\" height=\"1024\" data-id=\"5617\" src=\"https:\/\/chasseurs5emeleger.fr\/wp-content\/uploads\/2025\/02\/4-1.jpeg\" alt=\"\" class=\"wp-image-5617\" srcset=\"https:\/\/chasseurs5emeleger.fr\/wp-content\/uploads\/2025\/02\/4-1.jpeg 768w, https:\/\/chasseurs5emeleger.fr\/wp-content\/uploads\/2025\/02\/4-1-225x300.jpeg 225w\" sizes=\"auto, (max-width: 768px) 100vw, 768px\" \/><\/figure>\n\n\n\n<figure class=\"wp-block-image size-full\"><img loading=\"lazy\" decoding=\"async\" width=\"1024\" height=\"768\" data-id=\"5615\" src=\"https:\/\/chasseurs5emeleger.fr\/wp-content\/uploads\/2025\/02\/5-1.jpeg\" alt=\"\" class=\"wp-image-5615\" srcset=\"https:\/\/chasseurs5emeleger.fr\/wp-content\/uploads\/2025\/02\/5-1.jpeg 1024w, https:\/\/chasseurs5emeleger.fr\/wp-content\/uploads\/2025\/02\/5-1-300x225.jpeg 300w, https:\/\/chasseurs5emeleger.fr\/wp-content\/uploads\/2025\/02\/5-1-768x576.jpeg 768w\" sizes=\"auto, (max-width: 1024px) 100vw, 1024px\" \/><\/figure>\n\n\n\n<figure class=\"wp-block-image size-full\"><img loading=\"lazy\" decoding=\"async\" width=\"1024\" height=\"576\" data-id=\"5621\" src=\"https:\/\/chasseurs5emeleger.fr\/wp-content\/uploads\/2025\/02\/6-2.jpg\" alt=\"\" class=\"wp-image-5621\" srcset=\"https:\/\/chasseurs5emeleger.fr\/wp-content\/uploads\/2025\/02\/6-2.jpg 1024w, https:\/\/chasseurs5emeleger.fr\/wp-content\/uploads\/2025\/02\/6-2-300x169.jpg 300w, https:\/\/chasseurs5emeleger.fr\/wp-content\/uploads\/2025\/02\/6-2-768x432.jpg 768w\" sizes=\"auto, (max-width: 1024px) 100vw, 1024px\" \/><\/figure>\n\n\n\n<figure class=\"wp-block-image size-full\"><img loading=\"lazy\" decoding=\"async\" width=\"1024\" height=\"576\" data-id=\"5618\" src=\"https:\/\/chasseurs5emeleger.fr\/wp-content\/uploads\/2025\/02\/7-2.jpg\" alt=\"\" class=\"wp-image-5618\" srcset=\"https:\/\/chasseurs5emeleger.fr\/wp-content\/uploads\/2025\/02\/7-2.jpg 1024w, https:\/\/chasseurs5emeleger.fr\/wp-content\/uploads\/2025\/02\/7-2-300x169.jpg 300w, https:\/\/chasseurs5emeleger.fr\/wp-content\/uploads\/2025\/02\/7-2-768x432.jpg 768w\" sizes=\"auto, (max-width: 1024px) 100vw, 1024px\" \/><\/figure>\n\n\n\n<figure class=\"wp-block-image size-full\"><img loading=\"lazy\" decoding=\"async\" width=\"1024\" height=\"768\" data-id=\"5620\" src=\"https:\/\/chasseurs5emeleger.fr\/wp-content\/uploads\/2025\/02\/8-1.jpeg\" alt=\"\" class=\"wp-image-5620\" srcset=\"https:\/\/chasseurs5emeleger.fr\/wp-content\/uploads\/2025\/02\/8-1.jpeg 1024w, https:\/\/chasseurs5emeleger.fr\/wp-content\/uploads\/2025\/02\/8-1-300x225.jpeg 300w, https:\/\/chasseurs5emeleger.fr\/wp-content\/uploads\/2025\/02\/8-1-768x576.jpeg 768w\" sizes=\"auto, (max-width: 1024px) 100vw, 1024px\" \/><\/figure>\n\n\n\n<figure class=\"wp-block-image size-full\"><img loading=\"lazy\" decoding=\"async\" width=\"768\" height=\"876\" data-id=\"5616\" src=\"https:\/\/chasseurs5emeleger.fr\/wp-content\/uploads\/2025\/02\/10-1.jpg\" alt=\"\" class=\"wp-image-5616\" srcset=\"https:\/\/chasseurs5emeleger.fr\/wp-content\/uploads\/2025\/02\/10-1.jpg 768w, https:\/\/chasseurs5emeleger.fr\/wp-content\/uploads\/2025\/02\/10-1-263x300.jpg 263w\" sizes=\"auto, (max-width: 768px) 100vw, 768px\" \/><\/figure>\n\n\n\n<figure class=\"wp-block-image size-full\"><img loading=\"lazy\" decoding=\"async\" width=\"956\" height=\"768\" data-id=\"5619\" src=\"https:\/\/chasseurs5emeleger.fr\/wp-content\/uploads\/2025\/02\/11-2.jpg\" alt=\"\" class=\"wp-image-5619\" srcset=\"https:\/\/chasseurs5emeleger.fr\/wp-content\/uploads\/2025\/02\/11-2.jpg 956w, https:\/\/chasseurs5emeleger.fr\/wp-content\/uploads\/2025\/02\/11-2-300x241.jpg 300w, https:\/\/chasseurs5emeleger.fr\/wp-content\/uploads\/2025\/02\/11-2-768x617.jpg 768w\" sizes=\"auto, (max-width: 956px) 100vw, 956px\" \/><\/figure>\n\n\n\n<figure class=\"wp-block-image size-full\"><img loading=\"lazy\" decoding=\"async\" width=\"768\" height=\"922\" data-id=\"5623\" src=\"https:\/\/chasseurs5emeleger.fr\/wp-content\/uploads\/2025\/02\/12-2.jpg\" alt=\"\" class=\"wp-image-5623\" srcset=\"https:\/\/chasseurs5emeleger.fr\/wp-content\/uploads\/2025\/02\/12-2.jpg 768w, https:\/\/chasseurs5emeleger.fr\/wp-content\/uploads\/2025\/02\/12-2-250x300.jpg 250w\" sizes=\"auto, (max-width: 768px) 100vw, 768px\" \/><\/figure>\n\n\n\n<figure class=\"wp-block-image size-full\"><img loading=\"lazy\" decoding=\"async\" width=\"768\" height=\"922\" data-id=\"5624\" src=\"https:\/\/chasseurs5emeleger.fr\/wp-content\/uploads\/2025\/02\/13-1.jpg\" alt=\"\" class=\"wp-image-5624\" srcset=\"https:\/\/chasseurs5emeleger.fr\/wp-content\/uploads\/2025\/02\/13-1.jpg 768w, https:\/\/chasseurs5emeleger.fr\/wp-content\/uploads\/2025\/02\/13-1-250x300.jpg 250w\" sizes=\"auto, (max-width: 768px) 100vw, 768px\" \/><\/figure>\n\n\n\n<figure class=\"wp-block-image size-full\"><img loading=\"lazy\" decoding=\"async\" width=\"1024\" height=\"746\" data-id=\"5625\" src=\"https:\/\/chasseurs5emeleger.fr\/wp-content\/uploads\/2025\/02\/14-1.jpg\" alt=\"\" class=\"wp-image-5625\" srcset=\"https:\/\/chasseurs5emeleger.fr\/wp-content\/uploads\/2025\/02\/14-1.jpg 1024w, https:\/\/chasseurs5emeleger.fr\/wp-content\/uploads\/2025\/02\/14-1-300x219.jpg 300w, https:\/\/chasseurs5emeleger.fr\/wp-content\/uploads\/2025\/02\/14-1-768x560.jpg 768w\" sizes=\"auto, (max-width: 1024px) 100vw, 1024px\" \/><\/figure>\n\n\n\n<figure class=\"wp-block-image size-full\"><img loading=\"lazy\" decoding=\"async\" width=\"768\" height=\"922\" data-id=\"5626\" src=\"https:\/\/chasseurs5emeleger.fr\/wp-content\/uploads\/2025\/02\/15-2.jpg\" alt=\"\" class=\"wp-image-5626\" srcset=\"https:\/\/chasseurs5emeleger.fr\/wp-content\/uploads\/2025\/02\/15-2.jpg 768w, https:\/\/chasseurs5emeleger.fr\/wp-content\/uploads\/2025\/02\/15-2-250x300.jpg 250w\" sizes=\"auto, (max-width: 768px) 100vw, 768px\" \/><\/figure>\n\n\n\n<figure class=\"wp-block-image size-full\"><img loading=\"lazy\" decoding=\"async\" width=\"768\" height=\"1024\" data-id=\"5628\" src=\"https:\/\/chasseurs5emeleger.fr\/wp-content\/uploads\/2025\/02\/16-1.jpeg\" alt=\"\" class=\"wp-image-5628\" srcset=\"https:\/\/chasseurs5emeleger.fr\/wp-content\/uploads\/2025\/02\/16-1.jpeg 768w, https:\/\/chasseurs5emeleger.fr\/wp-content\/uploads\/2025\/02\/16-1-225x300.jpeg 225w\" sizes=\"auto, (max-width: 768px) 100vw, 768px\" \/><\/figure>\n\n\n\n<figure class=\"wp-block-image size-full\"><img loading=\"lazy\" decoding=\"async\" width=\"1024\" height=\"768\" data-id=\"5622\" src=\"https:\/\/chasseurs5emeleger.fr\/wp-content\/uploads\/2025\/02\/17.jpeg\" alt=\"\" class=\"wp-image-5622\" srcset=\"https:\/\/chasseurs5emeleger.fr\/wp-content\/uploads\/2025\/02\/17.jpeg 1024w, https:\/\/chasseurs5emeleger.fr\/wp-content\/uploads\/2025\/02\/17-300x225.jpeg 300w, https:\/\/chasseurs5emeleger.fr\/wp-content\/uploads\/2025\/02\/17-768x576.jpeg 768w\" sizes=\"auto, (max-width: 1024px) 100vw, 1024px\" \/><\/figure>\n\n\n\n<figure class=\"wp-block-image size-full\"><img loading=\"lazy\" decoding=\"async\" width=\"1024\" height=\"768\" data-id=\"5629\" src=\"https:\/\/chasseurs5emeleger.fr\/wp-content\/uploads\/2025\/02\/18-1.jpeg\" alt=\"\" class=\"wp-image-5629\" srcset=\"https:\/\/chasseurs5emeleger.fr\/wp-content\/uploads\/2025\/02\/18-1.jpeg 1024w, https:\/\/chasseurs5emeleger.fr\/wp-content\/uploads\/2025\/02\/18-1-300x225.jpeg 300w, https:\/\/chasseurs5emeleger.fr\/wp-content\/uploads\/2025\/02\/18-1-768x576.jpeg 768w\" sizes=\"auto, (max-width: 1024px) 100vw, 1024px\" \/><\/figure>\n\n\n\n<figure class=\"wp-block-image size-full\"><img loading=\"lazy\" decoding=\"async\" width=\"1024\" height=\"768\" data-id=\"5627\" src=\"https:\/\/chasseurs5emeleger.fr\/wp-content\/uploads\/2025\/02\/19.jpeg\" alt=\"\" class=\"wp-image-5627\" srcset=\"https:\/\/chasseurs5emeleger.fr\/wp-content\/uploads\/2025\/02\/19.jpeg 1024w, https:\/\/chasseurs5emeleger.fr\/wp-content\/uploads\/2025\/02\/19-300x225.jpeg 300w, https:\/\/chasseurs5emeleger.fr\/wp-content\/uploads\/2025\/02\/19-768x576.jpeg 768w\" sizes=\"auto, (max-width: 1024px) 100vw, 1024px\" \/><\/figure>\n\n\n\n<figure class=\"wp-block-image size-full\"><img loading=\"lazy\" decoding=\"async\" width=\"1024\" height=\"768\" data-id=\"5630\" src=\"https:\/\/chasseurs5emeleger.fr\/wp-content\/uploads\/2025\/02\/20.jpeg\" alt=\"\" class=\"wp-image-5630\" srcset=\"https:\/\/chasseurs5emeleger.fr\/wp-content\/uploads\/2025\/02\/20.jpeg 1024w, https:\/\/chasseurs5emeleger.fr\/wp-content\/uploads\/2025\/02\/20-300x225.jpeg 300w, https:\/\/chasseurs5emeleger.fr\/wp-content\/uploads\/2025\/02\/20-768x576.jpeg 768w\" sizes=\"auto, (max-width: 1024px) 100vw, 1024px\" \/><\/figure>\n<\/figure>\n","protected":false},"excerpt":{"rendered":"<p>Fr\u00e9jus (83) &#8211; Visites Guid\u00e9es aux lanternes &#8220;Sur les traces de Napol\u00e9on&#8221; Le 12 Juillet, 16 Ao\u00fbt et 21 Septembre (Journ\u00e9es Europ\u00e9ennes du patrimoine)<\/p>\n","protected":false},"author":2,"featured_media":0,"parent":1057,"menu_order":0,"comment_status":"closed","ping_status":"closed","template":"","meta":{"footnotes":""},"class_list":["post-5611","page","type-page","status-publish","hentry"],"yoast_head":"<!-- This site is optimized with the Yoast SEO plugin v27.5 - https:\/\/yoast.com\/product\/yoast-seo-wordpress\/ -->\n<title>Fr\u00e9jus - Visites guid\u00e9es 2024 &#8211; Chasseurs du 5\u00e8me R\u00e9giment d&#039;Infanterie L\u00e9g\u00e8re<\/title>\n<meta name=\"robots\" content=\"index, follow, max-snippet:-1, max-image-preview:large, max-video-preview:-1\" \/>\n<link rel=\"canonical\" href=\"https:\/\/chasseurs5emeleger.fr\/index.php\/photos\/frejus-visites-guidees-2024\/\" \/>\n<meta property=\"og:locale\" content=\"fr_FR\" \/>\n<meta property=\"og:type\" content=\"article\" \/>\n<meta property=\"og:title\" content=\"Fr\u00e9jus - Visites guid\u00e9es 2024 &#8211; Chasseurs du 5\u00e8me R\u00e9giment d&#039;Infanterie L\u00e9g\u00e8re\" \/>\n<meta property=\"og:description\" content=\"Fr\u00e9jus (83) &#8211; Visites Guid\u00e9es aux lanternes &#8220;Sur les traces de Napol\u00e9on&#8221; Le 12 Juillet, 16 Ao\u00fbt et 21 Septembre (Journ\u00e9es Europ\u00e9ennes du patrimoine)\" \/>\n<meta property=\"og:url\" content=\"https:\/\/chasseurs5emeleger.fr\/index.php\/photos\/frejus-visites-guidees-2024\/\" \/>\n<meta property=\"og:site_name\" content=\"Chasseurs du 5\u00e8me R\u00e9giment d&#039;Infanterie L\u00e9g\u00e8re\" \/>\n<meta property=\"article:publisher\" content=\"https:\/\/www.facebook.com\/chasseurs.5emeleger\/\" \/>\n<meta property=\"article:modified_time\" content=\"2025-10-12T21:17:13+00:00\" \/>\n<meta property=\"og:image\" content=\"https:\/\/chasseurs5emeleger.fr\/wp-content\/uploads\/2025\/02\/1-3.jpg\" \/>\n\t<meta property=\"og:image:width\" content=\"768\" \/>\n\t<meta property=\"og:image:height\" content=\"922\" \/>\n\t<meta property=\"og:image:type\" content=\"image\/jpeg\" \/>\n<script type=\"application\/ld+json\" class=\"yoast-schema-graph\">{\"@context\":\"https:\\\/\\\/schema.org\",\"@graph\":[{\"@type\":\"WebPage\",\"@id\":\"https:\\\/\\\/chasseurs5emeleger.fr\\\/index.php\\\/photos\\\/frejus-visites-guidees-2024\\\/\",\"url\":\"https:\\\/\\\/chasseurs5emeleger.fr\\\/index.php\\\/photos\\\/frejus-visites-guidees-2024\\\/\",\"name\":\"Fr\u00e9jus - Visites guid\u00e9es 2024 &#8211; Chasseurs du 5\u00e8me R\u00e9giment d&#039;Infanterie L\u00e9g\u00e8re\",\"isPartOf\":{\"@id\":\"https:\\\/\\\/chasseurs5emeleger.fr\\\/#website\"},\"primaryImageOfPage\":{\"@id\":\"https:\\\/\\\/chasseurs5emeleger.fr\\\/index.php\\\/photos\\\/frejus-visites-guidees-2024\\\/#primaryimage\"},\"image\":{\"@id\":\"https:\\\/\\\/chasseurs5emeleger.fr\\\/index.php\\\/photos\\\/frejus-visites-guidees-2024\\\/#primaryimage\"},\"thumbnailUrl\":\"https:\\\/\\\/chasseurs5emeleger.fr\\\/wp-content\\\/uploads\\\/2025\\\/02\\\/1-3.jpg\",\"datePublished\":\"2025-02-01T21:42:04+00:00\",\"dateModified\":\"2025-10-12T21:17:13+00:00\",\"breadcrumb\":{\"@id\":\"https:\\\/\\\/chasseurs5emeleger.fr\\\/index.php\\\/photos\\\/frejus-visites-guidees-2024\\\/#breadcrumb\"},\"inLanguage\":\"fr-FR\",\"potentialAction\":[{\"@type\":\"ReadAction\",\"target\":[\"https:\\\/\\\/chasseurs5emeleger.fr\\\/index.php\\\/photos\\\/frejus-visites-guidees-2024\\\/\"]}]},{\"@type\":\"ImageObject\",\"inLanguage\":\"fr-FR\",\"@id\":\"https:\\\/\\\/chasseurs5emeleger.fr\\\/index.php\\\/photos\\\/frejus-visites-guidees-2024\\\/#primaryimage\",\"url\":\"https:\\\/\\\/chasseurs5emeleger.fr\\\/wp-content\\\/uploads\\\/2025\\\/02\\\/1-3.jpg\",\"contentUrl\":\"https:\\\/\\\/chasseurs5emeleger.fr\\\/wp-content\\\/uploads\\\/2025\\\/02\\\/1-3.jpg\",\"width\":768,\"height\":922},{\"@type\":\"BreadcrumbList\",\"@id\":\"https:\\\/\\\/chasseurs5emeleger.fr\\\/index.php\\\/photos\\\/frejus-visites-guidees-2024\\\/#breadcrumb\",\"itemListElement\":[{\"@type\":\"ListItem\",\"position\":1,\"name\":\"Accueil\",\"item\":\"https:\\\/\\\/chasseurs5emeleger.fr\\\/\"},{\"@type\":\"ListItem\",\"position\":2,\"name\":\"Photos\",\"item\":\"https:\\\/\\\/chasseurs5emeleger.fr\\\/index.php\\\/photos\\\/\"},{\"@type\":\"ListItem\",\"position\":3,\"name\":\"Fr\u00e9jus &#8211; Visites guid\u00e9es 2024\"}]},{\"@type\":\"WebSite\",\"@id\":\"https:\\\/\\\/chasseurs5emeleger.fr\\\/#website\",\"url\":\"https:\\\/\\\/chasseurs5emeleger.fr\\\/\",\"name\":\"Chasseurs du 5\u00e8me R\u00e9giment d&#039;Infanterie L\u00e9g\u00e8re\",\"description\":\"\",\"publisher\":{\"@id\":\"https:\\\/\\\/chasseurs5emeleger.fr\\\/#organization\"},\"potentialAction\":[{\"@type\":\"SearchAction\",\"target\":{\"@type\":\"EntryPoint\",\"urlTemplate\":\"https:\\\/\\\/chasseurs5emeleger.fr\\\/?s={search_term_string}\"},\"query-input\":{\"@type\":\"PropertyValueSpecification\",\"valueRequired\":true,\"valueName\":\"search_term_string\"}}],\"inLanguage\":\"fr-FR\"},{\"@type\":\"Organization\",\"@id\":\"https:\\\/\\\/chasseurs5emeleger.fr\\\/#organization\",\"name\":\"Chasseurs du 5\u00e8me R\u00e9giment d'infanterie l\u00e9g\u00e8re\",\"url\":\"https:\\\/\\\/chasseurs5emeleger.fr\\\/\",\"logo\":{\"@type\":\"ImageObject\",\"inLanguage\":\"fr-FR\",\"@id\":\"https:\\\/\\\/chasseurs5emeleger.fr\\\/#\\\/schema\\\/logo\\\/image\\\/\",\"url\":\"https:\\\/\\\/chasseurs5emeleger.fr\\\/wp-content\\\/uploads\\\/2022\\\/04\\\/Logo-detoure-scaled.jpg\",\"contentUrl\":\"https:\\\/\\\/chasseurs5emeleger.fr\\\/wp-content\\\/uploads\\\/2022\\\/04\\\/Logo-detoure-scaled.jpg\",\"width\":2438,\"height\":2560,\"caption\":\"Chasseurs du 5\u00e8me R\u00e9giment d'infanterie l\u00e9g\u00e8re\"},\"image\":{\"@id\":\"https:\\\/\\\/chasseurs5emeleger.fr\\\/#\\\/schema\\\/logo\\\/image\\\/\"},\"sameAs\":[\"https:\\\/\\\/www.facebook.com\\\/chasseurs.5emeleger\\\/\"]}]}<\/script>\n<!-- \/ Yoast SEO plugin. -->","yoast_head_json":{"title":"Fr\u00e9jus - Visites guid\u00e9es 2024 &#8211; Chasseurs du 5\u00e8me R\u00e9giment d&#039;Infanterie L\u00e9g\u00e8re","robots":{"index":"index","follow":"follow","max-snippet":"max-snippet:-1","max-image-preview":"max-image-preview:large","max-video-preview":"max-video-preview:-1"},"canonical":"https:\/\/chasseurs5emeleger.fr\/index.php\/photos\/frejus-visites-guidees-2024\/","og_locale":"fr_FR","og_type":"article","og_title":"Fr\u00e9jus - Visites guid\u00e9es 2024 &#8211; Chasseurs du 5\u00e8me R\u00e9giment d&#039;Infanterie L\u00e9g\u00e8re","og_description":"Fr\u00e9jus (83) &#8211; Visites Guid\u00e9es aux lanternes &#8220;Sur les traces de Napol\u00e9on&#8221; Le 12 Juillet, 16 Ao\u00fbt et 21 Septembre (Journ\u00e9es Europ\u00e9ennes du patrimoine)","og_url":"https:\/\/chasseurs5emeleger.fr\/index.php\/photos\/frejus-visites-guidees-2024\/","og_site_name":"Chasseurs du 5\u00e8me R\u00e9giment d&#039;Infanterie L\u00e9g\u00e8re","article_publisher":"https:\/\/www.facebook.com\/chasseurs.5emeleger\/","article_modified_time":"2025-10-12T21:17:13+00:00","og_image":[{"width":768,"height":922,"url":"https:\/\/chasseurs5emeleger.fr\/wp-content\/uploads\/2025\/02\/1-3.jpg","type":"image\/jpeg"}],"schema":{"@context":"https:\/\/schema.org","@graph":[{"@type":"WebPage","@id":"https:\/\/chasseurs5emeleger.fr\/index.php\/photos\/frejus-visites-guidees-2024\/","url":"https:\/\/chasseurs5emeleger.fr\/index.php\/photos\/frejus-visites-guidees-2024\/","name":"Fr\u00e9jus - Visites guid\u00e9es 2024 &#8211; Chasseurs du 5\u00e8me R\u00e9giment d&#039;Infanterie L\u00e9g\u00e8re","isPartOf":{"@id":"https:\/\/chasseurs5emeleger.fr\/#website"},"primaryImageOfPage":{"@id":"https:\/\/chasseurs5emeleger.fr\/index.php\/photos\/frejus-visites-guidees-2024\/#primaryimage"},"image":{"@id":"https:\/\/chasseurs5emeleger.fr\/index.php\/photos\/frejus-visites-guidees-2024\/#primaryimage"},"thumbnailUrl":"https:\/\/chasseurs5emeleger.fr\/wp-content\/uploads\/2025\/02\/1-3.jpg","datePublished":"2025-02-01T21:42:04+00:00","dateModified":"2025-10-12T21:17:13+00:00","breadcrumb":{"@id":"https:\/\/chasseurs5emeleger.fr\/index.php\/photos\/frejus-visites-guidees-2024\/#breadcrumb"},"inLanguage":"fr-FR","potentialAction":[{"@type":"ReadAction","target":["https:\/\/chasseurs5emeleger.fr\/index.php\/photos\/frejus-visites-guidees-2024\/"]}]},{"@type":"ImageObject","inLanguage":"fr-FR","@id":"https:\/\/chasseurs5emeleger.fr\/index.php\/photos\/frejus-visites-guidees-2024\/#primaryimage","url":"https:\/\/chasseurs5emeleger.fr\/wp-content\/uploads\/2025\/02\/1-3.jpg","contentUrl":"https:\/\/chasseurs5emeleger.fr\/wp-content\/uploads\/2025\/02\/1-3.jpg","width":768,"height":922},{"@type":"BreadcrumbList","@id":"https:\/\/chasseurs5emeleger.fr\/index.php\/photos\/frejus-visites-guidees-2024\/#breadcrumb","itemListElement":[{"@type":"ListItem","position":1,"name":"Accueil","item":"https:\/\/chasseurs5emeleger.fr\/"},{"@type":"ListItem","position":2,"name":"Photos","item":"https:\/\/chasseurs5emeleger.fr\/index.php\/photos\/"},{"@type":"ListItem","position":3,"name":"Fr\u00e9jus &#8211; Visites guid\u00e9es 2024"}]},{"@type":"WebSite","@id":"https:\/\/chasseurs5emeleger.fr\/#website","url":"https:\/\/chasseurs5emeleger.fr\/","name":"Chasseurs du 5\u00e8me R\u00e9giment d&#039;Infanterie L\u00e9g\u00e8re","description":"","publisher":{"@id":"https:\/\/chasseurs5emeleger.fr\/#organization"},"potentialAction":[{"@type":"SearchAction","target":{"@type":"EntryPoint","urlTemplate":"https:\/\/chasseurs5emeleger.fr\/?s={search_term_string}"},"query-input":{"@type":"PropertyValueSpecification","valueRequired":true,"valueName":"search_term_string"}}],"inLanguage":"fr-FR"},{"@type":"Organization","@id":"https:\/\/chasseurs5emeleger.fr\/#organization","name":"Chasseurs du 5\u00e8me R\u00e9giment d'infanterie l\u00e9g\u00e8re","url":"https:\/\/chasseurs5emeleger.fr\/","logo":{"@type":"ImageObject","inLanguage":"fr-FR","@id":"https:\/\/chasseurs5emeleger.fr\/#\/schema\/logo\/image\/","url":"https:\/\/chasseurs5emeleger.fr\/wp-content\/uploads\/2022\/04\/Logo-detoure-scaled.jpg","contentUrl":"https:\/\/chasseurs5emeleger.fr\/wp-content\/uploads\/2022\/04\/Logo-detoure-scaled.jpg","width":2438,"height":2560,"caption":"Chasseurs du 5\u00e8me R\u00e9giment d'infanterie l\u00e9g\u00e8re"},"image":{"@id":"https:\/\/chasseurs5emeleger.fr\/#\/schema\/logo\/image\/"},"sameAs":["https:\/\/www.facebook.com\/chasseurs.5emeleger\/"]}]}},"_links":{"self":[{"href":"https:\/\/chasseurs5emeleger.fr\/index.php\/wp-json\/wp\/v2\/pages\/5611","targetHints":{"allow":["GET"]}}],"collection":[{"href":"https:\/\/chasseurs5emeleger.fr\/index.php\/wp-json\/wp\/v2\/pages"}],"about":[{"href":"https:\/\/chasseurs5emeleger.fr\/index.php\/wp-json\/wp\/v2\/types\/page"}],"author":[{"embeddable":true,"href":"https:\/\/chasseurs5emeleger.fr\/index.php\/wp-json\/wp\/v2\/users\/2"}],"replies":[{"embeddable":true,"href":"https:\/\/chasseurs5emeleger.fr\/index.php\/wp-json\/wp\/v2\/comments?post=5611"}],"version-history":[{"count":6,"href":"https:\/\/chasseurs5emeleger.fr\/index.php\/wp-json\/wp\/v2\/pages\/5611\/revisions"}],"predecessor-version":[{"id":5990,"href":"https:\/\/chasseurs5emeleger.fr\/index.php\/wp-json\/wp\/v2\/pages\/5611\/revisions\/5990"}],"up":[{"embeddable":true,"href":"https:\/\/chasseurs5emeleger.fr\/index.php\/wp-json\/wp\/v2\/pages\/1057"}],"wp:attachment":[{"href":"https:\/\/chasseurs5emeleger.fr\/index.php\/wp-json\/wp\/v2\/media?parent=5611"}],"curies":[{"name":"wp","href":"https:\/\/api.w.org\/{rel}","templated":true}]}}