{"id":5632,"date":"2025-02-01T23:00:48","date_gmt":"2025-02-01T22:00:48","guid":{"rendered":"https:\/\/chasseurs5emeleger.fr\/?page_id=5632"},"modified":"2025-02-01T23:17:34","modified_gmt":"2025-02-01T22:17:34","slug":"draguignan-22-septembre-2024","status":"publish","type":"page","link":"https:\/\/chasseurs5emeleger.fr\/index.php\/photos\/draguignan-22-septembre-2024\/","title":{"rendered":"Draguignan &#8211; 22 Septembre 2024"},"content":{"rendered":"\n<p class=\"has-text-align-center has-text-color has-large-font-size\" style=\"color:#000794\">Journ\u00e9es Europ\u00e9ennes du Patrimoine, Draguignan (83) 22 Septembre<\/p>\n\n\n\n<figure class=\"wp-block-gallery has-nested-images columns-2 wp-block-gallery-1 is-layout-flex wp-block-gallery-is-layout-flex\">\n<figure class=\"wp-block-image size-full\"><img loading=\"lazy\" decoding=\"async\" width=\"576\" height=\"1024\" data-id=\"5633\" src=\"https:\/\/chasseurs5emeleger.fr\/wp-content\/uploads\/2025\/02\/IMG-20240923-WA0003.jpg\" alt=\"\" class=\"wp-image-5633\" srcset=\"https:\/\/chasseurs5emeleger.fr\/wp-content\/uploads\/2025\/02\/IMG-20240923-WA0003.jpg 576w, https:\/\/chasseurs5emeleger.fr\/wp-content\/uploads\/2025\/02\/IMG-20240923-WA0003-169x300.jpg 169w\" sizes=\"auto, (max-width: 576px) 100vw, 576px\" \/><\/figure>\n\n\n\n<figure class=\"wp-block-image size-full\"><img loading=\"lazy\" decoding=\"async\" width=\"438\" height=\"1024\" data-id=\"5636\" src=\"https:\/\/chasseurs5emeleger.fr\/wp-content\/uploads\/2025\/02\/IMG-20240923-WA0011.jpg\" alt=\"\" class=\"wp-image-5636\" srcset=\"https:\/\/chasseurs5emeleger.fr\/wp-content\/uploads\/2025\/02\/IMG-20240923-WA0011.jpg 438w, https:\/\/chasseurs5emeleger.fr\/wp-content\/uploads\/2025\/02\/IMG-20240923-WA0011-128x300.jpg 128w\" sizes=\"auto, (max-width: 438px) 100vw, 438px\" \/><\/figure>\n\n\n\n<figure class=\"wp-block-image size-full\"><img loading=\"lazy\" decoding=\"async\" width=\"768\" height=\"1024\" data-id=\"5634\" src=\"https:\/\/chasseurs5emeleger.fr\/wp-content\/uploads\/2025\/02\/IMG-20240923-WA0009.jpg\" alt=\"\" class=\"wp-image-5634\" srcset=\"https:\/\/chasseurs5emeleger.fr\/wp-content\/uploads\/2025\/02\/IMG-20240923-WA0009.jpg 768w, https:\/\/chasseurs5emeleger.fr\/wp-content\/uploads\/2025\/02\/IMG-20240923-WA0009-225x300.jpg 225w\" sizes=\"auto, (max-width: 768px) 100vw, 768px\" \/><\/figure>\n\n\n\n<figure class=\"wp-block-image size-full\"><img loading=\"lazy\" decoding=\"async\" width=\"768\" height=\"1024\" data-id=\"5635\" src=\"https:\/\/chasseurs5emeleger.fr\/wp-content\/uploads\/2025\/02\/IMG-20240923-WA0010.jpg\" alt=\"\" class=\"wp-image-5635\" srcset=\"https:\/\/chasseurs5emeleger.fr\/wp-content\/uploads\/2025\/02\/IMG-20240923-WA0010.jpg 768w, https:\/\/chasseurs5emeleger.fr\/wp-content\/uploads\/2025\/02\/IMG-20240923-WA0010-225x300.jpg 225w\" sizes=\"auto, (max-width: 768px) 100vw, 768px\" \/><\/figure>\n\n\n\n<figure class=\"wp-block-image size-full\"><img loading=\"lazy\" decoding=\"async\" width=\"610\" height=\"1024\" data-id=\"5637\" src=\"https:\/\/chasseurs5emeleger.fr\/wp-content\/uploads\/2025\/02\/IMG-20240923-WA0012.jpg\" alt=\"\" class=\"wp-image-5637\" srcset=\"https:\/\/chasseurs5emeleger.fr\/wp-content\/uploads\/2025\/02\/IMG-20240923-WA0012.jpg 610w, https:\/\/chasseurs5emeleger.fr\/wp-content\/uploads\/2025\/02\/IMG-20240923-WA0012-179x300.jpg 179w\" sizes=\"auto, (max-width: 610px) 100vw, 610px\" \/><\/figure>\n\n\n\n<figure class=\"wp-block-image size-full\"><img loading=\"lazy\" decoding=\"async\" width=\"587\" height=\"1024\" data-id=\"5640\" src=\"https:\/\/chasseurs5emeleger.fr\/wp-content\/uploads\/2025\/02\/IMG-20240923-WA0016.jpg\" alt=\"\" class=\"wp-image-5640\" srcset=\"https:\/\/chasseurs5emeleger.fr\/wp-content\/uploads\/2025\/02\/IMG-20240923-WA0016.jpg 587w, https:\/\/chasseurs5emeleger.fr\/wp-content\/uploads\/2025\/02\/IMG-20240923-WA0016-172x300.jpg 172w\" sizes=\"auto, (max-width: 587px) 100vw, 587px\" \/><\/figure>\n\n\n\n<figure class=\"wp-block-image size-full\"><img loading=\"lazy\" decoding=\"async\" width=\"768\" height=\"1024\" data-id=\"5644\" src=\"https:\/\/chasseurs5emeleger.fr\/wp-content\/uploads\/2025\/02\/IMG-20240923-WA0048.jpg\" alt=\"\" class=\"wp-image-5644\" srcset=\"https:\/\/chasseurs5emeleger.fr\/wp-content\/uploads\/2025\/02\/IMG-20240923-WA0048.jpg 768w, https:\/\/chasseurs5emeleger.fr\/wp-content\/uploads\/2025\/02\/IMG-20240923-WA0048-225x300.jpg 225w\" sizes=\"auto, (max-width: 768px) 100vw, 768px\" \/><\/figure>\n\n\n\n<figure class=\"wp-block-image size-full\"><img loading=\"lazy\" decoding=\"async\" width=\"768\" height=\"1024\" data-id=\"5639\" src=\"https:\/\/chasseurs5emeleger.fr\/wp-content\/uploads\/2025\/02\/IMG-20240923-WA0018.jpg\" alt=\"\" class=\"wp-image-5639\" srcset=\"https:\/\/chasseurs5emeleger.fr\/wp-content\/uploads\/2025\/02\/IMG-20240923-WA0018.jpg 768w, https:\/\/chasseurs5emeleger.fr\/wp-content\/uploads\/2025\/02\/IMG-20240923-WA0018-225x300.jpg 225w\" sizes=\"auto, (max-width: 768px) 100vw, 768px\" \/><\/figure>\n\n\n\n<figure class=\"wp-block-image size-full\"><img loading=\"lazy\" decoding=\"async\" width=\"1024\" height=\"768\" data-id=\"5643\" src=\"https:\/\/chasseurs5emeleger.fr\/wp-content\/uploads\/2025\/02\/IMG-20240923-WA0042.jpg\" alt=\"\" class=\"wp-image-5643\" srcset=\"https:\/\/chasseurs5emeleger.fr\/wp-content\/uploads\/2025\/02\/IMG-20240923-WA0042.jpg 1024w, https:\/\/chasseurs5emeleger.fr\/wp-content\/uploads\/2025\/02\/IMG-20240923-WA0042-300x225.jpg 300w, https:\/\/chasseurs5emeleger.fr\/wp-content\/uploads\/2025\/02\/IMG-20240923-WA0042-768x576.jpg 768w\" sizes=\"auto, (max-width: 1024px) 100vw, 1024px\" \/><\/figure>\n\n\n\n<figure class=\"wp-block-image size-full\"><img loading=\"lazy\" decoding=\"async\" width=\"1024\" height=\"768\" data-id=\"5638\" src=\"https:\/\/chasseurs5emeleger.fr\/wp-content\/uploads\/2025\/02\/IMG-20240923-WA0013.jpg\" alt=\"\" class=\"wp-image-5638\" srcset=\"https:\/\/chasseurs5emeleger.fr\/wp-content\/uploads\/2025\/02\/IMG-20240923-WA0013.jpg 1024w, https:\/\/chasseurs5emeleger.fr\/wp-content\/uploads\/2025\/02\/IMG-20240923-WA0013-300x225.jpg 300w, https:\/\/chasseurs5emeleger.fr\/wp-content\/uploads\/2025\/02\/IMG-20240923-WA0013-768x576.jpg 768w\" sizes=\"auto, (max-width: 1024px) 100vw, 1024px\" \/><\/figure>\n\n\n\n<figure class=\"wp-block-image size-full\"><img loading=\"lazy\" decoding=\"async\" width=\"768\" height=\"1024\" data-id=\"5641\" src=\"https:\/\/chasseurs5emeleger.fr\/wp-content\/uploads\/2025\/02\/IMG-20240923-WA0026.jpg\" alt=\"\" class=\"wp-image-5641\" srcset=\"https:\/\/chasseurs5emeleger.fr\/wp-content\/uploads\/2025\/02\/IMG-20240923-WA0026.jpg 768w, https:\/\/chasseurs5emeleger.fr\/wp-content\/uploads\/2025\/02\/IMG-20240923-WA0026-225x300.jpg 225w\" sizes=\"auto, (max-width: 768px) 100vw, 768px\" \/><\/figure>\n\n\n\n<figure class=\"wp-block-image size-full\"><img loading=\"lazy\" decoding=\"async\" width=\"576\" height=\"1024\" data-id=\"5645\" src=\"https:\/\/chasseurs5emeleger.fr\/wp-content\/uploads\/2025\/02\/Messenger_creation_328C04E9-9363-4FB8-9766-65DCD4DF60F5.jpeg\" alt=\"\" class=\"wp-image-5645\" srcset=\"https:\/\/chasseurs5emeleger.fr\/wp-content\/uploads\/2025\/02\/Messenger_creation_328C04E9-9363-4FB8-9766-65DCD4DF60F5.jpeg 576w, https:\/\/chasseurs5emeleger.fr\/wp-content\/uploads\/2025\/02\/Messenger_creation_328C04E9-9363-4FB8-9766-65DCD4DF60F5-169x300.jpeg 169w\" sizes=\"auto, (max-width: 576px) 100vw, 576px\" \/><\/figure>\n<\/figure>\n","protected":false},"excerpt":{"rendered":"<p>Journ\u00e9es Europ\u00e9ennes du Patrimoine, Draguignan (83) 22 Septembre<\/p>\n","protected":false},"author":2,"featured_media":0,"parent":1057,"menu_order":0,"comment_status":"closed","ping_status":"closed","template":"","meta":{"footnotes":""},"class_list":["post-5632","page","type-page","status-publish","hentry"],"yoast_head":"<!-- This site is optimized with the Yoast SEO plugin v27.5 - https:\/\/yoast.com\/product\/yoast-seo-wordpress\/ -->\n<title>Draguignan - 22 Septembre 2024 &#8211; Chasseurs du 5\u00e8me R\u00e9giment d&#039;Infanterie L\u00e9g\u00e8re<\/title>\n<meta name=\"robots\" content=\"index, follow, max-snippet:-1, max-image-preview:large, max-video-preview:-1\" \/>\n<link rel=\"canonical\" href=\"https:\/\/chasseurs5emeleger.fr\/index.php\/photos\/draguignan-22-septembre-2024\/\" \/>\n<meta property=\"og:locale\" content=\"fr_FR\" \/>\n<meta property=\"og:type\" content=\"article\" \/>\n<meta property=\"og:title\" content=\"Draguignan - 22 Septembre 2024 &#8211; Chasseurs du 5\u00e8me R\u00e9giment d&#039;Infanterie L\u00e9g\u00e8re\" \/>\n<meta property=\"og:description\" content=\"Journ\u00e9es Europ\u00e9ennes du Patrimoine, Draguignan (83) 22 Septembre\" \/>\n<meta property=\"og:url\" content=\"https:\/\/chasseurs5emeleger.fr\/index.php\/photos\/draguignan-22-septembre-2024\/\" \/>\n<meta property=\"og:site_name\" content=\"Chasseurs du 5\u00e8me R\u00e9giment d&#039;Infanterie L\u00e9g\u00e8re\" \/>\n<meta property=\"article:publisher\" content=\"https:\/\/www.facebook.com\/chasseurs.5emeleger\/\" \/>\n<meta property=\"article:modified_time\" content=\"2025-02-01T22:17:34+00:00\" \/>\n<meta property=\"og:image\" content=\"https:\/\/chasseurs5emeleger.fr\/wp-content\/uploads\/2025\/02\/IMG-20240923-WA0003.jpg\" \/>\n\t<meta property=\"og:image:width\" content=\"576\" \/>\n\t<meta property=\"og:image:height\" content=\"1024\" \/>\n\t<meta property=\"og:image:type\" content=\"image\/jpeg\" \/>\n<script type=\"application\/ld+json\" class=\"yoast-schema-graph\">{\"@context\":\"https:\\\/\\\/schema.org\",\"@graph\":[{\"@type\":\"WebPage\",\"@id\":\"https:\\\/\\\/chasseurs5emeleger.fr\\\/index.php\\\/photos\\\/draguignan-22-septembre-2024\\\/\",\"url\":\"https:\\\/\\\/chasseurs5emeleger.fr\\\/index.php\\\/photos\\\/draguignan-22-septembre-2024\\\/\",\"name\":\"Draguignan - 22 Septembre 2024 &#8211; Chasseurs du 5\u00e8me R\u00e9giment d&#039;Infanterie L\u00e9g\u00e8re\",\"isPartOf\":{\"@id\":\"https:\\\/\\\/chasseurs5emeleger.fr\\\/#website\"},\"primaryImageOfPage\":{\"@id\":\"https:\\\/\\\/chasseurs5emeleger.fr\\\/index.php\\\/photos\\\/draguignan-22-septembre-2024\\\/#primaryimage\"},\"image\":{\"@id\":\"https:\\\/\\\/chasseurs5emeleger.fr\\\/index.php\\\/photos\\\/draguignan-22-septembre-2024\\\/#primaryimage\"},\"thumbnailUrl\":\"https:\\\/\\\/chasseurs5emeleger.fr\\\/wp-content\\\/uploads\\\/2025\\\/02\\\/IMG-20240923-WA0003.jpg\",\"datePublished\":\"2025-02-01T22:00:48+00:00\",\"dateModified\":\"2025-02-01T22:17:34+00:00\",\"breadcrumb\":{\"@id\":\"https:\\\/\\\/chasseurs5emeleger.fr\\\/index.php\\\/photos\\\/draguignan-22-septembre-2024\\\/#breadcrumb\"},\"inLanguage\":\"fr-FR\",\"potentialAction\":[{\"@type\":\"ReadAction\",\"target\":[\"https:\\\/\\\/chasseurs5emeleger.fr\\\/index.php\\\/photos\\\/draguignan-22-septembre-2024\\\/\"]}]},{\"@type\":\"ImageObject\",\"inLanguage\":\"fr-FR\",\"@id\":\"https:\\\/\\\/chasseurs5emeleger.fr\\\/index.php\\\/photos\\\/draguignan-22-septembre-2024\\\/#primaryimage\",\"url\":\"https:\\\/\\\/chasseurs5emeleger.fr\\\/wp-content\\\/uploads\\\/2025\\\/02\\\/IMG-20240923-WA0003.jpg\",\"contentUrl\":\"https:\\\/\\\/chasseurs5emeleger.fr\\\/wp-content\\\/uploads\\\/2025\\\/02\\\/IMG-20240923-WA0003.jpg\",\"width\":576,\"height\":1024},{\"@type\":\"BreadcrumbList\",\"@id\":\"https:\\\/\\\/chasseurs5emeleger.fr\\\/index.php\\\/photos\\\/draguignan-22-septembre-2024\\\/#breadcrumb\",\"itemListElement\":[{\"@type\":\"ListItem\",\"position\":1,\"name\":\"Accueil\",\"item\":\"https:\\\/\\\/chasseurs5emeleger.fr\\\/\"},{\"@type\":\"ListItem\",\"position\":2,\"name\":\"Photos\",\"item\":\"https:\\\/\\\/chasseurs5emeleger.fr\\\/index.php\\\/photos\\\/\"},{\"@type\":\"ListItem\",\"position\":3,\"name\":\"Draguignan &#8211; 22 Septembre 2024\"}]},{\"@type\":\"WebSite\",\"@id\":\"https:\\\/\\\/chasseurs5emeleger.fr\\\/#website\",\"url\":\"https:\\\/\\\/chasseurs5emeleger.fr\\\/\",\"name\":\"Chasseurs du 5\u00e8me R\u00e9giment d&#039;Infanterie L\u00e9g\u00e8re\",\"description\":\"\",\"publisher\":{\"@id\":\"https:\\\/\\\/chasseurs5emeleger.fr\\\/#organization\"},\"potentialAction\":[{\"@type\":\"SearchAction\",\"target\":{\"@type\":\"EntryPoint\",\"urlTemplate\":\"https:\\\/\\\/chasseurs5emeleger.fr\\\/?s={search_term_string}\"},\"query-input\":{\"@type\":\"PropertyValueSpecification\",\"valueRequired\":true,\"valueName\":\"search_term_string\"}}],\"inLanguage\":\"fr-FR\"},{\"@type\":\"Organization\",\"@id\":\"https:\\\/\\\/chasseurs5emeleger.fr\\\/#organization\",\"name\":\"Chasseurs du 5\u00e8me R\u00e9giment d'infanterie l\u00e9g\u00e8re\",\"url\":\"https:\\\/\\\/chasseurs5emeleger.fr\\\/\",\"logo\":{\"@type\":\"ImageObject\",\"inLanguage\":\"fr-FR\",\"@id\":\"https:\\\/\\\/chasseurs5emeleger.fr\\\/#\\\/schema\\\/logo\\\/image\\\/\",\"url\":\"https:\\\/\\\/chasseurs5emeleger.fr\\\/wp-content\\\/uploads\\\/2022\\\/04\\\/Logo-detoure-scaled.jpg\",\"contentUrl\":\"https:\\\/\\\/chasseurs5emeleger.fr\\\/wp-content\\\/uploads\\\/2022\\\/04\\\/Logo-detoure-scaled.jpg\",\"width\":2438,\"height\":2560,\"caption\":\"Chasseurs du 5\u00e8me R\u00e9giment d'infanterie l\u00e9g\u00e8re\"},\"image\":{\"@id\":\"https:\\\/\\\/chasseurs5emeleger.fr\\\/#\\\/schema\\\/logo\\\/image\\\/\"},\"sameAs\":[\"https:\\\/\\\/www.facebook.com\\\/chasseurs.5emeleger\\\/\"]}]}<\/script>\n<!-- \/ Yoast SEO plugin. -->","yoast_head_json":{"title":"Draguignan - 22 Septembre 2024 &#8211; Chasseurs du 5\u00e8me R\u00e9giment d&#039;Infanterie L\u00e9g\u00e8re","robots":{"index":"index","follow":"follow","max-snippet":"max-snippet:-1","max-image-preview":"max-image-preview:large","max-video-preview":"max-video-preview:-1"},"canonical":"https:\/\/chasseurs5emeleger.fr\/index.php\/photos\/draguignan-22-septembre-2024\/","og_locale":"fr_FR","og_type":"article","og_title":"Draguignan - 22 Septembre 2024 &#8211; Chasseurs du 5\u00e8me R\u00e9giment d&#039;Infanterie L\u00e9g\u00e8re","og_description":"Journ\u00e9es Europ\u00e9ennes du Patrimoine, Draguignan (83) 22 Septembre","og_url":"https:\/\/chasseurs5emeleger.fr\/index.php\/photos\/draguignan-22-septembre-2024\/","og_site_name":"Chasseurs du 5\u00e8me R\u00e9giment d&#039;Infanterie L\u00e9g\u00e8re","article_publisher":"https:\/\/www.facebook.com\/chasseurs.5emeleger\/","article_modified_time":"2025-02-01T22:17:34+00:00","og_image":[{"width":576,"height":1024,"url":"https:\/\/chasseurs5emeleger.fr\/wp-content\/uploads\/2025\/02\/IMG-20240923-WA0003.jpg","type":"image\/jpeg"}],"schema":{"@context":"https:\/\/schema.org","@graph":[{"@type":"WebPage","@id":"https:\/\/chasseurs5emeleger.fr\/index.php\/photos\/draguignan-22-septembre-2024\/","url":"https:\/\/chasseurs5emeleger.fr\/index.php\/photos\/draguignan-22-septembre-2024\/","name":"Draguignan - 22 Septembre 2024 &#8211; Chasseurs du 5\u00e8me R\u00e9giment d&#039;Infanterie L\u00e9g\u00e8re","isPartOf":{"@id":"https:\/\/chasseurs5emeleger.fr\/#website"},"primaryImageOfPage":{"@id":"https:\/\/chasseurs5emeleger.fr\/index.php\/photos\/draguignan-22-septembre-2024\/#primaryimage"},"image":{"@id":"https:\/\/chasseurs5emeleger.fr\/index.php\/photos\/draguignan-22-septembre-2024\/#primaryimage"},"thumbnailUrl":"https:\/\/chasseurs5emeleger.fr\/wp-content\/uploads\/2025\/02\/IMG-20240923-WA0003.jpg","datePublished":"2025-02-01T22:00:48+00:00","dateModified":"2025-02-01T22:17:34+00:00","breadcrumb":{"@id":"https:\/\/chasseurs5emeleger.fr\/index.php\/photos\/draguignan-22-septembre-2024\/#breadcrumb"},"inLanguage":"fr-FR","potentialAction":[{"@type":"ReadAction","target":["https:\/\/chasseurs5emeleger.fr\/index.php\/photos\/draguignan-22-septembre-2024\/"]}]},{"@type":"ImageObject","inLanguage":"fr-FR","@id":"https:\/\/chasseurs5emeleger.fr\/index.php\/photos\/draguignan-22-septembre-2024\/#primaryimage","url":"https:\/\/chasseurs5emeleger.fr\/wp-content\/uploads\/2025\/02\/IMG-20240923-WA0003.jpg","contentUrl":"https:\/\/chasseurs5emeleger.fr\/wp-content\/uploads\/2025\/02\/IMG-20240923-WA0003.jpg","width":576,"height":1024},{"@type":"BreadcrumbList","@id":"https:\/\/chasseurs5emeleger.fr\/index.php\/photos\/draguignan-22-septembre-2024\/#breadcrumb","itemListElement":[{"@type":"ListItem","position":1,"name":"Accueil","item":"https:\/\/chasseurs5emeleger.fr\/"},{"@type":"ListItem","position":2,"name":"Photos","item":"https:\/\/chasseurs5emeleger.fr\/index.php\/photos\/"},{"@type":"ListItem","position":3,"name":"Draguignan &#8211; 22 Septembre 2024"}]},{"@type":"WebSite","@id":"https:\/\/chasseurs5emeleger.fr\/#website","url":"https:\/\/chasseurs5emeleger.fr\/","name":"Chasseurs du 5\u00e8me R\u00e9giment d&#039;Infanterie L\u00e9g\u00e8re","description":"","publisher":{"@id":"https:\/\/chasseurs5emeleger.fr\/#organization"},"potentialAction":[{"@type":"SearchAction","target":{"@type":"EntryPoint","urlTemplate":"https:\/\/chasseurs5emeleger.fr\/?s={search_term_string}"},"query-input":{"@type":"PropertyValueSpecification","valueRequired":true,"valueName":"search_term_string"}}],"inLanguage":"fr-FR"},{"@type":"Organization","@id":"https:\/\/chasseurs5emeleger.fr\/#organization","name":"Chasseurs du 5\u00e8me R\u00e9giment d'infanterie l\u00e9g\u00e8re","url":"https:\/\/chasseurs5emeleger.fr\/","logo":{"@type":"ImageObject","inLanguage":"fr-FR","@id":"https:\/\/chasseurs5emeleger.fr\/#\/schema\/logo\/image\/","url":"https:\/\/chasseurs5emeleger.fr\/wp-content\/uploads\/2022\/04\/Logo-detoure-scaled.jpg","contentUrl":"https:\/\/chasseurs5emeleger.fr\/wp-content\/uploads\/2022\/04\/Logo-detoure-scaled.jpg","width":2438,"height":2560,"caption":"Chasseurs du 5\u00e8me R\u00e9giment d'infanterie l\u00e9g\u00e8re"},"image":{"@id":"https:\/\/chasseurs5emeleger.fr\/#\/schema\/logo\/image\/"},"sameAs":["https:\/\/www.facebook.com\/chasseurs.5emeleger\/"]}]}},"_links":{"self":[{"href":"https:\/\/chasseurs5emeleger.fr\/index.php\/wp-json\/wp\/v2\/pages\/5632","targetHints":{"allow":["GET"]}}],"collection":[{"href":"https:\/\/chasseurs5emeleger.fr\/index.php\/wp-json\/wp\/v2\/pages"}],"about":[{"href":"https:\/\/chasseurs5emeleger.fr\/index.php\/wp-json\/wp\/v2\/types\/page"}],"author":[{"embeddable":true,"href":"https:\/\/chasseurs5emeleger.fr\/index.php\/wp-json\/wp\/v2\/users\/2"}],"replies":[{"embeddable":true,"href":"https:\/\/chasseurs5emeleger.fr\/index.php\/wp-json\/wp\/v2\/comments?post=5632"}],"version-history":[{"count":4,"href":"https:\/\/chasseurs5emeleger.fr\/index.php\/wp-json\/wp\/v2\/pages\/5632\/revisions"}],"predecessor-version":[{"id":5679,"href":"https:\/\/chasseurs5emeleger.fr\/index.php\/wp-json\/wp\/v2\/pages\/5632\/revisions\/5679"}],"up":[{"embeddable":true,"href":"https:\/\/chasseurs5emeleger.fr\/index.php\/wp-json\/wp\/v2\/pages\/1057"}],"wp:attachment":[{"href":"https:\/\/chasseurs5emeleger.fr\/index.php\/wp-json\/wp\/v2\/media?parent=5632"}],"curies":[{"name":"wp","href":"https:\/\/api.w.org\/{rel}","templated":true}]}}