{"id":5718,"date":"2025-03-11T18:14:19","date_gmt":"2025-03-11T17:14:19","guid":{"rendered":"https:\/\/chasseurs5emeleger.fr\/?page_id=5718"},"modified":"2025-09-06T23:48:46","modified_gmt":"2025-09-06T21:48:46","slug":"nice-journees-imperiales-26-et-27-octobre-2025","status":"publish","type":"page","link":"https:\/\/chasseurs5emeleger.fr\/index.php\/photos\/nice-journees-imperiales-26-et-27-octobre-2025\/","title":{"rendered":"Nice &#8211; Journ\u00e9es Imp\u00e9riales &#8211; 26 et 27 Octobre 2024"},"content":{"rendered":"\n<p class=\"has-text-align-center has-text-color has-large-font-size\" style=\"color:#000794\">Nice (06), Journ\u00e9es Imp\u00e9riales,<\/p>\n\n\n\n<p class=\"has-text-align-center has-text-color has-large-font-size\" style=\"color:#000794\">26 et 27 Octobre<\/p>\n\n\n\n<figure class=\"wp-block-gallery has-nested-images columns-2 wp-block-gallery-1 is-layout-flex wp-block-gallery-is-layout-flex\">\n<figure class=\"wp-block-image size-large\"><img loading=\"lazy\" decoding=\"async\" width=\"1024\" height=\"768\" data-id=\"5728\" src=\"https:\/\/chasseurs5emeleger.fr\/wp-content\/uploads\/2025\/03\/Messenger_creation_809A233F-D171-4716-B9D3-C3F2EFD715C8.jpeg\" alt=\"\" class=\"wp-image-5728\" srcset=\"https:\/\/chasseurs5emeleger.fr\/wp-content\/uploads\/2025\/03\/Messenger_creation_809A233F-D171-4716-B9D3-C3F2EFD715C8.jpeg 1024w, https:\/\/chasseurs5emeleger.fr\/wp-content\/uploads\/2025\/03\/Messenger_creation_809A233F-D171-4716-B9D3-C3F2EFD715C8-300x225.jpeg 300w, https:\/\/chasseurs5emeleger.fr\/wp-content\/uploads\/2025\/03\/Messenger_creation_809A233F-D171-4716-B9D3-C3F2EFD715C8-768x576.jpeg 768w\" sizes=\"auto, (max-width: 1024px) 100vw, 1024px\" \/><\/figure>\n\n\n\n<figure class=\"wp-block-image size-large\"><img loading=\"lazy\" decoding=\"async\" width=\"875\" height=\"768\" data-id=\"5721\" src=\"https:\/\/chasseurs5emeleger.fr\/wp-content\/uploads\/2025\/03\/FB_IMG_1730490537166.jpg\" alt=\"\" class=\"wp-image-5721\" srcset=\"https:\/\/chasseurs5emeleger.fr\/wp-content\/uploads\/2025\/03\/FB_IMG_1730490537166.jpg 875w, https:\/\/chasseurs5emeleger.fr\/wp-content\/uploads\/2025\/03\/FB_IMG_1730490537166-300x263.jpg 300w, https:\/\/chasseurs5emeleger.fr\/wp-content\/uploads\/2025\/03\/FB_IMG_1730490537166-768x674.jpg 768w\" sizes=\"auto, (max-width: 875px) 100vw, 875px\" \/><\/figure>\n\n\n\n<figure class=\"wp-block-image size-large\"><img loading=\"lazy\" decoding=\"async\" width=\"1024\" height=\"768\" data-id=\"5724\" src=\"https:\/\/chasseurs5emeleger.fr\/wp-content\/uploads\/2025\/03\/FB_IMG_1730063241434.jpg\" alt=\"\" class=\"wp-image-5724\" srcset=\"https:\/\/chasseurs5emeleger.fr\/wp-content\/uploads\/2025\/03\/FB_IMG_1730063241434.jpg 1024w, https:\/\/chasseurs5emeleger.fr\/wp-content\/uploads\/2025\/03\/FB_IMG_1730063241434-300x225.jpg 300w, https:\/\/chasseurs5emeleger.fr\/wp-content\/uploads\/2025\/03\/FB_IMG_1730063241434-768x576.jpg 768w\" sizes=\"auto, (max-width: 1024px) 100vw, 1024px\" \/><\/figure>\n\n\n\n<figure class=\"wp-block-image size-large\"><img loading=\"lazy\" decoding=\"async\" width=\"962\" height=\"768\" data-id=\"5725\" src=\"https:\/\/chasseurs5emeleger.fr\/wp-content\/uploads\/2025\/03\/FB_IMG_1730490540033.jpg\" alt=\"\" class=\"wp-image-5725\" srcset=\"https:\/\/chasseurs5emeleger.fr\/wp-content\/uploads\/2025\/03\/FB_IMG_1730490540033.jpg 962w, https:\/\/chasseurs5emeleger.fr\/wp-content\/uploads\/2025\/03\/FB_IMG_1730490540033-300x240.jpg 300w, https:\/\/chasseurs5emeleger.fr\/wp-content\/uploads\/2025\/03\/FB_IMG_1730490540033-768x613.jpg 768w\" sizes=\"auto, (max-width: 962px) 100vw, 962px\" \/><\/figure>\n\n\n\n<figure class=\"wp-block-image size-large\"><img loading=\"lazy\" decoding=\"async\" width=\"768\" height=\"1024\" data-id=\"5720\" src=\"https:\/\/chasseurs5emeleger.fr\/wp-content\/uploads\/2025\/03\/FB_IMG_1730063250225.jpg\" alt=\"\" class=\"wp-image-5720\" srcset=\"https:\/\/chasseurs5emeleger.fr\/wp-content\/uploads\/2025\/03\/FB_IMG_1730063250225.jpg 768w, https:\/\/chasseurs5emeleger.fr\/wp-content\/uploads\/2025\/03\/FB_IMG_1730063250225-225x300.jpg 225w\" sizes=\"auto, (max-width: 768px) 100vw, 768px\" \/><\/figure>\n\n\n\n<figure class=\"wp-block-image size-large\"><img loading=\"lazy\" decoding=\"async\" width=\"480\" height=\"640\" data-id=\"5719\" src=\"https:\/\/chasseurs5emeleger.fr\/wp-content\/uploads\/2025\/03\/FB_IMG_1730490547562.jpg\" alt=\"\" class=\"wp-image-5719\" srcset=\"https:\/\/chasseurs5emeleger.fr\/wp-content\/uploads\/2025\/03\/FB_IMG_1730490547562.jpg 480w, https:\/\/chasseurs5emeleger.fr\/wp-content\/uploads\/2025\/03\/FB_IMG_1730490547562-225x300.jpg 225w\" sizes=\"auto, (max-width: 480px) 100vw, 480px\" \/><\/figure>\n\n\n\n<figure class=\"wp-block-image size-large\"><img loading=\"lazy\" decoding=\"async\" width=\"764\" height=\"1024\" data-id=\"5730\" src=\"https:\/\/chasseurs5emeleger.fr\/wp-content\/uploads\/2025\/03\/FB_IMG_1730490553533.jpg\" alt=\"\" class=\"wp-image-5730\" srcset=\"https:\/\/chasseurs5emeleger.fr\/wp-content\/uploads\/2025\/03\/FB_IMG_1730490553533.jpg 764w, https:\/\/chasseurs5emeleger.fr\/wp-content\/uploads\/2025\/03\/FB_IMG_1730490553533-224x300.jpg 224w\" sizes=\"auto, (max-width: 764px) 100vw, 764px\" \/><\/figure>\n\n\n\n<figure class=\"wp-block-image size-large\"><img loading=\"lazy\" decoding=\"async\" width=\"768\" height=\"1024\" data-id=\"5726\" src=\"https:\/\/chasseurs5emeleger.fr\/wp-content\/uploads\/2025\/03\/FB_IMG_1730490559016.jpg\" alt=\"\" class=\"wp-image-5726\" srcset=\"https:\/\/chasseurs5emeleger.fr\/wp-content\/uploads\/2025\/03\/FB_IMG_1730490559016.jpg 768w, https:\/\/chasseurs5emeleger.fr\/wp-content\/uploads\/2025\/03\/FB_IMG_1730490559016-225x300.jpg 225w\" sizes=\"auto, (max-width: 768px) 100vw, 768px\" \/><\/figure>\n\n\n\n<figure class=\"wp-block-image size-large\"><img loading=\"lazy\" decoding=\"async\" width=\"768\" height=\"1024\" data-id=\"5722\" src=\"https:\/\/chasseurs5emeleger.fr\/wp-content\/uploads\/2025\/03\/Messenger_creation_1ED00C81-3558-472A-A032-4E34804B85FA.jpeg\" alt=\"\" class=\"wp-image-5722\" srcset=\"https:\/\/chasseurs5emeleger.fr\/wp-content\/uploads\/2025\/03\/Messenger_creation_1ED00C81-3558-472A-A032-4E34804B85FA.jpeg 768w, https:\/\/chasseurs5emeleger.fr\/wp-content\/uploads\/2025\/03\/Messenger_creation_1ED00C81-3558-472A-A032-4E34804B85FA-225x300.jpeg 225w\" sizes=\"auto, (max-width: 768px) 100vw, 768px\" \/><\/figure>\n\n\n\n<figure class=\"wp-block-image size-large\"><img loading=\"lazy\" decoding=\"async\" width=\"768\" height=\"1024\" data-id=\"5723\" src=\"https:\/\/chasseurs5emeleger.fr\/wp-content\/uploads\/2025\/03\/Messenger_creation_F36A96D7-B303-4CC5-9788-E216D86412D0.jpeg\" alt=\"\" class=\"wp-image-5723\" srcset=\"https:\/\/chasseurs5emeleger.fr\/wp-content\/uploads\/2025\/03\/Messenger_creation_F36A96D7-B303-4CC5-9788-E216D86412D0.jpeg 768w, https:\/\/chasseurs5emeleger.fr\/wp-content\/uploads\/2025\/03\/Messenger_creation_F36A96D7-B303-4CC5-9788-E216D86412D0-225x300.jpeg 225w\" sizes=\"auto, (max-width: 768px) 100vw, 768px\" \/><\/figure>\n<\/figure>\n\n\n\n<p><\/p>\n","protected":false},"excerpt":{"rendered":"<p>Nice (06), Journ\u00e9es Imp\u00e9riales, 26 et 27 Octobre<\/p>\n","protected":false},"author":2,"featured_media":0,"parent":1057,"menu_order":0,"comment_status":"closed","ping_status":"closed","template":"","meta":{"footnotes":""},"class_list":["post-5718","page","type-page","status-publish","hentry"],"yoast_head":"<!-- This site is optimized with the Yoast SEO plugin v27.5 - https:\/\/yoast.com\/product\/yoast-seo-wordpress\/ -->\n<title>Nice - Journ\u00e9es Imp\u00e9riales - 26 et 27 Octobre 2024 &#8211; Chasseurs du 5\u00e8me R\u00e9giment d&#039;Infanterie L\u00e9g\u00e8re<\/title>\n<meta name=\"robots\" content=\"index, follow, max-snippet:-1, max-image-preview:large, max-video-preview:-1\" \/>\n<link rel=\"canonical\" href=\"https:\/\/chasseurs5emeleger.fr\/index.php\/photos\/nice-journees-imperiales-26-et-27-octobre-2025\/\" \/>\n<meta property=\"og:locale\" content=\"fr_FR\" \/>\n<meta property=\"og:type\" content=\"article\" \/>\n<meta property=\"og:title\" content=\"Nice - Journ\u00e9es Imp\u00e9riales - 26 et 27 Octobre 2024 &#8211; Chasseurs du 5\u00e8me R\u00e9giment d&#039;Infanterie L\u00e9g\u00e8re\" \/>\n<meta property=\"og:description\" content=\"Nice (06), Journ\u00e9es Imp\u00e9riales, 26 et 27 Octobre\" \/>\n<meta property=\"og:url\" content=\"https:\/\/chasseurs5emeleger.fr\/index.php\/photos\/nice-journees-imperiales-26-et-27-octobre-2025\/\" \/>\n<meta property=\"og:site_name\" content=\"Chasseurs du 5\u00e8me R\u00e9giment d&#039;Infanterie L\u00e9g\u00e8re\" \/>\n<meta property=\"article:publisher\" content=\"https:\/\/www.facebook.com\/chasseurs.5emeleger\/\" \/>\n<meta property=\"article:modified_time\" content=\"2025-09-06T21:48:46+00:00\" \/>\n<meta property=\"og:image\" content=\"https:\/\/chasseurs5emeleger.fr\/wp-content\/uploads\/2025\/03\/Messenger_creation_809A233F-D171-4716-B9D3-C3F2EFD715C8.jpeg\" \/>\n\t<meta property=\"og:image:width\" content=\"1024\" \/>\n\t<meta property=\"og:image:height\" content=\"768\" \/>\n\t<meta property=\"og:image:type\" content=\"image\/jpeg\" \/>\n<script type=\"application\/ld+json\" class=\"yoast-schema-graph\">{\"@context\":\"https:\\\/\\\/schema.org\",\"@graph\":[{\"@type\":\"WebPage\",\"@id\":\"https:\\\/\\\/chasseurs5emeleger.fr\\\/index.php\\\/photos\\\/nice-journees-imperiales-26-et-27-octobre-2025\\\/\",\"url\":\"https:\\\/\\\/chasseurs5emeleger.fr\\\/index.php\\\/photos\\\/nice-journees-imperiales-26-et-27-octobre-2025\\\/\",\"name\":\"Nice - Journ\u00e9es Imp\u00e9riales - 26 et 27 Octobre 2024 &#8211; Chasseurs du 5\u00e8me R\u00e9giment d&#039;Infanterie L\u00e9g\u00e8re\",\"isPartOf\":{\"@id\":\"https:\\\/\\\/chasseurs5emeleger.fr\\\/#website\"},\"primaryImageOfPage\":{\"@id\":\"https:\\\/\\\/chasseurs5emeleger.fr\\\/index.php\\\/photos\\\/nice-journees-imperiales-26-et-27-octobre-2025\\\/#primaryimage\"},\"image\":{\"@id\":\"https:\\\/\\\/chasseurs5emeleger.fr\\\/index.php\\\/photos\\\/nice-journees-imperiales-26-et-27-octobre-2025\\\/#primaryimage\"},\"thumbnailUrl\":\"https:\\\/\\\/chasseurs5emeleger.fr\\\/wp-content\\\/uploads\\\/2025\\\/03\\\/Messenger_creation_809A233F-D171-4716-B9D3-C3F2EFD715C8.jpeg\",\"datePublished\":\"2025-03-11T17:14:19+00:00\",\"dateModified\":\"2025-09-06T21:48:46+00:00\",\"breadcrumb\":{\"@id\":\"https:\\\/\\\/chasseurs5emeleger.fr\\\/index.php\\\/photos\\\/nice-journees-imperiales-26-et-27-octobre-2025\\\/#breadcrumb\"},\"inLanguage\":\"fr-FR\",\"potentialAction\":[{\"@type\":\"ReadAction\",\"target\":[\"https:\\\/\\\/chasseurs5emeleger.fr\\\/index.php\\\/photos\\\/nice-journees-imperiales-26-et-27-octobre-2025\\\/\"]}]},{\"@type\":\"ImageObject\",\"inLanguage\":\"fr-FR\",\"@id\":\"https:\\\/\\\/chasseurs5emeleger.fr\\\/index.php\\\/photos\\\/nice-journees-imperiales-26-et-27-octobre-2025\\\/#primaryimage\",\"url\":\"https:\\\/\\\/chasseurs5emeleger.fr\\\/wp-content\\\/uploads\\\/2025\\\/03\\\/Messenger_creation_809A233F-D171-4716-B9D3-C3F2EFD715C8.jpeg\",\"contentUrl\":\"https:\\\/\\\/chasseurs5emeleger.fr\\\/wp-content\\\/uploads\\\/2025\\\/03\\\/Messenger_creation_809A233F-D171-4716-B9D3-C3F2EFD715C8.jpeg\",\"width\":1024,\"height\":768},{\"@type\":\"BreadcrumbList\",\"@id\":\"https:\\\/\\\/chasseurs5emeleger.fr\\\/index.php\\\/photos\\\/nice-journees-imperiales-26-et-27-octobre-2025\\\/#breadcrumb\",\"itemListElement\":[{\"@type\":\"ListItem\",\"position\":1,\"name\":\"Accueil\",\"item\":\"https:\\\/\\\/chasseurs5emeleger.fr\\\/\"},{\"@type\":\"ListItem\",\"position\":2,\"name\":\"Photos\",\"item\":\"https:\\\/\\\/chasseurs5emeleger.fr\\\/index.php\\\/photos\\\/\"},{\"@type\":\"ListItem\",\"position\":3,\"name\":\"Nice &#8211; Journ\u00e9es Imp\u00e9riales &#8211; 26 et 27 Octobre 2024\"}]},{\"@type\":\"WebSite\",\"@id\":\"https:\\\/\\\/chasseurs5emeleger.fr\\\/#website\",\"url\":\"https:\\\/\\\/chasseurs5emeleger.fr\\\/\",\"name\":\"Chasseurs du 5\u00e8me R\u00e9giment d&#039;Infanterie L\u00e9g\u00e8re\",\"description\":\"\",\"publisher\":{\"@id\":\"https:\\\/\\\/chasseurs5emeleger.fr\\\/#organization\"},\"potentialAction\":[{\"@type\":\"SearchAction\",\"target\":{\"@type\":\"EntryPoint\",\"urlTemplate\":\"https:\\\/\\\/chasseurs5emeleger.fr\\\/?s={search_term_string}\"},\"query-input\":{\"@type\":\"PropertyValueSpecification\",\"valueRequired\":true,\"valueName\":\"search_term_string\"}}],\"inLanguage\":\"fr-FR\"},{\"@type\":\"Organization\",\"@id\":\"https:\\\/\\\/chasseurs5emeleger.fr\\\/#organization\",\"name\":\"Chasseurs du 5\u00e8me R\u00e9giment d'infanterie l\u00e9g\u00e8re\",\"url\":\"https:\\\/\\\/chasseurs5emeleger.fr\\\/\",\"logo\":{\"@type\":\"ImageObject\",\"inLanguage\":\"fr-FR\",\"@id\":\"https:\\\/\\\/chasseurs5emeleger.fr\\\/#\\\/schema\\\/logo\\\/image\\\/\",\"url\":\"https:\\\/\\\/chasseurs5emeleger.fr\\\/wp-content\\\/uploads\\\/2022\\\/04\\\/Logo-detoure-scaled.jpg\",\"contentUrl\":\"https:\\\/\\\/chasseurs5emeleger.fr\\\/wp-content\\\/uploads\\\/2022\\\/04\\\/Logo-detoure-scaled.jpg\",\"width\":2438,\"height\":2560,\"caption\":\"Chasseurs du 5\u00e8me R\u00e9giment d'infanterie l\u00e9g\u00e8re\"},\"image\":{\"@id\":\"https:\\\/\\\/chasseurs5emeleger.fr\\\/#\\\/schema\\\/logo\\\/image\\\/\"},\"sameAs\":[\"https:\\\/\\\/www.facebook.com\\\/chasseurs.5emeleger\\\/\"]}]}<\/script>\n<!-- \/ Yoast SEO plugin. -->","yoast_head_json":{"title":"Nice - Journ\u00e9es Imp\u00e9riales - 26 et 27 Octobre 2024 &#8211; Chasseurs du 5\u00e8me R\u00e9giment d&#039;Infanterie L\u00e9g\u00e8re","robots":{"index":"index","follow":"follow","max-snippet":"max-snippet:-1","max-image-preview":"max-image-preview:large","max-video-preview":"max-video-preview:-1"},"canonical":"https:\/\/chasseurs5emeleger.fr\/index.php\/photos\/nice-journees-imperiales-26-et-27-octobre-2025\/","og_locale":"fr_FR","og_type":"article","og_title":"Nice - Journ\u00e9es Imp\u00e9riales - 26 et 27 Octobre 2024 &#8211; Chasseurs du 5\u00e8me R\u00e9giment d&#039;Infanterie L\u00e9g\u00e8re","og_description":"Nice (06), Journ\u00e9es Imp\u00e9riales, 26 et 27 Octobre","og_url":"https:\/\/chasseurs5emeleger.fr\/index.php\/photos\/nice-journees-imperiales-26-et-27-octobre-2025\/","og_site_name":"Chasseurs du 5\u00e8me R\u00e9giment d&#039;Infanterie L\u00e9g\u00e8re","article_publisher":"https:\/\/www.facebook.com\/chasseurs.5emeleger\/","article_modified_time":"2025-09-06T21:48:46+00:00","og_image":[{"width":1024,"height":768,"url":"https:\/\/chasseurs5emeleger.fr\/wp-content\/uploads\/2025\/03\/Messenger_creation_809A233F-D171-4716-B9D3-C3F2EFD715C8.jpeg","type":"image\/jpeg"}],"schema":{"@context":"https:\/\/schema.org","@graph":[{"@type":"WebPage","@id":"https:\/\/chasseurs5emeleger.fr\/index.php\/photos\/nice-journees-imperiales-26-et-27-octobre-2025\/","url":"https:\/\/chasseurs5emeleger.fr\/index.php\/photos\/nice-journees-imperiales-26-et-27-octobre-2025\/","name":"Nice - Journ\u00e9es Imp\u00e9riales - 26 et 27 Octobre 2024 &#8211; Chasseurs du 5\u00e8me R\u00e9giment d&#039;Infanterie L\u00e9g\u00e8re","isPartOf":{"@id":"https:\/\/chasseurs5emeleger.fr\/#website"},"primaryImageOfPage":{"@id":"https:\/\/chasseurs5emeleger.fr\/index.php\/photos\/nice-journees-imperiales-26-et-27-octobre-2025\/#primaryimage"},"image":{"@id":"https:\/\/chasseurs5emeleger.fr\/index.php\/photos\/nice-journees-imperiales-26-et-27-octobre-2025\/#primaryimage"},"thumbnailUrl":"https:\/\/chasseurs5emeleger.fr\/wp-content\/uploads\/2025\/03\/Messenger_creation_809A233F-D171-4716-B9D3-C3F2EFD715C8.jpeg","datePublished":"2025-03-11T17:14:19+00:00","dateModified":"2025-09-06T21:48:46+00:00","breadcrumb":{"@id":"https:\/\/chasseurs5emeleger.fr\/index.php\/photos\/nice-journees-imperiales-26-et-27-octobre-2025\/#breadcrumb"},"inLanguage":"fr-FR","potentialAction":[{"@type":"ReadAction","target":["https:\/\/chasseurs5emeleger.fr\/index.php\/photos\/nice-journees-imperiales-26-et-27-octobre-2025\/"]}]},{"@type":"ImageObject","inLanguage":"fr-FR","@id":"https:\/\/chasseurs5emeleger.fr\/index.php\/photos\/nice-journees-imperiales-26-et-27-octobre-2025\/#primaryimage","url":"https:\/\/chasseurs5emeleger.fr\/wp-content\/uploads\/2025\/03\/Messenger_creation_809A233F-D171-4716-B9D3-C3F2EFD715C8.jpeg","contentUrl":"https:\/\/chasseurs5emeleger.fr\/wp-content\/uploads\/2025\/03\/Messenger_creation_809A233F-D171-4716-B9D3-C3F2EFD715C8.jpeg","width":1024,"height":768},{"@type":"BreadcrumbList","@id":"https:\/\/chasseurs5emeleger.fr\/index.php\/photos\/nice-journees-imperiales-26-et-27-octobre-2025\/#breadcrumb","itemListElement":[{"@type":"ListItem","position":1,"name":"Accueil","item":"https:\/\/chasseurs5emeleger.fr\/"},{"@type":"ListItem","position":2,"name":"Photos","item":"https:\/\/chasseurs5emeleger.fr\/index.php\/photos\/"},{"@type":"ListItem","position":3,"name":"Nice &#8211; Journ\u00e9es Imp\u00e9riales &#8211; 26 et 27 Octobre 2024"}]},{"@type":"WebSite","@id":"https:\/\/chasseurs5emeleger.fr\/#website","url":"https:\/\/chasseurs5emeleger.fr\/","name":"Chasseurs du 5\u00e8me R\u00e9giment d&#039;Infanterie L\u00e9g\u00e8re","description":"","publisher":{"@id":"https:\/\/chasseurs5emeleger.fr\/#organization"},"potentialAction":[{"@type":"SearchAction","target":{"@type":"EntryPoint","urlTemplate":"https:\/\/chasseurs5emeleger.fr\/?s={search_term_string}"},"query-input":{"@type":"PropertyValueSpecification","valueRequired":true,"valueName":"search_term_string"}}],"inLanguage":"fr-FR"},{"@type":"Organization","@id":"https:\/\/chasseurs5emeleger.fr\/#organization","name":"Chasseurs du 5\u00e8me R\u00e9giment d'infanterie l\u00e9g\u00e8re","url":"https:\/\/chasseurs5emeleger.fr\/","logo":{"@type":"ImageObject","inLanguage":"fr-FR","@id":"https:\/\/chasseurs5emeleger.fr\/#\/schema\/logo\/image\/","url":"https:\/\/chasseurs5emeleger.fr\/wp-content\/uploads\/2022\/04\/Logo-detoure-scaled.jpg","contentUrl":"https:\/\/chasseurs5emeleger.fr\/wp-content\/uploads\/2022\/04\/Logo-detoure-scaled.jpg","width":2438,"height":2560,"caption":"Chasseurs du 5\u00e8me R\u00e9giment d'infanterie l\u00e9g\u00e8re"},"image":{"@id":"https:\/\/chasseurs5emeleger.fr\/#\/schema\/logo\/image\/"},"sameAs":["https:\/\/www.facebook.com\/chasseurs.5emeleger\/"]}]}},"_links":{"self":[{"href":"https:\/\/chasseurs5emeleger.fr\/index.php\/wp-json\/wp\/v2\/pages\/5718","targetHints":{"allow":["GET"]}}],"collection":[{"href":"https:\/\/chasseurs5emeleger.fr\/index.php\/wp-json\/wp\/v2\/pages"}],"about":[{"href":"https:\/\/chasseurs5emeleger.fr\/index.php\/wp-json\/wp\/v2\/types\/page"}],"author":[{"embeddable":true,"href":"https:\/\/chasseurs5emeleger.fr\/index.php\/wp-json\/wp\/v2\/users\/2"}],"replies":[{"embeddable":true,"href":"https:\/\/chasseurs5emeleger.fr\/index.php\/wp-json\/wp\/v2\/comments?post=5718"}],"version-history":[{"count":2,"href":"https:\/\/chasseurs5emeleger.fr\/index.php\/wp-json\/wp\/v2\/pages\/5718\/revisions"}],"predecessor-version":[{"id":5887,"href":"https:\/\/chasseurs5emeleger.fr\/index.php\/wp-json\/wp\/v2\/pages\/5718\/revisions\/5887"}],"up":[{"embeddable":true,"href":"https:\/\/chasseurs5emeleger.fr\/index.php\/wp-json\/wp\/v2\/pages\/1057"}],"wp:attachment":[{"href":"https:\/\/chasseurs5emeleger.fr\/index.php\/wp-json\/wp\/v2\/media?parent=5718"}],"curies":[{"name":"wp","href":"https:\/\/api.w.org\/{rel}","templated":true}]}}