{"id":5848,"date":"2025-09-06T23:29:34","date_gmt":"2025-09-06T21:29:34","guid":{"rendered":"https:\/\/chasseurs5emeleger.fr\/?page_id=5848"},"modified":"2025-09-06T23:51:06","modified_gmt":"2025-09-06T21:51:06","slug":"frejus-nuit-des-musees-2025","status":"publish","type":"page","link":"https:\/\/chasseurs5emeleger.fr\/index.php\/photos\/frejus-nuit-des-musees-2025\/","title":{"rendered":"Fr\u00e9jus &#8211; Nuit des Mus\u00e9es 2025"},"content":{"rendered":"\n<p class=\"has-text-align-center has-text-color has-large-font-size\" style=\"color:#000794\">Fr\u00e9jus (83) &#8211; Nuit des Mus\u00e9es &#8211; 17 Mai<\/p>\n\n\n\n<p class=\"has-text-align-center has-text-color has-large-font-size\" style=\"color:#000794\">Mus\u00e9e des Troupes de Marine<\/p>\n\n\n\n<figure class=\"wp-block-gallery has-nested-images columns-2 wp-block-gallery-1 is-layout-flex wp-block-gallery-is-layout-flex\">\n<figure class=\"wp-block-image size-full\"><img loading=\"lazy\" decoding=\"async\" width=\"1024\" height=\"766\" data-id=\"5850\" src=\"https:\/\/chasseurs5emeleger.fr\/wp-content\/uploads\/2025\/09\/FB_IMG_1747595329932.jpg\" alt=\"\" class=\"wp-image-5850\" srcset=\"https:\/\/chasseurs5emeleger.fr\/wp-content\/uploads\/2025\/09\/FB_IMG_1747595329932.jpg 1024w, https:\/\/chasseurs5emeleger.fr\/wp-content\/uploads\/2025\/09\/FB_IMG_1747595329932-300x224.jpg 300w, https:\/\/chasseurs5emeleger.fr\/wp-content\/uploads\/2025\/09\/FB_IMG_1747595329932-768x575.jpg 768w\" sizes=\"auto, (max-width: 1024px) 100vw, 1024px\" \/><\/figure>\n\n\n\n<figure class=\"wp-block-image size-full\"><img loading=\"lazy\" decoding=\"async\" width=\"1024\" height=\"766\" data-id=\"5854\" src=\"https:\/\/chasseurs5emeleger.fr\/wp-content\/uploads\/2025\/09\/FB_IMG_1747595334016.jpg\" alt=\"\" class=\"wp-image-5854\" srcset=\"https:\/\/chasseurs5emeleger.fr\/wp-content\/uploads\/2025\/09\/FB_IMG_1747595334016.jpg 1024w, https:\/\/chasseurs5emeleger.fr\/wp-content\/uploads\/2025\/09\/FB_IMG_1747595334016-300x224.jpg 300w, https:\/\/chasseurs5emeleger.fr\/wp-content\/uploads\/2025\/09\/FB_IMG_1747595334016-768x575.jpg 768w\" sizes=\"auto, (max-width: 1024px) 100vw, 1024px\" \/><\/figure>\n\n\n\n<figure class=\"wp-block-image size-full\"><img loading=\"lazy\" decoding=\"async\" width=\"1024\" height=\"766\" data-id=\"5851\" src=\"https:\/\/chasseurs5emeleger.fr\/wp-content\/uploads\/2025\/09\/FB_IMG_1747595336780.jpg\" alt=\"\" class=\"wp-image-5851\" srcset=\"https:\/\/chasseurs5emeleger.fr\/wp-content\/uploads\/2025\/09\/FB_IMG_1747595336780.jpg 1024w, https:\/\/chasseurs5emeleger.fr\/wp-content\/uploads\/2025\/09\/FB_IMG_1747595336780-300x224.jpg 300w, https:\/\/chasseurs5emeleger.fr\/wp-content\/uploads\/2025\/09\/FB_IMG_1747595336780-768x575.jpg 768w\" sizes=\"auto, (max-width: 1024px) 100vw, 1024px\" \/><\/figure>\n\n\n\n<figure class=\"wp-block-image size-full\"><img loading=\"lazy\" decoding=\"async\" width=\"1024\" height=\"766\" data-id=\"5852\" src=\"https:\/\/chasseurs5emeleger.fr\/wp-content\/uploads\/2025\/09\/FB_IMG_1747595341247.jpg\" alt=\"\" class=\"wp-image-5852\" srcset=\"https:\/\/chasseurs5emeleger.fr\/wp-content\/uploads\/2025\/09\/FB_IMG_1747595341247.jpg 1024w, https:\/\/chasseurs5emeleger.fr\/wp-content\/uploads\/2025\/09\/FB_IMG_1747595341247-300x224.jpg 300w, https:\/\/chasseurs5emeleger.fr\/wp-content\/uploads\/2025\/09\/FB_IMG_1747595341247-768x575.jpg 768w\" sizes=\"auto, (max-width: 1024px) 100vw, 1024px\" \/><\/figure>\n\n\n\n<figure class=\"wp-block-image size-full\"><img loading=\"lazy\" decoding=\"async\" width=\"1024\" height=\"766\" data-id=\"5859\" src=\"https:\/\/chasseurs5emeleger.fr\/wp-content\/uploads\/2025\/09\/FB_IMG_1747595345029.jpg\" alt=\"\" class=\"wp-image-5859\" srcset=\"https:\/\/chasseurs5emeleger.fr\/wp-content\/uploads\/2025\/09\/FB_IMG_1747595345029.jpg 1024w, https:\/\/chasseurs5emeleger.fr\/wp-content\/uploads\/2025\/09\/FB_IMG_1747595345029-300x224.jpg 300w, https:\/\/chasseurs5emeleger.fr\/wp-content\/uploads\/2025\/09\/FB_IMG_1747595345029-768x575.jpg 768w\" sizes=\"auto, (max-width: 1024px) 100vw, 1024px\" \/><\/figure>\n\n\n\n<figure class=\"wp-block-image size-full\"><img loading=\"lazy\" decoding=\"async\" width=\"1024\" height=\"766\" data-id=\"5853\" src=\"https:\/\/chasseurs5emeleger.fr\/wp-content\/uploads\/2025\/09\/FB_IMG_1747595347940.jpg\" alt=\"\" class=\"wp-image-5853\" srcset=\"https:\/\/chasseurs5emeleger.fr\/wp-content\/uploads\/2025\/09\/FB_IMG_1747595347940.jpg 1024w, https:\/\/chasseurs5emeleger.fr\/wp-content\/uploads\/2025\/09\/FB_IMG_1747595347940-300x224.jpg 300w, https:\/\/chasseurs5emeleger.fr\/wp-content\/uploads\/2025\/09\/FB_IMG_1747595347940-768x575.jpg 768w\" sizes=\"auto, (max-width: 1024px) 100vw, 1024px\" \/><\/figure>\n\n\n\n<figure class=\"wp-block-image size-full\"><img loading=\"lazy\" decoding=\"async\" width=\"768\" height=\"1024\" data-id=\"5857\" src=\"https:\/\/chasseurs5emeleger.fr\/wp-content\/uploads\/2025\/09\/Messenger_creation_9C1022F8-41AD-4D94-9940-42A3F037E51E.jpeg\" alt=\"\" class=\"wp-image-5857\" srcset=\"https:\/\/chasseurs5emeleger.fr\/wp-content\/uploads\/2025\/09\/Messenger_creation_9C1022F8-41AD-4D94-9940-42A3F037E51E.jpeg 768w, https:\/\/chasseurs5emeleger.fr\/wp-content\/uploads\/2025\/09\/Messenger_creation_9C1022F8-41AD-4D94-9940-42A3F037E51E-225x300.jpeg 225w\" sizes=\"auto, (max-width: 768px) 100vw, 768px\" \/><\/figure>\n\n\n\n<figure class=\"wp-block-image size-full\"><img loading=\"lazy\" decoding=\"async\" width=\"768\" height=\"1024\" data-id=\"5858\" src=\"https:\/\/chasseurs5emeleger.fr\/wp-content\/uploads\/2025\/09\/Messenger_creation_19CE9EBF-713D-4516-BE31-9BDFDB5B3F74.jpeg\" alt=\"\" class=\"wp-image-5858\" srcset=\"https:\/\/chasseurs5emeleger.fr\/wp-content\/uploads\/2025\/09\/Messenger_creation_19CE9EBF-713D-4516-BE31-9BDFDB5B3F74.jpeg 768w, https:\/\/chasseurs5emeleger.fr\/wp-content\/uploads\/2025\/09\/Messenger_creation_19CE9EBF-713D-4516-BE31-9BDFDB5B3F74-225x300.jpeg 225w\" sizes=\"auto, (max-width: 768px) 100vw, 768px\" \/><\/figure>\n\n\n\n<figure class=\"wp-block-image size-full\"><img loading=\"lazy\" decoding=\"async\" width=\"649\" height=\"1024\" data-id=\"5856\" src=\"https:\/\/chasseurs5emeleger.fr\/wp-content\/uploads\/2025\/09\/Messenger_creation_893BC77A-F65F-4F21-8BBE-2275A35F75AA.jpeg\" alt=\"\" class=\"wp-image-5856\" srcset=\"https:\/\/chasseurs5emeleger.fr\/wp-content\/uploads\/2025\/09\/Messenger_creation_893BC77A-F65F-4F21-8BBE-2275A35F75AA.jpeg 649w, https:\/\/chasseurs5emeleger.fr\/wp-content\/uploads\/2025\/09\/Messenger_creation_893BC77A-F65F-4F21-8BBE-2275A35F75AA-190x300.jpeg 190w\" sizes=\"auto, (max-width: 649px) 100vw, 649px\" \/><\/figure>\n\n\n\n<figure class=\"wp-block-image size-full\"><img loading=\"lazy\" decoding=\"async\" width=\"1024\" height=\"766\" data-id=\"5855\" src=\"https:\/\/chasseurs5emeleger.fr\/wp-content\/uploads\/2025\/09\/FB_IMG_1747595350820.jpg\" alt=\"\" class=\"wp-image-5855\" srcset=\"https:\/\/chasseurs5emeleger.fr\/wp-content\/uploads\/2025\/09\/FB_IMG_1747595350820.jpg 1024w, https:\/\/chasseurs5emeleger.fr\/wp-content\/uploads\/2025\/09\/FB_IMG_1747595350820-300x224.jpg 300w, https:\/\/chasseurs5emeleger.fr\/wp-content\/uploads\/2025\/09\/FB_IMG_1747595350820-768x575.jpg 768w\" sizes=\"auto, (max-width: 1024px) 100vw, 1024px\" \/><\/figure>\n<\/figure>\n","protected":false},"excerpt":{"rendered":"<p>Fr\u00e9jus (83) &#8211; Nuit des Mus\u00e9es &#8211; 17 Mai Mus\u00e9e des Troupes de Marine<\/p>\n","protected":false},"author":2,"featured_media":0,"parent":1057,"menu_order":0,"comment_status":"closed","ping_status":"closed","template":"","meta":{"footnotes":""},"class_list":["post-5848","page","type-page","status-publish","hentry"],"yoast_head":"<!-- This site is optimized with the Yoast SEO plugin v27.5 - https:\/\/yoast.com\/product\/yoast-seo-wordpress\/ -->\n<title>Fr\u00e9jus - Nuit des Mus\u00e9es 2025 &#8211; Chasseurs du 5\u00e8me R\u00e9giment d&#039;Infanterie L\u00e9g\u00e8re<\/title>\n<meta name=\"robots\" content=\"index, follow, max-snippet:-1, max-image-preview:large, max-video-preview:-1\" \/>\n<link rel=\"canonical\" href=\"https:\/\/chasseurs5emeleger.fr\/index.php\/photos\/frejus-nuit-des-musees-2025\/\" \/>\n<meta property=\"og:locale\" content=\"fr_FR\" \/>\n<meta property=\"og:type\" content=\"article\" \/>\n<meta property=\"og:title\" content=\"Fr\u00e9jus - Nuit des Mus\u00e9es 2025 &#8211; Chasseurs du 5\u00e8me R\u00e9giment d&#039;Infanterie L\u00e9g\u00e8re\" \/>\n<meta property=\"og:description\" content=\"Fr\u00e9jus (83) &#8211; Nuit des Mus\u00e9es &#8211; 17 Mai Mus\u00e9e des Troupes de Marine\" \/>\n<meta property=\"og:url\" content=\"https:\/\/chasseurs5emeleger.fr\/index.php\/photos\/frejus-nuit-des-musees-2025\/\" \/>\n<meta property=\"og:site_name\" content=\"Chasseurs du 5\u00e8me R\u00e9giment d&#039;Infanterie L\u00e9g\u00e8re\" \/>\n<meta property=\"article:publisher\" content=\"https:\/\/www.facebook.com\/chasseurs.5emeleger\/\" \/>\n<meta property=\"article:modified_time\" content=\"2025-09-06T21:51:06+00:00\" \/>\n<meta property=\"og:image\" content=\"https:\/\/chasseurs5emeleger.fr\/wp-content\/uploads\/2025\/09\/FB_IMG_1747595329932.jpg\" \/>\n\t<meta property=\"og:image:width\" content=\"1024\" \/>\n\t<meta property=\"og:image:height\" content=\"766\" \/>\n\t<meta property=\"og:image:type\" content=\"image\/jpeg\" \/>\n<script type=\"application\/ld+json\" class=\"yoast-schema-graph\">{\"@context\":\"https:\\\/\\\/schema.org\",\"@graph\":[{\"@type\":\"WebPage\",\"@id\":\"https:\\\/\\\/chasseurs5emeleger.fr\\\/index.php\\\/photos\\\/frejus-nuit-des-musees-2025\\\/\",\"url\":\"https:\\\/\\\/chasseurs5emeleger.fr\\\/index.php\\\/photos\\\/frejus-nuit-des-musees-2025\\\/\",\"name\":\"Fr\u00e9jus - Nuit des Mus\u00e9es 2025 &#8211; Chasseurs du 5\u00e8me R\u00e9giment d&#039;Infanterie L\u00e9g\u00e8re\",\"isPartOf\":{\"@id\":\"https:\\\/\\\/chasseurs5emeleger.fr\\\/#website\"},\"primaryImageOfPage\":{\"@id\":\"https:\\\/\\\/chasseurs5emeleger.fr\\\/index.php\\\/photos\\\/frejus-nuit-des-musees-2025\\\/#primaryimage\"},\"image\":{\"@id\":\"https:\\\/\\\/chasseurs5emeleger.fr\\\/index.php\\\/photos\\\/frejus-nuit-des-musees-2025\\\/#primaryimage\"},\"thumbnailUrl\":\"https:\\\/\\\/chasseurs5emeleger.fr\\\/wp-content\\\/uploads\\\/2025\\\/09\\\/FB_IMG_1747595329932.jpg\",\"datePublished\":\"2025-09-06T21:29:34+00:00\",\"dateModified\":\"2025-09-06T21:51:06+00:00\",\"breadcrumb\":{\"@id\":\"https:\\\/\\\/chasseurs5emeleger.fr\\\/index.php\\\/photos\\\/frejus-nuit-des-musees-2025\\\/#breadcrumb\"},\"inLanguage\":\"fr-FR\",\"potentialAction\":[{\"@type\":\"ReadAction\",\"target\":[\"https:\\\/\\\/chasseurs5emeleger.fr\\\/index.php\\\/photos\\\/frejus-nuit-des-musees-2025\\\/\"]}]},{\"@type\":\"ImageObject\",\"inLanguage\":\"fr-FR\",\"@id\":\"https:\\\/\\\/chasseurs5emeleger.fr\\\/index.php\\\/photos\\\/frejus-nuit-des-musees-2025\\\/#primaryimage\",\"url\":\"https:\\\/\\\/chasseurs5emeleger.fr\\\/wp-content\\\/uploads\\\/2025\\\/09\\\/FB_IMG_1747595329932.jpg\",\"contentUrl\":\"https:\\\/\\\/chasseurs5emeleger.fr\\\/wp-content\\\/uploads\\\/2025\\\/09\\\/FB_IMG_1747595329932.jpg\",\"width\":1024,\"height\":766},{\"@type\":\"BreadcrumbList\",\"@id\":\"https:\\\/\\\/chasseurs5emeleger.fr\\\/index.php\\\/photos\\\/frejus-nuit-des-musees-2025\\\/#breadcrumb\",\"itemListElement\":[{\"@type\":\"ListItem\",\"position\":1,\"name\":\"Accueil\",\"item\":\"https:\\\/\\\/chasseurs5emeleger.fr\\\/\"},{\"@type\":\"ListItem\",\"position\":2,\"name\":\"Photos\",\"item\":\"https:\\\/\\\/chasseurs5emeleger.fr\\\/index.php\\\/photos\\\/\"},{\"@type\":\"ListItem\",\"position\":3,\"name\":\"Fr\u00e9jus &#8211; Nuit des Mus\u00e9es 2025\"}]},{\"@type\":\"WebSite\",\"@id\":\"https:\\\/\\\/chasseurs5emeleger.fr\\\/#website\",\"url\":\"https:\\\/\\\/chasseurs5emeleger.fr\\\/\",\"name\":\"Chasseurs du 5\u00e8me R\u00e9giment d&#039;Infanterie L\u00e9g\u00e8re\",\"description\":\"\",\"publisher\":{\"@id\":\"https:\\\/\\\/chasseurs5emeleger.fr\\\/#organization\"},\"potentialAction\":[{\"@type\":\"SearchAction\",\"target\":{\"@type\":\"EntryPoint\",\"urlTemplate\":\"https:\\\/\\\/chasseurs5emeleger.fr\\\/?s={search_term_string}\"},\"query-input\":{\"@type\":\"PropertyValueSpecification\",\"valueRequired\":true,\"valueName\":\"search_term_string\"}}],\"inLanguage\":\"fr-FR\"},{\"@type\":\"Organization\",\"@id\":\"https:\\\/\\\/chasseurs5emeleger.fr\\\/#organization\",\"name\":\"Chasseurs du 5\u00e8me R\u00e9giment d'infanterie l\u00e9g\u00e8re\",\"url\":\"https:\\\/\\\/chasseurs5emeleger.fr\\\/\",\"logo\":{\"@type\":\"ImageObject\",\"inLanguage\":\"fr-FR\",\"@id\":\"https:\\\/\\\/chasseurs5emeleger.fr\\\/#\\\/schema\\\/logo\\\/image\\\/\",\"url\":\"https:\\\/\\\/chasseurs5emeleger.fr\\\/wp-content\\\/uploads\\\/2022\\\/04\\\/Logo-detoure-scaled.jpg\",\"contentUrl\":\"https:\\\/\\\/chasseurs5emeleger.fr\\\/wp-content\\\/uploads\\\/2022\\\/04\\\/Logo-detoure-scaled.jpg\",\"width\":2438,\"height\":2560,\"caption\":\"Chasseurs du 5\u00e8me R\u00e9giment d'infanterie l\u00e9g\u00e8re\"},\"image\":{\"@id\":\"https:\\\/\\\/chasseurs5emeleger.fr\\\/#\\\/schema\\\/logo\\\/image\\\/\"},\"sameAs\":[\"https:\\\/\\\/www.facebook.com\\\/chasseurs.5emeleger\\\/\"]}]}<\/script>\n<!-- \/ Yoast SEO plugin. -->","yoast_head_json":{"title":"Fr\u00e9jus - Nuit des Mus\u00e9es 2025 &#8211; Chasseurs du 5\u00e8me R\u00e9giment d&#039;Infanterie L\u00e9g\u00e8re","robots":{"index":"index","follow":"follow","max-snippet":"max-snippet:-1","max-image-preview":"max-image-preview:large","max-video-preview":"max-video-preview:-1"},"canonical":"https:\/\/chasseurs5emeleger.fr\/index.php\/photos\/frejus-nuit-des-musees-2025\/","og_locale":"fr_FR","og_type":"article","og_title":"Fr\u00e9jus - Nuit des Mus\u00e9es 2025 &#8211; Chasseurs du 5\u00e8me R\u00e9giment d&#039;Infanterie L\u00e9g\u00e8re","og_description":"Fr\u00e9jus (83) &#8211; Nuit des Mus\u00e9es &#8211; 17 Mai Mus\u00e9e des Troupes de Marine","og_url":"https:\/\/chasseurs5emeleger.fr\/index.php\/photos\/frejus-nuit-des-musees-2025\/","og_site_name":"Chasseurs du 5\u00e8me R\u00e9giment d&#039;Infanterie L\u00e9g\u00e8re","article_publisher":"https:\/\/www.facebook.com\/chasseurs.5emeleger\/","article_modified_time":"2025-09-06T21:51:06+00:00","og_image":[{"width":1024,"height":766,"url":"https:\/\/chasseurs5emeleger.fr\/wp-content\/uploads\/2025\/09\/FB_IMG_1747595329932.jpg","type":"image\/jpeg"}],"schema":{"@context":"https:\/\/schema.org","@graph":[{"@type":"WebPage","@id":"https:\/\/chasseurs5emeleger.fr\/index.php\/photos\/frejus-nuit-des-musees-2025\/","url":"https:\/\/chasseurs5emeleger.fr\/index.php\/photos\/frejus-nuit-des-musees-2025\/","name":"Fr\u00e9jus - Nuit des Mus\u00e9es 2025 &#8211; Chasseurs du 5\u00e8me R\u00e9giment d&#039;Infanterie L\u00e9g\u00e8re","isPartOf":{"@id":"https:\/\/chasseurs5emeleger.fr\/#website"},"primaryImageOfPage":{"@id":"https:\/\/chasseurs5emeleger.fr\/index.php\/photos\/frejus-nuit-des-musees-2025\/#primaryimage"},"image":{"@id":"https:\/\/chasseurs5emeleger.fr\/index.php\/photos\/frejus-nuit-des-musees-2025\/#primaryimage"},"thumbnailUrl":"https:\/\/chasseurs5emeleger.fr\/wp-content\/uploads\/2025\/09\/FB_IMG_1747595329932.jpg","datePublished":"2025-09-06T21:29:34+00:00","dateModified":"2025-09-06T21:51:06+00:00","breadcrumb":{"@id":"https:\/\/chasseurs5emeleger.fr\/index.php\/photos\/frejus-nuit-des-musees-2025\/#breadcrumb"},"inLanguage":"fr-FR","potentialAction":[{"@type":"ReadAction","target":["https:\/\/chasseurs5emeleger.fr\/index.php\/photos\/frejus-nuit-des-musees-2025\/"]}]},{"@type":"ImageObject","inLanguage":"fr-FR","@id":"https:\/\/chasseurs5emeleger.fr\/index.php\/photos\/frejus-nuit-des-musees-2025\/#primaryimage","url":"https:\/\/chasseurs5emeleger.fr\/wp-content\/uploads\/2025\/09\/FB_IMG_1747595329932.jpg","contentUrl":"https:\/\/chasseurs5emeleger.fr\/wp-content\/uploads\/2025\/09\/FB_IMG_1747595329932.jpg","width":1024,"height":766},{"@type":"BreadcrumbList","@id":"https:\/\/chasseurs5emeleger.fr\/index.php\/photos\/frejus-nuit-des-musees-2025\/#breadcrumb","itemListElement":[{"@type":"ListItem","position":1,"name":"Accueil","item":"https:\/\/chasseurs5emeleger.fr\/"},{"@type":"ListItem","position":2,"name":"Photos","item":"https:\/\/chasseurs5emeleger.fr\/index.php\/photos\/"},{"@type":"ListItem","position":3,"name":"Fr\u00e9jus &#8211; Nuit des Mus\u00e9es 2025"}]},{"@type":"WebSite","@id":"https:\/\/chasseurs5emeleger.fr\/#website","url":"https:\/\/chasseurs5emeleger.fr\/","name":"Chasseurs du 5\u00e8me R\u00e9giment d&#039;Infanterie L\u00e9g\u00e8re","description":"","publisher":{"@id":"https:\/\/chasseurs5emeleger.fr\/#organization"},"potentialAction":[{"@type":"SearchAction","target":{"@type":"EntryPoint","urlTemplate":"https:\/\/chasseurs5emeleger.fr\/?s={search_term_string}"},"query-input":{"@type":"PropertyValueSpecification","valueRequired":true,"valueName":"search_term_string"}}],"inLanguage":"fr-FR"},{"@type":"Organization","@id":"https:\/\/chasseurs5emeleger.fr\/#organization","name":"Chasseurs du 5\u00e8me R\u00e9giment d'infanterie l\u00e9g\u00e8re","url":"https:\/\/chasseurs5emeleger.fr\/","logo":{"@type":"ImageObject","inLanguage":"fr-FR","@id":"https:\/\/chasseurs5emeleger.fr\/#\/schema\/logo\/image\/","url":"https:\/\/chasseurs5emeleger.fr\/wp-content\/uploads\/2022\/04\/Logo-detoure-scaled.jpg","contentUrl":"https:\/\/chasseurs5emeleger.fr\/wp-content\/uploads\/2022\/04\/Logo-detoure-scaled.jpg","width":2438,"height":2560,"caption":"Chasseurs du 5\u00e8me R\u00e9giment d'infanterie l\u00e9g\u00e8re"},"image":{"@id":"https:\/\/chasseurs5emeleger.fr\/#\/schema\/logo\/image\/"},"sameAs":["https:\/\/www.facebook.com\/chasseurs.5emeleger\/"]}]}},"_links":{"self":[{"href":"https:\/\/chasseurs5emeleger.fr\/index.php\/wp-json\/wp\/v2\/pages\/5848","targetHints":{"allow":["GET"]}}],"collection":[{"href":"https:\/\/chasseurs5emeleger.fr\/index.php\/wp-json\/wp\/v2\/pages"}],"about":[{"href":"https:\/\/chasseurs5emeleger.fr\/index.php\/wp-json\/wp\/v2\/types\/page"}],"author":[{"embeddable":true,"href":"https:\/\/chasseurs5emeleger.fr\/index.php\/wp-json\/wp\/v2\/users\/2"}],"replies":[{"embeddable":true,"href":"https:\/\/chasseurs5emeleger.fr\/index.php\/wp-json\/wp\/v2\/comments?post=5848"}],"version-history":[{"count":3,"href":"https:\/\/chasseurs5emeleger.fr\/index.php\/wp-json\/wp\/v2\/pages\/5848\/revisions"}],"predecessor-version":[{"id":5888,"href":"https:\/\/chasseurs5emeleger.fr\/index.php\/wp-json\/wp\/v2\/pages\/5848\/revisions\/5888"}],"up":[{"embeddable":true,"href":"https:\/\/chasseurs5emeleger.fr\/index.php\/wp-json\/wp\/v2\/pages\/1057"}],"wp:attachment":[{"href":"https:\/\/chasseurs5emeleger.fr\/index.php\/wp-json\/wp\/v2\/media?parent=5848"}],"curies":[{"name":"wp","href":"https:\/\/api.w.org\/{rel}","templated":true}]}}