{"id":5861,"date":"2025-09-06T23:37:48","date_gmt":"2025-09-06T21:37:48","guid":{"rendered":"https:\/\/chasseurs5emeleger.fr\/?page_id=5861"},"modified":"2025-09-06T23:47:06","modified_gmt":"2025-09-06T21:47:06","slug":"grasse-tournage-musee-immersif-2025","status":"publish","type":"page","link":"https:\/\/chasseurs5emeleger.fr\/index.php\/photos\/grasse-tournage-musee-immersif-2025\/","title":{"rendered":"Grasse &#8211; Tournage mus\u00e9e immersif &#8211; 2025"},"content":{"rendered":"\n<p><\/p>\n\n\n\n<p class=\"has-text-align-center has-text-color has-large-font-size\" style=\"color:#000794\">Grasse (06) &#8211; Tournage mus\u00e9e immersif &#8211; 21 Septembre<\/p>\n\n\n\n<figure class=\"wp-block-gallery has-nested-images columns-2 wp-block-gallery-1 is-layout-flex wp-block-gallery-is-layout-flex\">\n<figure class=\"wp-block-image size-full\"><img loading=\"lazy\" decoding=\"async\" width=\"886\" height=\"664\" data-id=\"5863\" src=\"https:\/\/chasseurs5emeleger.fr\/wp-content\/uploads\/2025\/09\/FB_IMG_1750704998324.jpg\" alt=\"\" class=\"wp-image-5863\" srcset=\"https:\/\/chasseurs5emeleger.fr\/wp-content\/uploads\/2025\/09\/FB_IMG_1750704998324.jpg 886w, https:\/\/chasseurs5emeleger.fr\/wp-content\/uploads\/2025\/09\/FB_IMG_1750704998324-300x225.jpg 300w, https:\/\/chasseurs5emeleger.fr\/wp-content\/uploads\/2025\/09\/FB_IMG_1750704998324-768x576.jpg 768w\" sizes=\"auto, (max-width: 886px) 100vw, 886px\" \/><\/figure>\n\n\n\n<figure class=\"wp-block-image size-full\"><img loading=\"lazy\" decoding=\"async\" width=\"886\" height=\"664\" data-id=\"5865\" src=\"https:\/\/chasseurs5emeleger.fr\/wp-content\/uploads\/2025\/09\/FB_IMG_1750705000751.jpg\" alt=\"\" class=\"wp-image-5865\" srcset=\"https:\/\/chasseurs5emeleger.fr\/wp-content\/uploads\/2025\/09\/FB_IMG_1750705000751.jpg 886w, https:\/\/chasseurs5emeleger.fr\/wp-content\/uploads\/2025\/09\/FB_IMG_1750705000751-300x225.jpg 300w, https:\/\/chasseurs5emeleger.fr\/wp-content\/uploads\/2025\/09\/FB_IMG_1750705000751-768x576.jpg 768w\" sizes=\"auto, (max-width: 886px) 100vw, 886px\" \/><\/figure>\n\n\n\n<figure class=\"wp-block-image size-full\"><img loading=\"lazy\" decoding=\"async\" width=\"886\" height=\"664\" data-id=\"5862\" src=\"https:\/\/chasseurs5emeleger.fr\/wp-content\/uploads\/2025\/09\/FB_IMG_1750705004563.jpg\" alt=\"\" class=\"wp-image-5862\" srcset=\"https:\/\/chasseurs5emeleger.fr\/wp-content\/uploads\/2025\/09\/FB_IMG_1750705004563.jpg 886w, https:\/\/chasseurs5emeleger.fr\/wp-content\/uploads\/2025\/09\/FB_IMG_1750705004563-300x225.jpg 300w, https:\/\/chasseurs5emeleger.fr\/wp-content\/uploads\/2025\/09\/FB_IMG_1750705004563-768x576.jpg 768w\" sizes=\"auto, (max-width: 886px) 100vw, 886px\" \/><\/figure>\n\n\n\n<figure class=\"wp-block-image size-full\"><img loading=\"lazy\" decoding=\"async\" width=\"886\" height=\"664\" data-id=\"5866\" src=\"https:\/\/chasseurs5emeleger.fr\/wp-content\/uploads\/2025\/09\/FB_IMG_1750705007382.jpg\" alt=\"\" class=\"wp-image-5866\" srcset=\"https:\/\/chasseurs5emeleger.fr\/wp-content\/uploads\/2025\/09\/FB_IMG_1750705007382.jpg 886w, https:\/\/chasseurs5emeleger.fr\/wp-content\/uploads\/2025\/09\/FB_IMG_1750705007382-300x225.jpg 300w, https:\/\/chasseurs5emeleger.fr\/wp-content\/uploads\/2025\/09\/FB_IMG_1750705007382-768x576.jpg 768w\" sizes=\"auto, (max-width: 886px) 100vw, 886px\" \/><\/figure>\n\n\n\n<figure class=\"wp-block-image size-full\"><img loading=\"lazy\" decoding=\"async\" width=\"886\" height=\"664\" data-id=\"5869\" src=\"https:\/\/chasseurs5emeleger.fr\/wp-content\/uploads\/2025\/09\/FB_IMG_1750705012540.jpg\" alt=\"\" class=\"wp-image-5869\" srcset=\"https:\/\/chasseurs5emeleger.fr\/wp-content\/uploads\/2025\/09\/FB_IMG_1750705012540.jpg 886w, https:\/\/chasseurs5emeleger.fr\/wp-content\/uploads\/2025\/09\/FB_IMG_1750705012540-300x225.jpg 300w, https:\/\/chasseurs5emeleger.fr\/wp-content\/uploads\/2025\/09\/FB_IMG_1750705012540-768x576.jpg 768w\" sizes=\"auto, (max-width: 886px) 100vw, 886px\" \/><\/figure>\n\n\n\n<figure class=\"wp-block-image size-full\"><img loading=\"lazy\" decoding=\"async\" width=\"886\" height=\"664\" data-id=\"5874\" src=\"https:\/\/chasseurs5emeleger.fr\/wp-content\/uploads\/2025\/09\/FB_IMG_1750705015092.jpg\" alt=\"\" class=\"wp-image-5874\" srcset=\"https:\/\/chasseurs5emeleger.fr\/wp-content\/uploads\/2025\/09\/FB_IMG_1750705015092.jpg 886w, https:\/\/chasseurs5emeleger.fr\/wp-content\/uploads\/2025\/09\/FB_IMG_1750705015092-300x225.jpg 300w, https:\/\/chasseurs5emeleger.fr\/wp-content\/uploads\/2025\/09\/FB_IMG_1750705015092-768x576.jpg 768w\" sizes=\"auto, (max-width: 886px) 100vw, 886px\" \/><\/figure>\n\n\n\n<figure class=\"wp-block-image size-full\"><img loading=\"lazy\" decoding=\"async\" width=\"886\" height=\"664\" data-id=\"5864\" src=\"https:\/\/chasseurs5emeleger.fr\/wp-content\/uploads\/2025\/09\/FB_IMG_1750825613592.jpg\" alt=\"\" class=\"wp-image-5864\" srcset=\"https:\/\/chasseurs5emeleger.fr\/wp-content\/uploads\/2025\/09\/FB_IMG_1750825613592.jpg 886w, https:\/\/chasseurs5emeleger.fr\/wp-content\/uploads\/2025\/09\/FB_IMG_1750825613592-300x225.jpg 300w, https:\/\/chasseurs5emeleger.fr\/wp-content\/uploads\/2025\/09\/FB_IMG_1750825613592-768x576.jpg 768w\" sizes=\"auto, (max-width: 886px) 100vw, 886px\" \/><\/figure>\n\n\n\n<figure class=\"wp-block-image size-full\"><img loading=\"lazy\" decoding=\"async\" width=\"886\" height=\"664\" data-id=\"5867\" src=\"https:\/\/chasseurs5emeleger.fr\/wp-content\/uploads\/2025\/09\/FB_IMG_1750825647138.jpg\" alt=\"\" class=\"wp-image-5867\" srcset=\"https:\/\/chasseurs5emeleger.fr\/wp-content\/uploads\/2025\/09\/FB_IMG_1750825647138.jpg 886w, https:\/\/chasseurs5emeleger.fr\/wp-content\/uploads\/2025\/09\/FB_IMG_1750825647138-300x225.jpg 300w, https:\/\/chasseurs5emeleger.fr\/wp-content\/uploads\/2025\/09\/FB_IMG_1750825647138-768x576.jpg 768w\" sizes=\"auto, (max-width: 886px) 100vw, 886px\" \/><\/figure>\n\n\n\n<figure class=\"wp-block-image size-full\"><img loading=\"lazy\" decoding=\"async\" width=\"886\" height=\"664\" data-id=\"5873\" src=\"https:\/\/chasseurs5emeleger.fr\/wp-content\/uploads\/2025\/09\/FB_IMG_1750825652179.jpg\" alt=\"\" class=\"wp-image-5873\" srcset=\"https:\/\/chasseurs5emeleger.fr\/wp-content\/uploads\/2025\/09\/FB_IMG_1750825652179.jpg 886w, https:\/\/chasseurs5emeleger.fr\/wp-content\/uploads\/2025\/09\/FB_IMG_1750825652179-300x225.jpg 300w, https:\/\/chasseurs5emeleger.fr\/wp-content\/uploads\/2025\/09\/FB_IMG_1750825652179-768x576.jpg 768w\" sizes=\"auto, (max-width: 886px) 100vw, 886px\" \/><\/figure>\n\n\n\n<figure class=\"wp-block-image size-full\"><img loading=\"lazy\" decoding=\"async\" width=\"886\" height=\"664\" data-id=\"5876\" src=\"https:\/\/chasseurs5emeleger.fr\/wp-content\/uploads\/2025\/09\/FB_IMG_1750825657432.jpg\" alt=\"\" class=\"wp-image-5876\" srcset=\"https:\/\/chasseurs5emeleger.fr\/wp-content\/uploads\/2025\/09\/FB_IMG_1750825657432.jpg 886w, https:\/\/chasseurs5emeleger.fr\/wp-content\/uploads\/2025\/09\/FB_IMG_1750825657432-300x225.jpg 300w, https:\/\/chasseurs5emeleger.fr\/wp-content\/uploads\/2025\/09\/FB_IMG_1750825657432-768x576.jpg 768w\" sizes=\"auto, (max-width: 886px) 100vw, 886px\" \/><\/figure>\n\n\n\n<figure class=\"wp-block-image size-full\"><img loading=\"lazy\" decoding=\"async\" width=\"886\" height=\"664\" data-id=\"5877\" src=\"https:\/\/chasseurs5emeleger.fr\/wp-content\/uploads\/2025\/09\/FB_IMG_1750825662158.jpg\" alt=\"\" class=\"wp-image-5877\" srcset=\"https:\/\/chasseurs5emeleger.fr\/wp-content\/uploads\/2025\/09\/FB_IMG_1750825662158.jpg 886w, https:\/\/chasseurs5emeleger.fr\/wp-content\/uploads\/2025\/09\/FB_IMG_1750825662158-300x225.jpg 300w, https:\/\/chasseurs5emeleger.fr\/wp-content\/uploads\/2025\/09\/FB_IMG_1750825662158-768x576.jpg 768w\" sizes=\"auto, (max-width: 886px) 100vw, 886px\" \/><\/figure>\n\n\n\n<figure class=\"wp-block-image size-full\"><img loading=\"lazy\" decoding=\"async\" width=\"886\" height=\"664\" data-id=\"5878\" src=\"https:\/\/chasseurs5emeleger.fr\/wp-content\/uploads\/2025\/09\/FB_IMG_1750825665695.jpg\" alt=\"\" class=\"wp-image-5878\" srcset=\"https:\/\/chasseurs5emeleger.fr\/wp-content\/uploads\/2025\/09\/FB_IMG_1750825665695.jpg 886w, https:\/\/chasseurs5emeleger.fr\/wp-content\/uploads\/2025\/09\/FB_IMG_1750825665695-300x225.jpg 300w, https:\/\/chasseurs5emeleger.fr\/wp-content\/uploads\/2025\/09\/FB_IMG_1750825665695-768x576.jpg 768w\" sizes=\"auto, (max-width: 886px) 100vw, 886px\" \/><\/figure>\n\n\n\n<figure class=\"wp-block-image size-full\"><img loading=\"lazy\" decoding=\"async\" width=\"886\" height=\"664\" data-id=\"5868\" src=\"https:\/\/chasseurs5emeleger.fr\/wp-content\/uploads\/2025\/09\/FB_IMG_1757155010991.jpg\" alt=\"\" class=\"wp-image-5868\" srcset=\"https:\/\/chasseurs5emeleger.fr\/wp-content\/uploads\/2025\/09\/FB_IMG_1757155010991.jpg 886w, https:\/\/chasseurs5emeleger.fr\/wp-content\/uploads\/2025\/09\/FB_IMG_1757155010991-300x225.jpg 300w, https:\/\/chasseurs5emeleger.fr\/wp-content\/uploads\/2025\/09\/FB_IMG_1757155010991-768x576.jpg 768w\" sizes=\"auto, (max-width: 886px) 100vw, 886px\" \/><\/figure>\n\n\n\n<figure class=\"wp-block-image size-full\"><img loading=\"lazy\" decoding=\"async\" width=\"768\" height=\"1024\" data-id=\"5879\" src=\"https:\/\/chasseurs5emeleger.fr\/wp-content\/uploads\/2025\/09\/IMG-20250621-WA0000.jpg\" alt=\"\" class=\"wp-image-5879\" srcset=\"https:\/\/chasseurs5emeleger.fr\/wp-content\/uploads\/2025\/09\/IMG-20250621-WA0000.jpg 768w, https:\/\/chasseurs5emeleger.fr\/wp-content\/uploads\/2025\/09\/IMG-20250621-WA0000-225x300.jpg 225w\" sizes=\"auto, (max-width: 768px) 100vw, 768px\" \/><\/figure>\n\n\n\n<figure class=\"wp-block-image size-full\"><img loading=\"lazy\" decoding=\"async\" width=\"768\" height=\"1024\" data-id=\"5870\" src=\"https:\/\/chasseurs5emeleger.fr\/wp-content\/uploads\/2025\/09\/received_643045072086998.jpeg\" alt=\"\" class=\"wp-image-5870\" srcset=\"https:\/\/chasseurs5emeleger.fr\/wp-content\/uploads\/2025\/09\/received_643045072086998.jpeg 768w, https:\/\/chasseurs5emeleger.fr\/wp-content\/uploads\/2025\/09\/received_643045072086998-225x300.jpeg 225w\" sizes=\"auto, (max-width: 768px) 100vw, 768px\" \/><\/figure>\n\n\n\n<figure class=\"wp-block-image size-full\"><img loading=\"lazy\" decoding=\"async\" width=\"768\" height=\"1024\" data-id=\"5871\" src=\"https:\/\/chasseurs5emeleger.fr\/wp-content\/uploads\/2025\/09\/received_738530715355551.jpeg\" alt=\"\" class=\"wp-image-5871\" srcset=\"https:\/\/chasseurs5emeleger.fr\/wp-content\/uploads\/2025\/09\/received_738530715355551.jpeg 768w, https:\/\/chasseurs5emeleger.fr\/wp-content\/uploads\/2025\/09\/received_738530715355551-225x300.jpeg 225w\" sizes=\"auto, (max-width: 768px) 100vw, 768px\" \/><\/figure>\n\n\n\n<figure class=\"wp-block-image size-full\"><img loading=\"lazy\" decoding=\"async\" width=\"768\" height=\"1022\" data-id=\"5880\" src=\"https:\/\/chasseurs5emeleger.fr\/wp-content\/uploads\/2025\/09\/received_1236346574833009.jpeg\" alt=\"\" class=\"wp-image-5880\" srcset=\"https:\/\/chasseurs5emeleger.fr\/wp-content\/uploads\/2025\/09\/received_1236346574833009.jpeg 768w, https:\/\/chasseurs5emeleger.fr\/wp-content\/uploads\/2025\/09\/received_1236346574833009-225x300.jpeg 225w\" sizes=\"auto, (max-width: 768px) 100vw, 768px\" \/><\/figure>\n\n\n\n<figure class=\"wp-block-image size-full\"><img loading=\"lazy\" decoding=\"async\" width=\"768\" height=\"1024\" data-id=\"5872\" src=\"https:\/\/chasseurs5emeleger.fr\/wp-content\/uploads\/2025\/09\/received_1323489592706636.jpeg\" alt=\"\" class=\"wp-image-5872\" srcset=\"https:\/\/chasseurs5emeleger.fr\/wp-content\/uploads\/2025\/09\/received_1323489592706636.jpeg 768w, https:\/\/chasseurs5emeleger.fr\/wp-content\/uploads\/2025\/09\/received_1323489592706636-225x300.jpeg 225w\" sizes=\"auto, (max-width: 768px) 100vw, 768px\" \/><\/figure>\n\n\n\n<figure class=\"wp-block-image size-full\"><img loading=\"lazy\" decoding=\"async\" width=\"768\" height=\"1024\" data-id=\"5875\" src=\"https:\/\/chasseurs5emeleger.fr\/wp-content\/uploads\/2025\/09\/received_1437021917437772.jpeg\" alt=\"\" class=\"wp-image-5875\" srcset=\"https:\/\/chasseurs5emeleger.fr\/wp-content\/uploads\/2025\/09\/received_1437021917437772.jpeg 768w, https:\/\/chasseurs5emeleger.fr\/wp-content\/uploads\/2025\/09\/received_1437021917437772-225x300.jpeg 225w\" sizes=\"auto, (max-width: 768px) 100vw, 768px\" \/><\/figure>\n<\/figure>\n","protected":false},"excerpt":{"rendered":"<p>Grasse (06) &#8211; Tournage mus\u00e9e immersif &#8211; 21 Septembre<\/p>\n","protected":false},"author":2,"featured_media":0,"parent":1057,"menu_order":0,"comment_status":"closed","ping_status":"closed","template":"","meta":{"footnotes":""},"class_list":["post-5861","page","type-page","status-publish","hentry"],"yoast_head":"<!-- This site is optimized with the Yoast SEO plugin v27.5 - https:\/\/yoast.com\/product\/yoast-seo-wordpress\/ -->\n<title>Grasse - Tournage mus\u00e9e immersif - 2025 &#8211; Chasseurs du 5\u00e8me R\u00e9giment d&#039;Infanterie L\u00e9g\u00e8re<\/title>\n<meta name=\"robots\" content=\"index, follow, max-snippet:-1, max-image-preview:large, max-video-preview:-1\" \/>\n<link rel=\"canonical\" href=\"https:\/\/chasseurs5emeleger.fr\/index.php\/photos\/grasse-tournage-musee-immersif-2025\/\" \/>\n<meta property=\"og:locale\" content=\"fr_FR\" \/>\n<meta property=\"og:type\" content=\"article\" \/>\n<meta property=\"og:title\" content=\"Grasse - Tournage mus\u00e9e immersif - 2025 &#8211; Chasseurs du 5\u00e8me R\u00e9giment d&#039;Infanterie L\u00e9g\u00e8re\" \/>\n<meta property=\"og:description\" content=\"Grasse (06) &#8211; Tournage mus\u00e9e immersif &#8211; 21 Septembre\" \/>\n<meta property=\"og:url\" content=\"https:\/\/chasseurs5emeleger.fr\/index.php\/photos\/grasse-tournage-musee-immersif-2025\/\" \/>\n<meta property=\"og:site_name\" content=\"Chasseurs du 5\u00e8me R\u00e9giment d&#039;Infanterie L\u00e9g\u00e8re\" \/>\n<meta property=\"article:publisher\" content=\"https:\/\/www.facebook.com\/chasseurs.5emeleger\/\" \/>\n<meta property=\"article:modified_time\" content=\"2025-09-06T21:47:06+00:00\" \/>\n<meta property=\"og:image\" content=\"https:\/\/chasseurs5emeleger.fr\/wp-content\/uploads\/2025\/09\/FB_IMG_1750704998324.jpg\" \/>\n\t<meta property=\"og:image:width\" content=\"886\" \/>\n\t<meta property=\"og:image:height\" content=\"664\" \/>\n\t<meta property=\"og:image:type\" content=\"image\/jpeg\" \/>\n<script type=\"application\/ld+json\" class=\"yoast-schema-graph\">{\"@context\":\"https:\\\/\\\/schema.org\",\"@graph\":[{\"@type\":\"WebPage\",\"@id\":\"https:\\\/\\\/chasseurs5emeleger.fr\\\/index.php\\\/photos\\\/grasse-tournage-musee-immersif-2025\\\/\",\"url\":\"https:\\\/\\\/chasseurs5emeleger.fr\\\/index.php\\\/photos\\\/grasse-tournage-musee-immersif-2025\\\/\",\"name\":\"Grasse - Tournage mus\u00e9e immersif - 2025 &#8211; Chasseurs du 5\u00e8me R\u00e9giment d&#039;Infanterie L\u00e9g\u00e8re\",\"isPartOf\":{\"@id\":\"https:\\\/\\\/chasseurs5emeleger.fr\\\/#website\"},\"primaryImageOfPage\":{\"@id\":\"https:\\\/\\\/chasseurs5emeleger.fr\\\/index.php\\\/photos\\\/grasse-tournage-musee-immersif-2025\\\/#primaryimage\"},\"image\":{\"@id\":\"https:\\\/\\\/chasseurs5emeleger.fr\\\/index.php\\\/photos\\\/grasse-tournage-musee-immersif-2025\\\/#primaryimage\"},\"thumbnailUrl\":\"https:\\\/\\\/chasseurs5emeleger.fr\\\/wp-content\\\/uploads\\\/2025\\\/09\\\/FB_IMG_1750704998324.jpg\",\"datePublished\":\"2025-09-06T21:37:48+00:00\",\"dateModified\":\"2025-09-06T21:47:06+00:00\",\"breadcrumb\":{\"@id\":\"https:\\\/\\\/chasseurs5emeleger.fr\\\/index.php\\\/photos\\\/grasse-tournage-musee-immersif-2025\\\/#breadcrumb\"},\"inLanguage\":\"fr-FR\",\"potentialAction\":[{\"@type\":\"ReadAction\",\"target\":[\"https:\\\/\\\/chasseurs5emeleger.fr\\\/index.php\\\/photos\\\/grasse-tournage-musee-immersif-2025\\\/\"]}]},{\"@type\":\"ImageObject\",\"inLanguage\":\"fr-FR\",\"@id\":\"https:\\\/\\\/chasseurs5emeleger.fr\\\/index.php\\\/photos\\\/grasse-tournage-musee-immersif-2025\\\/#primaryimage\",\"url\":\"https:\\\/\\\/chasseurs5emeleger.fr\\\/wp-content\\\/uploads\\\/2025\\\/09\\\/FB_IMG_1750704998324.jpg\",\"contentUrl\":\"https:\\\/\\\/chasseurs5emeleger.fr\\\/wp-content\\\/uploads\\\/2025\\\/09\\\/FB_IMG_1750704998324.jpg\",\"width\":886,\"height\":664},{\"@type\":\"BreadcrumbList\",\"@id\":\"https:\\\/\\\/chasseurs5emeleger.fr\\\/index.php\\\/photos\\\/grasse-tournage-musee-immersif-2025\\\/#breadcrumb\",\"itemListElement\":[{\"@type\":\"ListItem\",\"position\":1,\"name\":\"Accueil\",\"item\":\"https:\\\/\\\/chasseurs5emeleger.fr\\\/\"},{\"@type\":\"ListItem\",\"position\":2,\"name\":\"Photos\",\"item\":\"https:\\\/\\\/chasseurs5emeleger.fr\\\/index.php\\\/photos\\\/\"},{\"@type\":\"ListItem\",\"position\":3,\"name\":\"Grasse &#8211; Tournage mus\u00e9e immersif &#8211; 2025\"}]},{\"@type\":\"WebSite\",\"@id\":\"https:\\\/\\\/chasseurs5emeleger.fr\\\/#website\",\"url\":\"https:\\\/\\\/chasseurs5emeleger.fr\\\/\",\"name\":\"Chasseurs du 5\u00e8me R\u00e9giment d&#039;Infanterie L\u00e9g\u00e8re\",\"description\":\"\",\"publisher\":{\"@id\":\"https:\\\/\\\/chasseurs5emeleger.fr\\\/#organization\"},\"potentialAction\":[{\"@type\":\"SearchAction\",\"target\":{\"@type\":\"EntryPoint\",\"urlTemplate\":\"https:\\\/\\\/chasseurs5emeleger.fr\\\/?s={search_term_string}\"},\"query-input\":{\"@type\":\"PropertyValueSpecification\",\"valueRequired\":true,\"valueName\":\"search_term_string\"}}],\"inLanguage\":\"fr-FR\"},{\"@type\":\"Organization\",\"@id\":\"https:\\\/\\\/chasseurs5emeleger.fr\\\/#organization\",\"name\":\"Chasseurs du 5\u00e8me R\u00e9giment d'infanterie l\u00e9g\u00e8re\",\"url\":\"https:\\\/\\\/chasseurs5emeleger.fr\\\/\",\"logo\":{\"@type\":\"ImageObject\",\"inLanguage\":\"fr-FR\",\"@id\":\"https:\\\/\\\/chasseurs5emeleger.fr\\\/#\\\/schema\\\/logo\\\/image\\\/\",\"url\":\"https:\\\/\\\/chasseurs5emeleger.fr\\\/wp-content\\\/uploads\\\/2022\\\/04\\\/Logo-detoure-scaled.jpg\",\"contentUrl\":\"https:\\\/\\\/chasseurs5emeleger.fr\\\/wp-content\\\/uploads\\\/2022\\\/04\\\/Logo-detoure-scaled.jpg\",\"width\":2438,\"height\":2560,\"caption\":\"Chasseurs du 5\u00e8me R\u00e9giment d'infanterie l\u00e9g\u00e8re\"},\"image\":{\"@id\":\"https:\\\/\\\/chasseurs5emeleger.fr\\\/#\\\/schema\\\/logo\\\/image\\\/\"},\"sameAs\":[\"https:\\\/\\\/www.facebook.com\\\/chasseurs.5emeleger\\\/\"]}]}<\/script>\n<!-- \/ Yoast SEO plugin. -->","yoast_head_json":{"title":"Grasse - Tournage mus\u00e9e immersif - 2025 &#8211; Chasseurs du 5\u00e8me R\u00e9giment d&#039;Infanterie L\u00e9g\u00e8re","robots":{"index":"index","follow":"follow","max-snippet":"max-snippet:-1","max-image-preview":"max-image-preview:large","max-video-preview":"max-video-preview:-1"},"canonical":"https:\/\/chasseurs5emeleger.fr\/index.php\/photos\/grasse-tournage-musee-immersif-2025\/","og_locale":"fr_FR","og_type":"article","og_title":"Grasse - Tournage mus\u00e9e immersif - 2025 &#8211; Chasseurs du 5\u00e8me R\u00e9giment d&#039;Infanterie L\u00e9g\u00e8re","og_description":"Grasse (06) &#8211; Tournage mus\u00e9e immersif &#8211; 21 Septembre","og_url":"https:\/\/chasseurs5emeleger.fr\/index.php\/photos\/grasse-tournage-musee-immersif-2025\/","og_site_name":"Chasseurs du 5\u00e8me R\u00e9giment d&#039;Infanterie L\u00e9g\u00e8re","article_publisher":"https:\/\/www.facebook.com\/chasseurs.5emeleger\/","article_modified_time":"2025-09-06T21:47:06+00:00","og_image":[{"width":886,"height":664,"url":"https:\/\/chasseurs5emeleger.fr\/wp-content\/uploads\/2025\/09\/FB_IMG_1750704998324.jpg","type":"image\/jpeg"}],"schema":{"@context":"https:\/\/schema.org","@graph":[{"@type":"WebPage","@id":"https:\/\/chasseurs5emeleger.fr\/index.php\/photos\/grasse-tournage-musee-immersif-2025\/","url":"https:\/\/chasseurs5emeleger.fr\/index.php\/photos\/grasse-tournage-musee-immersif-2025\/","name":"Grasse - Tournage mus\u00e9e immersif - 2025 &#8211; Chasseurs du 5\u00e8me R\u00e9giment d&#039;Infanterie L\u00e9g\u00e8re","isPartOf":{"@id":"https:\/\/chasseurs5emeleger.fr\/#website"},"primaryImageOfPage":{"@id":"https:\/\/chasseurs5emeleger.fr\/index.php\/photos\/grasse-tournage-musee-immersif-2025\/#primaryimage"},"image":{"@id":"https:\/\/chasseurs5emeleger.fr\/index.php\/photos\/grasse-tournage-musee-immersif-2025\/#primaryimage"},"thumbnailUrl":"https:\/\/chasseurs5emeleger.fr\/wp-content\/uploads\/2025\/09\/FB_IMG_1750704998324.jpg","datePublished":"2025-09-06T21:37:48+00:00","dateModified":"2025-09-06T21:47:06+00:00","breadcrumb":{"@id":"https:\/\/chasseurs5emeleger.fr\/index.php\/photos\/grasse-tournage-musee-immersif-2025\/#breadcrumb"},"inLanguage":"fr-FR","potentialAction":[{"@type":"ReadAction","target":["https:\/\/chasseurs5emeleger.fr\/index.php\/photos\/grasse-tournage-musee-immersif-2025\/"]}]},{"@type":"ImageObject","inLanguage":"fr-FR","@id":"https:\/\/chasseurs5emeleger.fr\/index.php\/photos\/grasse-tournage-musee-immersif-2025\/#primaryimage","url":"https:\/\/chasseurs5emeleger.fr\/wp-content\/uploads\/2025\/09\/FB_IMG_1750704998324.jpg","contentUrl":"https:\/\/chasseurs5emeleger.fr\/wp-content\/uploads\/2025\/09\/FB_IMG_1750704998324.jpg","width":886,"height":664},{"@type":"BreadcrumbList","@id":"https:\/\/chasseurs5emeleger.fr\/index.php\/photos\/grasse-tournage-musee-immersif-2025\/#breadcrumb","itemListElement":[{"@type":"ListItem","position":1,"name":"Accueil","item":"https:\/\/chasseurs5emeleger.fr\/"},{"@type":"ListItem","position":2,"name":"Photos","item":"https:\/\/chasseurs5emeleger.fr\/index.php\/photos\/"},{"@type":"ListItem","position":3,"name":"Grasse &#8211; Tournage mus\u00e9e immersif &#8211; 2025"}]},{"@type":"WebSite","@id":"https:\/\/chasseurs5emeleger.fr\/#website","url":"https:\/\/chasseurs5emeleger.fr\/","name":"Chasseurs du 5\u00e8me R\u00e9giment d&#039;Infanterie L\u00e9g\u00e8re","description":"","publisher":{"@id":"https:\/\/chasseurs5emeleger.fr\/#organization"},"potentialAction":[{"@type":"SearchAction","target":{"@type":"EntryPoint","urlTemplate":"https:\/\/chasseurs5emeleger.fr\/?s={search_term_string}"},"query-input":{"@type":"PropertyValueSpecification","valueRequired":true,"valueName":"search_term_string"}}],"inLanguage":"fr-FR"},{"@type":"Organization","@id":"https:\/\/chasseurs5emeleger.fr\/#organization","name":"Chasseurs du 5\u00e8me R\u00e9giment d'infanterie l\u00e9g\u00e8re","url":"https:\/\/chasseurs5emeleger.fr\/","logo":{"@type":"ImageObject","inLanguage":"fr-FR","@id":"https:\/\/chasseurs5emeleger.fr\/#\/schema\/logo\/image\/","url":"https:\/\/chasseurs5emeleger.fr\/wp-content\/uploads\/2022\/04\/Logo-detoure-scaled.jpg","contentUrl":"https:\/\/chasseurs5emeleger.fr\/wp-content\/uploads\/2022\/04\/Logo-detoure-scaled.jpg","width":2438,"height":2560,"caption":"Chasseurs du 5\u00e8me R\u00e9giment d'infanterie l\u00e9g\u00e8re"},"image":{"@id":"https:\/\/chasseurs5emeleger.fr\/#\/schema\/logo\/image\/"},"sameAs":["https:\/\/www.facebook.com\/chasseurs.5emeleger\/"]}]}},"_links":{"self":[{"href":"https:\/\/chasseurs5emeleger.fr\/index.php\/wp-json\/wp\/v2\/pages\/5861","targetHints":{"allow":["GET"]}}],"collection":[{"href":"https:\/\/chasseurs5emeleger.fr\/index.php\/wp-json\/wp\/v2\/pages"}],"about":[{"href":"https:\/\/chasseurs5emeleger.fr\/index.php\/wp-json\/wp\/v2\/types\/page"}],"author":[{"embeddable":true,"href":"https:\/\/chasseurs5emeleger.fr\/index.php\/wp-json\/wp\/v2\/users\/2"}],"replies":[{"embeddable":true,"href":"https:\/\/chasseurs5emeleger.fr\/index.php\/wp-json\/wp\/v2\/comments?post=5861"}],"version-history":[{"count":2,"href":"https:\/\/chasseurs5emeleger.fr\/index.php\/wp-json\/wp\/v2\/pages\/5861\/revisions"}],"predecessor-version":[{"id":5886,"href":"https:\/\/chasseurs5emeleger.fr\/index.php\/wp-json\/wp\/v2\/pages\/5861\/revisions\/5886"}],"up":[{"embeddable":true,"href":"https:\/\/chasseurs5emeleger.fr\/index.php\/wp-json\/wp\/v2\/pages\/1057"}],"wp:attachment":[{"href":"https:\/\/chasseurs5emeleger.fr\/index.php\/wp-json\/wp\/v2\/media?parent=5861"}],"curies":[{"name":"wp","href":"https:\/\/api.w.org\/{rel}","templated":true}]}}