{"id":5894,"date":"2025-10-12T21:30:54","date_gmt":"2025-10-12T19:30:54","guid":{"rendered":"https:\/\/chasseurs5emeleger.fr\/?page_id=5894"},"modified":"2025-10-12T23:06:40","modified_gmt":"2025-10-12T21:06:40","slug":"nice-journees-imperiales-15-et-16-octobre-2025","status":"publish","type":"page","link":"https:\/\/chasseurs5emeleger.fr\/index.php\/photos\/nice-journees-imperiales-15-et-16-octobre-2025\/","title":{"rendered":"Nice &#8211; Journ\u00e9es Imp\u00e9riales &#8211; 4 et 5 Octobre 2025"},"content":{"rendered":"\n<p class=\"has-text-align-center has-text-color has-large-font-size\" style=\"color:#000794\">Nice (06) &#8211; Journ\u00e9es Imp\u00e9riales &#8211; 4 et 5 Octobre<\/p>\n\n\n\n<figure class=\"wp-block-gallery has-nested-images columns-2 wp-block-gallery-1 is-layout-flex wp-block-gallery-is-layout-flex\">\n<figure class=\"wp-block-image size-full\"><img loading=\"lazy\" decoding=\"async\" width=\"1024\" height=\"718\" data-id=\"5906\" src=\"https:\/\/chasseurs5emeleger.fr\/wp-content\/uploads\/2025\/10\/1.jpg\" alt=\"\" class=\"wp-image-5906\" srcset=\"https:\/\/chasseurs5emeleger.fr\/wp-content\/uploads\/2025\/10\/1.jpg 1024w, https:\/\/chasseurs5emeleger.fr\/wp-content\/uploads\/2025\/10\/1-300x210.jpg 300w, https:\/\/chasseurs5emeleger.fr\/wp-content\/uploads\/2025\/10\/1-768x539.jpg 768w\" sizes=\"auto, (max-width: 1024px) 100vw, 1024px\" \/><\/figure>\n\n\n\n<figure class=\"wp-block-image size-full\"><img loading=\"lazy\" decoding=\"async\" width=\"1024\" height=\"683\" data-id=\"5902\" src=\"https:\/\/chasseurs5emeleger.fr\/wp-content\/uploads\/2025\/10\/2.jpg\" alt=\"\" class=\"wp-image-5902\" srcset=\"https:\/\/chasseurs5emeleger.fr\/wp-content\/uploads\/2025\/10\/2.jpg 1024w, https:\/\/chasseurs5emeleger.fr\/wp-content\/uploads\/2025\/10\/2-300x200.jpg 300w, https:\/\/chasseurs5emeleger.fr\/wp-content\/uploads\/2025\/10\/2-768x512.jpg 768w\" sizes=\"auto, (max-width: 1024px) 100vw, 1024px\" \/><\/figure>\n\n\n\n<figure class=\"wp-block-image size-full\"><img loading=\"lazy\" decoding=\"async\" width=\"1024\" height=\"724\" data-id=\"5905\" src=\"https:\/\/chasseurs5emeleger.fr\/wp-content\/uploads\/2025\/10\/3.jpg\" alt=\"\" class=\"wp-image-5905\" srcset=\"https:\/\/chasseurs5emeleger.fr\/wp-content\/uploads\/2025\/10\/3.jpg 1024w, https:\/\/chasseurs5emeleger.fr\/wp-content\/uploads\/2025\/10\/3-300x212.jpg 300w, https:\/\/chasseurs5emeleger.fr\/wp-content\/uploads\/2025\/10\/3-768x543.jpg 768w\" sizes=\"auto, (max-width: 1024px) 100vw, 1024px\" \/><\/figure>\n\n\n\n<figure class=\"wp-block-image size-full\"><img loading=\"lazy\" decoding=\"async\" width=\"1024\" height=\"612\" data-id=\"5907\" src=\"https:\/\/chasseurs5emeleger.fr\/wp-content\/uploads\/2025\/10\/4.jpg\" alt=\"\" class=\"wp-image-5907\" srcset=\"https:\/\/chasseurs5emeleger.fr\/wp-content\/uploads\/2025\/10\/4.jpg 1024w, https:\/\/chasseurs5emeleger.fr\/wp-content\/uploads\/2025\/10\/4-300x179.jpg 300w, https:\/\/chasseurs5emeleger.fr\/wp-content\/uploads\/2025\/10\/4-768x459.jpg 768w\" sizes=\"auto, (max-width: 1024px) 100vw, 1024px\" \/><\/figure>\n\n\n\n<figure class=\"wp-block-image size-full\"><img loading=\"lazy\" decoding=\"async\" width=\"918\" height=\"768\" data-id=\"5908\" src=\"https:\/\/chasseurs5emeleger.fr\/wp-content\/uploads\/2025\/10\/5.jpg\" alt=\"\" class=\"wp-image-5908\" srcset=\"https:\/\/chasseurs5emeleger.fr\/wp-content\/uploads\/2025\/10\/5.jpg 918w, https:\/\/chasseurs5emeleger.fr\/wp-content\/uploads\/2025\/10\/5-300x251.jpg 300w, https:\/\/chasseurs5emeleger.fr\/wp-content\/uploads\/2025\/10\/5-768x643.jpg 768w\" sizes=\"auto, (max-width: 918px) 100vw, 918px\" \/><\/figure>\n\n\n\n<figure class=\"wp-block-image size-full\"><img loading=\"lazy\" decoding=\"async\" width=\"1024\" height=\"543\" data-id=\"5903\" src=\"https:\/\/chasseurs5emeleger.fr\/wp-content\/uploads\/2025\/10\/6.jpg\" alt=\"\" class=\"wp-image-5903\" srcset=\"https:\/\/chasseurs5emeleger.fr\/wp-content\/uploads\/2025\/10\/6.jpg 1024w, https:\/\/chasseurs5emeleger.fr\/wp-content\/uploads\/2025\/10\/6-300x159.jpg 300w, https:\/\/chasseurs5emeleger.fr\/wp-content\/uploads\/2025\/10\/6-768x407.jpg 768w\" sizes=\"auto, (max-width: 1024px) 100vw, 1024px\" \/><\/figure>\n\n\n\n<figure class=\"wp-block-image size-full\"><img loading=\"lazy\" decoding=\"async\" width=\"602\" height=\"1024\" data-id=\"5909\" src=\"https:\/\/chasseurs5emeleger.fr\/wp-content\/uploads\/2025\/10\/7.jpg\" alt=\"\" class=\"wp-image-5909\" srcset=\"https:\/\/chasseurs5emeleger.fr\/wp-content\/uploads\/2025\/10\/7.jpg 602w, https:\/\/chasseurs5emeleger.fr\/wp-content\/uploads\/2025\/10\/7-176x300.jpg 176w\" sizes=\"auto, (max-width: 602px) 100vw, 602px\" \/><\/figure>\n\n\n\n<figure class=\"wp-block-image size-full\"><img loading=\"lazy\" decoding=\"async\" width=\"1024\" height=\"605\" data-id=\"5911\" src=\"https:\/\/chasseurs5emeleger.fr\/wp-content\/uploads\/2025\/10\/8.jpg\" alt=\"\" class=\"wp-image-5911\" srcset=\"https:\/\/chasseurs5emeleger.fr\/wp-content\/uploads\/2025\/10\/8.jpg 1024w, https:\/\/chasseurs5emeleger.fr\/wp-content\/uploads\/2025\/10\/8-300x177.jpg 300w, https:\/\/chasseurs5emeleger.fr\/wp-content\/uploads\/2025\/10\/8-768x454.jpg 768w\" sizes=\"auto, (max-width: 1024px) 100vw, 1024px\" \/><\/figure>\n\n\n\n<figure class=\"wp-block-image size-full\"><img loading=\"lazy\" decoding=\"async\" width=\"1024\" height=\"626\" data-id=\"5912\" src=\"https:\/\/chasseurs5emeleger.fr\/wp-content\/uploads\/2025\/10\/9.jpg\" alt=\"\" class=\"wp-image-5912\" srcset=\"https:\/\/chasseurs5emeleger.fr\/wp-content\/uploads\/2025\/10\/9.jpg 1024w, https:\/\/chasseurs5emeleger.fr\/wp-content\/uploads\/2025\/10\/9-300x183.jpg 300w, https:\/\/chasseurs5emeleger.fr\/wp-content\/uploads\/2025\/10\/9-768x470.jpg 768w\" sizes=\"auto, (max-width: 1024px) 100vw, 1024px\" \/><\/figure>\n\n\n\n<figure class=\"wp-block-image size-full\"><img loading=\"lazy\" decoding=\"async\" width=\"1024\" height=\"700\" data-id=\"5910\" src=\"https:\/\/chasseurs5emeleger.fr\/wp-content\/uploads\/2025\/10\/10.jpg\" alt=\"\" class=\"wp-image-5910\" srcset=\"https:\/\/chasseurs5emeleger.fr\/wp-content\/uploads\/2025\/10\/10.jpg 1024w, https:\/\/chasseurs5emeleger.fr\/wp-content\/uploads\/2025\/10\/10-300x205.jpg 300w, https:\/\/chasseurs5emeleger.fr\/wp-content\/uploads\/2025\/10\/10-768x525.jpg 768w\" sizes=\"auto, (max-width: 1024px) 100vw, 1024px\" \/><\/figure>\n\n\n\n<figure class=\"wp-block-image size-full\"><img loading=\"lazy\" decoding=\"async\" width=\"926\" height=\"768\" data-id=\"5901\" src=\"https:\/\/chasseurs5emeleger.fr\/wp-content\/uploads\/2025\/10\/12.jpg\" alt=\"\" class=\"wp-image-5901\" srcset=\"https:\/\/chasseurs5emeleger.fr\/wp-content\/uploads\/2025\/10\/12.jpg 926w, https:\/\/chasseurs5emeleger.fr\/wp-content\/uploads\/2025\/10\/12-300x249.jpg 300w, https:\/\/chasseurs5emeleger.fr\/wp-content\/uploads\/2025\/10\/12-768x637.jpg 768w\" sizes=\"auto, (max-width: 926px) 100vw, 926px\" \/><\/figure>\n\n\n\n<figure class=\"wp-block-image size-full\"><img loading=\"lazy\" decoding=\"async\" width=\"768\" height=\"823\" data-id=\"5904\" src=\"https:\/\/chasseurs5emeleger.fr\/wp-content\/uploads\/2025\/10\/13.jpg\" alt=\"\" class=\"wp-image-5904\" srcset=\"https:\/\/chasseurs5emeleger.fr\/wp-content\/uploads\/2025\/10\/13.jpg 768w, https:\/\/chasseurs5emeleger.fr\/wp-content\/uploads\/2025\/10\/13-280x300.jpg 280w\" sizes=\"auto, (max-width: 768px) 100vw, 768px\" \/><\/figure>\n<\/figure>\n","protected":false},"excerpt":{"rendered":"<p>Nice (06) &#8211; Journ\u00e9es Imp\u00e9riales &#8211; 4 et 5 Octobre<\/p>\n","protected":false},"author":2,"featured_media":0,"parent":1057,"menu_order":0,"comment_status":"closed","ping_status":"closed","template":"","meta":{"footnotes":""},"class_list":["post-5894","page","type-page","status-publish","hentry"],"yoast_head":"<!-- This site is optimized with the Yoast SEO plugin v27.5 - https:\/\/yoast.com\/product\/yoast-seo-wordpress\/ -->\n<title>Nice - Journ\u00e9es Imp\u00e9riales - 4 et 5 Octobre 2025 &#8211; Chasseurs du 5\u00e8me R\u00e9giment d&#039;Infanterie L\u00e9g\u00e8re<\/title>\n<meta name=\"robots\" content=\"index, follow, max-snippet:-1, max-image-preview:large, max-video-preview:-1\" \/>\n<link rel=\"canonical\" href=\"https:\/\/chasseurs5emeleger.fr\/index.php\/photos\/nice-journees-imperiales-15-et-16-octobre-2025\/\" \/>\n<meta property=\"og:locale\" content=\"fr_FR\" \/>\n<meta property=\"og:type\" content=\"article\" \/>\n<meta property=\"og:title\" content=\"Nice - Journ\u00e9es Imp\u00e9riales - 4 et 5 Octobre 2025 &#8211; Chasseurs du 5\u00e8me R\u00e9giment d&#039;Infanterie L\u00e9g\u00e8re\" \/>\n<meta property=\"og:description\" content=\"Nice (06) &#8211; Journ\u00e9es Imp\u00e9riales &#8211; 4 et 5 Octobre\" \/>\n<meta property=\"og:url\" content=\"https:\/\/chasseurs5emeleger.fr\/index.php\/photos\/nice-journees-imperiales-15-et-16-octobre-2025\/\" \/>\n<meta property=\"og:site_name\" content=\"Chasseurs du 5\u00e8me R\u00e9giment d&#039;Infanterie L\u00e9g\u00e8re\" \/>\n<meta property=\"article:publisher\" content=\"https:\/\/www.facebook.com\/chasseurs.5emeleger\/\" \/>\n<meta property=\"article:modified_time\" content=\"2025-10-12T21:06:40+00:00\" \/>\n<meta property=\"og:image\" content=\"https:\/\/chasseurs5emeleger.fr\/wp-content\/uploads\/2025\/10\/1.jpg\" \/>\n\t<meta property=\"og:image:width\" content=\"1024\" \/>\n\t<meta property=\"og:image:height\" content=\"718\" \/>\n\t<meta property=\"og:image:type\" content=\"image\/jpeg\" \/>\n<script type=\"application\/ld+json\" class=\"yoast-schema-graph\">{\"@context\":\"https:\\\/\\\/schema.org\",\"@graph\":[{\"@type\":\"WebPage\",\"@id\":\"https:\\\/\\\/chasseurs5emeleger.fr\\\/index.php\\\/photos\\\/nice-journees-imperiales-15-et-16-octobre-2025\\\/\",\"url\":\"https:\\\/\\\/chasseurs5emeleger.fr\\\/index.php\\\/photos\\\/nice-journees-imperiales-15-et-16-octobre-2025\\\/\",\"name\":\"Nice - Journ\u00e9es Imp\u00e9riales - 4 et 5 Octobre 2025 &#8211; Chasseurs du 5\u00e8me R\u00e9giment d&#039;Infanterie L\u00e9g\u00e8re\",\"isPartOf\":{\"@id\":\"https:\\\/\\\/chasseurs5emeleger.fr\\\/#website\"},\"primaryImageOfPage\":{\"@id\":\"https:\\\/\\\/chasseurs5emeleger.fr\\\/index.php\\\/photos\\\/nice-journees-imperiales-15-et-16-octobre-2025\\\/#primaryimage\"},\"image\":{\"@id\":\"https:\\\/\\\/chasseurs5emeleger.fr\\\/index.php\\\/photos\\\/nice-journees-imperiales-15-et-16-octobre-2025\\\/#primaryimage\"},\"thumbnailUrl\":\"https:\\\/\\\/chasseurs5emeleger.fr\\\/wp-content\\\/uploads\\\/2025\\\/10\\\/1.jpg\",\"datePublished\":\"2025-10-12T19:30:54+00:00\",\"dateModified\":\"2025-10-12T21:06:40+00:00\",\"breadcrumb\":{\"@id\":\"https:\\\/\\\/chasseurs5emeleger.fr\\\/index.php\\\/photos\\\/nice-journees-imperiales-15-et-16-octobre-2025\\\/#breadcrumb\"},\"inLanguage\":\"fr-FR\",\"potentialAction\":[{\"@type\":\"ReadAction\",\"target\":[\"https:\\\/\\\/chasseurs5emeleger.fr\\\/index.php\\\/photos\\\/nice-journees-imperiales-15-et-16-octobre-2025\\\/\"]}]},{\"@type\":\"ImageObject\",\"inLanguage\":\"fr-FR\",\"@id\":\"https:\\\/\\\/chasseurs5emeleger.fr\\\/index.php\\\/photos\\\/nice-journees-imperiales-15-et-16-octobre-2025\\\/#primaryimage\",\"url\":\"https:\\\/\\\/chasseurs5emeleger.fr\\\/wp-content\\\/uploads\\\/2025\\\/10\\\/1.jpg\",\"contentUrl\":\"https:\\\/\\\/chasseurs5emeleger.fr\\\/wp-content\\\/uploads\\\/2025\\\/10\\\/1.jpg\",\"width\":1024,\"height\":718,\"caption\":\"KODAK Digital Still Camera\"},{\"@type\":\"BreadcrumbList\",\"@id\":\"https:\\\/\\\/chasseurs5emeleger.fr\\\/index.php\\\/photos\\\/nice-journees-imperiales-15-et-16-octobre-2025\\\/#breadcrumb\",\"itemListElement\":[{\"@type\":\"ListItem\",\"position\":1,\"name\":\"Accueil\",\"item\":\"https:\\\/\\\/chasseurs5emeleger.fr\\\/\"},{\"@type\":\"ListItem\",\"position\":2,\"name\":\"Photos\",\"item\":\"https:\\\/\\\/chasseurs5emeleger.fr\\\/index.php\\\/photos\\\/\"},{\"@type\":\"ListItem\",\"position\":3,\"name\":\"Nice &#8211; Journ\u00e9es Imp\u00e9riales &#8211; 4 et 5 Octobre 2025\"}]},{\"@type\":\"WebSite\",\"@id\":\"https:\\\/\\\/chasseurs5emeleger.fr\\\/#website\",\"url\":\"https:\\\/\\\/chasseurs5emeleger.fr\\\/\",\"name\":\"Chasseurs du 5\u00e8me R\u00e9giment d&#039;Infanterie L\u00e9g\u00e8re\",\"description\":\"\",\"publisher\":{\"@id\":\"https:\\\/\\\/chasseurs5emeleger.fr\\\/#organization\"},\"potentialAction\":[{\"@type\":\"SearchAction\",\"target\":{\"@type\":\"EntryPoint\",\"urlTemplate\":\"https:\\\/\\\/chasseurs5emeleger.fr\\\/?s={search_term_string}\"},\"query-input\":{\"@type\":\"PropertyValueSpecification\",\"valueRequired\":true,\"valueName\":\"search_term_string\"}}],\"inLanguage\":\"fr-FR\"},{\"@type\":\"Organization\",\"@id\":\"https:\\\/\\\/chasseurs5emeleger.fr\\\/#organization\",\"name\":\"Chasseurs du 5\u00e8me R\u00e9giment d'infanterie l\u00e9g\u00e8re\",\"url\":\"https:\\\/\\\/chasseurs5emeleger.fr\\\/\",\"logo\":{\"@type\":\"ImageObject\",\"inLanguage\":\"fr-FR\",\"@id\":\"https:\\\/\\\/chasseurs5emeleger.fr\\\/#\\\/schema\\\/logo\\\/image\\\/\",\"url\":\"https:\\\/\\\/chasseurs5emeleger.fr\\\/wp-content\\\/uploads\\\/2022\\\/04\\\/Logo-detoure-scaled.jpg\",\"contentUrl\":\"https:\\\/\\\/chasseurs5emeleger.fr\\\/wp-content\\\/uploads\\\/2022\\\/04\\\/Logo-detoure-scaled.jpg\",\"width\":2438,\"height\":2560,\"caption\":\"Chasseurs du 5\u00e8me R\u00e9giment d'infanterie l\u00e9g\u00e8re\"},\"image\":{\"@id\":\"https:\\\/\\\/chasseurs5emeleger.fr\\\/#\\\/schema\\\/logo\\\/image\\\/\"},\"sameAs\":[\"https:\\\/\\\/www.facebook.com\\\/chasseurs.5emeleger\\\/\"]}]}<\/script>\n<!-- \/ Yoast SEO plugin. -->","yoast_head_json":{"title":"Nice - Journ\u00e9es Imp\u00e9riales - 4 et 5 Octobre 2025 &#8211; Chasseurs du 5\u00e8me R\u00e9giment d&#039;Infanterie L\u00e9g\u00e8re","robots":{"index":"index","follow":"follow","max-snippet":"max-snippet:-1","max-image-preview":"max-image-preview:large","max-video-preview":"max-video-preview:-1"},"canonical":"https:\/\/chasseurs5emeleger.fr\/index.php\/photos\/nice-journees-imperiales-15-et-16-octobre-2025\/","og_locale":"fr_FR","og_type":"article","og_title":"Nice - Journ\u00e9es Imp\u00e9riales - 4 et 5 Octobre 2025 &#8211; Chasseurs du 5\u00e8me R\u00e9giment d&#039;Infanterie L\u00e9g\u00e8re","og_description":"Nice (06) &#8211; Journ\u00e9es Imp\u00e9riales &#8211; 4 et 5 Octobre","og_url":"https:\/\/chasseurs5emeleger.fr\/index.php\/photos\/nice-journees-imperiales-15-et-16-octobre-2025\/","og_site_name":"Chasseurs du 5\u00e8me R\u00e9giment d&#039;Infanterie L\u00e9g\u00e8re","article_publisher":"https:\/\/www.facebook.com\/chasseurs.5emeleger\/","article_modified_time":"2025-10-12T21:06:40+00:00","og_image":[{"width":1024,"height":718,"url":"https:\/\/chasseurs5emeleger.fr\/wp-content\/uploads\/2025\/10\/1.jpg","type":"image\/jpeg"}],"schema":{"@context":"https:\/\/schema.org","@graph":[{"@type":"WebPage","@id":"https:\/\/chasseurs5emeleger.fr\/index.php\/photos\/nice-journees-imperiales-15-et-16-octobre-2025\/","url":"https:\/\/chasseurs5emeleger.fr\/index.php\/photos\/nice-journees-imperiales-15-et-16-octobre-2025\/","name":"Nice - Journ\u00e9es Imp\u00e9riales - 4 et 5 Octobre 2025 &#8211; Chasseurs du 5\u00e8me R\u00e9giment d&#039;Infanterie L\u00e9g\u00e8re","isPartOf":{"@id":"https:\/\/chasseurs5emeleger.fr\/#website"},"primaryImageOfPage":{"@id":"https:\/\/chasseurs5emeleger.fr\/index.php\/photos\/nice-journees-imperiales-15-et-16-octobre-2025\/#primaryimage"},"image":{"@id":"https:\/\/chasseurs5emeleger.fr\/index.php\/photos\/nice-journees-imperiales-15-et-16-octobre-2025\/#primaryimage"},"thumbnailUrl":"https:\/\/chasseurs5emeleger.fr\/wp-content\/uploads\/2025\/10\/1.jpg","datePublished":"2025-10-12T19:30:54+00:00","dateModified":"2025-10-12T21:06:40+00:00","breadcrumb":{"@id":"https:\/\/chasseurs5emeleger.fr\/index.php\/photos\/nice-journees-imperiales-15-et-16-octobre-2025\/#breadcrumb"},"inLanguage":"fr-FR","potentialAction":[{"@type":"ReadAction","target":["https:\/\/chasseurs5emeleger.fr\/index.php\/photos\/nice-journees-imperiales-15-et-16-octobre-2025\/"]}]},{"@type":"ImageObject","inLanguage":"fr-FR","@id":"https:\/\/chasseurs5emeleger.fr\/index.php\/photos\/nice-journees-imperiales-15-et-16-octobre-2025\/#primaryimage","url":"https:\/\/chasseurs5emeleger.fr\/wp-content\/uploads\/2025\/10\/1.jpg","contentUrl":"https:\/\/chasseurs5emeleger.fr\/wp-content\/uploads\/2025\/10\/1.jpg","width":1024,"height":718,"caption":"KODAK Digital Still Camera"},{"@type":"BreadcrumbList","@id":"https:\/\/chasseurs5emeleger.fr\/index.php\/photos\/nice-journees-imperiales-15-et-16-octobre-2025\/#breadcrumb","itemListElement":[{"@type":"ListItem","position":1,"name":"Accueil","item":"https:\/\/chasseurs5emeleger.fr\/"},{"@type":"ListItem","position":2,"name":"Photos","item":"https:\/\/chasseurs5emeleger.fr\/index.php\/photos\/"},{"@type":"ListItem","position":3,"name":"Nice &#8211; Journ\u00e9es Imp\u00e9riales &#8211; 4 et 5 Octobre 2025"}]},{"@type":"WebSite","@id":"https:\/\/chasseurs5emeleger.fr\/#website","url":"https:\/\/chasseurs5emeleger.fr\/","name":"Chasseurs du 5\u00e8me R\u00e9giment d&#039;Infanterie L\u00e9g\u00e8re","description":"","publisher":{"@id":"https:\/\/chasseurs5emeleger.fr\/#organization"},"potentialAction":[{"@type":"SearchAction","target":{"@type":"EntryPoint","urlTemplate":"https:\/\/chasseurs5emeleger.fr\/?s={search_term_string}"},"query-input":{"@type":"PropertyValueSpecification","valueRequired":true,"valueName":"search_term_string"}}],"inLanguage":"fr-FR"},{"@type":"Organization","@id":"https:\/\/chasseurs5emeleger.fr\/#organization","name":"Chasseurs du 5\u00e8me R\u00e9giment d'infanterie l\u00e9g\u00e8re","url":"https:\/\/chasseurs5emeleger.fr\/","logo":{"@type":"ImageObject","inLanguage":"fr-FR","@id":"https:\/\/chasseurs5emeleger.fr\/#\/schema\/logo\/image\/","url":"https:\/\/chasseurs5emeleger.fr\/wp-content\/uploads\/2022\/04\/Logo-detoure-scaled.jpg","contentUrl":"https:\/\/chasseurs5emeleger.fr\/wp-content\/uploads\/2022\/04\/Logo-detoure-scaled.jpg","width":2438,"height":2560,"caption":"Chasseurs du 5\u00e8me R\u00e9giment d'infanterie l\u00e9g\u00e8re"},"image":{"@id":"https:\/\/chasseurs5emeleger.fr\/#\/schema\/logo\/image\/"},"sameAs":["https:\/\/www.facebook.com\/chasseurs.5emeleger\/"]}]}},"_links":{"self":[{"href":"https:\/\/chasseurs5emeleger.fr\/index.php\/wp-json\/wp\/v2\/pages\/5894","targetHints":{"allow":["GET"]}}],"collection":[{"href":"https:\/\/chasseurs5emeleger.fr\/index.php\/wp-json\/wp\/v2\/pages"}],"about":[{"href":"https:\/\/chasseurs5emeleger.fr\/index.php\/wp-json\/wp\/v2\/types\/page"}],"author":[{"embeddable":true,"href":"https:\/\/chasseurs5emeleger.fr\/index.php\/wp-json\/wp\/v2\/users\/2"}],"replies":[{"embeddable":true,"href":"https:\/\/chasseurs5emeleger.fr\/index.php\/wp-json\/wp\/v2\/comments?post=5894"}],"version-history":[{"count":3,"href":"https:\/\/chasseurs5emeleger.fr\/index.php\/wp-json\/wp\/v2\/pages\/5894\/revisions"}],"predecessor-version":[{"id":5981,"href":"https:\/\/chasseurs5emeleger.fr\/index.php\/wp-json\/wp\/v2\/pages\/5894\/revisions\/5981"}],"up":[{"embeddable":true,"href":"https:\/\/chasseurs5emeleger.fr\/index.php\/wp-json\/wp\/v2\/pages\/1057"}],"wp:attachment":[{"href":"https:\/\/chasseurs5emeleger.fr\/index.php\/wp-json\/wp\/v2\/media?parent=5894"}],"curies":[{"name":"wp","href":"https:\/\/api.w.org\/{rel}","templated":true}]}}