{"id":5963,"date":"2025-10-12T22:56:48","date_gmt":"2025-10-12T20:56:48","guid":{"rendered":"https:\/\/chasseurs5emeleger.fr\/?page_id=5963"},"modified":"2025-10-12T23:16:41","modified_gmt":"2025-10-12T21:16:41","slug":"frejus-visites-guidees-2025","status":"publish","type":"page","link":"https:\/\/chasseurs5emeleger.fr\/index.php\/photos\/frejus-visites-guidees-2025\/","title":{"rendered":"Fr\u00e9jus &#8211; Visites guid\u00e9es 2025"},"content":{"rendered":"\n<p><\/p>\n\n\n\n<p class=\"has-text-align-center has-text-color has-large-font-size\" style=\"color:#000794\">Fr\u00e9jus (83) &#8211; Visites Guid\u00e9es <\/p>\n\n\n\n<p class=\"has-text-align-center has-text-color has-large-font-size\" style=\"color:#000794\">&#8220;Sur les traces de Napol\u00e9on&#8221;<\/p>\n\n\n\n<p class=\"has-text-align-center has-text-color has-medium-font-size\" style=\"color:#000794\">11 Juillet, 8 Ao\u00fbt, 22 Ao\u00fbt et 20 Septembre (Journ\u00e9es Europ\u00e9ennes du patrimoine)<\/p>\n\n\n\n<figure class=\"wp-block-gallery has-nested-images columns-2 wp-block-gallery-1 is-layout-flex wp-block-gallery-is-layout-flex\">\n<figure class=\"wp-block-image size-full\"><img loading=\"lazy\" decoding=\"async\" width=\"2048\" height=\"1770\" data-id=\"5969\" src=\"https:\/\/chasseurs5emeleger.fr\/wp-content\/uploads\/2025\/10\/531197692_122171813276497769_5039954797085334612_n.jpg\" alt=\"\" class=\"wp-image-5969\" srcset=\"https:\/\/chasseurs5emeleger.fr\/wp-content\/uploads\/2025\/10\/531197692_122171813276497769_5039954797085334612_n.jpg 2048w, https:\/\/chasseurs5emeleger.fr\/wp-content\/uploads\/2025\/10\/531197692_122171813276497769_5039954797085334612_n-300x259.jpg 300w, https:\/\/chasseurs5emeleger.fr\/wp-content\/uploads\/2025\/10\/531197692_122171813276497769_5039954797085334612_n-1024x885.jpg 1024w, https:\/\/chasseurs5emeleger.fr\/wp-content\/uploads\/2025\/10\/531197692_122171813276497769_5039954797085334612_n-768x664.jpg 768w, https:\/\/chasseurs5emeleger.fr\/wp-content\/uploads\/2025\/10\/531197692_122171813276497769_5039954797085334612_n-1536x1328.jpg 1536w\" sizes=\"auto, (max-width: 2048px) 100vw, 2048px\" \/><\/figure>\n\n\n\n<figure class=\"wp-block-image size-full\"><img loading=\"lazy\" decoding=\"async\" width=\"2560\" height=\"2464\" data-id=\"5974\" src=\"https:\/\/chasseurs5emeleger.fr\/wp-content\/uploads\/2025\/10\/DSC05393-1-scaled.jpg\" alt=\"\" class=\"wp-image-5974\" srcset=\"https:\/\/chasseurs5emeleger.fr\/wp-content\/uploads\/2025\/10\/DSC05393-1-scaled.jpg 2560w, https:\/\/chasseurs5emeleger.fr\/wp-content\/uploads\/2025\/10\/DSC05393-1-300x289.jpg 300w, https:\/\/chasseurs5emeleger.fr\/wp-content\/uploads\/2025\/10\/DSC05393-1-1024x986.jpg 1024w, https:\/\/chasseurs5emeleger.fr\/wp-content\/uploads\/2025\/10\/DSC05393-1-768x739.jpg 768w, https:\/\/chasseurs5emeleger.fr\/wp-content\/uploads\/2025\/10\/DSC05393-1-1536x1478.jpg 1536w, https:\/\/chasseurs5emeleger.fr\/wp-content\/uploads\/2025\/10\/DSC05393-1-2048x1971.jpg 2048w\" sizes=\"auto, (max-width: 2560px) 100vw, 2560px\" \/><\/figure>\n\n\n\n<figure class=\"wp-block-image size-full\"><img loading=\"lazy\" decoding=\"async\" width=\"1536\" height=\"2048\" data-id=\"5973\" src=\"https:\/\/chasseurs5emeleger.fr\/wp-content\/uploads\/2025\/10\/530369428_122171813456497769_3709998548653629970_n.jpg\" alt=\"\" class=\"wp-image-5973\" srcset=\"https:\/\/chasseurs5emeleger.fr\/wp-content\/uploads\/2025\/10\/530369428_122171813456497769_3709998548653629970_n.jpg 1536w, https:\/\/chasseurs5emeleger.fr\/wp-content\/uploads\/2025\/10\/530369428_122171813456497769_3709998548653629970_n-225x300.jpg 225w, https:\/\/chasseurs5emeleger.fr\/wp-content\/uploads\/2025\/10\/530369428_122171813456497769_3709998548653629970_n-768x1024.jpg 768w, https:\/\/chasseurs5emeleger.fr\/wp-content\/uploads\/2025\/10\/530369428_122171813456497769_3709998548653629970_n-1152x1536.jpg 1152w\" sizes=\"auto, (max-width: 1536px) 100vw, 1536px\" \/><\/figure>\n\n\n\n<figure class=\"wp-block-image size-full\"><img loading=\"lazy\" decoding=\"async\" width=\"1536\" height=\"2048\" data-id=\"5971\" src=\"https:\/\/chasseurs5emeleger.fr\/wp-content\/uploads\/2025\/10\/531873238_122171814020497769_1651822337989343394_n.jpg\" alt=\"\" class=\"wp-image-5971\" srcset=\"https:\/\/chasseurs5emeleger.fr\/wp-content\/uploads\/2025\/10\/531873238_122171814020497769_1651822337989343394_n.jpg 1536w, https:\/\/chasseurs5emeleger.fr\/wp-content\/uploads\/2025\/10\/531873238_122171814020497769_1651822337989343394_n-225x300.jpg 225w, https:\/\/chasseurs5emeleger.fr\/wp-content\/uploads\/2025\/10\/531873238_122171814020497769_1651822337989343394_n-768x1024.jpg 768w, https:\/\/chasseurs5emeleger.fr\/wp-content\/uploads\/2025\/10\/531873238_122171814020497769_1651822337989343394_n-1152x1536.jpg 1152w\" sizes=\"auto, (max-width: 1536px) 100vw, 1536px\" \/><\/figure>\n\n\n\n<figure class=\"wp-block-image size-full\"><img loading=\"lazy\" decoding=\"async\" width=\"1080\" height=\"1080\" data-id=\"5964\" src=\"https:\/\/chasseurs5emeleger.fr\/wp-content\/uploads\/2025\/10\/IMG-20250713-WA0000.jpg\" alt=\"\" class=\"wp-image-5964\" srcset=\"https:\/\/chasseurs5emeleger.fr\/wp-content\/uploads\/2025\/10\/IMG-20250713-WA0000.jpg 1080w, https:\/\/chasseurs5emeleger.fr\/wp-content\/uploads\/2025\/10\/IMG-20250713-WA0000-300x300.jpg 300w, https:\/\/chasseurs5emeleger.fr\/wp-content\/uploads\/2025\/10\/IMG-20250713-WA0000-1024x1024.jpg 1024w, https:\/\/chasseurs5emeleger.fr\/wp-content\/uploads\/2025\/10\/IMG-20250713-WA0000-150x150.jpg 150w, https:\/\/chasseurs5emeleger.fr\/wp-content\/uploads\/2025\/10\/IMG-20250713-WA0000-768x768.jpg 768w\" sizes=\"auto, (max-width: 1080px) 100vw, 1080px\" \/><\/figure>\n\n\n\n<figure class=\"wp-block-image size-full\"><img loading=\"lazy\" decoding=\"async\" width=\"1080\" height=\"1080\" data-id=\"5970\" src=\"https:\/\/chasseurs5emeleger.fr\/wp-content\/uploads\/2025\/10\/IMG-20250713-WA0001.jpg\" alt=\"\" class=\"wp-image-5970\" srcset=\"https:\/\/chasseurs5emeleger.fr\/wp-content\/uploads\/2025\/10\/IMG-20250713-WA0001.jpg 1080w, https:\/\/chasseurs5emeleger.fr\/wp-content\/uploads\/2025\/10\/IMG-20250713-WA0001-300x300.jpg 300w, https:\/\/chasseurs5emeleger.fr\/wp-content\/uploads\/2025\/10\/IMG-20250713-WA0001-1024x1024.jpg 1024w, https:\/\/chasseurs5emeleger.fr\/wp-content\/uploads\/2025\/10\/IMG-20250713-WA0001-150x150.jpg 150w, https:\/\/chasseurs5emeleger.fr\/wp-content\/uploads\/2025\/10\/IMG-20250713-WA0001-768x768.jpg 768w\" sizes=\"auto, (max-width: 1080px) 100vw, 1080px\" \/><\/figure>\n\n\n\n<figure class=\"wp-block-image size-full\"><img loading=\"lazy\" decoding=\"async\" width=\"1080\" height=\"1080\" data-id=\"5965\" src=\"https:\/\/chasseurs5emeleger.fr\/wp-content\/uploads\/2025\/10\/IMG-20250713-WA0002.jpg\" alt=\"\" class=\"wp-image-5965\" srcset=\"https:\/\/chasseurs5emeleger.fr\/wp-content\/uploads\/2025\/10\/IMG-20250713-WA0002.jpg 1080w, https:\/\/chasseurs5emeleger.fr\/wp-content\/uploads\/2025\/10\/IMG-20250713-WA0002-300x300.jpg 300w, https:\/\/chasseurs5emeleger.fr\/wp-content\/uploads\/2025\/10\/IMG-20250713-WA0002-1024x1024.jpg 1024w, https:\/\/chasseurs5emeleger.fr\/wp-content\/uploads\/2025\/10\/IMG-20250713-WA0002-150x150.jpg 150w, https:\/\/chasseurs5emeleger.fr\/wp-content\/uploads\/2025\/10\/IMG-20250713-WA0002-768x768.jpg 768w\" sizes=\"auto, (max-width: 1080px) 100vw, 1080px\" \/><\/figure>\n\n\n\n<figure class=\"wp-block-image size-full\"><img loading=\"lazy\" decoding=\"async\" width=\"1080\" height=\"1080\" data-id=\"5968\" src=\"https:\/\/chasseurs5emeleger.fr\/wp-content\/uploads\/2025\/10\/IMG-20250713-WA0006.jpg\" alt=\"\" class=\"wp-image-5968\" srcset=\"https:\/\/chasseurs5emeleger.fr\/wp-content\/uploads\/2025\/10\/IMG-20250713-WA0006.jpg 1080w, https:\/\/chasseurs5emeleger.fr\/wp-content\/uploads\/2025\/10\/IMG-20250713-WA0006-300x300.jpg 300w, https:\/\/chasseurs5emeleger.fr\/wp-content\/uploads\/2025\/10\/IMG-20250713-WA0006-1024x1024.jpg 1024w, https:\/\/chasseurs5emeleger.fr\/wp-content\/uploads\/2025\/10\/IMG-20250713-WA0006-150x150.jpg 150w, https:\/\/chasseurs5emeleger.fr\/wp-content\/uploads\/2025\/10\/IMG-20250713-WA0006-768x768.jpg 768w\" sizes=\"auto, (max-width: 1080px) 100vw, 1080px\" \/><\/figure>\n\n\n\n<figure class=\"wp-block-image size-full\"><img loading=\"lazy\" decoding=\"async\" width=\"1080\" height=\"1080\" data-id=\"5966\" src=\"https:\/\/chasseurs5emeleger.fr\/wp-content\/uploads\/2025\/10\/IMG-20250713-WA0007.jpg\" alt=\"\" class=\"wp-image-5966\" srcset=\"https:\/\/chasseurs5emeleger.fr\/wp-content\/uploads\/2025\/10\/IMG-20250713-WA0007.jpg 1080w, https:\/\/chasseurs5emeleger.fr\/wp-content\/uploads\/2025\/10\/IMG-20250713-WA0007-300x300.jpg 300w, https:\/\/chasseurs5emeleger.fr\/wp-content\/uploads\/2025\/10\/IMG-20250713-WA0007-1024x1024.jpg 1024w, https:\/\/chasseurs5emeleger.fr\/wp-content\/uploads\/2025\/10\/IMG-20250713-WA0007-150x150.jpg 150w, https:\/\/chasseurs5emeleger.fr\/wp-content\/uploads\/2025\/10\/IMG-20250713-WA0007-768x768.jpg 768w\" sizes=\"auto, (max-width: 1080px) 100vw, 1080px\" \/><\/figure>\n\n\n\n<figure class=\"wp-block-image size-full\"><img loading=\"lazy\" decoding=\"async\" width=\"1080\" height=\"1080\" data-id=\"5972\" src=\"https:\/\/chasseurs5emeleger.fr\/wp-content\/uploads\/2025\/10\/IMG-20250713-WA0010.jpg\" alt=\"\" class=\"wp-image-5972\" srcset=\"https:\/\/chasseurs5emeleger.fr\/wp-content\/uploads\/2025\/10\/IMG-20250713-WA0010.jpg 1080w, https:\/\/chasseurs5emeleger.fr\/wp-content\/uploads\/2025\/10\/IMG-20250713-WA0010-300x300.jpg 300w, https:\/\/chasseurs5emeleger.fr\/wp-content\/uploads\/2025\/10\/IMG-20250713-WA0010-1024x1024.jpg 1024w, https:\/\/chasseurs5emeleger.fr\/wp-content\/uploads\/2025\/10\/IMG-20250713-WA0010-150x150.jpg 150w, https:\/\/chasseurs5emeleger.fr\/wp-content\/uploads\/2025\/10\/IMG-20250713-WA0010-768x768.jpg 768w\" sizes=\"auto, (max-width: 1080px) 100vw, 1080px\" \/><\/figure>\n\n\n\n<figure class=\"wp-block-image size-full\"><img loading=\"lazy\" decoding=\"async\" width=\"1600\" height=\"1200\" data-id=\"5967\" src=\"https:\/\/chasseurs5emeleger.fr\/wp-content\/uploads\/2025\/10\/IMG-20250713-WA0014.jpg\" alt=\"\" class=\"wp-image-5967\" srcset=\"https:\/\/chasseurs5emeleger.fr\/wp-content\/uploads\/2025\/10\/IMG-20250713-WA0014.jpg 1600w, https:\/\/chasseurs5emeleger.fr\/wp-content\/uploads\/2025\/10\/IMG-20250713-WA0014-300x225.jpg 300w, https:\/\/chasseurs5emeleger.fr\/wp-content\/uploads\/2025\/10\/IMG-20250713-WA0014-1024x768.jpg 1024w, https:\/\/chasseurs5emeleger.fr\/wp-content\/uploads\/2025\/10\/IMG-20250713-WA0014-768x576.jpg 768w, https:\/\/chasseurs5emeleger.fr\/wp-content\/uploads\/2025\/10\/IMG-20250713-WA0014-1536x1152.jpg 1536w\" sizes=\"auto, (max-width: 1600px) 100vw, 1600px\" \/><\/figure>\n<\/figure>\n","protected":false},"excerpt":{"rendered":"<p>Fr\u00e9jus (83) &#8211; Visites Guid\u00e9es &#8220;Sur les traces de Napol\u00e9on&#8221; 11 Juillet, 8 Ao\u00fbt, 22 Ao\u00fbt et 20 Septembre (Journ\u00e9es Europ\u00e9ennes du patrimoine)<\/p>\n","protected":false},"author":2,"featured_media":0,"parent":1057,"menu_order":0,"comment_status":"closed","ping_status":"closed","template":"","meta":{"footnotes":""},"class_list":["post-5963","page","type-page","status-publish","hentry"],"yoast_head":"<!-- This site is optimized with the Yoast SEO plugin v27.5 - https:\/\/yoast.com\/product\/yoast-seo-wordpress\/ -->\n<title>Fr\u00e9jus - Visites guid\u00e9es 2025 &#8211; Chasseurs du 5\u00e8me R\u00e9giment d&#039;Infanterie L\u00e9g\u00e8re<\/title>\n<meta name=\"robots\" content=\"index, follow, max-snippet:-1, max-image-preview:large, max-video-preview:-1\" \/>\n<link rel=\"canonical\" href=\"https:\/\/chasseurs5emeleger.fr\/index.php\/photos\/frejus-visites-guidees-2025\/\" \/>\n<meta property=\"og:locale\" content=\"fr_FR\" \/>\n<meta property=\"og:type\" content=\"article\" \/>\n<meta property=\"og:title\" content=\"Fr\u00e9jus - Visites guid\u00e9es 2025 &#8211; Chasseurs du 5\u00e8me R\u00e9giment d&#039;Infanterie L\u00e9g\u00e8re\" \/>\n<meta property=\"og:description\" content=\"Fr\u00e9jus (83) &#8211; Visites Guid\u00e9es &#8220;Sur les traces de Napol\u00e9on&#8221; 11 Juillet, 8 Ao\u00fbt, 22 Ao\u00fbt et 20 Septembre (Journ\u00e9es Europ\u00e9ennes du patrimoine)\" \/>\n<meta property=\"og:url\" content=\"https:\/\/chasseurs5emeleger.fr\/index.php\/photos\/frejus-visites-guidees-2025\/\" \/>\n<meta property=\"og:site_name\" content=\"Chasseurs du 5\u00e8me R\u00e9giment d&#039;Infanterie L\u00e9g\u00e8re\" \/>\n<meta property=\"article:publisher\" content=\"https:\/\/www.facebook.com\/chasseurs.5emeleger\/\" \/>\n<meta property=\"article:modified_time\" content=\"2025-10-12T21:16:41+00:00\" \/>\n<meta property=\"og:image\" content=\"https:\/\/chasseurs5emeleger.fr\/wp-content\/uploads\/2025\/10\/531197692_122171813276497769_5039954797085334612_n.jpg\" \/>\n\t<meta property=\"og:image:width\" content=\"2048\" \/>\n\t<meta property=\"og:image:height\" content=\"1770\" \/>\n\t<meta property=\"og:image:type\" content=\"image\/jpeg\" \/>\n<script type=\"application\/ld+json\" class=\"yoast-schema-graph\">{\"@context\":\"https:\\\/\\\/schema.org\",\"@graph\":[{\"@type\":\"WebPage\",\"@id\":\"https:\\\/\\\/chasseurs5emeleger.fr\\\/index.php\\\/photos\\\/frejus-visites-guidees-2025\\\/\",\"url\":\"https:\\\/\\\/chasseurs5emeleger.fr\\\/index.php\\\/photos\\\/frejus-visites-guidees-2025\\\/\",\"name\":\"Fr\u00e9jus - Visites guid\u00e9es 2025 &#8211; Chasseurs du 5\u00e8me R\u00e9giment d&#039;Infanterie L\u00e9g\u00e8re\",\"isPartOf\":{\"@id\":\"https:\\\/\\\/chasseurs5emeleger.fr\\\/#website\"},\"primaryImageOfPage\":{\"@id\":\"https:\\\/\\\/chasseurs5emeleger.fr\\\/index.php\\\/photos\\\/frejus-visites-guidees-2025\\\/#primaryimage\"},\"image\":{\"@id\":\"https:\\\/\\\/chasseurs5emeleger.fr\\\/index.php\\\/photos\\\/frejus-visites-guidees-2025\\\/#primaryimage\"},\"thumbnailUrl\":\"https:\\\/\\\/chasseurs5emeleger.fr\\\/wp-content\\\/uploads\\\/2025\\\/10\\\/531197692_122171813276497769_5039954797085334612_n.jpg\",\"datePublished\":\"2025-10-12T20:56:48+00:00\",\"dateModified\":\"2025-10-12T21:16:41+00:00\",\"breadcrumb\":{\"@id\":\"https:\\\/\\\/chasseurs5emeleger.fr\\\/index.php\\\/photos\\\/frejus-visites-guidees-2025\\\/#breadcrumb\"},\"inLanguage\":\"fr-FR\",\"potentialAction\":[{\"@type\":\"ReadAction\",\"target\":[\"https:\\\/\\\/chasseurs5emeleger.fr\\\/index.php\\\/photos\\\/frejus-visites-guidees-2025\\\/\"]}]},{\"@type\":\"ImageObject\",\"inLanguage\":\"fr-FR\",\"@id\":\"https:\\\/\\\/chasseurs5emeleger.fr\\\/index.php\\\/photos\\\/frejus-visites-guidees-2025\\\/#primaryimage\",\"url\":\"https:\\\/\\\/chasseurs5emeleger.fr\\\/wp-content\\\/uploads\\\/2025\\\/10\\\/531197692_122171813276497769_5039954797085334612_n.jpg\",\"contentUrl\":\"https:\\\/\\\/chasseurs5emeleger.fr\\\/wp-content\\\/uploads\\\/2025\\\/10\\\/531197692_122171813276497769_5039954797085334612_n.jpg\",\"width\":2048,\"height\":1770},{\"@type\":\"BreadcrumbList\",\"@id\":\"https:\\\/\\\/chasseurs5emeleger.fr\\\/index.php\\\/photos\\\/frejus-visites-guidees-2025\\\/#breadcrumb\",\"itemListElement\":[{\"@type\":\"ListItem\",\"position\":1,\"name\":\"Accueil\",\"item\":\"https:\\\/\\\/chasseurs5emeleger.fr\\\/\"},{\"@type\":\"ListItem\",\"position\":2,\"name\":\"Photos\",\"item\":\"https:\\\/\\\/chasseurs5emeleger.fr\\\/index.php\\\/photos\\\/\"},{\"@type\":\"ListItem\",\"position\":3,\"name\":\"Fr\u00e9jus &#8211; Visites guid\u00e9es 2025\"}]},{\"@type\":\"WebSite\",\"@id\":\"https:\\\/\\\/chasseurs5emeleger.fr\\\/#website\",\"url\":\"https:\\\/\\\/chasseurs5emeleger.fr\\\/\",\"name\":\"Chasseurs du 5\u00e8me R\u00e9giment d&#039;Infanterie L\u00e9g\u00e8re\",\"description\":\"\",\"publisher\":{\"@id\":\"https:\\\/\\\/chasseurs5emeleger.fr\\\/#organization\"},\"potentialAction\":[{\"@type\":\"SearchAction\",\"target\":{\"@type\":\"EntryPoint\",\"urlTemplate\":\"https:\\\/\\\/chasseurs5emeleger.fr\\\/?s={search_term_string}\"},\"query-input\":{\"@type\":\"PropertyValueSpecification\",\"valueRequired\":true,\"valueName\":\"search_term_string\"}}],\"inLanguage\":\"fr-FR\"},{\"@type\":\"Organization\",\"@id\":\"https:\\\/\\\/chasseurs5emeleger.fr\\\/#organization\",\"name\":\"Chasseurs du 5\u00e8me R\u00e9giment d'infanterie l\u00e9g\u00e8re\",\"url\":\"https:\\\/\\\/chasseurs5emeleger.fr\\\/\",\"logo\":{\"@type\":\"ImageObject\",\"inLanguage\":\"fr-FR\",\"@id\":\"https:\\\/\\\/chasseurs5emeleger.fr\\\/#\\\/schema\\\/logo\\\/image\\\/\",\"url\":\"https:\\\/\\\/chasseurs5emeleger.fr\\\/wp-content\\\/uploads\\\/2022\\\/04\\\/Logo-detoure-scaled.jpg\",\"contentUrl\":\"https:\\\/\\\/chasseurs5emeleger.fr\\\/wp-content\\\/uploads\\\/2022\\\/04\\\/Logo-detoure-scaled.jpg\",\"width\":2438,\"height\":2560,\"caption\":\"Chasseurs du 5\u00e8me R\u00e9giment d'infanterie l\u00e9g\u00e8re\"},\"image\":{\"@id\":\"https:\\\/\\\/chasseurs5emeleger.fr\\\/#\\\/schema\\\/logo\\\/image\\\/\"},\"sameAs\":[\"https:\\\/\\\/www.facebook.com\\\/chasseurs.5emeleger\\\/\"]}]}<\/script>\n<!-- \/ Yoast SEO plugin. -->","yoast_head_json":{"title":"Fr\u00e9jus - Visites guid\u00e9es 2025 &#8211; Chasseurs du 5\u00e8me R\u00e9giment d&#039;Infanterie L\u00e9g\u00e8re","robots":{"index":"index","follow":"follow","max-snippet":"max-snippet:-1","max-image-preview":"max-image-preview:large","max-video-preview":"max-video-preview:-1"},"canonical":"https:\/\/chasseurs5emeleger.fr\/index.php\/photos\/frejus-visites-guidees-2025\/","og_locale":"fr_FR","og_type":"article","og_title":"Fr\u00e9jus - Visites guid\u00e9es 2025 &#8211; Chasseurs du 5\u00e8me R\u00e9giment d&#039;Infanterie L\u00e9g\u00e8re","og_description":"Fr\u00e9jus (83) &#8211; Visites Guid\u00e9es &#8220;Sur les traces de Napol\u00e9on&#8221; 11 Juillet, 8 Ao\u00fbt, 22 Ao\u00fbt et 20 Septembre (Journ\u00e9es Europ\u00e9ennes du patrimoine)","og_url":"https:\/\/chasseurs5emeleger.fr\/index.php\/photos\/frejus-visites-guidees-2025\/","og_site_name":"Chasseurs du 5\u00e8me R\u00e9giment d&#039;Infanterie L\u00e9g\u00e8re","article_publisher":"https:\/\/www.facebook.com\/chasseurs.5emeleger\/","article_modified_time":"2025-10-12T21:16:41+00:00","og_image":[{"width":2048,"height":1770,"url":"https:\/\/chasseurs5emeleger.fr\/wp-content\/uploads\/2025\/10\/531197692_122171813276497769_5039954797085334612_n.jpg","type":"image\/jpeg"}],"schema":{"@context":"https:\/\/schema.org","@graph":[{"@type":"WebPage","@id":"https:\/\/chasseurs5emeleger.fr\/index.php\/photos\/frejus-visites-guidees-2025\/","url":"https:\/\/chasseurs5emeleger.fr\/index.php\/photos\/frejus-visites-guidees-2025\/","name":"Fr\u00e9jus - Visites guid\u00e9es 2025 &#8211; Chasseurs du 5\u00e8me R\u00e9giment d&#039;Infanterie L\u00e9g\u00e8re","isPartOf":{"@id":"https:\/\/chasseurs5emeleger.fr\/#website"},"primaryImageOfPage":{"@id":"https:\/\/chasseurs5emeleger.fr\/index.php\/photos\/frejus-visites-guidees-2025\/#primaryimage"},"image":{"@id":"https:\/\/chasseurs5emeleger.fr\/index.php\/photos\/frejus-visites-guidees-2025\/#primaryimage"},"thumbnailUrl":"https:\/\/chasseurs5emeleger.fr\/wp-content\/uploads\/2025\/10\/531197692_122171813276497769_5039954797085334612_n.jpg","datePublished":"2025-10-12T20:56:48+00:00","dateModified":"2025-10-12T21:16:41+00:00","breadcrumb":{"@id":"https:\/\/chasseurs5emeleger.fr\/index.php\/photos\/frejus-visites-guidees-2025\/#breadcrumb"},"inLanguage":"fr-FR","potentialAction":[{"@type":"ReadAction","target":["https:\/\/chasseurs5emeleger.fr\/index.php\/photos\/frejus-visites-guidees-2025\/"]}]},{"@type":"ImageObject","inLanguage":"fr-FR","@id":"https:\/\/chasseurs5emeleger.fr\/index.php\/photos\/frejus-visites-guidees-2025\/#primaryimage","url":"https:\/\/chasseurs5emeleger.fr\/wp-content\/uploads\/2025\/10\/531197692_122171813276497769_5039954797085334612_n.jpg","contentUrl":"https:\/\/chasseurs5emeleger.fr\/wp-content\/uploads\/2025\/10\/531197692_122171813276497769_5039954797085334612_n.jpg","width":2048,"height":1770},{"@type":"BreadcrumbList","@id":"https:\/\/chasseurs5emeleger.fr\/index.php\/photos\/frejus-visites-guidees-2025\/#breadcrumb","itemListElement":[{"@type":"ListItem","position":1,"name":"Accueil","item":"https:\/\/chasseurs5emeleger.fr\/"},{"@type":"ListItem","position":2,"name":"Photos","item":"https:\/\/chasseurs5emeleger.fr\/index.php\/photos\/"},{"@type":"ListItem","position":3,"name":"Fr\u00e9jus &#8211; Visites guid\u00e9es 2025"}]},{"@type":"WebSite","@id":"https:\/\/chasseurs5emeleger.fr\/#website","url":"https:\/\/chasseurs5emeleger.fr\/","name":"Chasseurs du 5\u00e8me R\u00e9giment d&#039;Infanterie L\u00e9g\u00e8re","description":"","publisher":{"@id":"https:\/\/chasseurs5emeleger.fr\/#organization"},"potentialAction":[{"@type":"SearchAction","target":{"@type":"EntryPoint","urlTemplate":"https:\/\/chasseurs5emeleger.fr\/?s={search_term_string}"},"query-input":{"@type":"PropertyValueSpecification","valueRequired":true,"valueName":"search_term_string"}}],"inLanguage":"fr-FR"},{"@type":"Organization","@id":"https:\/\/chasseurs5emeleger.fr\/#organization","name":"Chasseurs du 5\u00e8me R\u00e9giment d'infanterie l\u00e9g\u00e8re","url":"https:\/\/chasseurs5emeleger.fr\/","logo":{"@type":"ImageObject","inLanguage":"fr-FR","@id":"https:\/\/chasseurs5emeleger.fr\/#\/schema\/logo\/image\/","url":"https:\/\/chasseurs5emeleger.fr\/wp-content\/uploads\/2022\/04\/Logo-detoure-scaled.jpg","contentUrl":"https:\/\/chasseurs5emeleger.fr\/wp-content\/uploads\/2022\/04\/Logo-detoure-scaled.jpg","width":2438,"height":2560,"caption":"Chasseurs du 5\u00e8me R\u00e9giment d'infanterie l\u00e9g\u00e8re"},"image":{"@id":"https:\/\/chasseurs5emeleger.fr\/#\/schema\/logo\/image\/"},"sameAs":["https:\/\/www.facebook.com\/chasseurs.5emeleger\/"]}]}},"_links":{"self":[{"href":"https:\/\/chasseurs5emeleger.fr\/index.php\/wp-json\/wp\/v2\/pages\/5963","targetHints":{"allow":["GET"]}}],"collection":[{"href":"https:\/\/chasseurs5emeleger.fr\/index.php\/wp-json\/wp\/v2\/pages"}],"about":[{"href":"https:\/\/chasseurs5emeleger.fr\/index.php\/wp-json\/wp\/v2\/types\/page"}],"author":[{"embeddable":true,"href":"https:\/\/chasseurs5emeleger.fr\/index.php\/wp-json\/wp\/v2\/users\/2"}],"replies":[{"embeddable":true,"href":"https:\/\/chasseurs5emeleger.fr\/index.php\/wp-json\/wp\/v2\/comments?post=5963"}],"version-history":[{"count":6,"href":"https:\/\/chasseurs5emeleger.fr\/index.php\/wp-json\/wp\/v2\/pages\/5963\/revisions"}],"predecessor-version":[{"id":5989,"href":"https:\/\/chasseurs5emeleger.fr\/index.php\/wp-json\/wp\/v2\/pages\/5963\/revisions\/5989"}],"up":[{"embeddable":true,"href":"https:\/\/chasseurs5emeleger.fr\/index.php\/wp-json\/wp\/v2\/pages\/1057"}],"wp:attachment":[{"href":"https:\/\/chasseurs5emeleger.fr\/index.php\/wp-json\/wp\/v2\/media?parent=5963"}],"curies":[{"name":"wp","href":"https:\/\/api.w.org\/{rel}","templated":true}]}}