{"id":789,"date":"2019-01-13T21:41:55","date_gmt":"2019-01-13T20:41:55","guid":{"rendered":"https:\/\/chasseurs5emeleger.fr\/?page_id=789"},"modified":"2023-10-10T14:46:10","modified_gmt":"2023-10-10T12:46:10","slug":"bergeres-sous-montmirail-3-et-4-mars","status":"publish","type":"page","link":"https:\/\/chasseurs5emeleger.fr\/index.php\/photos\/bergeres-sous-montmirail-3-et-4-mars\/","title":{"rendered":"Berg\u00e8res-sous-Montmirail &#8211; 3 et 4 Mars 2018"},"content":{"rendered":"\n<p class=\"has-text-align-center has-text-color has-large-font-size\" style=\"color:#000794\">Berg\u00e8res-sous-Montmirail (51) 3 et 4 Mars<\/p>\n\n\n\n<figure class=\"wp-block-gallery has-nested-images columns-2 wp-block-gallery-1 is-layout-flex wp-block-gallery-is-layout-flex\">\n<figure class=\"wp-block-image size-large\"><img loading=\"lazy\" decoding=\"async\" width=\"1024\" height=\"683\" data-id=\"790\" src=\"https:\/\/chasseurs5emeleger.fr\/wp-content\/uploads\/2019\/01\/DSC_0085-1024x683.jpg\" alt=\"\" class=\"wp-image-790\" srcset=\"https:\/\/chasseurs5emeleger.fr\/wp-content\/uploads\/2019\/01\/DSC_0085.jpg 1024w, https:\/\/chasseurs5emeleger.fr\/wp-content\/uploads\/2019\/01\/DSC_0085-300x200.jpg 300w, https:\/\/chasseurs5emeleger.fr\/wp-content\/uploads\/2019\/01\/DSC_0085-768x512.jpg 768w\" sizes=\"auto, (max-width: 1024px) 100vw, 1024px\" \/><\/figure>\n\n\n\n<figure class=\"wp-block-image size-large\"><img loading=\"lazy\" decoding=\"async\" width=\"1024\" height=\"683\" data-id=\"791\" src=\"https:\/\/chasseurs5emeleger.fr\/wp-content\/uploads\/2019\/01\/DSC_0099-1024x683.jpg\" alt=\"\" class=\"wp-image-791\" srcset=\"https:\/\/chasseurs5emeleger.fr\/wp-content\/uploads\/2019\/01\/DSC_0099.jpg 1024w, https:\/\/chasseurs5emeleger.fr\/wp-content\/uploads\/2019\/01\/DSC_0099-300x200.jpg 300w, https:\/\/chasseurs5emeleger.fr\/wp-content\/uploads\/2019\/01\/DSC_0099-768x512.jpg 768w\" sizes=\"auto, (max-width: 1024px) 100vw, 1024px\" \/><\/figure>\n\n\n\n<figure class=\"wp-block-image size-large\"><img loading=\"lazy\" decoding=\"async\" width=\"1024\" height=\"683\" data-id=\"792\" src=\"https:\/\/chasseurs5emeleger.fr\/wp-content\/uploads\/2019\/01\/DSC_0100-1024x683.jpg\" alt=\"\" class=\"wp-image-792\" srcset=\"https:\/\/chasseurs5emeleger.fr\/wp-content\/uploads\/2019\/01\/DSC_0100.jpg 1024w, https:\/\/chasseurs5emeleger.fr\/wp-content\/uploads\/2019\/01\/DSC_0100-300x200.jpg 300w, https:\/\/chasseurs5emeleger.fr\/wp-content\/uploads\/2019\/01\/DSC_0100-768x512.jpg 768w\" sizes=\"auto, (max-width: 1024px) 100vw, 1024px\" \/><\/figure>\n\n\n\n<figure class=\"wp-block-image size-large\"><img loading=\"lazy\" decoding=\"async\" width=\"1024\" height=\"683\" data-id=\"794\" src=\"https:\/\/chasseurs5emeleger.fr\/wp-content\/uploads\/2019\/01\/DSC_0115-1024x683.jpg\" alt=\"\" class=\"wp-image-794\" srcset=\"https:\/\/chasseurs5emeleger.fr\/wp-content\/uploads\/2019\/01\/DSC_0115.jpg 1024w, https:\/\/chasseurs5emeleger.fr\/wp-content\/uploads\/2019\/01\/DSC_0115-300x200.jpg 300w, https:\/\/chasseurs5emeleger.fr\/wp-content\/uploads\/2019\/01\/DSC_0115-768x512.jpg 768w\" sizes=\"auto, (max-width: 1024px) 100vw, 1024px\" \/><\/figure>\n\n\n\n<figure class=\"wp-block-image size-large\"><img loading=\"lazy\" decoding=\"async\" width=\"1024\" height=\"683\" data-id=\"795\" src=\"https:\/\/chasseurs5emeleger.fr\/wp-content\/uploads\/2019\/01\/DSC_0118-1024x683.jpg\" alt=\"\" class=\"wp-image-795\" srcset=\"https:\/\/chasseurs5emeleger.fr\/wp-content\/uploads\/2019\/01\/DSC_0118.jpg 1024w, https:\/\/chasseurs5emeleger.fr\/wp-content\/uploads\/2019\/01\/DSC_0118-300x200.jpg 300w, https:\/\/chasseurs5emeleger.fr\/wp-content\/uploads\/2019\/01\/DSC_0118-768x512.jpg 768w\" sizes=\"auto, (max-width: 1024px) 100vw, 1024px\" \/><\/figure>\n\n\n\n<figure class=\"wp-block-image size-large\"><img loading=\"lazy\" decoding=\"async\" width=\"1024\" height=\"683\" data-id=\"796\" src=\"https:\/\/chasseurs5emeleger.fr\/wp-content\/uploads\/2019\/01\/DSC_0119-1024x683.jpg\" alt=\"\" class=\"wp-image-796\" srcset=\"https:\/\/chasseurs5emeleger.fr\/wp-content\/uploads\/2019\/01\/DSC_0119.jpg 1024w, https:\/\/chasseurs5emeleger.fr\/wp-content\/uploads\/2019\/01\/DSC_0119-300x200.jpg 300w, https:\/\/chasseurs5emeleger.fr\/wp-content\/uploads\/2019\/01\/DSC_0119-768x512.jpg 768w\" sizes=\"auto, (max-width: 1024px) 100vw, 1024px\" \/><\/figure>\n\n\n\n<figure class=\"wp-block-image size-large\"><img loading=\"lazy\" decoding=\"async\" width=\"683\" height=\"1024\" data-id=\"798\" src=\"https:\/\/chasseurs5emeleger.fr\/wp-content\/uploads\/2019\/01\/DSC_0123-683x1024.jpg\" alt=\"\" class=\"wp-image-798\" srcset=\"https:\/\/chasseurs5emeleger.fr\/wp-content\/uploads\/2019\/01\/DSC_0123.jpg 683w, https:\/\/chasseurs5emeleger.fr\/wp-content\/uploads\/2019\/01\/DSC_0123-200x300.jpg 200w\" sizes=\"auto, (max-width: 683px) 100vw, 683px\" \/><\/figure>\n\n\n\n<figure class=\"wp-block-image size-large\"><img loading=\"lazy\" decoding=\"async\" width=\"683\" height=\"1024\" data-id=\"793\" src=\"https:\/\/chasseurs5emeleger.fr\/wp-content\/uploads\/2019\/01\/DSC_0106-683x1024.jpg\" alt=\"\" class=\"wp-image-793\" srcset=\"https:\/\/chasseurs5emeleger.fr\/wp-content\/uploads\/2019\/01\/DSC_0106.jpg 683w, https:\/\/chasseurs5emeleger.fr\/wp-content\/uploads\/2019\/01\/DSC_0106-200x300.jpg 200w\" sizes=\"auto, (max-width: 683px) 100vw, 683px\" \/><\/figure>\n\n\n\n<figure class=\"wp-block-image size-large\"><img loading=\"lazy\" decoding=\"async\" width=\"1024\" height=\"768\" data-id=\"799\" src=\"https:\/\/chasseurs5emeleger.fr\/wp-content\/uploads\/2019\/01\/received_2070488239635742-1024x768.jpeg\" alt=\"\" class=\"wp-image-799\" srcset=\"https:\/\/chasseurs5emeleger.fr\/wp-content\/uploads\/2019\/01\/received_2070488239635742.jpeg 1024w, https:\/\/chasseurs5emeleger.fr\/wp-content\/uploads\/2019\/01\/received_2070488239635742-300x225.jpeg 300w, https:\/\/chasseurs5emeleger.fr\/wp-content\/uploads\/2019\/01\/received_2070488239635742-768x576.jpeg 768w\" sizes=\"auto, (max-width: 1024px) 100vw, 1024px\" \/><\/figure>\n\n\n\n<figure class=\"wp-block-image size-large\"><img loading=\"lazy\" decoding=\"async\" width=\"1024\" height=\"683\" data-id=\"797\" src=\"https:\/\/chasseurs5emeleger.fr\/wp-content\/uploads\/2019\/01\/DSC_0120-1024x683.jpg\" alt=\"\" class=\"wp-image-797\" srcset=\"https:\/\/chasseurs5emeleger.fr\/wp-content\/uploads\/2019\/01\/DSC_0120.jpg 1024w, https:\/\/chasseurs5emeleger.fr\/wp-content\/uploads\/2019\/01\/DSC_0120-300x200.jpg 300w, https:\/\/chasseurs5emeleger.fr\/wp-content\/uploads\/2019\/01\/DSC_0120-768x512.jpg 768w\" sizes=\"auto, (max-width: 1024px) 100vw, 1024px\" \/><\/figure>\n<\/figure>\n","protected":false},"excerpt":{"rendered":"<p>Berg\u00e8res-sous-Montmirail (51) 3 et 4 Mars<\/p>\n","protected":false},"author":2,"featured_media":0,"parent":1057,"menu_order":0,"comment_status":"closed","ping_status":"closed","template":"","meta":{"footnotes":""},"class_list":["post-789","page","type-page","status-publish","hentry"],"yoast_head":"<!-- This site is optimized with the Yoast SEO plugin v27.5 - https:\/\/yoast.com\/product\/yoast-seo-wordpress\/ -->\n<title>Berg\u00e8res-sous-Montmirail - 3 et 4 Mars 2018 &#8211; Chasseurs du 5\u00e8me R\u00e9giment d&#039;Infanterie L\u00e9g\u00e8re<\/title>\n<meta name=\"robots\" content=\"index, follow, max-snippet:-1, max-image-preview:large, max-video-preview:-1\" \/>\n<link rel=\"canonical\" href=\"https:\/\/chasseurs5emeleger.fr\/index.php\/photos\/bergeres-sous-montmirail-3-et-4-mars\/\" \/>\n<meta property=\"og:locale\" content=\"fr_FR\" \/>\n<meta property=\"og:type\" content=\"article\" \/>\n<meta property=\"og:title\" content=\"Berg\u00e8res-sous-Montmirail - 3 et 4 Mars 2018 &#8211; Chasseurs du 5\u00e8me R\u00e9giment d&#039;Infanterie L\u00e9g\u00e8re\" \/>\n<meta property=\"og:description\" content=\"Berg\u00e8res-sous-Montmirail (51) 3 et 4 Mars\" \/>\n<meta property=\"og:url\" content=\"https:\/\/chasseurs5emeleger.fr\/index.php\/photos\/bergeres-sous-montmirail-3-et-4-mars\/\" \/>\n<meta property=\"og:site_name\" content=\"Chasseurs du 5\u00e8me R\u00e9giment d&#039;Infanterie L\u00e9g\u00e8re\" \/>\n<meta property=\"article:publisher\" content=\"https:\/\/www.facebook.com\/chasseurs.5emeleger\/\" \/>\n<meta property=\"article:modified_time\" content=\"2023-10-10T12:46:10+00:00\" \/>\n<meta property=\"og:image\" content=\"https:\/\/chasseurs5emeleger.fr\/wp-content\/uploads\/2019\/01\/DSC_0085-1024x683.jpg\" \/>\n<script type=\"application\/ld+json\" class=\"yoast-schema-graph\">{\"@context\":\"https:\\\/\\\/schema.org\",\"@graph\":[{\"@type\":\"WebPage\",\"@id\":\"https:\\\/\\\/chasseurs5emeleger.fr\\\/index.php\\\/photos\\\/bergeres-sous-montmirail-3-et-4-mars\\\/\",\"url\":\"https:\\\/\\\/chasseurs5emeleger.fr\\\/index.php\\\/photos\\\/bergeres-sous-montmirail-3-et-4-mars\\\/\",\"name\":\"Berg\u00e8res-sous-Montmirail - 3 et 4 Mars 2018 &#8211; Chasseurs du 5\u00e8me R\u00e9giment d&#039;Infanterie L\u00e9g\u00e8re\",\"isPartOf\":{\"@id\":\"https:\\\/\\\/chasseurs5emeleger.fr\\\/#website\"},\"primaryImageOfPage\":{\"@id\":\"https:\\\/\\\/chasseurs5emeleger.fr\\\/index.php\\\/photos\\\/bergeres-sous-montmirail-3-et-4-mars\\\/#primaryimage\"},\"image\":{\"@id\":\"https:\\\/\\\/chasseurs5emeleger.fr\\\/index.php\\\/photos\\\/bergeres-sous-montmirail-3-et-4-mars\\\/#primaryimage\"},\"thumbnailUrl\":\"https:\\\/\\\/chasseurs5emeleger.fr\\\/wp-content\\\/uploads\\\/2019\\\/01\\\/DSC_0085-1024x683.jpg\",\"datePublished\":\"2019-01-13T20:41:55+00:00\",\"dateModified\":\"2023-10-10T12:46:10+00:00\",\"breadcrumb\":{\"@id\":\"https:\\\/\\\/chasseurs5emeleger.fr\\\/index.php\\\/photos\\\/bergeres-sous-montmirail-3-et-4-mars\\\/#breadcrumb\"},\"inLanguage\":\"fr-FR\",\"potentialAction\":[{\"@type\":\"ReadAction\",\"target\":[\"https:\\\/\\\/chasseurs5emeleger.fr\\\/index.php\\\/photos\\\/bergeres-sous-montmirail-3-et-4-mars\\\/\"]}]},{\"@type\":\"ImageObject\",\"inLanguage\":\"fr-FR\",\"@id\":\"https:\\\/\\\/chasseurs5emeleger.fr\\\/index.php\\\/photos\\\/bergeres-sous-montmirail-3-et-4-mars\\\/#primaryimage\",\"url\":\"https:\\\/\\\/chasseurs5emeleger.fr\\\/wp-content\\\/uploads\\\/2019\\\/01\\\/DSC_0085.jpg\",\"contentUrl\":\"https:\\\/\\\/chasseurs5emeleger.fr\\\/wp-content\\\/uploads\\\/2019\\\/01\\\/DSC_0085.jpg\",\"width\":1024,\"height\":683},{\"@type\":\"BreadcrumbList\",\"@id\":\"https:\\\/\\\/chasseurs5emeleger.fr\\\/index.php\\\/photos\\\/bergeres-sous-montmirail-3-et-4-mars\\\/#breadcrumb\",\"itemListElement\":[{\"@type\":\"ListItem\",\"position\":1,\"name\":\"Accueil\",\"item\":\"https:\\\/\\\/chasseurs5emeleger.fr\\\/\"},{\"@type\":\"ListItem\",\"position\":2,\"name\":\"Photos\",\"item\":\"https:\\\/\\\/chasseurs5emeleger.fr\\\/index.php\\\/photos\\\/\"},{\"@type\":\"ListItem\",\"position\":3,\"name\":\"Berg\u00e8res-sous-Montmirail &#8211; 3 et 4 Mars 2018\"}]},{\"@type\":\"WebSite\",\"@id\":\"https:\\\/\\\/chasseurs5emeleger.fr\\\/#website\",\"url\":\"https:\\\/\\\/chasseurs5emeleger.fr\\\/\",\"name\":\"Chasseurs du 5\u00e8me R\u00e9giment d&#039;Infanterie L\u00e9g\u00e8re\",\"description\":\"\",\"publisher\":{\"@id\":\"https:\\\/\\\/chasseurs5emeleger.fr\\\/#organization\"},\"potentialAction\":[{\"@type\":\"SearchAction\",\"target\":{\"@type\":\"EntryPoint\",\"urlTemplate\":\"https:\\\/\\\/chasseurs5emeleger.fr\\\/?s={search_term_string}\"},\"query-input\":{\"@type\":\"PropertyValueSpecification\",\"valueRequired\":true,\"valueName\":\"search_term_string\"}}],\"inLanguage\":\"fr-FR\"},{\"@type\":\"Organization\",\"@id\":\"https:\\\/\\\/chasseurs5emeleger.fr\\\/#organization\",\"name\":\"Chasseurs du 5\u00e8me R\u00e9giment d'infanterie l\u00e9g\u00e8re\",\"url\":\"https:\\\/\\\/chasseurs5emeleger.fr\\\/\",\"logo\":{\"@type\":\"ImageObject\",\"inLanguage\":\"fr-FR\",\"@id\":\"https:\\\/\\\/chasseurs5emeleger.fr\\\/#\\\/schema\\\/logo\\\/image\\\/\",\"url\":\"https:\\\/\\\/chasseurs5emeleger.fr\\\/wp-content\\\/uploads\\\/2022\\\/04\\\/Logo-detoure-scaled.jpg\",\"contentUrl\":\"https:\\\/\\\/chasseurs5emeleger.fr\\\/wp-content\\\/uploads\\\/2022\\\/04\\\/Logo-detoure-scaled.jpg\",\"width\":2438,\"height\":2560,\"caption\":\"Chasseurs du 5\u00e8me R\u00e9giment d'infanterie l\u00e9g\u00e8re\"},\"image\":{\"@id\":\"https:\\\/\\\/chasseurs5emeleger.fr\\\/#\\\/schema\\\/logo\\\/image\\\/\"},\"sameAs\":[\"https:\\\/\\\/www.facebook.com\\\/chasseurs.5emeleger\\\/\"]}]}<\/script>\n<!-- \/ Yoast SEO plugin. -->","yoast_head_json":{"title":"Berg\u00e8res-sous-Montmirail - 3 et 4 Mars 2018 &#8211; Chasseurs du 5\u00e8me R\u00e9giment d&#039;Infanterie L\u00e9g\u00e8re","robots":{"index":"index","follow":"follow","max-snippet":"max-snippet:-1","max-image-preview":"max-image-preview:large","max-video-preview":"max-video-preview:-1"},"canonical":"https:\/\/chasseurs5emeleger.fr\/index.php\/photos\/bergeres-sous-montmirail-3-et-4-mars\/","og_locale":"fr_FR","og_type":"article","og_title":"Berg\u00e8res-sous-Montmirail - 3 et 4 Mars 2018 &#8211; Chasseurs du 5\u00e8me R\u00e9giment d&#039;Infanterie L\u00e9g\u00e8re","og_description":"Berg\u00e8res-sous-Montmirail (51) 3 et 4 Mars","og_url":"https:\/\/chasseurs5emeleger.fr\/index.php\/photos\/bergeres-sous-montmirail-3-et-4-mars\/","og_site_name":"Chasseurs du 5\u00e8me R\u00e9giment d&#039;Infanterie L\u00e9g\u00e8re","article_publisher":"https:\/\/www.facebook.com\/chasseurs.5emeleger\/","article_modified_time":"2023-10-10T12:46:10+00:00","og_image":[{"url":"https:\/\/chasseurs5emeleger.fr\/wp-content\/uploads\/2019\/01\/DSC_0085-1024x683.jpg","type":"","width":"","height":""}],"schema":{"@context":"https:\/\/schema.org","@graph":[{"@type":"WebPage","@id":"https:\/\/chasseurs5emeleger.fr\/index.php\/photos\/bergeres-sous-montmirail-3-et-4-mars\/","url":"https:\/\/chasseurs5emeleger.fr\/index.php\/photos\/bergeres-sous-montmirail-3-et-4-mars\/","name":"Berg\u00e8res-sous-Montmirail - 3 et 4 Mars 2018 &#8211; Chasseurs du 5\u00e8me R\u00e9giment d&#039;Infanterie L\u00e9g\u00e8re","isPartOf":{"@id":"https:\/\/chasseurs5emeleger.fr\/#website"},"primaryImageOfPage":{"@id":"https:\/\/chasseurs5emeleger.fr\/index.php\/photos\/bergeres-sous-montmirail-3-et-4-mars\/#primaryimage"},"image":{"@id":"https:\/\/chasseurs5emeleger.fr\/index.php\/photos\/bergeres-sous-montmirail-3-et-4-mars\/#primaryimage"},"thumbnailUrl":"https:\/\/chasseurs5emeleger.fr\/wp-content\/uploads\/2019\/01\/DSC_0085-1024x683.jpg","datePublished":"2019-01-13T20:41:55+00:00","dateModified":"2023-10-10T12:46:10+00:00","breadcrumb":{"@id":"https:\/\/chasseurs5emeleger.fr\/index.php\/photos\/bergeres-sous-montmirail-3-et-4-mars\/#breadcrumb"},"inLanguage":"fr-FR","potentialAction":[{"@type":"ReadAction","target":["https:\/\/chasseurs5emeleger.fr\/index.php\/photos\/bergeres-sous-montmirail-3-et-4-mars\/"]}]},{"@type":"ImageObject","inLanguage":"fr-FR","@id":"https:\/\/chasseurs5emeleger.fr\/index.php\/photos\/bergeres-sous-montmirail-3-et-4-mars\/#primaryimage","url":"https:\/\/chasseurs5emeleger.fr\/wp-content\/uploads\/2019\/01\/DSC_0085.jpg","contentUrl":"https:\/\/chasseurs5emeleger.fr\/wp-content\/uploads\/2019\/01\/DSC_0085.jpg","width":1024,"height":683},{"@type":"BreadcrumbList","@id":"https:\/\/chasseurs5emeleger.fr\/index.php\/photos\/bergeres-sous-montmirail-3-et-4-mars\/#breadcrumb","itemListElement":[{"@type":"ListItem","position":1,"name":"Accueil","item":"https:\/\/chasseurs5emeleger.fr\/"},{"@type":"ListItem","position":2,"name":"Photos","item":"https:\/\/chasseurs5emeleger.fr\/index.php\/photos\/"},{"@type":"ListItem","position":3,"name":"Berg\u00e8res-sous-Montmirail &#8211; 3 et 4 Mars 2018"}]},{"@type":"WebSite","@id":"https:\/\/chasseurs5emeleger.fr\/#website","url":"https:\/\/chasseurs5emeleger.fr\/","name":"Chasseurs du 5\u00e8me R\u00e9giment d&#039;Infanterie L\u00e9g\u00e8re","description":"","publisher":{"@id":"https:\/\/chasseurs5emeleger.fr\/#organization"},"potentialAction":[{"@type":"SearchAction","target":{"@type":"EntryPoint","urlTemplate":"https:\/\/chasseurs5emeleger.fr\/?s={search_term_string}"},"query-input":{"@type":"PropertyValueSpecification","valueRequired":true,"valueName":"search_term_string"}}],"inLanguage":"fr-FR"},{"@type":"Organization","@id":"https:\/\/chasseurs5emeleger.fr\/#organization","name":"Chasseurs du 5\u00e8me R\u00e9giment d'infanterie l\u00e9g\u00e8re","url":"https:\/\/chasseurs5emeleger.fr\/","logo":{"@type":"ImageObject","inLanguage":"fr-FR","@id":"https:\/\/chasseurs5emeleger.fr\/#\/schema\/logo\/image\/","url":"https:\/\/chasseurs5emeleger.fr\/wp-content\/uploads\/2022\/04\/Logo-detoure-scaled.jpg","contentUrl":"https:\/\/chasseurs5emeleger.fr\/wp-content\/uploads\/2022\/04\/Logo-detoure-scaled.jpg","width":2438,"height":2560,"caption":"Chasseurs du 5\u00e8me R\u00e9giment d'infanterie l\u00e9g\u00e8re"},"image":{"@id":"https:\/\/chasseurs5emeleger.fr\/#\/schema\/logo\/image\/"},"sameAs":["https:\/\/www.facebook.com\/chasseurs.5emeleger\/"]}]}},"_links":{"self":[{"href":"https:\/\/chasseurs5emeleger.fr\/index.php\/wp-json\/wp\/v2\/pages\/789","targetHints":{"allow":["GET"]}}],"collection":[{"href":"https:\/\/chasseurs5emeleger.fr\/index.php\/wp-json\/wp\/v2\/pages"}],"about":[{"href":"https:\/\/chasseurs5emeleger.fr\/index.php\/wp-json\/wp\/v2\/types\/page"}],"author":[{"embeddable":true,"href":"https:\/\/chasseurs5emeleger.fr\/index.php\/wp-json\/wp\/v2\/users\/2"}],"replies":[{"embeddable":true,"href":"https:\/\/chasseurs5emeleger.fr\/index.php\/wp-json\/wp\/v2\/comments?post=789"}],"version-history":[{"count":8,"href":"https:\/\/chasseurs5emeleger.fr\/index.php\/wp-json\/wp\/v2\/pages\/789\/revisions"}],"predecessor-version":[{"id":5284,"href":"https:\/\/chasseurs5emeleger.fr\/index.php\/wp-json\/wp\/v2\/pages\/789\/revisions\/5284"}],"up":[{"embeddable":true,"href":"https:\/\/chasseurs5emeleger.fr\/index.php\/wp-json\/wp\/v2\/pages\/1057"}],"wp:attachment":[{"href":"https:\/\/chasseurs5emeleger.fr\/index.php\/wp-json\/wp\/v2\/media?parent=789"}],"curies":[{"name":"wp","href":"https:\/\/api.w.org\/{rel}","templated":true}]}}